{"id":7904,"date":"2024-02-28T13:36:33","date_gmt":"2024-02-28T05:36:33","guid":{"rendered":"https:\/\/richarms.com\/?post_type=product&#038;p=7904"},"modified":"2024-10-07T01:08:11","modified_gmt":"2024-10-06T17:08:11","slug":"electric-magnetic-snap-10mm","status":"publish","type":"product","link":"https:\/\/richarms.com\/pt\/produto\/electric-magnetic-snap-10mm","title":{"rendered":"Snap magn\u00e9tico el\u00e9trico de 10 mm"},"content":{"rendered":"<h2>Snap magn\u00e9tico el\u00e9trico de 10 mm com pino de 180 graus<\/h2>\n<table style=\"border-collapse: collapse; width: 523px; height: 165px;\" border=\"0\" width=\"848\" cellspacing=\"0\" cellpadding=\"0\">\n<tbody>\n<tr style=\"height: 36.00pt;\">\n<td class=\"et4\" style=\"height: 36.00pt; width: 99.25pt;\" width=\"198\" height=\"72\"><\/td>\n<td class=\"et5\" style=\"width: 84.25pt; text-align: center;\" width=\"168\">180\u00b0 F\u00eamea<\/td>\n<td class=\"et5\" style=\"width: 74.25pt; text-align: center;\" width=\"148\">180\u00b0 Macho<\/td>\n<td class=\"et5\" style=\"width: 166.35pt; text-align: center;\" width=\"332\">IMAGEM<\/td>\n<\/tr>\n<tr style=\"height: 30.00pt;\">\n<td class=\"et6\" style=\"height: 30.00pt; width: 99.25pt;\" width=\"198\" height=\"60\">Di\u00e2metro (DIA)<\/td>\n<td class=\"et5\" style=\"width: 84.25pt; text-align: center;\" width=\"168\">10,5 mm<\/td>\n<td class=\"et5\" style=\"width: 74.25pt; text-align: center;\" width=\"148\">10 mm<\/td>\n<td class=\"et5\" style=\"width: 166.35pt;\" rowspan=\"3\" width=\"332\">\n<p><div id=\"attachment_7889\" style=\"width: 310px\" class=\"wp-caption alignnone\"><img decoding=\"async\" aria-describedby=\"caption-attachment-7889\" class=\"lazyload wp-image-7889 size-medium\" src=\"https:\/\/richarms.com\/wp-content\/uploads\/2021\/07\/180\u5ea6-300x261.png\" data-orig-src=\"https:\/\/richarms.com\/wp-content\/uploads\/2021\/07\/180\u5ea6-300x261.png\" alt=\"10mm Electric Magnetic Snap with 180 Degree Prong\" width=\"300\" height=\"261\" srcset=\"data:image\/svg+xml,%3Csvg%20xmlns%3D%27http%3A%2F%2Fwww.w3.org%2F2000%2Fsvg%27%20width%3D%27300%27%20height%3D%27261%27%20viewBox%3D%270%200%20300%20261%27%3E%3Crect%20width%3D%27300%27%20height%3D%27261%27%20fill-opacity%3D%220%22%2F%3E%3C%2Fsvg%3E\" data-srcset=\"https:\/\/richarms.com\/wp-content\/uploads\/2021\/07\/180\u5ea6-200x174.png 200w, https:\/\/richarms.com\/wp-content\/uploads\/2021\/07\/180\u5ea6-300x261.png 300w, https:\/\/richarms.com\/wp-content\/uploads\/2021\/07\/180\u5ea6-400x348.png 400w, https:\/\/richarms.com\/wp-content\/uploads\/2021\/07\/180\u5ea6-500x436.png 500w, https:\/\/richarms.com\/wp-content\/uploads\/2021\/07\/180\u5ea6.png 535w\" data-sizes=\"auto\" data-orig-sizes=\"(max-width: 300px) 100vw, 300px\" \/><p id=\"caption-attachment-7889\" class=\"wp-caption-text\">Snap magn\u00e9tico el\u00e9trico de 10 mm com pino de 180 graus em prata f\u00e1cil para estanho<\/p><\/div><\/td>\n<\/tr>\n<tr style=\"height: 30.00pt;\">\n<td class=\"et6\" style=\"height: 30.00pt; width: 99.25pt;\" width=\"198\" height=\"60\">Espessura (T)<\/td>\n<td class=\"et5\" style=\"width: 84.25pt; text-align: center;\" width=\"168\">2 mm<\/td>\n<td class=\"et5\" style=\"width: 74.25pt; text-align: center;\" width=\"148\">0,6 mm<\/td>\n<\/tr>\n<tr style=\"height: 30.00pt;\">\n<td class=\"et6\" style=\"height: 30.00pt; width: 99.25pt;\" width=\"198\" height=\"60\">Comprimento (L)<\/td>\n<td class=\"et5\" style=\"width: 84.25pt; text-align: center;\" width=\"168\">17 mm<\/td>\n<td class=\"et5\" style=\"width: 74.25pt; text-align: center;\" width=\"148\">17 mm<\/td>\n<\/tr>\n<\/tbody>\n<\/table>\n<div>\n<p>Nosso <strong>Mola magn\u00e9tica el\u00e9trica de 10 mm<\/strong> apresenta um pino de 180 graus, permitindo uma f\u00e1cil instala\u00e7\u00e3o plana em seus dispositivos. Esse <strong>conector el\u00e9trico magn\u00e9tico<\/strong> foi projetado para proporcionar o melhor desempenho em v\u00e1rias aplica\u00e7\u00f5es, tornando-o ideal para pequenos dispositivos e acess\u00f3rios.<\/p>\n<ul>\n<li><strong>F\u00e1cil de estanhar<\/strong>: Os clientes geralmente exigem estanhagem para soldagem em dispositivos compactos ou acess\u00f3rios, simplificando significativamente o processo de instala\u00e7\u00e3o.<\/li>\n<li><strong>For\u00e7a magn\u00e9tica de pot\u00eancia forte<\/strong>: Equipado com \u00edm\u00e3s de neod\u00edmio, cada <strong>bot\u00e3o de press\u00e3o com \u00edm\u00e3<\/strong> garante uma conex\u00e3o segura que n\u00e3o se solta facilmente.<\/li>\n<li><strong>Baixa resist\u00eancia el\u00e9trica<\/strong>: Com um valor de resist\u00eancia abaixo de 1\u03a9, nosso <strong>conectores el\u00e9tricos de encaixe<\/strong> garantem uma condutividade el\u00e9trica eficiente para um desempenho confi\u00e1vel.<\/li>\n<li><strong>Conectores el\u00e9tricos de libera\u00e7\u00e3o r\u00e1pida<\/strong>: Projetados para maior conveni\u00eancia, esses conectores permitem uma f\u00e1cil desconex\u00e3o quando necess\u00e1rio, aumentando a facilidade de uso.<\/li>\n<li><strong>Personalizado dispon\u00edvel: <\/strong><a href=\"https:\/\/richarms.com\/pt\/contact\/\">Contato<\/a> nossos especialistas hoje.<\/li>\n<li><strong>Aceitamos pedidos pequenos:<\/strong> <a href=\"https:\/\/www.richarmshardware.com\/products\/10x2mm-180-electrical-magnetic-snap\">Loja on-line da Richarms Hardware<\/a><\/li>\n<\/ul>\n<h3><strong>Principais recursos<\/strong>:<\/h3>\n<ul>\n<li><a href=\"https:\/\/www.pinterest.com\/richarmsaccessoriesgroups\/innovative-electric-magnetic-snaps-for-all-purpose\/\">Design vers\u00e1til<\/a> para v\u00e1rias aplica\u00e7\u00f5es<\/li>\n<li>Ideal para pequenos dispositivos e acess\u00f3rios<\/li>\n<li>Desempenho confi\u00e1vel em conex\u00f5es el\u00e9tricas<\/li>\n<\/ul>\n<h3><strong>Material:<\/strong><\/h3>\n<p>C\u00e1psula f\u00eamea:  Ferro, lat\u00e3o comum ou lat\u00e3o ambiental dispon\u00edvel<br \/>\nC\u00e1psula masculina: Ferro<\/p>\n<p><img decoding=\"async\" class=\"alignnone wp-image-7161 lazyautosizes ls-is-cached lazyloaded\" src=\"https:\/\/richarms.com\/wp-content\/uploads\/2020\/03\/materials-e1626143269166.png\" sizes=\"446px\" srcset=\"https:\/\/richarms.com\/wp-content\/uploads\/2020\/03\/materials-e1626143269166-200x89.png 200w, https:\/\/richarms.com\/wp-content\/uploads\/2020\/03\/materials-e1626143269166-300x134.png 300w, https:\/\/richarms.com\/wp-content\/uploads\/2020\/03\/materials-e1626143269166-400x178.png 400w, https:\/\/richarms.com\/wp-content\/uploads\/2020\/03\/materials-e1626143269166-500x223.png 500w, https:\/\/richarms.com\/wp-content\/uploads\/2020\/03\/materials-e1626143269166.png 511w\" alt=\"\" width=\"446\" height=\"199\" data-orig-src=\"https:\/\/richarms.com\/wp-content\/uploads\/2020\/03\/materials-e1626143269166.png\" data-srcset=\"https:\/\/richarms.com\/wp-content\/uploads\/2020\/03\/materials-e1626143269166-200x89.png 200w, https:\/\/richarms.com\/wp-content\/uploads\/2020\/03\/materials-e1626143269166-300x134.png 300w, https:\/\/richarms.com\/wp-content\/uploads\/2020\/03\/materials-e1626143269166-400x178.png 400w, https:\/\/richarms.com\/wp-content\/uploads\/2020\/03\/materials-e1626143269166-500x223.png 500w, https:\/\/richarms.com\/wp-content\/uploads\/2020\/03\/materials-e1626143269166.png 511w\" data-sizes=\"auto\" data-orig-sizes=\"(max-width: 446px) 100vw, 446px\" \/><\/p>\n<p>\u00cdm\u00e3 permanente de neod\u00edmio. A pot\u00eancia do \u00edm\u00e3 depende do tamanho do \u00edm\u00e3 e do grau do \u00edm\u00e3<\/p>\n<p><img decoding=\"async\" class=\"wp-image-7163 lazyautosizes lazyloaded\" title=\"pe\u00e7a de encaixe magn\u00e9tico\" src=\"https:\/\/richarms.com\/wp-content\/uploads\/2020\/03\/%E8%B6%85%E8%96%84%E7%A3%81%E5%8A%9B-e1626186192975.png\" sizes=\"449px\" srcset=\"https:\/\/richarms.com\/wp-content\/uploads\/2020\/03\/\u8d85\u8584\u78c1\u529b-e1626186192975-200x58.png 200w, https:\/\/richarms.com\/wp-content\/uploads\/2020\/03\/\u8d85\u8584\u78c1\u529b-e1626186192975-300x87.png 300w, https:\/\/richarms.com\/wp-content\/uploads\/2020\/03\/\u8d85\u8584\u78c1\u529b-e1626186192975-400x117.png 400w, https:\/\/richarms.com\/wp-content\/uploads\/2020\/03\/\u8d85\u8584\u78c1\u529b-e1626186192975-500x146.png 500w, https:\/\/richarms.com\/wp-content\/uploads\/2020\/03\/\u8d85\u8584\u78c1\u529b-e1626186192975-600x175.png 600w, https:\/\/richarms.com\/wp-content\/uploads\/2020\/03\/\u8d85\u8584\u78c1\u529b-e1626186192975-700x204.png 700w, https:\/\/richarms.com\/wp-content\/uploads\/2020\/03\/\u8d85\u8584\u78c1\u529b-e1626186192975-768x224.png 768w, https:\/\/richarms.com\/wp-content\/uploads\/2020\/03\/\u8d85\u8584\u78c1\u529b-e1626186192975-800x233.png 800w, https:\/\/richarms.com\/wp-content\/uploads\/2020\/03\/\u8d85\u8584\u78c1\u529b-e1626186192975.png 885w\" alt=\"\" width=\"449\" height=\"131\" data-orig-src=\"https:\/\/richarms.com\/wp-content\/uploads\/2020\/03\/\u8d85\u8584\u78c1\u529b-e1626186192975.png\" data-srcset=\"https:\/\/richarms.com\/wp-content\/uploads\/2020\/03\/\u8d85\u8584\u78c1\u529b-e1626186192975-200x58.png 200w, https:\/\/richarms.com\/wp-content\/uploads\/2020\/03\/\u8d85\u8584\u78c1\u529b-e1626186192975-300x87.png 300w, https:\/\/richarms.com\/wp-content\/uploads\/2020\/03\/\u8d85\u8584\u78c1\u529b-e1626186192975-400x117.png 400w, https:\/\/richarms.com\/wp-content\/uploads\/2020\/03\/\u8d85\u8584\u78c1\u529b-e1626186192975-500x146.png 500w, https:\/\/richarms.com\/wp-content\/uploads\/2020\/03\/\u8d85\u8584\u78c1\u529b-e1626186192975-600x175.png 600w, https:\/\/richarms.com\/wp-content\/uploads\/2020\/03\/\u8d85\u8584\u78c1\u529b-e1626186192975-700x204.png 700w, https:\/\/richarms.com\/wp-content\/uploads\/2020\/03\/\u8d85\u8584\u78c1\u529b-e1626186192975-768x224.png 768w, https:\/\/richarms.com\/wp-content\/uploads\/2020\/03\/\u8d85\u8584\u78c1\u529b-e1626186192975-800x233.png 800w, https:\/\/richarms.com\/wp-content\/uploads\/2020\/03\/\u8d85\u8584\u78c1\u529b-e1626186192975.png 885w\" data-sizes=\"auto\" data-orig-sizes=\"(max-width: 449px) 100vw, 449px\" \/><\/p>\n<p><strong><b>Pacote\uff1a<\/b><\/strong><br \/>\n1 conjunto = 1 f\u00eamea + 1 macho<br \/>\n8 mm\/10 mm: 400 conjuntos\/caixa, 20 caixas\/caixa de papel\u00e3o<\/p>\n<\/div>\n<p><strong><b>Aplica\u00e7\u00e3o\uff1a<br \/>\n<img decoding=\"async\" class=\"lazyload alignnone size-medium wp-image-7511\" src=\"https:\/\/richarms.com\/wp-content\/uploads\/2021\/10\/IMG_4041-300x300.jpg\" data-orig-src=\"https:\/\/richarms.com\/wp-content\/uploads\/2021\/10\/IMG_4041-300x300.jpg\" alt=\"\" width=\"300\" height=\"300\" srcset=\"data:image\/svg+xml,%3Csvg%20xmlns%3D%27http%3A%2F%2Fwww.w3.org%2F2000%2Fsvg%27%20width%3D%27300%27%20height%3D%27300%27%20viewBox%3D%270%200%20300%20300%27%3E%3Crect%20width%3D%27300%27%20height%3D%27300%27%20fill-opacity%3D%220%22%2F%3E%3C%2Fsvg%3E\" data-srcset=\"https:\/\/richarms.com\/wp-content\/uploads\/2021\/10\/IMG_4041-66x66.jpg 66w, https:\/\/richarms.com\/wp-content\/uploads\/2021\/10\/IMG_4041-100x100.jpg 100w, https:\/\/richarms.com\/wp-content\/uploads\/2021\/10\/IMG_4041-150x150.jpg 150w, https:\/\/richarms.com\/wp-content\/uploads\/2021\/10\/IMG_4041-200x200.jpg 200w, https:\/\/richarms.com\/wp-content\/uploads\/2021\/10\/IMG_4041-300x300.jpg 300w, https:\/\/richarms.com\/wp-content\/uploads\/2021\/10\/IMG_4041-400x400.jpg 400w, https:\/\/richarms.com\/wp-content\/uploads\/2021\/10\/IMG_4041-500x500.jpg 500w, https:\/\/richarms.com\/wp-content\/uploads\/2021\/10\/IMG_4041-600x600.jpg 600w, https:\/\/richarms.com\/wp-content\/uploads\/2021\/10\/IMG_4041-700x700.jpg 700w, https:\/\/richarms.com\/wp-content\/uploads\/2021\/10\/IMG_4041-768x768.jpg 768w, https:\/\/richarms.com\/wp-content\/uploads\/2021\/10\/IMG_4041-800x800.jpg 800w, https:\/\/richarms.com\/wp-content\/uploads\/2021\/10\/IMG_4041.jpg 1000w\" data-sizes=\"auto\" data-orig-sizes=\"(max-width: 300px) 100vw, 300px\" \/><\/b><\/strong><\/p>\n<p>Atualize seus dispositivos com nossos produtos premium <a href=\"https:\/\/richarms.com\/pt\/categoria-produto\/medical-electrical-snap\/\"><strong>conectores el\u00e9tricos magn\u00e9ticos<\/strong><\/a> para confiabilidade e efici\u00eancia inigual\u00e1veis.<\/p>\n<p><strong><b>\u00a0<\/b><\/strong><\/p>","protected":false},"excerpt":{"rendered":"<p>Tipo:10mm 180 Degree electric magnetic snap<br \/>\nMaterial: Lat\u00e3o, ferro, \u00edm\u00e3<br \/>\nN\u00famero do modelo: RC-E1801020<br \/>\nTamanho: 10x2mm<br \/>\nCor: N\u00edquel<br \/>\nEmbalagem: caixa e caixa de papel\u00e3o<br \/>\nEnvio: LCL\/ DHL \/ FedEx \/ TNT \/ Outros<\/p>","protected":false},"featured_media":7895,"template":"","meta":[],"product_brand":[],"product_cat":[110],"product_tag":[],"class_list":{"0":"post-7904","1":"product","2":"type-product","3":"status-publish","4":"has-post-thumbnail","6":"product_cat-medical-electrical-snap","8":"first","9":"instock","10":"shipping-taxable","11":"product-type-simple"},"aioseo_notices":[],"_links":{"self":[{"href":"https:\/\/richarms.com\/pt\/wp-json\/wp\/v2\/product\/7904","targetHints":{"allow":["GET"]}}],"collection":[{"href":"https:\/\/richarms.com\/pt\/wp-json\/wp\/v2\/product"}],"about":[{"href":"https:\/\/richarms.com\/pt\/wp-json\/wp\/v2\/types\/product"}],"wp:featuredmedia":[{"embeddable":true,"href":"https:\/\/richarms.com\/pt\/wp-json\/wp\/v2\/media\/7895"}],"wp:attachment":[{"href":"https:\/\/richarms.com\/pt\/wp-json\/wp\/v2\/media?parent=7904"}],"wp:term":[{"taxonomy":"product_brand","embeddable":true,"href":"https:\/\/richarms.com\/pt\/wp-json\/wp\/v2\/product_brand?post=7904"},{"taxonomy":"product_cat","embeddable":true,"href":"https:\/\/richarms.com\/pt\/wp-json\/wp\/v2\/product_cat?post=7904"},{"taxonomy":"product_tag","embeddable":true,"href":"https:\/\/richarms.com\/pt\/wp-json\/wp\/v2\/product_tag?post=7904"}],"curies":[{"name":"wp","href":"https:\/\/api.w.org\/{rel}","templated":true}]}}