{"id":8036,"date":"2024-10-23T09:31:03","date_gmt":"2024-10-23T01:31:03","guid":{"rendered":"https:\/\/richarms.com\/?post_type=product&#038;p=8036"},"modified":"2025-04-29T16:05:00","modified_gmt":"2025-04-29T08:05:00","slug":"magnetic-pin-backs","status":"publish","type":"product","link":"https:\/\/richarms.com\/pt\/product\/magnetic-pin-backs","title":{"rendered":"Pin Backs magn\u00e9ticos"},"content":{"rendered":"<h1>Magnetic Pin Backs Wholesale - Converta seus alfinetes favoritos em \u00edm\u00e3s de geladeira!<\/h1>\n<p>Transforme seus pins de esmalte com nosso <strong>Pin Backs magn\u00e9ticos<\/strong>O suporte magn\u00e9tico para alfinetes foi projetado para converter facilmente sua amada cole\u00e7\u00e3o de alfinetes em elegantes \u00edm\u00e3s de geladeira. Com \u00edm\u00e3s fortes e uma fixa\u00e7\u00e3o segura, esses suportes magn\u00e9ticos para alfinetes s\u00e3o a solu\u00e7\u00e3o perfeita para exibir alfinetes que muitas vezes perdem seus suportes originais, garantindo que eles permane\u00e7am firmes no lugar e adicionando um toque decorativo \u00e0 sua casa.<\/p>\n<p>Dimens\u00e3o dos pinos magn\u00e9ticos:<br \/>\nTamanho: D 11,05mm x H 8,6mm<br \/>\nPeso: 3,2 g<\/p>\n<p><img decoding=\"async\" class=\"lazyload size-medium wp-image-8042\" src=\"https:\/\/richarms.com\/wp-content\/uploads\/2024\/10\/IMG_4812-300x217.jpg\" data-orig-src=\"https:\/\/richarms.com\/wp-content\/uploads\/2024\/10\/IMG_4812-300x217.jpg\" alt=\"Wholesale magnetic pin backs from a trusted China hardware factory, available in various colors. Perfect for securing enamel pins or converting them into magnets.\" width=\"300\" height=\"217\" srcset=\"data:image\/svg+xml,%3Csvg%20xmlns%3D%27http%3A%2F%2Fwww.w3.org%2F2000%2Fsvg%27%20width%3D%27300%27%20height%3D%27217%27%20viewBox%3D%270%200%20300%20217%27%3E%3Crect%20width%3D%27300%27%20height%3D%27217%27%20fill-opacity%3D%220%22%2F%3E%3C%2Fsvg%3E\" data-srcset=\"https:\/\/richarms.com\/wp-content\/uploads\/2024\/10\/IMG_4812-200x145.jpg 200w, https:\/\/richarms.com\/wp-content\/uploads\/2024\/10\/IMG_4812-300x217.jpg 300w, https:\/\/richarms.com\/wp-content\/uploads\/2024\/10\/IMG_4812-400x290.jpg 400w, https:\/\/richarms.com\/wp-content\/uploads\/2024\/10\/IMG_4812-500x362.jpg 500w, https:\/\/richarms.com\/wp-content\/uploads\/2024\/10\/IMG_4812-600x435.jpg 600w, https:\/\/richarms.com\/wp-content\/uploads\/2024\/10\/IMG_4812-700x507.jpg 700w, https:\/\/richarms.com\/wp-content\/uploads\/2024\/10\/IMG_4812-768x557.jpg 768w, https:\/\/richarms.com\/wp-content\/uploads\/2024\/10\/IMG_4812.jpg 799w\" data-sizes=\"auto\" data-orig-sizes=\"(max-width: 300px) 100vw, 300px\" \/><\/p>\n<p><img decoding=\"async\" class=\"lazyload size-medium wp-image-8047\" src=\"https:\/\/richarms.com\/wp-content\/uploads\/2024\/10\/IMG_4816-300x261.jpg\" data-orig-src=\"https:\/\/richarms.com\/wp-content\/uploads\/2024\/10\/IMG_4816-300x261.jpg\" alt=\"Wholesale magnetic pin backs from a trusted China hardware factory, available in various colors. Perfect for securing enamel pins or converting them into magnets.\" width=\"300\" height=\"261\" srcset=\"data:image\/svg+xml,%3Csvg%20xmlns%3D%27http%3A%2F%2Fwww.w3.org%2F2000%2Fsvg%27%20width%3D%27300%27%20height%3D%27261%27%20viewBox%3D%270%200%20300%20261%27%3E%3Crect%20width%3D%27300%27%20height%3D%27261%27%20fill-opacity%3D%220%22%2F%3E%3C%2Fsvg%3E\" data-srcset=\"https:\/\/richarms.com\/wp-content\/uploads\/2024\/10\/IMG_4816-200x174.jpg 200w, https:\/\/richarms.com\/wp-content\/uploads\/2024\/10\/IMG_4816-300x261.jpg 300w, https:\/\/richarms.com\/wp-content\/uploads\/2024\/10\/IMG_4816-400x349.jpg 400w, https:\/\/richarms.com\/wp-content\/uploads\/2024\/10\/IMG_4816-500x436.jpg 500w, https:\/\/richarms.com\/wp-content\/uploads\/2024\/10\/IMG_4816-600x523.jpg 600w, https:\/\/richarms.com\/wp-content\/uploads\/2024\/10\/IMG_4816-700x610.jpg 700w, https:\/\/richarms.com\/wp-content\/uploads\/2024\/10\/IMG_4816-768x669.jpg 768w, https:\/\/richarms.com\/wp-content\/uploads\/2024\/10\/IMG_4816.jpg 800w\" data-sizes=\"auto\" data-orig-sizes=\"(max-width: 300px) 100vw, 300px\" \/><\/p>\n<h4><strong>Principais recursos:<\/strong><\/h4>\n<ul>\n<li><strong>\u00cdm\u00e3s fortes e fixa\u00e7\u00e3o segura:<\/strong> Nosso <strong>fundos magn\u00e9ticos para alfinetes<\/strong> oferecem uma solu\u00e7\u00e3o confi\u00e1vel para exibir seus pins esmaltados em superf\u00edcies met\u00e1licas, como geladeiras ou quadros de avisos. A for\u00e7a magn\u00e9tica robusta garante que seus alfinetes permane\u00e7am presos com seguran\u00e7a, evitando que escorreguem ou caiam.<br \/>\n<img decoding=\"async\" class=\"lazyload size-medium wp-image-8046\" src=\"https:\/\/richarms.com\/wp-content\/uploads\/2024\/10\/IMG_4819-300x300.jpg\" data-orig-src=\"https:\/\/richarms.com\/wp-content\/uploads\/2024\/10\/IMG_4819-300x300.jpg\" alt=\"Our magnetic backs for pins offer a reliable solution for showcasing your enamel pins on metal surfaces, such as refrigerators or bulletin boards\" width=\"300\" height=\"300\" srcset=\"data:image\/svg+xml,%3Csvg%20xmlns%3D%27http%3A%2F%2Fwww.w3.org%2F2000%2Fsvg%27%20width%3D%27300%27%20height%3D%27300%27%20viewBox%3D%270%200%20300%20300%27%3E%3Crect%20width%3D%27300%27%20height%3D%27300%27%20fill-opacity%3D%220%22%2F%3E%3C%2Fsvg%3E\" data-srcset=\"https:\/\/richarms.com\/wp-content\/uploads\/2024\/10\/IMG_4819-66x66.jpg 66w, https:\/\/richarms.com\/wp-content\/uploads\/2024\/10\/IMG_4819-100x100.jpg 100w, https:\/\/richarms.com\/wp-content\/uploads\/2024\/10\/IMG_4819-150x150.jpg 150w, https:\/\/richarms.com\/wp-content\/uploads\/2024\/10\/IMG_4819-200x200.jpg 200w, https:\/\/richarms.com\/wp-content\/uploads\/2024\/10\/IMG_4819-300x300.jpg 300w, https:\/\/richarms.com\/wp-content\/uploads\/2024\/10\/IMG_4819-400x400.jpg 400w, https:\/\/richarms.com\/wp-content\/uploads\/2024\/10\/IMG_4819-500x500.jpg 500w, https:\/\/richarms.com\/wp-content\/uploads\/2024\/10\/IMG_4819-600x600.jpg 600w, https:\/\/richarms.com\/wp-content\/uploads\/2024\/10\/IMG_4819-700x700.jpg 700w, https:\/\/richarms.com\/wp-content\/uploads\/2024\/10\/IMG_4819-768x768.jpg 768w, https:\/\/richarms.com\/wp-content\/uploads\/2024\/10\/IMG_4819.jpg 800w\" data-sizes=\"auto\" data-orig-sizes=\"(max-width: 300px) 100vw, 300px\" \/><img decoding=\"async\" class=\"lazyload size-medium wp-image-8045\" src=\"https:\/\/richarms.com\/wp-content\/uploads\/2024\/10\/IMG_4813-300x254.jpg\" data-orig-src=\"https:\/\/richarms.com\/wp-content\/uploads\/2024\/10\/IMG_4813-300x254.jpg\" alt=\"Our magnetic backs for pins offer a reliable solution for showcasing your enamel pins on metal surfaces, such as refrigerators or bulletin boards\" width=\"300\" height=\"254\" srcset=\"data:image\/svg+xml,%3Csvg%20xmlns%3D%27http%3A%2F%2Fwww.w3.org%2F2000%2Fsvg%27%20width%3D%27300%27%20height%3D%27254%27%20viewBox%3D%270%200%20300%20254%27%3E%3Crect%20width%3D%27300%27%20height%3D%27254%27%20fill-opacity%3D%220%22%2F%3E%3C%2Fsvg%3E\" data-srcset=\"https:\/\/richarms.com\/wp-content\/uploads\/2024\/10\/IMG_4813-200x169.jpg 200w, https:\/\/richarms.com\/wp-content\/uploads\/2024\/10\/IMG_4813-300x254.jpg 300w, https:\/\/richarms.com\/wp-content\/uploads\/2024\/10\/IMG_4813-400x338.jpg 400w, https:\/\/richarms.com\/wp-content\/uploads\/2024\/10\/IMG_4813-500x423.jpg 500w, https:\/\/richarms.com\/wp-content\/uploads\/2024\/10\/IMG_4813-600x508.jpg 600w, https:\/\/richarms.com\/wp-content\/uploads\/2024\/10\/IMG_4813-700x592.jpg 700w, https:\/\/richarms.com\/wp-content\/uploads\/2024\/10\/IMG_4813-768x650.jpg 768w, https:\/\/richarms.com\/wp-content\/uploads\/2024\/10\/IMG_4813.jpg 799w\" data-sizes=\"auto\" data-orig-sizes=\"(max-width: 300px) 100vw, 300px\" \/><\/li>\n<li><strong>F\u00e1cil de usar:<\/strong> Converter seus pinos \u00e9 muito f\u00e1cil! Basta remover a parte traseira do pino original e deslizar nosso <strong>costas de pinos magn\u00e9ticos<\/strong> sobre o pino. Posicione-os em qualquer superf\u00edcie magn\u00e9tica para obter uma exibi\u00e7\u00e3o atraente que seja pr\u00e1tica e elegante.<br \/>\n<img decoding=\"async\" class=\"lazyload size-medium wp-image-8044\" src=\"https:\/\/richarms.com\/wp-content\/uploads\/2024\/10\/IMG_4814-300x236.jpg\" data-orig-src=\"https:\/\/richarms.com\/wp-content\/uploads\/2024\/10\/IMG_4814-300x236.jpg\" alt=\"Easy to Use: Converting your pins is a breeze! Simply remove the original pin back and slide our magnet pin backs over the pin\" width=\"300\" height=\"236\" srcset=\"data:image\/svg+xml,%3Csvg%20xmlns%3D%27http%3A%2F%2Fwww.w3.org%2F2000%2Fsvg%27%20width%3D%27300%27%20height%3D%27236%27%20viewBox%3D%270%200%20300%20236%27%3E%3Crect%20width%3D%27300%27%20height%3D%27236%27%20fill-opacity%3D%220%22%2F%3E%3C%2Fsvg%3E\" data-srcset=\"https:\/\/richarms.com\/wp-content\/uploads\/2024\/10\/IMG_4814-200x157.jpg 200w, https:\/\/richarms.com\/wp-content\/uploads\/2024\/10\/IMG_4814-300x236.jpg 300w, https:\/\/richarms.com\/wp-content\/uploads\/2024\/10\/IMG_4814-400x315.jpg 400w, https:\/\/richarms.com\/wp-content\/uploads\/2024\/10\/IMG_4814-500x394.jpg 500w, https:\/\/richarms.com\/wp-content\/uploads\/2024\/10\/IMG_4814-600x472.jpg 600w, https:\/\/richarms.com\/wp-content\/uploads\/2024\/10\/IMG_4814-700x551.jpg 700w, https:\/\/richarms.com\/wp-content\/uploads\/2024\/10\/IMG_4814-768x605.jpg 768w, https:\/\/richarms.com\/wp-content\/uploads\/2024\/10\/IMG_4814.jpg 799w\" data-sizes=\"auto\" data-orig-sizes=\"(max-width: 300px) 100vw, 300px\" \/><\/p>\n<p><div id=\"attachment_8043\" style=\"width: 310px\" class=\"wp-caption alignnone\"><img decoding=\"async\" aria-describedby=\"caption-attachment-8043\" class=\"lazyload size-medium wp-image-8043\" src=\"https:\/\/richarms.com\/wp-content\/uploads\/2024\/10\/IMG_4810-300x300.jpg\" data-orig-src=\"https:\/\/richarms.com\/wp-content\/uploads\/2024\/10\/IMG_4810-300x300.jpg\" alt=\"Easy to Use: Converting your pins is a breeze! Simply remove the original pin back and slide our magnet pin backs over the pin\" width=\"300\" height=\"300\" srcset=\"data:image\/svg+xml,%3Csvg%20xmlns%3D%27http%3A%2F%2Fwww.w3.org%2F2000%2Fsvg%27%20width%3D%27300%27%20height%3D%27300%27%20viewBox%3D%270%200%20300%20300%27%3E%3Crect%20width%3D%27300%27%20height%3D%27300%27%20fill-opacity%3D%220%22%2F%3E%3C%2Fsvg%3E\" data-srcset=\"https:\/\/richarms.com\/wp-content\/uploads\/2024\/10\/IMG_4810-66x66.jpg 66w, https:\/\/richarms.com\/wp-content\/uploads\/2024\/10\/IMG_4810-100x100.jpg 100w, https:\/\/richarms.com\/wp-content\/uploads\/2024\/10\/IMG_4810-150x150.jpg 150w, https:\/\/richarms.com\/wp-content\/uploads\/2024\/10\/IMG_4810-200x200.jpg 200w, https:\/\/richarms.com\/wp-content\/uploads\/2024\/10\/IMG_4810-300x300.jpg 300w, https:\/\/richarms.com\/wp-content\/uploads\/2024\/10\/IMG_4810-400x400.jpg 400w, https:\/\/richarms.com\/wp-content\/uploads\/2024\/10\/IMG_4810-500x500.jpg 500w, https:\/\/richarms.com\/wp-content\/uploads\/2024\/10\/IMG_4810-600x600.jpg 600w, https:\/\/richarms.com\/wp-content\/uploads\/2024\/10\/IMG_4810-700x700.jpg 700w, https:\/\/richarms.com\/wp-content\/uploads\/2024\/10\/IMG_4810-768x768.jpg 768w, https:\/\/richarms.com\/wp-content\/uploads\/2024\/10\/IMG_4810-800x800.jpg 800w, https:\/\/richarms.com\/wp-content\/uploads\/2024\/10\/IMG_4810-1024x1024.jpg 1024w, https:\/\/richarms.com\/wp-content\/uploads\/2024\/10\/IMG_4810-1200x1200.jpg 1200w, https:\/\/richarms.com\/wp-content\/uploads\/2024\/10\/IMG_4810-1536x1536.jpg 1536w, https:\/\/richarms.com\/wp-content\/uploads\/2024\/10\/IMG_4810.jpg 1920w\" data-sizes=\"auto\" data-orig-sizes=\"(max-width: 300px) 100vw, 300px\" \/><p id=\"caption-attachment-8043\" class=\"wp-caption-text\">F\u00e1cil de usar: Converter seus pins \u00e9 muito f\u00e1cil! Basta remover a parte traseira do pino original e deslizar a parte traseira do pino com \u00edm\u00e3 sobre o pino<\/p><\/div><\/li>\n<li><strong>\u00d3tima ideia para presente:<\/strong> Esses <strong>suporte de pino magn\u00e9tico<\/strong> s\u00e3o perfeitos para colecionadores de pins que desejam manter seus pins favoritos fora das gavetas e em exposi\u00e7\u00e3o. Quer voc\u00ea tenha colecionado pins especiais da Disney ou de lojas locais, esses conversores s\u00e3o um presente altamente recomendado para qualquer entusiasta.<\/li>\n<li><strong>Material dur\u00e1vel:<\/strong> Fabricado em metal de alta qualidade, nosso <strong>pinos magn\u00e9ticos<\/strong> s\u00e3o projetados para resistir ao uso di\u00e1rio sem danificar seus pins. Quando usados corretamente, eles manter\u00e3o a condi\u00e7\u00e3o imaculada dos seus estimados pins esmaltados, permitindo que voc\u00ea os aprecie sem preocupa\u00e7\u00f5es.<\/li>\n<li><strong>Quantidade generosa:<\/strong> Cada pacote inclui 50 <strong>costas de pinos magn\u00e9ticos<\/strong>O n\u00famero de pins de esmalte \u00e9 de 1.000, o que proporciona um amplo suprimento para a maioria de sua cole\u00e7\u00e3o de pins de esmalte. Com essa quantidade generosa, voc\u00ea pode trocar facilmente seus pins \u00e0 medida que sua cole\u00e7\u00e3o cresce!<\/li>\n<\/ul>\n<p>Para obter amostras, visite nosso <a href=\"http:\/\/richarmshardware.com\">loja on-line<\/a> para fazer um pedido diretamente. Para pedidos em grandes quantidades, entre em contato com <a href=\"http:\/\/richarms.com\/pt\/contact\/\">nossa equipe de vendas<\/a> para obter pre\u00e7os competitivos no atacado.<\/p>\n<p>Eleve sua cole\u00e7\u00e3o de broches com nossos <strong>melhores suportes magn\u00e9ticos para alfinetes<\/strong> hoje!<\/p>","protected":false},"excerpt":{"rendered":"<p><strong>F\u00e1brica de pinos magn\u00e9ticos no atacado<br \/>\n<\/strong><strong>Tamanho<\/strong>: D 11,05 mm x A 8,6 mm<br \/>\n<strong>Peso<\/strong>: 3.2g<br \/>\nPrende os alfinetes de esmalte com seguran\u00e7a sem danificar o tecido<br \/>\nConverte alfinetes em \u00edm\u00e3s de geladeira<br \/>\nMaterial met\u00e1lico dur\u00e1vel<br \/>\nDispon\u00edvel em v\u00e1rias cores<br \/>\nPedidos em massa s\u00e3o bem-vindos para pre\u00e7os de atacado<\/p>","protected":false},"featured_media":8037,"template":"","meta":[],"product_brand":[],"product_cat":[64],"product_tag":[],"class_list":{"0":"post-8036","1":"product","2":"type-product","3":"status-publish","4":"has-post-thumbnail","6":"product_cat-magnetic-name-tag","8":"first","9":"instock","10":"shipping-taxable","11":"product-type-simple"},"aioseo_notices":[],"_links":{"self":[{"href":"https:\/\/richarms.com\/pt\/wp-json\/wp\/v2\/product\/8036","targetHints":{"allow":["GET"]}}],"collection":[{"href":"https:\/\/richarms.com\/pt\/wp-json\/wp\/v2\/product"}],"about":[{"href":"https:\/\/richarms.com\/pt\/wp-json\/wp\/v2\/types\/product"}],"wp:featuredmedia":[{"embeddable":true,"href":"https:\/\/richarms.com\/pt\/wp-json\/wp\/v2\/media\/8037"}],"wp:attachment":[{"href":"https:\/\/richarms.com\/pt\/wp-json\/wp\/v2\/media?parent=8036"}],"wp:term":[{"taxonomy":"product_brand","embeddable":true,"href":"https:\/\/richarms.com\/pt\/wp-json\/wp\/v2\/product_brand?post=8036"},{"taxonomy":"product_cat","embeddable":true,"href":"https:\/\/richarms.com\/pt\/wp-json\/wp\/v2\/product_cat?post=8036"},{"taxonomy":"product_tag","embeddable":true,"href":"https:\/\/richarms.com\/pt\/wp-json\/wp\/v2\/product_tag?post=8036"}],"curies":[{"name":"wp","href":"https:\/\/api.w.org\/{rel}","templated":true}]}}