{"id":8234,"date":"2025-03-13T16:32:06","date_gmt":"2025-03-13T08:32:06","guid":{"rendered":"https:\/\/richarms.com\/?post_type=product&#038;p=8234"},"modified":"2025-03-13T17:10:08","modified_gmt":"2025-03-13T09:10:08","slug":"handshake-magnetic-bracelet-clasp","status":"publish","type":"product","link":"https:\/\/richarms.com\/pt\/product\/handshake-magnetic-bracelet-clasp","title":{"rendered":"Fecho Magn\u00e9tico para Pulseira Handshake - Trava em Liga de Zinco"},"content":{"rendered":"<h1 data-start=\"304\" data-end=\"372\"><strong data-start=\"306\" data-end=\"372\">Fecho magn\u00e9tico para pulseira de aperto de m\u00e3o: s\u00edmbolo de uni\u00e3o e estilo<\/strong><\/h1>\n<p data-start=\"374\" data-end=\"848\">Quando voc\u00ea quiser uma joia que v\u00e1 al\u00e9m da mera est\u00e9tica, a <strong data-start=\"445\" data-end=\"482\">Fecho de Pulseira Magn\u00e9tica Handshake<\/strong> oferece apelo visual e simbolismo significativo. Fabricado em liga de zn hipoalerg\u00eanica, esse fecho apresenta duas m\u00e3os entrela\u00e7adas que se encaixam por meio de \u00edm\u00e3s ocultos, formando um motivo memor\u00e1vel de aperto de m\u00e3o. Quer esteja criando pulseiras para amizade, la\u00e7os familiares ou brindes corporativos, esse fecho acrescenta um toque pessoal que se destaca no mercado.<\/p>\n<hr data-start=\"850\" data-end=\"853\" \/>\n<h2 data-start=\"855\" data-end=\"892\"><strong data-start=\"858\" data-end=\"892\">Um fecho que conta uma hist\u00f3ria<\/strong><\/h2>\n<h3 data-start=\"894\" data-end=\"928\"><strong data-start=\"898\" data-end=\"928\">Forma \u00fanica de aperto de m\u00e3o<\/strong><\/h3>\n<p data-start=\"930\" data-end=\"1331\">O destaque desse fecho \u00e9 seu design diferenciado de aperto de m\u00e3o. Cada m\u00e3o cont\u00e9m um \u00edm\u00e3 e, quando unidas, elas se prendem firmemente no lugar - exatamente como um aperto de m\u00e3o firme na vida real. Esse gesto evoca uni\u00e3o, confian\u00e7a e colabora\u00e7\u00e3o, o que o torna perfeito para pe\u00e7as de joalheria tem\u00e1ticas que comemoram parcerias, trabalho em equipe ou ocasi\u00f5es especiais como casamentos, anivers\u00e1rios ou marcos corporativos.<\/p>\n<table style=\"border-collapse: collapse; width: 763px; height: 325px;\" border=\"0\" width=\"96\" cellspacing=\"0\" cellpadding=\"0\">\n<tbody>\n<tr style=\"height: 16.80pt;\">\n<td style=\"height: 16.80pt; width: 48.00pt;\" width=\"48\" height=\"16\">\n<p><div id=\"attachment_8236\" style=\"width: 303px\" class=\"wp-caption alignnone\"><img decoding=\"async\" aria-describedby=\"caption-attachment-8236\" class=\"lazyload wp-image-8236\" src=\"https:\/\/richarms.com\/wp-content\/uploads\/2025\/03\/41941741853964_.pic_.jpg\" data-orig-src=\"https:\/\/richarms.com\/wp-content\/uploads\/2025\/03\/41941741853964_.pic_.jpg\" alt=\"Close-up of handshake magnetic clasp on a pearl bracelet, showing how the hands interlock.\" width=\"293\" height=\"293\" srcset=\"data:image\/svg+xml,%3Csvg%20xmlns%3D%27http%3A%2F%2Fwww.w3.org%2F2000%2Fsvg%27%20width%3D%27293%27%20height%3D%27293%27%20viewBox%3D%270%200%20293%20293%27%3E%3Crect%20width%3D%27293%27%20height%3D%27293%27%20fill-opacity%3D%220%22%2F%3E%3C%2Fsvg%3E\" data-srcset=\"https:\/\/richarms.com\/wp-content\/uploads\/2025\/03\/41941741853964_.pic_-66x66.jpg 66w, https:\/\/richarms.com\/wp-content\/uploads\/2025\/03\/41941741853964_.pic_-100x100.jpg 100w, https:\/\/richarms.com\/wp-content\/uploads\/2025\/03\/41941741853964_.pic_-150x150.jpg 150w, https:\/\/richarms.com\/wp-content\/uploads\/2025\/03\/41941741853964_.pic_-200x200.jpg 200w, https:\/\/richarms.com\/wp-content\/uploads\/2025\/03\/41941741853964_.pic_-300x300.jpg 300w, https:\/\/richarms.com\/wp-content\/uploads\/2025\/03\/41941741853964_.pic_-400x400.jpg 400w, https:\/\/richarms.com\/wp-content\/uploads\/2025\/03\/41941741853964_.pic_-500x500.jpg 500w, https:\/\/richarms.com\/wp-content\/uploads\/2025\/03\/41941741853964_.pic_-600x600.jpg 600w, https:\/\/richarms.com\/wp-content\/uploads\/2025\/03\/41941741853964_.pic_-700x700.jpg 700w, https:\/\/richarms.com\/wp-content\/uploads\/2025\/03\/41941741853964_.pic_-768x768.jpg 768w, https:\/\/richarms.com\/wp-content\/uploads\/2025\/03\/41941741853964_.pic_.jpg 800w\" data-sizes=\"auto\" data-orig-sizes=\"(max-width: 293px) 100vw, 293px\" \/><p id=\"caption-attachment-8236\" class=\"wp-caption-text\">Uma olhada mais de perto nos ponteiros entrela\u00e7ados, demonstrando um fecho magn\u00e9tico confi\u00e1vel e decorativo.<\/p><\/div><\/td>\n<td style=\"width: 48.00pt;\" width=\"48\">\n<p><div id=\"attachment_8235\" style=\"width: 298px\" class=\"wp-caption alignnone\"><img decoding=\"async\" aria-describedby=\"caption-attachment-8235\" class=\"lazyload wp-image-8235\" src=\"https:\/\/richarms.com\/wp-content\/uploads\/2025\/03\/41931741853963_.pic_.jpg\" data-orig-src=\"https:\/\/richarms.com\/wp-content\/uploads\/2025\/03\/41931741853963_.pic_.jpg\" alt=\"Handshake magnetic clasp attached to a pearl bracelet, showcasing a secure closure.\" width=\"288\" height=\"288\" srcset=\"data:image\/svg+xml,%3Csvg%20xmlns%3D%27http%3A%2F%2Fwww.w3.org%2F2000%2Fsvg%27%20width%3D%27288%27%20height%3D%27288%27%20viewBox%3D%270%200%20288%20288%27%3E%3Crect%20width%3D%27288%27%20height%3D%27288%27%20fill-opacity%3D%220%22%2F%3E%3C%2Fsvg%3E\" data-srcset=\"https:\/\/richarms.com\/wp-content\/uploads\/2025\/03\/41931741853963_.pic_-66x66.jpg 66w, https:\/\/richarms.com\/wp-content\/uploads\/2025\/03\/41931741853963_.pic_-100x100.jpg 100w, https:\/\/richarms.com\/wp-content\/uploads\/2025\/03\/41931741853963_.pic_-150x150.jpg 150w, https:\/\/richarms.com\/wp-content\/uploads\/2025\/03\/41931741853963_.pic_-200x200.jpg 200w, https:\/\/richarms.com\/wp-content\/uploads\/2025\/03\/41931741853963_.pic_-300x300.jpg 300w, https:\/\/richarms.com\/wp-content\/uploads\/2025\/03\/41931741853963_.pic_-400x400.jpg 400w, https:\/\/richarms.com\/wp-content\/uploads\/2025\/03\/41931741853963_.pic_-500x500.jpg 500w, https:\/\/richarms.com\/wp-content\/uploads\/2025\/03\/41931741853963_.pic_-600x600.jpg 600w, https:\/\/richarms.com\/wp-content\/uploads\/2025\/03\/41931741853963_.pic_-700x700.jpg 700w, https:\/\/richarms.com\/wp-content\/uploads\/2025\/03\/41931741853963_.pic_-768x768.jpg 768w, https:\/\/richarms.com\/wp-content\/uploads\/2025\/03\/41931741853963_.pic_.jpg 800w\" data-sizes=\"auto\" data-orig-sizes=\"(max-width: 288px) 100vw, 288px\" \/><p id=\"caption-attachment-8235\" class=\"wp-caption-text\">Um fecho elegante no formato de duas m\u00e3os que se fecham juntas, acrescentando funcionalidade e sentimento \u00e0 pulseira de p\u00e9rolas.<\/p><\/div><\/td>\n<\/tr>\n<\/tbody>\n<\/table>\n<h3 data-start=\"1333\" data-end=\"1368\"><strong data-start=\"1337\" data-end=\"1368\">Fecho magn\u00e9tico forte<\/strong><\/h3>\n<p data-start=\"1370\" data-end=\"1716\">Al\u00e9m de seu valor simb\u00f3lico, o fecho possui um \u00edm\u00e3 robusto que evita que a pulseira se desfa\u00e7a durante o uso di\u00e1rio. A pulseira <strong data-start=\"1507\" data-end=\"1543\">Fecho magn\u00e9tico em liga de Zn<\/strong> garante uma fixa\u00e7\u00e3o confi\u00e1vel sem a necessidade de mecanismos volumosos ou complicados. Os usu\u00e1rios podem prender ou remover a pulseira rapidamente, desfrutando de uma combina\u00e7\u00e3o de estilo e conveni\u00eancia.<\/p>\n<div id=\"attachment_8240\" style=\"width: 810px\" class=\"wp-caption alignnone\"><img decoding=\"async\" aria-describedby=\"caption-attachment-8240\" class=\"lazyload wp-image-8240 size-full\" src=\"https:\/\/richarms.com\/wp-content\/uploads\/2025\/03\/41901741853198_.pic_.jpg\" data-orig-src=\"https:\/\/richarms.com\/wp-content\/uploads\/2025\/03\/41901741853198_.pic_.jpg\" alt=\"Stainless steel chain bracelet featuring a handshake magnetic clasp for secure closure.\" width=\"800\" height=\"800\" srcset=\"data:image\/svg+xml,%3Csvg%20xmlns%3D%27http%3A%2F%2Fwww.w3.org%2F2000%2Fsvg%27%20width%3D%27800%27%20height%3D%27800%27%20viewBox%3D%270%200%20800%20800%27%3E%3Crect%20width%3D%27800%27%20height%3D%27800%27%20fill-opacity%3D%220%22%2F%3E%3C%2Fsvg%3E\" data-srcset=\"https:\/\/richarms.com\/wp-content\/uploads\/2025\/03\/41901741853198_.pic_-66x66.jpg 66w, https:\/\/richarms.com\/wp-content\/uploads\/2025\/03\/41901741853198_.pic_-100x100.jpg 100w, https:\/\/richarms.com\/wp-content\/uploads\/2025\/03\/41901741853198_.pic_-150x150.jpg 150w, https:\/\/richarms.com\/wp-content\/uploads\/2025\/03\/41901741853198_.pic_-200x200.jpg 200w, https:\/\/richarms.com\/wp-content\/uploads\/2025\/03\/41901741853198_.pic_-300x300.jpg 300w, https:\/\/richarms.com\/wp-content\/uploads\/2025\/03\/41901741853198_.pic_-400x400.jpg 400w, https:\/\/richarms.com\/wp-content\/uploads\/2025\/03\/41901741853198_.pic_-500x500.jpg 500w, https:\/\/richarms.com\/wp-content\/uploads\/2025\/03\/41901741853198_.pic_-600x600.jpg 600w, https:\/\/richarms.com\/wp-content\/uploads\/2025\/03\/41901741853198_.pic_-700x700.jpg 700w, https:\/\/richarms.com\/wp-content\/uploads\/2025\/03\/41901741853198_.pic_-768x768.jpg 768w, https:\/\/richarms.com\/wp-content\/uploads\/2025\/03\/41901741853198_.pic_.jpg 800w\" data-sizes=\"auto\" data-orig-sizes=\"(max-width: 800px) 100vw, 800px\" \/><p id=\"caption-attachment-8240\" class=\"wp-caption-text\">Uma corrente de a\u00e7o polido completada por um fecho magn\u00e9tico de aperto de m\u00e3o seguro, combinando estilo e simbolismo.<\/p><\/div>\n<hr data-start=\"1718\" data-end=\"1721\" \/>\n<h2 data-start=\"1723\" data-end=\"1775\"><strong data-start=\"1726\" data-end=\"1775\">Constru\u00e7\u00e3o em liga de Zn ecologicamente correta<\/strong><\/h2>\n<p data-start=\"1777\" data-end=\"1938\">A escolha do material certo \u00e9 fundamental para o conforto, a durabilidade e a qualidade geral. Nosso fecho de aperto de m\u00e3o \u00e9 feito de <strong data-start=\"1895\" data-end=\"1927\">liga de zn ecol\u00f3gica<\/strong>, que \u00e9:<\/p>\n<ul data-start=\"1940\" data-end=\"2218\">\n<li data-start=\"1940\" data-end=\"2019\"><strong data-start=\"1942\" data-end=\"1959\">Sem alergias:<\/strong> Seguro para peles sens\u00edveis, reduzindo o risco de irrita\u00e7\u00e3o.<\/li>\n<li data-start=\"2020\" data-end=\"2112\"><strong data-start=\"2022\" data-end=\"2046\">Resistente \u00e0 corros\u00e3o:<\/strong> Projetado para resistir \u00e0 umidade e ao uso regular sem enferrujar.<\/li>\n<li data-start=\"2113\" data-end=\"2218\"><strong data-start=\"2115\" data-end=\"2138\">Superf\u00edcie pol\u00edvel:<\/strong> Obt\u00e9m facilmente um acabamento de alto brilho ou fosco, de acordo com suas prefer\u00eancias de design.<\/li>\n<\/ul>\n<p data-start=\"2220\" data-end=\"2351\">Isso significa que voc\u00ea pode oferecer com confian\u00e7a um produto premium aos seus clientes, sabendo que ele manter\u00e1 sua apar\u00eancia e fun\u00e7\u00e3o ao longo do tempo.<\/p>\n<hr data-start=\"2353\" data-end=\"2356\" \/>\n<h2 data-start=\"2358\" data-end=\"2402\"><strong data-start=\"2361\" data-end=\"2402\">Personalizado para B2B Atacado Personalizado<\/strong><\/h2>\n<p data-start=\"2404\" data-end=\"2504\">Entendemos as demandas exclusivas dos compradores no atacado, por isso nosso fecho permite uma ampla personaliza\u00e7\u00e3o:<\/p>\n<ol data-start=\"2506\" data-end=\"3111\">\n<li data-start=\"2506\" data-end=\"2651\"><strong data-start=\"2509\" data-end=\"2529\">V\u00e1rias cores:<\/strong> Os acabamentos padr\u00e3o incluem gun metal, ouro, ouro rosa e prata, vermelho, arco-\u00edris e personaliza\u00e7\u00e3o. Se precisar de outras tonalidades, basta nos informar.<\/li>\n<li data-start=\"2652\" data-end=\"2827\"><strong data-start=\"2655\" data-end=\"2672\">Op\u00e7\u00f5es de tamanho:<\/strong> O fecho geralmente mede cerca de 32 \u00d7 7 \u00d7 12 mm, 5 g por pe\u00e7a, com um orif\u00edcio de 2 mm, mas podemos ajustar essas dimens\u00f5es para se adequar a designs espec\u00edficos de pulseiras.<\/li>\n<li data-start=\"2828\" data-end=\"2959\"><strong data-start=\"2831\" data-end=\"2852\">Marcas e logotipos:<\/strong> Incorporar o nome, o slogan ou a arte de sua empresa por meio de <strong data-start=\"2911\" data-end=\"2930\">grava\u00e7\u00e3o a laser<\/strong> ou <strong data-start=\"2934\" data-end=\"2956\">projeto de molde personalizado<\/strong>.<\/li>\n<li data-start=\"2960\" data-end=\"3111\"><strong data-start=\"2963\" data-end=\"2987\">Solu\u00e7\u00f5es de embalagem:<\/strong> Oferecemos embalagens especializadas, desde simples sacos de polietileno at\u00e9 caixas de presente com a marca, para que seu produto esteja pronto para o varejo imediato.<\/li>\n<\/ol>\n<div class=\"overflow-x-auto contain-inline-size\">\n<table data-start=\"3113\" data-end=\"3701\">\n<thead data-start=\"3113\" data-end=\"3183\">\n<tr data-start=\"3113\" data-end=\"3183\">\n<th data-start=\"3113\" data-end=\"3141\"><strong data-start=\"3115\" data-end=\"3126\">Recurso<\/strong><\/th>\n<th data-start=\"3141\" data-end=\"3183\"><strong data-start=\"3143\" data-end=\"3154\">Detalhes<\/strong><\/th>\n<\/tr>\n<\/thead>\n<tbody data-start=\"3255\" data-end=\"3701\">\n<tr data-start=\"3255\" data-end=\"3325\">\n<td><strong data-start=\"3257\" data-end=\"3274\">Material principal<\/strong><\/td>\n<td>Liga de Zn (sem alergia)<\/td>\n<\/tr>\n<tr data-start=\"3326\" data-end=\"3408\">\n<td><strong data-start=\"3328\" data-end=\"3345\">Op\u00e7\u00f5es de cores<\/strong><\/td>\n<td>gun metal, ouro, ouro rosa e prata, vermelho, arco-\u00edris e personaliza\u00e7\u00e3o<\/td>\n<\/tr>\n<tr data-start=\"3409\" data-end=\"3479\">\n<td><strong data-start=\"3411\" data-end=\"3433\">Dimens\u00f5es aproximadas<\/strong><\/td>\n<td>32\u00d77\u00d712 mm (5g)<\/td>\n<\/tr>\n<tr data-start=\"3480\" data-end=\"3550\">\n<td><strong data-start=\"3482\" data-end=\"3503\">Mecanismo de fechamento<\/strong><\/td>\n<td>\u00cdm\u00e3s ocultos fortes<\/td>\n<\/tr>\n<tr data-start=\"3551\" data-end=\"3621\">\n<td><strong data-start=\"3553\" data-end=\"3570\">Personaliza\u00e7\u00e3o<\/strong><\/td>\n<td>Grava\u00e7\u00e3o de logotipo, design de molde, embalagem<\/td>\n<\/tr>\n<tr data-start=\"3622\" data-end=\"3701\">\n<td><strong data-start=\"3624\" data-end=\"3631\">MOQ<\/strong><\/td>\n<td>Flex\u00edvel para B2B (pedidos pequenos via loja on-line)<\/td>\n<\/tr>\n<\/tbody>\n<\/table>\n<\/div>\n<hr data-start=\"3703\" data-end=\"3706\" \/>\n<h2 data-start=\"3708\" data-end=\"3760\"><strong data-start=\"3711\" data-end=\"3760\">Aplica\u00e7\u00f5es vers\u00e1teis para temas especiais<\/strong><\/h2>\n<p data-start=\"3762\" data-end=\"3894\">Uma das maiores vantagens do fecho de aperto de m\u00e3o \u00e9 sua versatilidade. Al\u00e9m das pulseiras de moda padr\u00e3o, ele se encaixa perfeitamente:<\/p>\n<ul data-start=\"3896\" data-end=\"4283\">\n<li data-start=\"3896\" data-end=\"3968\"><strong data-start=\"3898\" data-end=\"3932\">Joias de amizade e fam\u00edlia:<\/strong> Comemore os v\u00ednculos e a uni\u00e3o.<\/li>\n<li data-start=\"3969\" data-end=\"4063\"><strong data-start=\"3971\" data-end=\"3993\">Presentes corporativos:<\/strong> Ideal para reconhecer parcerias bem-sucedidas ou realiza\u00e7\u00f5es de equipes.<\/li>\n<li data-start=\"4064\" data-end=\"4147\"><strong data-start=\"4066\" data-end=\"4089\">Ocasi\u00f5es rom\u00e2nticas:<\/strong> Use-o em pulseiras de casais para significar uni\u00e3o e amor.<\/li>\n<li data-start=\"4148\" data-end=\"4283\"><strong data-start=\"4150\" data-end=\"4176\">Campanhas promocionais:<\/strong> Aumente a visibilidade da marca com um fecho chamativo que transmite os valores de confian\u00e7a e colabora\u00e7\u00e3o.<\/li>\n<\/ul>\n<hr data-start=\"4285\" data-end=\"4288\" \/>\n<h2 data-start=\"4290\" data-end=\"4353\"><strong data-start=\"4293\" data-end=\"4353\">Fa\u00e7a parceria com a Richarms para seu pr\u00f3ximo projeto <a href=\"https:\/\/richarms.com\/pt\/necklace-clasp-types\/\">Fecho de colar<\/a> Projeto<\/strong><\/h2>\n<p data-start=\"4355\" data-end=\"4746\">Na Richarms, somos especializados em fornecer fechos magn\u00e9ticos de alta qualidade que combinam inova\u00e7\u00e3o de design com fun\u00e7\u00e3o pr\u00e1tica. Ao escolher nosso fecho de aperto de m\u00e3o, voc\u00ea n\u00e3o est\u00e1 apenas adicionando um elemento decorativo - est\u00e1 contando uma hist\u00f3ria de uni\u00e3o e coopera\u00e7\u00e3o. Nossa equipe oferece <strong data-start=\"4623\" data-end=\"4649\">pre\u00e7o direto de f\u00e1brica<\/strong> para ajud\u00e1-lo a se manter competitivo, juntamente com <strong data-start=\"4700\" data-end=\"4719\">controle de qualidade<\/strong> em todas as etapas da produ\u00e7\u00e3o.<\/p>\n<p data-start=\"4748\" data-end=\"4766\"><strong data-start=\"4748\" data-end=\"4766\">Por que nos escolher:<\/strong><\/p>\n<ul data-start=\"4768\" data-end=\"5030\">\n<li data-start=\"4768\" data-end=\"4853\"><strong data-start=\"4770\" data-end=\"4795\">Pre\u00e7o direto da f\u00e1brica:<\/strong> Ignore o intermedi\u00e1rio para obter uma estrutura de custos mais favor\u00e1vel.<\/li>\n<li data-start=\"4854\" data-end=\"4929\"><strong data-start=\"4856\" data-end=\"4878\">Produ\u00e7\u00e3o personalizada:<\/strong> Criamos de acordo com seus desenhos ou conceitos.<\/li>\n<li data-start=\"4930\" data-end=\"5030\"><strong data-start=\"4932\" data-end=\"4959\">Controle de qualidade rigoroso:<\/strong> Desde o fornecimento de materiais at\u00e9 a embalagem final, mantemos altos padr\u00f5es.<\/li>\n<\/ul>\n<p data-start=\"5032\" data-end=\"5359\">Se voc\u00ea tiver um design ou tamanho espec\u00edfico em mente, nossos representantes de vendas est\u00e3o prontos para ajudar. Podemos discutir a cria\u00e7\u00e3o do molde, a combina\u00e7\u00e3o de cores, a coloca\u00e7\u00e3o do logotipo e as solu\u00e7\u00f5es de embalagem adaptadas \u00e0 identidade de sua marca. Para pedidos menores, abaixo de 50 conjuntos, nosso <a href=\"https:\/\/www.richarmshardware.com\/\">loja on-line<\/a> \u00e9 uma maneira f\u00e1cil de testar novos conceitos sem grandes custos iniciais.<\/p>\n<p data-start=\"5361\" data-end=\"5610\" data-is-last-node=\"\" data-is-only-node=\"\">Fa\u00e7a com que sua linha de joias se destaque com um fecho que realmente represente parceria, colabora\u00e7\u00e3o e sucesso compartilhado. Entre em contato conosco hoje mesmo para explorar todo o potencial de nossos <strong data-start=\"5531\" data-end=\"5568\">Fecho de Pulseira Magn\u00e9tica Handshake<\/strong> para seu pr\u00f3ximo pedido de atacado personalizado B2B.<\/p>","protected":false},"excerpt":{"rendered":"<p>Handshake Magnetic Bracelet Clasp: Symbolizing Unity and Style When you want a piece of jewelry that goes beyond mere aesthetics, the Handshake Magnetic Bracelet Clasp delivers both visual appeal and meaningful symbolism. Crafted from hypoallergenic zn alloy, this clasp features two interlocking hands that snap together via hidden magnets, forming a memorable handshake motif. Whether you\u2019re designing bracelets for friendship, family ties, or corporate gifts, this clasp adds a personal touch that stands out in the market. A Clasp That Tells a Story Unique Handshake Shape The highlight of this clasp is its distinctive handshake design. Each hand contains a [&hellip;]<\/p>\n","protected":false},"featured_media":8237,"template":"","meta":[],"product_brand":[],"product_cat":[72],"product_tag":[],"class_list":{"0":"post-8234","1":"product","2":"type-product","3":"status-publish","4":"has-post-thumbnail","6":"product_cat-bracelet-magnetic-clasp","8":"first","9":"instock","10":"shipping-taxable","11":"product-type-simple"},"aioseo_notices":[],"_links":{"self":[{"href":"https:\/\/richarms.com\/pt\/wp-json\/wp\/v2\/product\/8234","targetHints":{"allow":["GET"]}}],"collection":[{"href":"https:\/\/richarms.com\/pt\/wp-json\/wp\/v2\/product"}],"about":[{"href":"https:\/\/richarms.com\/pt\/wp-json\/wp\/v2\/types\/product"}],"wp:featuredmedia":[{"embeddable":true,"href":"https:\/\/richarms.com\/pt\/wp-json\/wp\/v2\/media\/8237"}],"wp:attachment":[{"href":"https:\/\/richarms.com\/pt\/wp-json\/wp\/v2\/media?parent=8234"}],"wp:term":[{"taxonomy":"product_brand","embeddable":true,"href":"https:\/\/richarms.com\/pt\/wp-json\/wp\/v2\/product_brand?post=8234"},{"taxonomy":"product_cat","embeddable":true,"href":"https:\/\/richarms.com\/pt\/wp-json\/wp\/v2\/product_cat?post=8234"},{"taxonomy":"product_tag","embeddable":true,"href":"https:\/\/richarms.com\/pt\/wp-json\/wp\/v2\/product_tag?post=8234"}],"curies":[{"name":"wp","href":"https:\/\/api.w.org\/{rel}","templated":true}]}}