{"id":2403,"date":"2021-07-10T15:44:21","date_gmt":"2021-07-10T07:44:21","guid":{"rendered":"https:\/\/www.bangzhiyou.com\/?post_type=product&#038;p=2403"},"modified":"2025-03-28T15:42:52","modified_gmt":"2025-03-28T07:42:52","slug":"bzy-aqx04","status":"publish","type":"product","link":"https:\/\/richarms.com\/tr\/product\/bzy-aqx04","title":{"rendered":"Frans\u0131z Kare Manyetik \u00c7\u0131t\u00e7\u0131t Ba\u011flant\u0131 Eleman\u0131"},"content":{"rendered":"<h1>Frans\u0131z Kare Manyetik \u00c7\u0131t\u00e7\u0131t Ba\u011flant\u0131 Eleman\u0131 | \u00d6zel Tasar\u0131m Mevcuttur<\/h1>\n<h2 class=\"\" data-start=\"437\" data-end=\"482\">Frans\u0131z Kare Manyetik \u00c7\u0131t\u00e7\u0131t Ba\u011flant\u0131 Eleman\u0131<\/h2>\n<p class=\"\" data-start=\"483\" data-end=\"543\"><strong data-start=\"483\" data-end=\"543\">Modern \u00c7anta ve Aksesuarlar i\u00e7in \u015e\u0131k Manyetik Kapak<\/strong><\/p>\n<p class=\"\" data-start=\"545\" data-end=\"965\">S\u0131radanl\u0131ktan s\u0131yr\u0131lan manyetik bir donan\u0131m m\u0131 ar\u0131yorsunuz? Bizim <strong data-start=\"614\" data-end=\"655\">Frans\u0131z Kare Manyetik \u00c7\u0131t\u00e7\u0131t Ba\u011flant\u0131 Eleman\u0131<\/strong> klasik manyetik \u00e7\u0131t\u00e7\u0131t\u0131m\u0131z\u0131n dayan\u0131kl\u0131 \u00e7ekirde\u011fi \u00fczerine in\u015fa edilmi\u015f \u015f\u0131k, e\u011fimli kare bir d\u0131\u015f y\u00fczey sunar. \u0130\u015flevsellik ve estetik g\u00f6z \u00f6n\u00fcnde bulundurularak tasarlanan bu \u00e7\u0131t\u00e7\u0131tl\u0131 tutturucu <strong data-start=\"835\" data-end=\"886\">Temel yuvarlak manyetik \u00e7\u0131t\u00e7\u0131tlar\u0131m\u0131z\u0131n \u00e7ekme g\u00fcc\u00fc<\/strong>\u00dcr\u00fcn tasar\u0131m\u0131n\u0131z\u0131 geli\u015ftiren y\u00fckseltilmi\u015f, geometrik bir g\u00f6r\u00fcn\u00fcm sunarken.<\/p>\n<div id=\"attachment_7487\" style=\"width: 294px\" class=\"wp-caption alignnone\"><img decoding=\"async\" aria-describedby=\"caption-attachment-7487\" class=\"lazyload wp-image-7487\" src=\"https:\/\/richarms.com\/wp-content\/uploads\/2021\/07\/French-Square-Magnetic-Snaps.jpg\" data-orig-src=\"https:\/\/richarms.com\/wp-content\/uploads\/2021\/07\/French-Square-Magnetic-Snaps.jpg\" alt=\"French square magnetic snap fastener with beveled edge in nickel finish\" width=\"284\" height=\"277\" srcset=\"data:image\/svg+xml,%3Csvg%20xmlns%3D%27http%3A%2F%2Fwww.w3.org%2F2000%2Fsvg%27%20width%3D%27284%27%20height%3D%27277%27%20viewBox%3D%270%200%20284%20277%27%3E%3Crect%20width%3D%27284%27%20height%3D%27277%27%20fill-opacity%3D%220%22%2F%3E%3C%2Fsvg%3E\" data-srcset=\"https:\/\/richarms.com\/wp-content\/uploads\/2021\/07\/French-Square-Magnetic-Snaps-200x195.jpg 200w, https:\/\/richarms.com\/wp-content\/uploads\/2021\/07\/French-Square-Magnetic-Snaps-300x292.jpg 300w, https:\/\/richarms.com\/wp-content\/uploads\/2021\/07\/French-Square-Magnetic-Snaps-400x389.jpg 400w, https:\/\/richarms.com\/wp-content\/uploads\/2021\/07\/French-Square-Magnetic-Snaps-500x486.jpg 500w, https:\/\/richarms.com\/wp-content\/uploads\/2021\/07\/French-Square-Magnetic-Snaps-600x584.jpg 600w, https:\/\/richarms.com\/wp-content\/uploads\/2021\/07\/French-Square-Magnetic-Snaps-700x681.jpg 700w, https:\/\/richarms.com\/wp-content\/uploads\/2021\/07\/French-Square-Magnetic-Snaps.jpg 736w\" data-sizes=\"auto\" data-orig-sizes=\"(max-width: 284px) 100vw, 284px\" \/><p id=\"caption-attachment-7487\" class=\"wp-caption-text\">Modern deri aksesuarlar ve \u00e7antalar i\u00e7in ideal, f\u0131r\u00e7alanm\u0131\u015f nikelden \u015f\u0131k, e\u011fimli kenarl\u0131 Frans\u0131z kare manyetik \u00e7\u0131t\u00e7\u0131t.<\/p><\/div>\n<h3 class=\"\" data-start=\"972\" data-end=\"1000\"><strong data-start=\"978\" data-end=\"998\">\u00dcr\u00fcn \u00d6zellikleri<\/strong><\/h3>\n<ul>\n<li data-start=\"1052\" data-end=\"1101\"><strong>Kod ve boyut:<\/strong><br \/>\n<table style=\"border-collapse: collapse; width: 491.43pt;\" border=\"0\" width=\"819\" cellspacing=\"0\" cellpadding=\"0\">\n<tbody>\n<tr style=\"height: 31.20pt;\">\n<td class=\"et2\" style=\"height: 31.20pt; width: 69.60pt;\" width=\"116\" height=\"52\">Kod<\/td>\n<td class=\"et2\" style=\"width: 54.80pt;\" width=\"91\">Boyut<\/td>\n<td class=\"et2\" style=\"width: 78.60pt;\" width=\"131\">Di\u015fi \u00e7\u0131t\u00e7\u0131t TH<\/td>\n<td class=\"et2\" style=\"width: 78.60pt;\" width=\"131\">M\u0131knat\u0131s<br \/>\nDIA<\/td>\n<td class=\"et2\" style=\"width: 65.15pt;\" width=\"108\">Prong<br \/>\nL<\/td>\n<td class=\"et2\" style=\"width: 144.85pt;\" width=\"241\">Resim<\/td>\n<\/tr>\n<tr style=\"height: 78.00pt;\">\n<td class=\"et2\" style=\"height: 78.00pt; width: 69.60pt;\" width=\"116\" height=\"130\">RC-SQ1845<\/td>\n<td class=\"et2\" style=\"width: 54.80pt;\" width=\"91\">18mm<\/td>\n<td class=\"et2\" style=\"width: 78.60pt;\" width=\"131\">4,5 mm<\/td>\n<td class=\"et2\" style=\"width: 78.60pt;\" width=\"131\">17mm<\/td>\n<td class=\"et2\" style=\"width: 65.15pt;\" width=\"108\">9mm<\/td>\n<td class=\"et2\" style=\"width: 144.85pt;\" width=\"241\">\n<p><div id=\"attachment_7484\" style=\"width: 193px\" class=\"wp-caption alignnone\"><img decoding=\"async\" aria-describedby=\"caption-attachment-7484\" class=\"lazyload wp-image-7484\" src=\"https:\/\/richarms.com\/wp-content\/uploads\/2021\/07\/\u5927\u659c\u56db\u65b9-300x205.jpg\" data-orig-src=\"https:\/\/richarms.com\/wp-content\/uploads\/2021\/07\/\u5927\u659c\u56db\u65b9-300x205.jpg\" alt=\"Oversized beveled French square magnetic clasp with high gloss finish\" width=\"183\" height=\"125\" srcset=\"data:image\/svg+xml,%3Csvg%20xmlns%3D%27http%3A%2F%2Fwww.w3.org%2F2000%2Fsvg%27%20width%3D%27183%27%20height%3D%27125%27%20viewBox%3D%270%200%20183%20125%27%3E%3Crect%20width%3D%27183%27%20height%3D%27125%27%20fill-opacity%3D%220%22%2F%3E%3C%2Fsvg%3E\" data-srcset=\"https:\/\/richarms.com\/wp-content\/uploads\/2021\/07\/\u5927\u659c\u56db\u65b9-200x137.jpg 200w, https:\/\/richarms.com\/wp-content\/uploads\/2021\/07\/\u5927\u659c\u56db\u65b9-300x205.jpg 300w, https:\/\/richarms.com\/wp-content\/uploads\/2021\/07\/\u5927\u659c\u56db\u65b9-400x274.jpg 400w, https:\/\/richarms.com\/wp-content\/uploads\/2021\/07\/\u5927\u659c\u56db\u65b9.jpg 482w\" data-sizes=\"auto\" data-orig-sizes=\"(max-width: 183px) 100vw, 183px\" \/><p id=\"caption-attachment-7484\" class=\"wp-caption-text\">Cesur bir g\u00f6rsel \u00e7ekicilik ve g\u00fc\u00e7l\u00fc bir i\u015flev sunan b\u00fcy\u00fck e\u011fimli kare manyetik \u00e7\u0131t\u00e7\u0131t\u0131n yak\u0131ndan g\u00f6r\u00fcn\u00fcm\u00fc.<\/p><\/div><\/td>\n<\/tr>\n<\/tbody>\n<\/table>\n<\/li>\n<li data-start=\"1052\" data-end=\"1101\">\u0130nce se\u00e7enek i\u00e7in buradan al\u0131\u015fveri\u015f yap\u0131n:\u00a0 <a href=\"https:\/\/richarms.com\/tr\/urun\/bzy-2018-m52\/\">Kare Manyetik \u00c7\u0131t\u00e7\u0131tlar<\/a><\/li>\n<li data-start=\"1052\" data-end=\"1101\">K\u00fc\u00e7\u00fck sipari\u015f veya numune sipari\u015fi, <a href=\"https:\/\/www.richarmshardware.com\/products\/18x4mm-square-magnetic-snaps\">buradan ali\u015fveri\u0307\u015f yapin<\/a><\/li>\n<\/ul>\n<p>&nbsp;<\/p>\n<ul>\n<li data-start=\"1104\" data-end=\"1156\"><strong data-start=\"1104\" data-end=\"1117\">Malzeme:<\/strong>\n<p style=\"text-align: left;\">Erkek Kaps\u00fcl: \u00c7elik<br \/>\nDi\u015fi Kaps\u00fcl:  \u00c7elik, Pirin\u00e7, Paslanmaz \u00c7elik<\/p>\n<p><img decoding=\"async\" class=\"lazyload alignnone wp-image-7161\" src=\"https:\/\/richarms.com\/wp-content\/uploads\/2020\/03\/materials-e1626143269166.png\" data-orig-src=\"https:\/\/richarms.com\/wp-content\/uploads\/2020\/03\/materials-e1626143269166.png\" alt=\"\" width=\"446\" height=\"199\" srcset=\"data:image\/svg+xml,%3Csvg%20xmlns%3D%27http%3A%2F%2Fwww.w3.org%2F2000%2Fsvg%27%20width%3D%27446%27%20height%3D%27199%27%20viewBox%3D%270%200%20446%20199%27%3E%3Crect%20width%3D%27446%27%20height%3D%27199%27%20fill-opacity%3D%220%22%2F%3E%3C%2Fsvg%3E\" data-srcset=\"https:\/\/richarms.com\/wp-content\/uploads\/2020\/03\/materials-e1626143269166-200x89.png 200w, https:\/\/richarms.com\/wp-content\/uploads\/2020\/03\/materials-e1626143269166-300x134.png 300w, https:\/\/richarms.com\/wp-content\/uploads\/2020\/03\/materials-e1626143269166-400x178.png 400w, https:\/\/richarms.com\/wp-content\/uploads\/2020\/03\/materials-e1626143269166-500x223.png 500w, https:\/\/richarms.com\/wp-content\/uploads\/2020\/03\/materials-e1626143269166.png 511w\" data-sizes=\"auto\" data-orig-sizes=\"(max-width: 446px) 100vw, 446px\" \/><\/p>\n<p><strong><b>G\u00fc\u00e7 Se\u00e7enekleri :<br \/>\n<\/b><\/strong>Standart M\u0131knat\u0131s G\u00fcc\u00fc: Ferrit sabit m\u0131knat\u0131s<br \/>\nG\u00fc\u00e7l\u00fc M\u0131knat\u0131s G\u00fcc\u00fc: Ferrit ve Neodimyum kal\u0131c\u0131 m\u0131knat\u0131s<\/p>\n<p><img decoding=\"async\" class=\"lazyload alignnone wp-image-7164\" src=\"https:\/\/richarms.com\/wp-content\/uploads\/2020\/03\/\u78c1\u529b\u5bf9\u6bd4\u56fe.png\" data-orig-src=\"https:\/\/richarms.com\/wp-content\/uploads\/2020\/03\/\u78c1\u529b\u5bf9\u6bd4\u56fe.png\" alt=\"\" width=\"454\" height=\"360\" srcset=\"data:image\/svg+xml,%3Csvg%20xmlns%3D%27http%3A%2F%2Fwww.w3.org%2F2000%2Fsvg%27%20width%3D%27454%27%20height%3D%27360%27%20viewBox%3D%270%200%20454%20360%27%3E%3Crect%20width%3D%27454%27%20height%3D%27360%27%20fill-opacity%3D%220%22%2F%3E%3C%2Fsvg%3E\" data-srcset=\"https:\/\/richarms.com\/wp-content\/uploads\/2020\/03\/\u78c1\u529b\u5bf9\u6bd4\u56fe-200x159.png 200w, https:\/\/richarms.com\/wp-content\/uploads\/2020\/03\/\u78c1\u529b\u5bf9\u6bd4\u56fe-300x238.png 300w, https:\/\/richarms.com\/wp-content\/uploads\/2020\/03\/\u78c1\u529b\u5bf9\u6bd4\u56fe-400x317.png 400w, https:\/\/richarms.com\/wp-content\/uploads\/2020\/03\/\u78c1\u529b\u5bf9\u6bd4\u56fe-500x397.png 500w, https:\/\/richarms.com\/wp-content\/uploads\/2020\/03\/\u78c1\u529b\u5bf9\u6bd4\u56fe-600x476.png 600w, https:\/\/richarms.com\/wp-content\/uploads\/2020\/03\/\u78c1\u529b\u5bf9\u6bd4\u56fe-700x555.png 700w, https:\/\/richarms.com\/wp-content\/uploads\/2020\/03\/\u78c1\u529b\u5bf9\u6bd4\u56fe-768x609.png 768w, https:\/\/richarms.com\/wp-content\/uploads\/2020\/03\/\u78c1\u529b\u5bf9\u6bd4\u56fe-800x635.png 800w, https:\/\/richarms.com\/wp-content\/uploads\/2020\/03\/\u78c1\u529b\u5bf9\u6bd4\u56fe-1024x813.png 1024w, https:\/\/richarms.com\/wp-content\/uploads\/2020\/03\/\u78c1\u529b\u5bf9\u6bd4\u56fe-1200x952.png 1200w, https:\/\/richarms.com\/wp-content\/uploads\/2020\/03\/\u78c1\u529b\u5bf9\u6bd4\u56fe-1536x1219.png 1536w, https:\/\/richarms.com\/wp-content\/uploads\/2020\/03\/\u78c1\u529b\u5bf9\u6bd4\u56fe.png 1661w\" data-sizes=\"auto\" data-orig-sizes=\"(max-width: 454px) 100vw, 454px\" \/><\/li>\n<li data-start=\"1159\" data-end=\"1236\"><strong data-start=\"1159\" data-end=\"1172\">Bitti:<\/strong> Nikel, antika pirin\u00e7, alt\u0131n, siyah, pembe alt\u0131n, g\u00f6kku\u015fa\u011f\u0131 ve daha fazlas\u0131<strong><b>Normal Renk Listelenmi\u015ftir <\/b><\/strong>\n<div id=\"attachment_5392\" style=\"width: 530px\" class=\"wp-caption alignnone\"><img decoding=\"async\" aria-describedby=\"caption-attachment-5392\" class=\"lazyload wp-image-5392\" src=\"https:\/\/richarms.com\/wp-content\/uploads\/2018\/07\/RICHARMS-COLOT-DIS.jpg\" data-orig-src=\"https:\/\/richarms.com\/wp-content\/uploads\/2018\/07\/RICHARMS-COLOT-DIS.jpg\" alt=\"Standard color palette for RICHARMS magnetic snaps, with customizable colors available beyond the listed options.\" width=\"520\" height=\"365\" srcset=\"data:image\/svg+xml,%3Csvg%20xmlns%3D%27http%3A%2F%2Fwww.w3.org%2F2000%2Fsvg%27%20width%3D%27520%27%20height%3D%27365%27%20viewBox%3D%270%200%20520%20365%27%3E%3Crect%20width%3D%27520%27%20height%3D%27365%27%20fill-opacity%3D%220%22%2F%3E%3C%2Fsvg%3E\" data-srcset=\"https:\/\/richarms.com\/wp-content\/uploads\/2018\/07\/RICHARMS-COLOT-DIS-200x140.jpg 200w, https:\/\/richarms.com\/wp-content\/uploads\/2018\/07\/RICHARMS-COLOT-DIS-300x211.jpg 300w, https:\/\/richarms.com\/wp-content\/uploads\/2018\/07\/RICHARMS-COLOT-DIS-400x281.jpg 400w, https:\/\/richarms.com\/wp-content\/uploads\/2018\/07\/RICHARMS-COLOT-DIS-500x351.jpg 500w, https:\/\/richarms.com\/wp-content\/uploads\/2018\/07\/RICHARMS-COLOT-DIS-600x421.jpg 600w, https:\/\/richarms.com\/wp-content\/uploads\/2018\/07\/RICHARMS-COLOT-DIS.jpg 651w\" data-sizes=\"auto\" data-orig-sizes=\"(max-width: 520px) 100vw, 520px\" \/><p id=\"caption-attachment-5392\" class=\"wp-caption-text\">RICHARMS manyetik \u00e7\u0131t\u00e7\u0131tlar i\u00e7in standart renk paletini ke\u015ffedin, tasar\u0131m ihtiya\u00e7lar\u0131n\u0131za uyacak ek \u00f6zel renkler talep \u00fczerine mevcuttur.<\/p><\/div>\n<p><strong><b>Asma ve yuvarlama kalitesi aras\u0131ndaki fark nedir?<\/b><\/strong><\/p>\n<p><div id=\"attachment_7165\" style=\"width: 223px\" class=\"wp-caption alignnone\"><img decoding=\"async\" aria-describedby=\"caption-attachment-7165\" class=\"lazyload wp-image-7165 size-medium\" src=\"https:\/\/richarms.com\/wp-content\/uploads\/2020\/03\/\u56fe\u72471-213x300.jpg\" data-orig-src=\"https:\/\/richarms.com\/wp-content\/uploads\/2020\/03\/\u56fe\u72471-213x300.jpg\" alt=\"Comparison of hanging electroplating and rolling electroplating colors for RICHARMS magnetic snaps, with additional customizable colors available.\" width=\"213\" height=\"300\" srcset=\"data:image\/svg+xml,%3Csvg%20xmlns%3D%27http%3A%2F%2Fwww.w3.org%2F2000%2Fsvg%27%20width%3D%27213%27%20height%3D%27300%27%20viewBox%3D%270%200%20213%20300%27%3E%3Crect%20width%3D%27213%27%20height%3D%27300%27%20fill-opacity%3D%220%22%2F%3E%3C%2Fsvg%3E\" data-srcset=\"https:\/\/richarms.com\/wp-content\/uploads\/2020\/03\/\u56fe\u72471-200x281.jpg 200w, https:\/\/richarms.com\/wp-content\/uploads\/2020\/03\/\u56fe\u72471-213x300.jpg 213w, https:\/\/richarms.com\/wp-content\/uploads\/2020\/03\/\u56fe\u72471.jpg 349w\" data-sizes=\"auto\" data-orig-sizes=\"(max-width: 213px) 100vw, 213px\" \/><p id=\"caption-attachment-7165\" class=\"wp-caption-text\">Farkl\u0131 renk efektleri sunan RICHARMS manyetik \u00e7\u0131t\u00e7\u0131tlar i\u00e7in as\u0131l\u0131 elektrokaplama ve haddeleme elektrokaplama kaplamalar\u0131n\u0131n yan yana kar\u015f\u0131la\u015ft\u0131rmas\u0131. \u00d6zel renkler istek \u00fczerine temin edilebilir.<\/p><\/div><\/li>\n<li data-start=\"1239\" data-end=\"1327\"><strong data-start=\"1239\" data-end=\"1256\">Kurulum:<\/strong><br data-start=\"1256\" data-end=\"1259\" \/>Kuma\u015fta iki k\u00fc\u00e7\u00fck delik a\u00e7\u0131n \u2192 \u00e7atal u\u00e7lar\u0131 yerle\u015ftirin \u2192 sabitlemek i\u00e7in b\u00fck\u00fcn.\n<ul>\n<li data-start=\"1332\" data-end=\"1372\"><em data-start=\"1332\" data-end=\"1342\">Kendin yap ipucu:<\/em> Makas veya diki\u015f s\u00f6k\u00fcc\u00fc kullan\u0131n<\/li>\n<li data-start=\"1332\" data-end=\"1372\"><em data-start=\"1377\" data-end=\"1391\">Fabrika ipucu:<\/em> Bizimkini kullan\u0131n <a target=\"_new\" rel=\"noopener\" data-start=\"1400\" data-end=\"1459\">delik delme ve \u00e7atal aletleri<\/a> h\u0131zl\u0131 \u00fcretim i\u00e7in<\/li>\n<\/ul>\n<\/li>\n<li data-start=\"1484\" data-end=\"1512\"><strong data-start=\"1484\" data-end=\"1510\">\u00d6zelle\u015ftirme Se\u00e7enekleri:<\/strong>\n<ul>\n<li data-start=\"1517\" data-end=\"1539\">Lazer logo kaz\u0131maDi\u015fi \u00e7\u0131t\u00e7\u0131t: D\u00fcz, Desen, Logo\n<p><img decoding=\"async\" class=\"lazyload alignnone wp-image-7166\" src=\"data:image\/svg+xml,%3Csvg%20xmlns%3D%27http%3A%2F%2Fwww.w3.org%2F2000%2Fsvg%27%20width%3D%27288%27%20height%3D%27135%27%20viewBox%3D%270%200%20288%20135%27%3E%3Crect%20width%3D%27288%27%20height%3D%27135%27%20fill-opacity%3D%220%22%2F%3E%3C%2Fsvg%3E\" data-orig-src=\"https:\/\/richarms.com\/wp-content\/uploads\/2020\/03\/\u56fe\u72473.jpg\" alt=\"\" width=\"288\" height=\"135\" \/><\/p>\n<p>Erkek \u00e7\u0131t\u00e7\u0131t: D\u00fcz, \u0130fade, Logo<\/p>\n<p><img decoding=\"async\" class=\"lazyload alignnone wp-image-7180\" src=\"https:\/\/richarms.com\/wp-content\/uploads\/2020\/03\/\u56fe\u72474.jpg\" data-orig-src=\"https:\/\/richarms.com\/wp-content\/uploads\/2020\/03\/\u56fe\u72474.jpg\" alt=\"\" width=\"301\" height=\"121\" srcset=\"data:image\/svg+xml,%3Csvg%20xmlns%3D%27http%3A%2F%2Fwww.w3.org%2F2000%2Fsvg%27%20width%3D%27301%27%20height%3D%27121%27%20viewBox%3D%270%200%20301%20121%27%3E%3Crect%20width%3D%27301%27%20height%3D%27121%27%20fill-opacity%3D%220%22%2F%3E%3C%2Fsvg%3E\" data-srcset=\"https:\/\/richarms.com\/wp-content\/uploads\/2020\/03\/\u56fe\u72474-200x80.jpg 200w, https:\/\/richarms.com\/wp-content\/uploads\/2020\/03\/\u56fe\u72474-300x120.jpg 300w, https:\/\/richarms.com\/wp-content\/uploads\/2020\/03\/\u56fe\u72474-400x160.jpg 400w, https:\/\/richarms.com\/wp-content\/uploads\/2020\/03\/\u56fe\u72474-500x200.jpg 500w, https:\/\/richarms.com\/wp-content\/uploads\/2020\/03\/\u56fe\u72474-600x241.jpg 600w, https:\/\/richarms.com\/wp-content\/uploads\/2020\/03\/\u56fe\u72474.jpg 651w\" data-sizes=\"auto\" data-orig-sizes=\"(max-width: 301px) 100vw, 301px\" \/><\/li>\n<li data-start=\"1544\" data-end=\"1606\">\u00d6zel \u00f6n y\u00fcz (deri sarg\u0131l\u0131 \/ re\u00e7ine \/ kuma\u015f \/ \u015fekilli)<\/li>\n<li data-start=\"1611\" data-end=\"1662\">Ambalaj (opp torba, hediye kutusu veya \u00f6zel markalama)<\/li>\n<li data-start=\"1667\" data-end=\"1695\">Ayarlanabilir m\u0131knat\u0131s g\u00fcc\u00fc<\/li>\n<\/ul>\n<\/li>\n<\/ul>\n<p><strong>Paket<\/strong><strong>\uff1a<br \/>\n<\/strong>Bunlar\u0131n t\u00fcm\u00fc Ayaklar, G\u00f6vdeler veya Per\u00e7inlerle sa\u011flanabilir.<br \/>\n1 set = 1 Erkek, 1 Di\u015fi, 2 Pul<br \/>\n18mm: 100 set\/kutu, 20 kutu\/karton<\/p>\n<p><strong><b>Uygulama<\/b><\/strong><\/p>\n<div id=\"attachment_7160\" style=\"width: 498px\" class=\"wp-caption alignnone\"><img decoding=\"async\" aria-describedby=\"caption-attachment-7160\" class=\"lazyload wp-image-7160\" src=\"https:\/\/richarms.com\/wp-content\/uploads\/2020\/03\/application.png\" data-orig-src=\"https:\/\/richarms.com\/wp-content\/uploads\/2020\/03\/application.png\" alt=\"RICHARMS magnetic snaps used in various applications, including stationery, bags, and gift packaging, with other applications such as medical devices available upon request.\" width=\"488\" height=\"456\" srcset=\"data:image\/svg+xml,%3Csvg%20xmlns%3D%27http%3A%2F%2Fwww.w3.org%2F2000%2Fsvg%27%20width%3D%27488%27%20height%3D%27456%27%20viewBox%3D%270%200%20488%20456%27%3E%3Crect%20width%3D%27488%27%20height%3D%27456%27%20fill-opacity%3D%220%22%2F%3E%3C%2Fsvg%3E\" data-srcset=\"https:\/\/richarms.com\/wp-content\/uploads\/2020\/03\/application-200x187.png 200w, https:\/\/richarms.com\/wp-content\/uploads\/2020\/03\/application-300x280.png 300w, https:\/\/richarms.com\/wp-content\/uploads\/2020\/03\/application-400x374.png 400w, https:\/\/richarms.com\/wp-content\/uploads\/2020\/03\/application-500x467.png 500w, https:\/\/richarms.com\/wp-content\/uploads\/2020\/03\/application.png 598w\" data-sizes=\"auto\" data-orig-sizes=\"(max-width: 488px) 100vw, 488px\" \/><p id=\"caption-attachment-7160\" class=\"wp-caption-text\">RICHARMS manyetik \u00e7\u0131t\u00e7\u0131tlar\u0131 k\u0131rtasiye malzemeleri, \u00e7antalar ve hediye ambalajlar\u0131na uygulan\u0131rken, t\u0131bbi cihazlar gibi sekt\u00f6rler i\u00e7in ba\u015fka \u00f6zelle\u015ftirme se\u00e7enekleri de mevcuttur.<\/p><\/div>","protected":false},"excerpt":{"rendered":"<p>Tip Frans\u0131z Kare Manyetik \u00c7\u0131t\u00e7\u0131t Ba\u011flant\u0131 Eleman\u0131<br \/>\nMalzeme Bak\u0131r, \u00c7elik, m\u0131knat\u0131s<br \/>\nModel Numaras\u0131: RC-SQ1845<br \/>\n\u00d6zel Logo mevcuttur: Lazer, Oyuk, Kal\u0131plama<br \/>\nBoyut: 18mm<br \/>\nRenk: Alt\u0131n \/ Nikel \/ Tabanca \/ G\u00fcl Alt\u0131n \/ F\u0131r\u00e7a Kar\u0131nca \/ Di\u011fer<br \/>\nAmbalaj: 100 set\/kutu<br \/>\nNakliye: LCL \/ DHL \/ FedEx \/ TNT \/ Di\u011fer<\/p>","protected":false},"featured_media":6420,"template":"","meta":[],"product_brand":[],"product_cat":[15],"product_tag":[],"class_list":{"0":"post-2403","1":"product","2":"type-product","3":"status-publish","4":"has-post-thumbnail","6":"product_cat-magnetic-snaps","8":"first","9":"instock","10":"shipping-taxable","11":"product-type-simple"},"aioseo_notices":[],"_links":{"self":[{"href":"https:\/\/richarms.com\/tr\/wp-json\/wp\/v2\/product\/2403","targetHints":{"allow":["GET"]}}],"collection":[{"href":"https:\/\/richarms.com\/tr\/wp-json\/wp\/v2\/product"}],"about":[{"href":"https:\/\/richarms.com\/tr\/wp-json\/wp\/v2\/types\/product"}],"wp:featuredmedia":[{"embeddable":true,"href":"https:\/\/richarms.com\/tr\/wp-json\/wp\/v2\/media\/6420"}],"wp:attachment":[{"href":"https:\/\/richarms.com\/tr\/wp-json\/wp\/v2\/media?parent=2403"}],"wp:term":[{"taxonomy":"product_brand","embeddable":true,"href":"https:\/\/richarms.com\/tr\/wp-json\/wp\/v2\/product_brand?post=2403"},{"taxonomy":"product_cat","embeddable":true,"href":"https:\/\/richarms.com\/tr\/wp-json\/wp\/v2\/product_cat?post=2403"},{"taxonomy":"product_tag","embeddable":true,"href":"https:\/\/richarms.com\/tr\/wp-json\/wp\/v2\/product_tag?post=2403"}],"curies":[{"name":"wp","href":"https:\/\/api.w.org\/{rel}","templated":true}]}}