{"id":2427,"date":"2021-07-10T15:50:09","date_gmt":"2021-07-10T07:50:09","guid":{"rendered":"https:\/\/www.bangzhiyou.com\/?post_type=product&#038;p=2427"},"modified":"2025-03-28T14:40:30","modified_gmt":"2025-03-28T06:40:30","slug":"bzy-aqx01","status":"publish","type":"product","link":"https:\/\/richarms.com\/tr\/product\/bzy-aqx01","title":{"rendered":"E\u011fimli Manyetik \u00c7\u0131t\u00e7\u0131tlar"},"content":{"rendered":"<h1>14mm 16mm 18mm 20mm Beveled\/Disc Magnetic Snaps For Bag Making<\/h1>\n<h2 data-pm-slice=\"1 1 []\">Innovative Beveled Design with Sleek Appearance<\/h2>\n<p>Our Beveled Magnetic Snaps offer a sophisticated closure solution with their uniquely beveled edges, providing an even thinner profile compared to traditional <a href=\"https:\/\/richarms.com\/tr\/urun\/bzy-2018-m49\/\">ekstra ince manyetik \u00e7\u0131t\u00e7\u0131tlar<\/a>. While their angled design significantly reduces visual thickness, it does limit internal magnet size, making the snap strength lighter yet perfect for delicate applications.<\/p>\n<p>This design is especially suited for:<\/p>\n<ul>\n<li>Small fashion bags<\/li>\n<li>Eyeglass cases<\/li>\n<li>Makeup and toiletry pouches<\/li>\n<li>Compact business notebooks<\/li>\n<li>High-end packaging<\/li>\n<\/ul>\n<p>These beveled snaps not only enhance the aesthetic value of your product but also offer a secure and convenient opening experience. Their subtle yet stylish appearance complements premium leather goods and accessories.<\/p>\n<div id=\"attachment_7431\" style=\"width: 310px\" class=\"wp-caption alignnone\"><img decoding=\"async\" aria-describedby=\"caption-attachment-7431\" class=\"lazyload wp-image-7431 size-medium\" src=\"https:\/\/richarms.com\/wp-content\/uploads\/2021\/07\/IMG_3153-300x231.jpg\" data-orig-src=\"https:\/\/richarms.com\/wp-content\/uploads\/2021\/07\/IMG_3153-300x231.jpg\" alt=\"Beveled Magnetic Snaps used in leather sunglasses case for secure closure\" width=\"300\" height=\"231\" srcset=\"data:image\/svg+xml,%3Csvg%20xmlns%3D%27http%3A%2F%2Fwww.w3.org%2F2000%2Fsvg%27%20width%3D%27300%27%20height%3D%27231%27%20viewBox%3D%270%200%20300%20231%27%3E%3Crect%20width%3D%27300%27%20height%3D%27231%27%20fill-opacity%3D%220%22%2F%3E%3C%2Fsvg%3E\" data-srcset=\"https:\/\/richarms.com\/wp-content\/uploads\/2021\/07\/IMG_3153-200x154.jpg 200w, https:\/\/richarms.com\/wp-content\/uploads\/2021\/07\/IMG_3153-300x231.jpg 300w, https:\/\/richarms.com\/wp-content\/uploads\/2021\/07\/IMG_3153-400x307.jpg 400w, https:\/\/richarms.com\/wp-content\/uploads\/2021\/07\/IMG_3153-500x384.jpg 500w, https:\/\/richarms.com\/wp-content\/uploads\/2021\/07\/IMG_3153-600x461.jpg 600w, https:\/\/richarms.com\/wp-content\/uploads\/2021\/07\/IMG_3153-700x538.jpg 700w, https:\/\/richarms.com\/wp-content\/uploads\/2021\/07\/IMG_3153.jpg 760w\" data-sizes=\"auto\" data-orig-sizes=\"(max-width: 300px) 100vw, 300px\" \/><p id=\"caption-attachment-7431\" class=\"wp-caption-text\">Sleek Beveled Magnetic Snaps seamlessly integrated into a handmade sunglasses pouch for stylish and functional closure.<\/p><\/div>\n<h2 data-pm-slice=\"1 1 []\">Customize Your Beveled Magnetic Snaps<\/h2>\n<p>Richarms provides extensive customization to meet your specific needs:<\/p>\n<ul>\n<li>Magnetic Strength: Tailor the magnet strength to suit your closure requirements.<\/li>\n<li>Color Finishes: Available in various finishes including nickel, antique brass, matte black, gold, and custom color plating.<img decoding=\"async\" class=\"lazyload alignnone size-full wp-image-5392\" src=\"https:\/\/richarms.com\/wp-content\/uploads\/2018\/07\/RICHARMS-COLOT-DIS.jpg\" data-orig-src=\"https:\/\/richarms.com\/wp-content\/uploads\/2018\/07\/RICHARMS-COLOT-DIS.jpg\" alt=\"\" width=\"651\" height=\"457\" srcset=\"data:image\/svg+xml,%3Csvg%20xmlns%3D%27http%3A%2F%2Fwww.w3.org%2F2000%2Fsvg%27%20width%3D%27651%27%20height%3D%27457%27%20viewBox%3D%270%200%20651%20457%27%3E%3Crect%20width%3D%27651%27%20height%3D%27457%27%20fill-opacity%3D%220%22%2F%3E%3C%2Fsvg%3E\" data-srcset=\"https:\/\/richarms.com\/wp-content\/uploads\/2018\/07\/RICHARMS-COLOT-DIS-200x140.jpg 200w, https:\/\/richarms.com\/wp-content\/uploads\/2018\/07\/RICHARMS-COLOT-DIS-300x211.jpg 300w, https:\/\/richarms.com\/wp-content\/uploads\/2018\/07\/RICHARMS-COLOT-DIS-400x281.jpg 400w, https:\/\/richarms.com\/wp-content\/uploads\/2018\/07\/RICHARMS-COLOT-DIS-500x351.jpg 500w, https:\/\/richarms.com\/wp-content\/uploads\/2018\/07\/RICHARMS-COLOT-DIS-600x421.jpg 600w, https:\/\/richarms.com\/wp-content\/uploads\/2018\/07\/RICHARMS-COLOT-DIS.jpg 651w\" data-sizes=\"auto\" data-orig-sizes=\"(max-width: 651px) 100vw, 651px\" \/>\n<p>Sprey Siyah, G\u00f6kku\u015fa\u011f\u0131, \u0130nci Nkl, \u0130nci Alt\u0131n, F\u0131r\u00e7a Nkl, F\u0131r\u00e7a Alt\u0131n, .etc gibi daha fazla renk resmi i\u00e7in e-posta g\u00f6nderin<\/p>\n<p><strong><b>Asma ve yuvarlama kalitesi aras\u0131ndaki fark nedir?<\/b><\/strong><\/p>\n<p><img decoding=\"async\" class=\"lazyload alignnone wp-image-7165\" src=\"https:\/\/richarms.com\/wp-content\/uploads\/2020\/03\/\u56fe\u72471.jpg\" data-orig-src=\"https:\/\/richarms.com\/wp-content\/uploads\/2020\/03\/\u56fe\u72471.jpg\" alt=\"\" width=\"176\" height=\"248\" srcset=\"data:image\/svg+xml,%3Csvg%20xmlns%3D%27http%3A%2F%2Fwww.w3.org%2F2000%2Fsvg%27%20width%3D%27176%27%20height%3D%27248%27%20viewBox%3D%270%200%20176%20248%27%3E%3Crect%20width%3D%27176%27%20height%3D%27248%27%20fill-opacity%3D%220%22%2F%3E%3C%2Fsvg%3E\" data-srcset=\"https:\/\/richarms.com\/wp-content\/uploads\/2020\/03\/\u56fe\u72471-200x281.jpg 200w, https:\/\/richarms.com\/wp-content\/uploads\/2020\/03\/\u56fe\u72471-213x300.jpg 213w, https:\/\/richarms.com\/wp-content\/uploads\/2020\/03\/\u56fe\u72471.jpg 349w\" data-sizes=\"auto\" data-orig-sizes=\"(max-width: 176px) 100vw, 176px\" \/><\/p>\n<p>Kad\u0131n \u00e7\u0131t\u00e7\u0131t: D\u00fcz, Desen, Logo<strong><b><br \/>\n<\/b><\/strong><img decoding=\"async\" class=\"lazyload alignnone wp-image-7166\" src=\"data:image\/svg+xml,%3Csvg%20xmlns%3D%27http%3A%2F%2Fwww.w3.org%2F2000%2Fsvg%27%20width%3D%27288%27%20height%3D%27135%27%20viewBox%3D%270%200%20288%20135%27%3E%3Crect%20width%3D%27288%27%20height%3D%27135%27%20fill-opacity%3D%220%22%2F%3E%3C%2Fsvg%3E\" data-orig-src=\"https:\/\/richarms.com\/wp-content\/uploads\/2020\/03\/\u56fe\u72473.jpg\" alt=\"\" width=\"288\" height=\"135\" \/><\/p>\n<p>Erkek \u00e7\u0131t\u00e7\u0131t: D\u00fcz, \u0130fade, Logo<strong><b><br \/>\n<\/b><\/strong><img decoding=\"async\" class=\"lazyload alignnone wp-image-7180\" src=\"https:\/\/richarms.com\/wp-content\/uploads\/2020\/03\/\u56fe\u72474.jpg\" data-orig-src=\"https:\/\/richarms.com\/wp-content\/uploads\/2020\/03\/\u56fe\u72474.jpg\" alt=\"\" width=\"306\" height=\"123\" srcset=\"data:image\/svg+xml,%3Csvg%20xmlns%3D%27http%3A%2F%2Fwww.w3.org%2F2000%2Fsvg%27%20width%3D%27306%27%20height%3D%27123%27%20viewBox%3D%270%200%20306%20123%27%3E%3Crect%20width%3D%27306%27%20height%3D%27123%27%20fill-opacity%3D%220%22%2F%3E%3C%2Fsvg%3E\" data-srcset=\"https:\/\/richarms.com\/wp-content\/uploads\/2020\/03\/\u56fe\u72474-200x80.jpg 200w, https:\/\/richarms.com\/wp-content\/uploads\/2020\/03\/\u56fe\u72474-300x120.jpg 300w, https:\/\/richarms.com\/wp-content\/uploads\/2020\/03\/\u56fe\u72474-400x160.jpg 400w, https:\/\/richarms.com\/wp-content\/uploads\/2020\/03\/\u56fe\u72474-500x200.jpg 500w, https:\/\/richarms.com\/wp-content\/uploads\/2020\/03\/\u56fe\u72474-600x241.jpg 600w, https:\/\/richarms.com\/wp-content\/uploads\/2020\/03\/\u56fe\u72474.jpg 651w\" data-sizes=\"auto\" data-orig-sizes=\"(max-width: 306px) 100vw, 306px\" \/><\/li>\n<li>Packaging: Customize packaging options for retail-ready presentation or streamlined production.<\/li>\n<\/ul>\n<p>Whether your brand requires a distinctive logo engraving or unique surface textures, our specialists work closely with you to create bespoke hardware solutions.<\/p>\n<p><strong>Code and size :<br \/>\n<\/strong><\/p>\n<table style=\"border-collapse: collapse; width: 753px; height: 219px;\" border=\"0\" width=\"943\" cellspacing=\"0\" cellpadding=\"0\">\n<tbody>\n<tr style=\"height: 35.00pt;\">\n<td class=\"et2\" style=\"height: 35.00pt; width: 69.60pt;\" width=\"116\" height=\"58\">Kod<\/td>\n<td class=\"et2\" style=\"width: 69.60pt;\" width=\"116\">Boyut<\/td>\n<td class=\"et2\" style=\"width: 78.60pt;\" width=\"131\">Di\u015fi \u00e7\u0131t\u00e7\u0131t<br \/>\nTH<\/td>\n<td class=\"et2\" style=\"width: 90.00pt;\" width=\"150\">Male snap<br \/>\nDIA<\/td>\n<td class=\"et2\" style=\"width: 52.80pt;\" width=\"88\">Prong<br \/>\nL<\/td>\n<td class=\"et2\" style=\"width: 205.20pt;\" width=\"342\">A\u00e7\u0131klama<\/td>\n<\/tr>\n<tr style=\"height: 62.40pt;\">\n<td class=\"et2\" style=\"height: 62.40pt; width: 69.60pt;\" width=\"116\" height=\"104\">RC-BV1420<\/td>\n<td class=\"et2\" style=\"width: 69.60pt;\" width=\"116\">14mm<\/td>\n<td class=\"et2\" style=\"width: 78.60pt;\" width=\"131\">2mm<\/td>\n<td class=\"et2\" style=\"width: 90.00pt;\" width=\"150\">12mm or 14mm<\/td>\n<td class=\"et2\" style=\"width: 52.80pt;\" width=\"88\">7.6mm<\/td>\n<td class=\"et2\" style=\"width: 205.20pt;\" width=\"342\">For light closures such as pockets and flaps.<br \/>\nCan use males in any size &#8211; the most common is 12mm.<\/td>\n<\/tr>\n<tr style=\"height: 15.60pt;\">\n<td class=\"et2\" style=\"height: 15.60pt; width: 69.60pt;\" width=\"116\" height=\"26\">RC-BV1620<\/td>\n<td class=\"et2\" style=\"width: 69.60pt;\" width=\"116\">16mm<\/td>\n<td class=\"et2\" style=\"width: 78.60pt;\" width=\"131\">2mm<\/td>\n<td class=\"et2\" style=\"width: 90.00pt;\" width=\"150\">14mm or 18mm<\/td>\n<td class=\"et2\" style=\"width: 52.80pt;\" width=\"88\">9mm<\/td>\n<td class=\"et3\" style=\"width: 205.20pt;\" rowspan=\"3\" width=\"342\">Strong for any application.<br \/>\nCan use males in any size &#8211; the most common is 14mm.<\/td>\n<\/tr>\n<tr style=\"height: 15.60pt;\">\n<td class=\"et2\" style=\"height: 15.60pt; width: 69.60pt;\" width=\"116\" height=\"26\">RC-BV1820<\/td>\n<td class=\"et2\" style=\"width: 69.60pt;\" width=\"116\">18mm<\/td>\n<td class=\"et2\" style=\"width: 78.60pt;\" width=\"131\">2mm<\/td>\n<td class=\"et2\" style=\"width: 90.00pt;\" width=\"150\">14mm or 18mm<\/td>\n<td class=\"et2\" style=\"width: 52.80pt;\" width=\"88\">9mm<\/td>\n<\/tr>\n<tr style=\"height: 15.60pt;\">\n<td class=\"et2\" style=\"height: 15.60pt; width: 69.60pt;\" width=\"116\" height=\"26\">RC-BV2020<\/td>\n<td class=\"et2\" style=\"width: 69.60pt;\" width=\"116\">20mm<\/td>\n<td class=\"et2\" style=\"width: 78.60pt;\" width=\"131\">2mm<\/td>\n<td class=\"et2\" style=\"width: 90.00pt;\" width=\"150\">14mm or 18mm<\/td>\n<td class=\"et2\" style=\"width: 52.80pt;\" width=\"88\">9mm<\/td>\n<\/tr>\n<\/tbody>\n<\/table>\n<p><strong>Malzeme<br \/>\n<\/strong>Female Capsule:\u00a0 Steel, Stainless Steel, Brass<br \/>\nErkek Kaps\u00fcl: \u00c7elik<strong><b><br \/>\n<\/b><\/strong><img decoding=\"async\" class=\"lazyload alignnone wp-image-7161\" src=\"https:\/\/richarms.com\/wp-content\/uploads\/2020\/03\/materials-e1626143269166.png\" data-orig-src=\"https:\/\/richarms.com\/wp-content\/uploads\/2020\/03\/materials-e1626143269166.png\" alt=\"\" width=\"446\" height=\"199\" srcset=\"data:image\/svg+xml,%3Csvg%20xmlns%3D%27http%3A%2F%2Fwww.w3.org%2F2000%2Fsvg%27%20width%3D%27446%27%20height%3D%27199%27%20viewBox%3D%270%200%20446%20199%27%3E%3Crect%20width%3D%27446%27%20height%3D%27199%27%20fill-opacity%3D%220%22%2F%3E%3C%2Fsvg%3E\" data-srcset=\"https:\/\/richarms.com\/wp-content\/uploads\/2020\/03\/materials-e1626143269166-200x89.png 200w, https:\/\/richarms.com\/wp-content\/uploads\/2020\/03\/materials-e1626143269166-300x134.png 300w, https:\/\/richarms.com\/wp-content\/uploads\/2020\/03\/materials-e1626143269166-400x178.png 400w, https:\/\/richarms.com\/wp-content\/uploads\/2020\/03\/materials-e1626143269166-500x223.png 500w, https:\/\/richarms.com\/wp-content\/uploads\/2020\/03\/materials-e1626143269166.png 511w\" data-sizes=\"auto\" data-orig-sizes=\"(max-width: 446px) 100vw, 446px\" \/><br \/>\nInner Magnet: Neodymium permanent magnet<strong><br \/>\n<\/strong>M\u0131knat\u0131s G\u00fcc\u00fc m\u0131knat\u0131s boyutuna ve m\u0131knat\u0131s derecesine ba\u011fl\u0131d\u0131r<strong><b><br \/>\n<\/b><\/strong><img decoding=\"async\" class=\"lazyload alignnone wp-image-7163\" src=\"https:\/\/richarms.com\/wp-content\/uploads\/2020\/03\/\u8d85\u8584\u78c1\u529b-e1626186192975.png\" data-orig-src=\"https:\/\/richarms.com\/wp-content\/uploads\/2020\/03\/\u8d85\u8584\u78c1\u529b-e1626186192975.png\" alt=\"\" width=\"449\" height=\"131\" srcset=\"data:image\/svg+xml,%3Csvg%20xmlns%3D%27http%3A%2F%2Fwww.w3.org%2F2000%2Fsvg%27%20width%3D%27449%27%20height%3D%27131%27%20viewBox%3D%270%200%20449%20131%27%3E%3Crect%20width%3D%27449%27%20height%3D%27131%27%20fill-opacity%3D%220%22%2F%3E%3C%2Fsvg%3E\" data-srcset=\"https:\/\/richarms.com\/wp-content\/uploads\/2020\/03\/\u8d85\u8584\u78c1\u529b-e1626186192975-200x58.png 200w, https:\/\/richarms.com\/wp-content\/uploads\/2020\/03\/\u8d85\u8584\u78c1\u529b-e1626186192975-300x87.png 300w, https:\/\/richarms.com\/wp-content\/uploads\/2020\/03\/\u8d85\u8584\u78c1\u529b-e1626186192975-400x117.png 400w, https:\/\/richarms.com\/wp-content\/uploads\/2020\/03\/\u8d85\u8584\u78c1\u529b-e1626186192975-500x146.png 500w, https:\/\/richarms.com\/wp-content\/uploads\/2020\/03\/\u8d85\u8584\u78c1\u529b-e1626186192975-600x175.png 600w, https:\/\/richarms.com\/wp-content\/uploads\/2020\/03\/\u8d85\u8584\u78c1\u529b-e1626186192975-700x204.png 700w, https:\/\/richarms.com\/wp-content\/uploads\/2020\/03\/\u8d85\u8584\u78c1\u529b-e1626186192975-768x224.png 768w, https:\/\/richarms.com\/wp-content\/uploads\/2020\/03\/\u8d85\u8584\u78c1\u529b-e1626186192975-800x233.png 800w, https:\/\/richarms.com\/wp-content\/uploads\/2020\/03\/\u8d85\u8584\u78c1\u529b-e1626186192975.png 885w\" data-sizes=\"auto\" data-orig-sizes=\"(max-width: 449px) 100vw, 449px\" \/><b><\/b><\/p>\n<p><strong>Paket\uff1a<br \/>\n<\/strong>Bunlar\u0131n t\u00fcm\u00fc Ayaklar, G\u00f6vdeler veya Per\u00e7inlerle sa\u011flanabilir.<br \/>\n1 set = 1 Erkek, 1 Di\u015fi, 2 Pul<br \/>\n14mm: 200 set\/kutu, 20 kutu\/karton<br \/>\n16mm\/18mm\/ 20mm: 100 sets\/box, 20 boxes\/carton<\/p>\n<h2 data-pm-slice=\"1 1 []\">Quick and Easy Installation for DIY and Manufacturers<\/h2>\n<p>Installing our beveled magnetic snaps is straightforward:<\/p>\n<ul>\n<li>Mark and punch two holes on the fabric or leather.<\/li>\n<li>Insert snap prongs into these holes.<\/li>\n<li>Spread prongs outward to securely fix in place.<\/li>\n<\/ul>\n<p>DIY users can simply utilize scissors or basic tools for installation. Manufacturers benefit from using dedicated hole-punching and snap-setting tools for rapid and precise production.<\/p>\n<h2 data-pm-slice=\"1 1 []\">Why Choose Richarms for Beveled Magnetic Snaps?<\/h2>\n<p>Richarms is dedicated to delivering premium-quality magnetic hardware at competitive prices. Our factory-direct model ensures excellent value and consistent product standards. We provide exceptional customer support, offering guidance and expertise every step of the way.<\/p>\n<p>Ready to upgrade your products with our Beveled Magnetic Snaps? Contact our experts today to receive your customized quote, or conveniently place your order through our <a href=\"https:\/\/www.richarmshardware.com\/products\/16mm-beveled-magnetic-snaps\">Shopify ma\u011fazas\u0131<\/a>!<\/p>","protected":false},"excerpt":{"rendered":"<p>Type: Beveled Magnetic snaps<br \/>\nMaterial: Copper, Steel, NdFeB Magnet<br \/>\nModel Number: RC-BV1420\/1620\/1820\/2020<br \/>\n\u00d6zel Logo mevcuttur: Lazer, Oyuk, Kal\u0131plama<br \/>\nSize: 14mm, 16mm, 18mm, 20mm<br \/>\nRenk: Alt\u0131n \/ Nikel \/ Tabanca \/ G\u00fcl Alt\u0131n \/ F\u0131r\u00e7a Kar\u0131nca \/ Di\u011fer<br \/>\nPacking: 100-300 sets\/box<br \/>\nNakliye: LCL \/ DHL \/ FedEx \/ TNT \/ Di\u011fer<\/p>","protected":false},"featured_media":6445,"template":"","meta":[],"product_brand":[],"product_cat":[15],"product_tag":[],"class_list":{"0":"post-2427","1":"product","2":"type-product","3":"status-publish","4":"has-post-thumbnail","6":"product_cat-magnetic-snaps","8":"first","9":"instock","10":"shipping-taxable","11":"product-type-simple"},"aioseo_notices":[],"_links":{"self":[{"href":"https:\/\/richarms.com\/tr\/wp-json\/wp\/v2\/product\/2427","targetHints":{"allow":["GET"]}}],"collection":[{"href":"https:\/\/richarms.com\/tr\/wp-json\/wp\/v2\/product"}],"about":[{"href":"https:\/\/richarms.com\/tr\/wp-json\/wp\/v2\/types\/product"}],"wp:featuredmedia":[{"embeddable":true,"href":"https:\/\/richarms.com\/tr\/wp-json\/wp\/v2\/media\/6445"}],"wp:attachment":[{"href":"https:\/\/richarms.com\/tr\/wp-json\/wp\/v2\/media?parent=2427"}],"wp:term":[{"taxonomy":"product_brand","embeddable":true,"href":"https:\/\/richarms.com\/tr\/wp-json\/wp\/v2\/product_brand?post=2427"},{"taxonomy":"product_cat","embeddable":true,"href":"https:\/\/richarms.com\/tr\/wp-json\/wp\/v2\/product_cat?post=2427"},{"taxonomy":"product_tag","embeddable":true,"href":"https:\/\/richarms.com\/tr\/wp-json\/wp\/v2\/product_tag?post=2427"}],"curies":[{"name":"wp","href":"https:\/\/api.w.org\/{rel}","templated":true}]}}