{"id":2469,"date":"2021-07-11T09:13:50","date_gmt":"2021-07-11T01:13:50","guid":{"rendered":"https:\/\/www.bangzhiyou.com\/?post_type=product&#038;p=2469"},"modified":"2022-06-17T16:54:53","modified_gmt":"2022-06-17T08:54:53","slug":"bzy-2018-m51","status":"publish","type":"product","link":"https:\/\/richarms.com\/tr\/urun\/bzy-2018-m51","title":{"rendered":"Diki\u015fli Manyetik \u00c7\u0131t\u00e7\u0131t Ba\u011flant\u0131 Eleman\u0131"},"content":{"rendered":"<p><strong>Diki\u015fli Manyetik \u00c7\u0131t\u00e7\u0131t Ba\u011flant\u0131 Eleman\u0131\u00a0<\/strong><\/p>\n<p>Plum blossom sew-on magnetic snaps is without prong, can be sewed on the surface of a garment or bag.<\/p>\n<p>You can use it on any type of garment and bag.<br \/>\nPlacing one at the base of a woven bag flap, another one into the top of your shopping tote, so that they are very easy grabbing.<br \/>\nActually, it&#8217;s more widely use on garment than bag. You will find the sew on magnetic snaps in your coat, jacket and apron.<\/p>\n<p><strong>Malzeme:<\/strong><br \/>\nDi\u015fi Kaps\u00fcl:  Demir, Adi Pirin\u00e7 veya \u00c7evresel Pirin\u00e7 mevcuttur<br \/>\nErkek Kaps\u00fcl\u00fc: Demir<br \/>\nInner Magnet: Ferrite permanent magnet,\u00a0neodymium\u00a0permanent magnet, or both<\/p>\n<p><strong>Three regular sizes : 10mm, 14mm and 18mm<\/strong><\/p>\n<table style=\"height: 308px;\" width=\"484\">\n<tbody>\n<tr>\n<td width=\"90\">Kod<\/td>\n<td width=\"123\">Di\u015fi \u00e7\u0131t\u00e7\u0131t TH<\/td>\n<td width=\"124\">Female snap DIA<\/td>\n<\/tr>\n<tr>\n<td width=\"90\">RC-PB1420<\/td>\n<td width=\"123\">2mm<\/td>\n<td width=\"124\">14mm<\/td>\n<\/tr>\n<tr>\n<td width=\"90\">RC-PB1435<\/td>\n<td width=\"123\">3,5 mm<\/td>\n<td width=\"124\">14mm<\/td>\n<\/tr>\n<tr>\n<td width=\"90\">RC-PB1820<\/td>\n<td width=\"123\">2mm<\/td>\n<td width=\"124\">18mm<\/td>\n<\/tr>\n<tr>\n<td width=\"90\">RC-PB1835<\/td>\n<td width=\"123\">3,5 mm<\/td>\n<td width=\"124\">18mm<\/td>\n<\/tr>\n<tr>\n<td width=\"90\">RC-PB1020<\/td>\n<td width=\"123\">2mm<\/td>\n<td width=\"124\">10mm<\/td>\n<\/tr>\n<\/tbody>\n<\/table>\n<p><strong>Paket\uff1a<br \/>\n<\/strong>Bunlar\u0131n t\u00fcm\u00fc Ayaklar, G\u00f6vdeler veya Per\u00e7inlerle sa\u011flanabilir.<br \/>\n1 set = 1 Erkek, 1 Di\u015fi, 2 Pul<br \/>\n10 mm: 400 set\/kutu, 20 kutu\/karton<br \/>\n14mm: 200 set\/kutu, 20 kutu\/karton<br \/>\n18mm: 100 set\/kutu, 20 kutu\/karton<br \/>\n<img decoding=\"async\" class=\"lazyload wp-image-5403 size-medium alignnone\" src=\"data:image\/svg+xml,%3Csvg%20xmlns%3D%27http%3A%2F%2Fwww.w3.org%2F2000%2Fsvg%27%20width%3D%27300%27%20height%3D%27300%27%20viewBox%3D%270%200%20300%20300%27%3E%3Crect%20width%3D%27300%27%20height%3D%27300%27%20fill-opacity%3D%220%22%2F%3E%3C%2Fsvg%3E\" data-orig-src=\"https:\/\/richarms.com\/wp-content\/uploads\/2018\/07\/sew-on-magnetic-snaps-button-3-300x300.jpg\" alt=\"\" width=\"300\" height=\"300\" \/><\/p>\n<p><strong>Y\u00fczeyler\uff1a<br \/>\n<\/strong>All popular colors are available: antique brass, gunmetal, gold, silver and more as below color disc display.<strong><br \/>\n<\/strong>Standard finish is PLAIN female snap, and PLAIN male snap,\u00a0 logo customized available<br \/>\nRegular color are listed below. Custom finishes are also available to meet your requirements.<\/p>\n<p><strong><img decoding=\"async\" class=\"lazyload alignnone size-full wp-image-5392\" src=\"https:\/\/richarms.com\/wp-content\/uploads\/2018\/07\/RICHARMS-COLOT-DIS.jpg\" data-orig-src=\"https:\/\/richarms.com\/wp-content\/uploads\/2018\/07\/RICHARMS-COLOT-DIS.jpg\" alt=\"\" width=\"651\" height=\"457\" srcset=\"data:image\/svg+xml,%3Csvg%20xmlns%3D%27http%3A%2F%2Fwww.w3.org%2F2000%2Fsvg%27%20width%3D%27651%27%20height%3D%27457%27%20viewBox%3D%270%200%20651%20457%27%3E%3Crect%20width%3D%27651%27%20height%3D%27457%27%20fill-opacity%3D%220%22%2F%3E%3C%2Fsvg%3E\" data-srcset=\"https:\/\/richarms.com\/wp-content\/uploads\/2018\/07\/RICHARMS-COLOT-DIS-200x140.jpg 200w, https:\/\/richarms.com\/wp-content\/uploads\/2018\/07\/RICHARMS-COLOT-DIS-300x211.jpg 300w, https:\/\/richarms.com\/wp-content\/uploads\/2018\/07\/RICHARMS-COLOT-DIS-400x281.jpg 400w, https:\/\/richarms.com\/wp-content\/uploads\/2018\/07\/RICHARMS-COLOT-DIS-500x351.jpg 500w, https:\/\/richarms.com\/wp-content\/uploads\/2018\/07\/RICHARMS-COLOT-DIS-600x421.jpg 600w, https:\/\/richarms.com\/wp-content\/uploads\/2018\/07\/RICHARMS-COLOT-DIS.jpg 651w\" data-sizes=\"auto\" data-orig-sizes=\"(max-width: 651px) 100vw, 651px\" \/><\/strong><\/p>","protected":false},"excerpt":{"rendered":"<p>Type: Sew-On Magnetic Snaps Fastener<br \/>\nMaterial: Brass, Iron,\u00a0 Magnet<br \/>\nModel Number: RC-PB1020\/1420\/1435\/1820\/1835\/1845<br \/>\nLogo: Without, can be customed<br \/>\nSize: 10mm 14mm 18mm<br \/>\nRenk: Alt\u0131n \/ Nikel \/ Tabanca \/ G\u00fcl Alt\u0131n \/ F\u0131r\u00e7a Kar\u0131nca \/ Di\u011fer<br \/>\nAmbalaj: kutu ve karton<br \/>\nNakliye: LCL \/ DHL \/ FedEx \/ TNT \/ Di\u011fer<\/p>","protected":false},"featured_media":6453,"template":"","meta":[],"product_brand":[],"product_cat":[15],"product_tag":[],"class_list":{"0":"post-2469","1":"product","2":"type-product","3":"status-publish","4":"has-post-thumbnail","6":"product_cat-magnetic-snaps","8":"first","9":"instock","10":"shipping-taxable","11":"product-type-simple"},"aioseo_notices":[],"_links":{"self":[{"href":"https:\/\/richarms.com\/tr\/wp-json\/wp\/v2\/product\/2469","targetHints":{"allow":["GET"]}}],"collection":[{"href":"https:\/\/richarms.com\/tr\/wp-json\/wp\/v2\/product"}],"about":[{"href":"https:\/\/richarms.com\/tr\/wp-json\/wp\/v2\/types\/product"}],"wp:featuredmedia":[{"embeddable":true,"href":"https:\/\/richarms.com\/tr\/wp-json\/wp\/v2\/media\/6453"}],"wp:attachment":[{"href":"https:\/\/richarms.com\/tr\/wp-json\/wp\/v2\/media?parent=2469"}],"wp:term":[{"taxonomy":"product_brand","embeddable":true,"href":"https:\/\/richarms.com\/tr\/wp-json\/wp\/v2\/product_brand?post=2469"},{"taxonomy":"product_cat","embeddable":true,"href":"https:\/\/richarms.com\/tr\/wp-json\/wp\/v2\/product_cat?post=2469"},{"taxonomy":"product_tag","embeddable":true,"href":"https:\/\/richarms.com\/tr\/wp-json\/wp\/v2\/product_tag?post=2469"}],"curies":[{"name":"wp","href":"https:\/\/api.w.org\/{rel}","templated":true}]}}