{"id":5495,"date":"2021-07-09T16:23:59","date_gmt":"2021-07-09T08:23:59","guid":{"rendered":"https:\/\/richarms.com\/?post_type=product&#038;p=5495"},"modified":"2025-03-11T16:55:13","modified_gmt":"2025-03-11T08:55:13","slug":"strong-block-magnets-in-bulk","status":"publish","type":"product","link":"https:\/\/richarms.com\/tr\/product\/strong-block-magnets-in-bulk","title":{"rendered":"Y\u00fcksek Performansl\u0131 NdFeB M\u0131knat\u0131slar"},"content":{"rendered":"<h1>High-Performance NdFeB Magnets \u2013 Custom Shapes &amp; Grade<\/h1>\n<table width=\"687\">\n<tbody>\n<tr style=\"font-style: inherit; font-weight: inherit;\">\n<td style=\"font-style: inherit;\" width=\"183\">Tip<\/td>\n<td style=\"font-style: inherit;\" width=\"504\">Daimi<\/td>\n<\/tr>\n<tr style=\"font-style: inherit; font-weight: inherit;\">\n<td style=\"font-style: inherit;\" width=\"183\" data-spm-anchor-id=\"a2700.details.pronpeci14.i0.41a61526Xi5f7X\">Kompozit<\/td>\n<td style=\"font-style: inherit;\" width=\"504\">NdFeB M\u0131knat\u0131s<\/td>\n<\/tr>\n<tr style=\"font-style: inherit; font-weight: inherit;\">\n<td style=\"font-style: inherit;\" rowspan=\"2\" width=\"183\">\u015eekil<\/td>\n<td style=\"font-style: inherit;\" width=\"504\">Disk, Silindir, Blok, Halka, Hav\u015fa, Segment, Trapezoid,<\/td>\n<\/tr>\n<tr>\n<td width=\"504\">D\u00fczensiz \u015fekiller ve daha \u00f6zel \u015fekiller<\/td>\n<\/tr>\n<tr style=\"font-style: inherit; font-weight: inherit;\">\n<td style=\"font-style: inherit;\" width=\"183\">Uygulama<\/td>\n<td style=\"font-style: inherit;\" width=\"504\">End\u00fcstriyel M\u0131knat\u0131s<\/td>\n<\/tr>\n<tr style=\"font-style: inherit; font-weight: inherit;\">\n<td style=\"font-style: inherit;\" width=\"183\">M\u0131knat\u0131slama y\u00f6n\u00fc<\/td>\n<td style=\"font-style: inherit;\" width=\"504\">\u00d6zelle\u015ftirilmi\u015f<\/td>\n<\/tr>\n<tr style=\"font-style: inherit; font-weight: inherit;\">\n<td style=\"font-style: inherit;\" width=\"183\">Boyut<\/td>\n<td style=\"font-style: inherit;\" width=\"504\">\u00d6zelle\u015ftirilmi\u015f<\/td>\n<\/tr>\n<tr style=\"font-style: inherit; font-weight: inherit;\">\n<td style=\"font-style: inherit;\" width=\"183\">Kaplama<\/td>\n<td style=\"font-style: inherit;\" width=\"504\">Ni, Zn, alt\u0131n, g\u00fcm\u00fc\u015f, bak\u0131r, epoksi vb.<\/td>\n<\/tr>\n<tr style=\"font-style: inherit; font-weight: inherit;\">\n<td style=\"font-style: inherit;\" width=\"183\">Ho\u015fg\u00f6r\u00fc<\/td>\n<td style=\"font-style: inherit;\" width=\"504\">+\/-0,03 ila +\/-0,15<\/td>\n<\/tr>\n<tr style=\"font-style: inherit; font-weight: inherit;\">\n<td style=\"font-style: inherit;\" width=\"183\">\u00c7al\u0131\u015fma s\u0131cakl\u0131\u011f\u0131<\/td>\n<td style=\"font-style: inherit;\" width=\"504\">Maksimum \u00e7al\u0131\u015fma s\u0131cakl\u0131\u011f\u0131 230 santigrat dereceye kadar<\/td>\n<\/tr>\n<tr style=\"font-style: inherit; font-weight: inherit;\">\n<td style=\"font-style: inherit;\" width=\"183\">Teslimat<\/td>\n<td style=\"font-style: inherit;\" width=\"504\">Deniz, hava veya ekspres yoluyla<\/td>\n<\/tr>\n<tr style=\"font-style: inherit; font-weight: inherit;\">\n<td style=\"font-style: inherit;\" width=\"183\">Maksimum<\/td>\n<td style=\"font-style: inherit;\" width=\"504\">S\u0131n\u0131f<\/td>\n<\/tr>\n<tr>\n<td width=\"183\">\u00c7al\u0131\u015fma<\/td>\n<td width=\"504\">N33-N52 80\u00b0C<\/td>\n<\/tr>\n<tr>\n<td width=\"183\">S\u0131cakl\u0131k<\/td>\n<td width=\"504\">N35M-N45M 100\u00b0C<\/td>\n<\/tr>\n<tr>\n<td width=\"183\"><\/td>\n<td width=\"504\">N33H-N50H 120\u00b0C<\/td>\n<\/tr>\n<tr>\n<td width=\"183\"><\/td>\n<td width=\"504\">N33SH-N45SH 150\u00b0C<\/td>\n<\/tr>\n<tr>\n<td width=\"183\"><\/td>\n<td width=\"504\">N30UH-N42UH 180\u00b0C<\/td>\n<\/tr>\n<tr>\n<td width=\"183\"><\/td>\n<td width=\"504\">N30EH-N38EH 200\u00b0C<\/td>\n<\/tr>\n<tr>\n<td width=\"183\"><\/td>\n<td width=\"504\">N28AH-N33AH 230\u00b0C<\/td>\n<\/tr>\n<\/tbody>\n<\/table>\n<p><strong>Paketleme:<\/strong><br \/>\n<img decoding=\"async\" class=\"lazyload alignnone size-full wp-image-5501\" src=\"https:\/\/richarms.com\/wp-content\/uploads\/2018\/12\/permanent-magnets-box-packing.jpg\" data-orig-src=\"https:\/\/richarms.com\/wp-content\/uploads\/2018\/12\/permanent-magnets-box-packing.jpg\" alt=\"\" width=\"750\" height=\"500\" srcset=\"data:image\/svg+xml,%3Csvg%20xmlns%3D%27http%3A%2F%2Fwww.w3.org%2F2000%2Fsvg%27%20width%3D%27750%27%20height%3D%27500%27%20viewBox%3D%270%200%20750%20500%27%3E%3Crect%20width%3D%27750%27%20height%3D%27500%27%20fill-opacity%3D%220%22%2F%3E%3C%2Fsvg%3E\" data-srcset=\"https:\/\/richarms.com\/wp-content\/uploads\/2018\/12\/permanent-magnets-box-packing-200x133.jpg 200w, https:\/\/richarms.com\/wp-content\/uploads\/2018\/12\/permanent-magnets-box-packing-300x200.jpg 300w, https:\/\/richarms.com\/wp-content\/uploads\/2018\/12\/permanent-magnets-box-packing-400x267.jpg 400w, https:\/\/richarms.com\/wp-content\/uploads\/2018\/12\/permanent-magnets-box-packing-500x333.jpg 500w, https:\/\/richarms.com\/wp-content\/uploads\/2018\/12\/permanent-magnets-box-packing-600x400.jpg 600w, https:\/\/richarms.com\/wp-content\/uploads\/2018\/12\/permanent-magnets-box-packing-700x467.jpg 700w, https:\/\/richarms.com\/wp-content\/uploads\/2018\/12\/permanent-magnets-box-packing.jpg 750w\" data-sizes=\"auto\" data-orig-sizes=\"(max-width: 750px) 100vw, 750px\" \/><\/p>\n<p><img decoding=\"async\" class=\"lazyload alignnone size-full wp-image-5515\" src=\"https:\/\/richarms.com\/wp-content\/uploads\/2018\/12\/packaging.png\" data-orig-src=\"https:\/\/richarms.com\/wp-content\/uploads\/2018\/12\/packaging.png\" alt=\"\" width=\"754\" height=\"497\" srcset=\"data:image\/svg+xml,%3Csvg%20xmlns%3D%27http%3A%2F%2Fwww.w3.org%2F2000%2Fsvg%27%20width%3D%27754%27%20height%3D%27497%27%20viewBox%3D%270%200%20754%20497%27%3E%3Crect%20width%3D%27754%27%20height%3D%27497%27%20fill-opacity%3D%220%22%2F%3E%3C%2Fsvg%3E\" data-srcset=\"https:\/\/richarms.com\/wp-content\/uploads\/2018\/12\/packaging-200x132.png 200w, https:\/\/richarms.com\/wp-content\/uploads\/2018\/12\/packaging-300x198.png 300w, https:\/\/richarms.com\/wp-content\/uploads\/2018\/12\/packaging-400x264.png 400w, https:\/\/richarms.com\/wp-content\/uploads\/2018\/12\/packaging-500x330.png 500w, https:\/\/richarms.com\/wp-content\/uploads\/2018\/12\/packaging-600x395.png 600w, https:\/\/richarms.com\/wp-content\/uploads\/2018\/12\/packaging-700x461.png 700w, https:\/\/richarms.com\/wp-content\/uploads\/2018\/12\/packaging.png 754w\" data-sizes=\"auto\" data-orig-sizes=\"(max-width: 754px) 100vw, 754px\" \/><\/p>\n<p><strong>Magnetization Direction<br \/>\n<img decoding=\"async\" class=\"lazyload alignnone size-full wp-image-5499\" src=\"https:\/\/richarms.com\/wp-content\/uploads\/2018\/12\/drawing.jpg\" data-orig-src=\"https:\/\/richarms.com\/wp-content\/uploads\/2018\/12\/drawing.jpg\" alt=\"\" width=\"700\" height=\"907\" srcset=\"data:image\/svg+xml,%3Csvg%20xmlns%3D%27http%3A%2F%2Fwww.w3.org%2F2000%2Fsvg%27%20width%3D%27700%27%20height%3D%27907%27%20viewBox%3D%270%200%20700%20907%27%3E%3Crect%20width%3D%27700%27%20height%3D%27907%27%20fill-opacity%3D%220%22%2F%3E%3C%2Fsvg%3E\" data-srcset=\"https:\/\/richarms.com\/wp-content\/uploads\/2018\/12\/drawing-200x259.jpg 200w, https:\/\/richarms.com\/wp-content\/uploads\/2018\/12\/drawing-232x300.jpg 232w, https:\/\/richarms.com\/wp-content\/uploads\/2018\/12\/drawing-400x518.jpg 400w, https:\/\/richarms.com\/wp-content\/uploads\/2018\/12\/drawing-500x648.jpg 500w, https:\/\/richarms.com\/wp-content\/uploads\/2018\/12\/drawing-600x777.jpg 600w, https:\/\/richarms.com\/wp-content\/uploads\/2018\/12\/drawing.jpg 700w\" data-sizes=\"auto\" data-orig-sizes=\"(max-width: 700px) 100vw, 700px\" \/><br \/>\n<\/strong><\/p>","protected":false},"excerpt":{"rendered":"<p>Tip Kal\u0131c\u0131 M\u0131knat\u0131slar<br \/>\nKompozit: Neodimyum M\u0131knat\u0131s<br \/>\n\u015eekil: sipari\u015f olarak yap<br \/>\nUygulama End\u00fcstriyel M\u0131knat\u0131s<br \/>\nKaplamalar: Ni, Zn, alt\u0131n, g\u00fcm\u00fc\u015f, bak\u0131r, epoksi vb.<br \/>\nTolerans: +\/-0,03 ila +\/-0,15<br \/>\nShapes: Arc\/Disc\/Bar\/Block&#8230;<br \/>\nGrade: N3N35M-N52M,N35H-N50H,N33SH-N45SH<br \/>\nBoyutlar: \u00f6zelle\u015ftirilmi\u015f<br \/>\nm\u0131knat\u0131slama y\u00f6n\u00fc: \u00d6zelle\u015ftirilmi\u015f<br \/>\nteslimat: deniz, hava veya ekspres yoluyla<br \/>\nS\u0131cakl\u0131k: Maksimum \u00e7al\u0131\u015fma s\u0131cakl\u0131\u011f\u0131 230 d'ye kadar<\/p>","protected":false},"featured_media":5498,"template":"","meta":[],"product_brand":[],"product_cat":[53],"product_tag":[],"class_list":{"0":"post-5495","1":"product","2":"type-product","3":"status-publish","4":"has-post-thumbnail","6":"product_cat-magnets","8":"first","9":"instock","10":"shipping-taxable","11":"product-type-simple"},"aioseo_notices":[],"_links":{"self":[{"href":"https:\/\/richarms.com\/tr\/wp-json\/wp\/v2\/product\/5495","targetHints":{"allow":["GET"]}}],"collection":[{"href":"https:\/\/richarms.com\/tr\/wp-json\/wp\/v2\/product"}],"about":[{"href":"https:\/\/richarms.com\/tr\/wp-json\/wp\/v2\/types\/product"}],"wp:featuredmedia":[{"embeddable":true,"href":"https:\/\/richarms.com\/tr\/wp-json\/wp\/v2\/media\/5498"}],"wp:attachment":[{"href":"https:\/\/richarms.com\/tr\/wp-json\/wp\/v2\/media?parent=5495"}],"wp:term":[{"taxonomy":"product_brand","embeddable":true,"href":"https:\/\/richarms.com\/tr\/wp-json\/wp\/v2\/product_brand?post=5495"},{"taxonomy":"product_cat","embeddable":true,"href":"https:\/\/richarms.com\/tr\/wp-json\/wp\/v2\/product_cat?post=5495"},{"taxonomy":"product_tag","embeddable":true,"href":"https:\/\/richarms.com\/tr\/wp-json\/wp\/v2\/product_tag?post=5495"}],"curies":[{"name":"wp","href":"https:\/\/api.w.org\/{rel}","templated":true}]}}