{"id":5517,"date":"2021-07-09T16:25:25","date_gmt":"2021-07-09T08:25:25","guid":{"rendered":"https:\/\/richarms.com\/?post_type=product&#038;p=5517"},"modified":"2025-03-10T17:23:05","modified_gmt":"2025-03-10T09:23:05","slug":"cylinder-magnet-wholesale","status":"publish","type":"product","link":"https:\/\/richarms.com\/tr\/product\/cylinder-magnet-wholesale","title":{"rendered":"Silindir M\u0131knat\u0131s"},"content":{"rendered":"<h1 data-start=\"0\" data-end=\"80\">Toptan Kaps\u00fcll\u00fc G\u00fc\u00e7l\u00fc Silindir M\u0131knat\u0131s - NdFeB + ABS<\/h1>\n<p><strong>Silindir m\u0131knat\u0131s\u0131<\/strong>\u00a0ekstra koruma sa\u011flayan \u0131s\u0131yla daralan makaronla kaplanabilir. Bu \u0131s\u0131yla daralan sarg\u0131 m\u0131knat\u0131slar\u0131 <strong>su ge\u00e7irmez<\/strong>, <strong>darbeye dayan\u0131kl\u0131<\/strong>ve <strong>oksidasyona dayan\u0131kl\u0131<\/strong>B\u00f6ylece zorlu ortamlarda bile en iyi durumda kalmalar\u0131n\u0131 sa\u011flar. Bu ilave koruma katman\u0131, onlar\u0131n <strong>dayan\u0131kl\u0131l\u0131k<\/strong> ve <strong>g\u00fcvenilirlik<\/strong> geni\u015f bir uygulama yelpazesinde uzun s\u00fcreli kullan\u0131m i\u00e7in.<\/p>\n<div id=\"attachment_5513\" style=\"width: 310px\" class=\"wp-caption alignnone\"><img decoding=\"async\" aria-describedby=\"caption-attachment-5513\" class=\"lazyload size-medium wp-image-5513\" src=\"https:\/\/richarms.com\/wp-content\/uploads\/2018\/12\/neodymium-magnet-11-300x300.jpg\" data-orig-src=\"https:\/\/richarms.com\/wp-content\/uploads\/2018\/12\/neodymium-magnet-11-300x300.jpg\" alt=\"Raw strong cylinder magnet with NdFeB core, uncoated and ready for customization.\" width=\"300\" height=\"300\" srcset=\"data:image\/svg+xml,%3Csvg%20xmlns%3D%27http%3A%2F%2Fwww.w3.org%2F2000%2Fsvg%27%20width%3D%27300%27%20height%3D%27300%27%20viewBox%3D%270%200%20300%20300%27%3E%3Crect%20width%3D%27300%27%20height%3D%27300%27%20fill-opacity%3D%220%22%2F%3E%3C%2Fsvg%3E\" data-srcset=\"https:\/\/richarms.com\/wp-content\/uploads\/2018\/12\/neodymium-magnet-11-66x66.jpg 66w, https:\/\/richarms.com\/wp-content\/uploads\/2018\/12\/neodymium-magnet-11-100x100.jpg 100w, https:\/\/richarms.com\/wp-content\/uploads\/2018\/12\/neodymium-magnet-11-150x150.jpg 150w, https:\/\/richarms.com\/wp-content\/uploads\/2018\/12\/neodymium-magnet-11-200x200.jpg 200w, https:\/\/richarms.com\/wp-content\/uploads\/2018\/12\/neodymium-magnet-11-300x300.jpg 300w, https:\/\/richarms.com\/wp-content\/uploads\/2018\/12\/neodymium-magnet-11-400x400.jpg 400w, https:\/\/richarms.com\/wp-content\/uploads\/2018\/12\/neodymium-magnet-11-500x500.jpg 500w, https:\/\/richarms.com\/wp-content\/uploads\/2018\/12\/neodymium-magnet-11-600x600.jpg 600w, https:\/\/richarms.com\/wp-content\/uploads\/2018\/12\/neodymium-magnet-11-700x700.jpg 700w, https:\/\/richarms.com\/wp-content\/uploads\/2018\/12\/neodymium-magnet-11-768x768.jpg 768w, https:\/\/richarms.com\/wp-content\/uploads\/2018\/12\/neodymium-magnet-11-800x800.jpg 800w, https:\/\/richarms.com\/wp-content\/uploads\/2018\/12\/neodymium-magnet-11.jpg 1000w\" data-sizes=\"auto\" data-orig-sizes=\"(max-width: 300px) 100vw, 300px\" \/><p id=\"caption-attachment-5513\" class=\"wp-caption-text\">\u00d6zel uygulamalar i\u00e7in sa\u011flam NdFeB \u00e7ekirde\u011fini sergileyen kaplanmam\u0131\u015f ham g\u00fc\u00e7l\u00fc silindir m\u0131knat\u0131s.<\/p><\/div>\n<table style=\"height: 599px;\" width=\"828\">\n<tbody>\n<tr style=\"font-style: inherit; font-weight: inherit;\">\n<td style=\"font-style: inherit;\" width=\"183\">Tip<\/td>\n<td style=\"font-style: inherit;\" width=\"504\">Daimi<\/td>\n<\/tr>\n<tr style=\"font-style: inherit; font-weight: inherit;\">\n<td style=\"font-style: inherit;\" width=\"183\" data-spm-anchor-id=\"a2700.details.pronpeci14.i0.41a61526Xi5f7X\">Kompozit<\/td>\n<td style=\"font-style: inherit;\" width=\"504\">NdFeB M\u0131knat\u0131s<\/td>\n<\/tr>\n<tr style=\"font-style: inherit; font-weight: inherit;\">\n<td style=\"font-style: inherit;\" rowspan=\"2\" width=\"183\">\u015eekil<\/td>\n<td style=\"font-style: inherit;\" width=\"504\">Disk, Silindir, <a href=\"https:\/\/richarms.com\/tr\/urun\/strong-block-magnets-in-bulk\/\">Blok<\/a>, <a href=\"https:\/\/richarms.com\/tr\/urun\/strongest-ring-magnet-neodymium-magnets\/\">Y\u00fcz\u00fck<\/a>, <a href=\"https:\/\/richarms.com\/tr\/urun\/segment-magnet\/\">Segment<\/a>\uff0c<a href=\"https:\/\/richarms.com\/tr\/urun\/bar-magnets\/\">bar<\/a>, Hav\u015fa ba\u015fl\u0131, Trapezoid<\/td>\n<\/tr>\n<tr>\n<td width=\"504\">D\u00fczensiz \u015fekiller ve daha \u00f6zel \u015fekiller<\/td>\n<\/tr>\n<tr style=\"font-style: inherit; font-weight: inherit;\">\n<td style=\"font-style: inherit;\" width=\"183\">Uygulama<\/td>\n<td style=\"font-style: inherit;\" width=\"504\">End\u00fcstriyel M\u0131knat\u0131s<\/td>\n<\/tr>\n<tr style=\"font-style: inherit; font-weight: inherit;\">\n<td style=\"font-style: inherit;\" width=\"183\">M\u0131knat\u0131slama y\u00f6n\u00fc<\/td>\n<td style=\"font-style: inherit;\" width=\"504\">\u00d6zelle\u015ftirilmi\u015f<\/td>\n<\/tr>\n<tr style=\"font-style: inherit; font-weight: inherit;\">\n<td style=\"font-style: inherit;\" width=\"183\">Boyut<\/td>\n<td style=\"font-style: inherit;\" width=\"504\">\u00d6zelle\u015ftirilmi\u015f<\/td>\n<\/tr>\n<tr style=\"font-style: inherit; font-weight: inherit;\">\n<td style=\"font-style: inherit;\" width=\"183\">Kaplama<\/td>\n<td style=\"font-style: inherit;\" width=\"504\">Ni, Zn, alt\u0131n, g\u00fcm\u00fc\u015f, bak\u0131r, epoksi vb.<\/td>\n<\/tr>\n<tr style=\"font-style: inherit; font-weight: inherit;\">\n<td style=\"font-style: inherit;\" width=\"183\">Ho\u015fg\u00f6r\u00fc<\/td>\n<td style=\"font-style: inherit;\" width=\"504\">+\/-0,03 ila +\/-0,15<\/td>\n<\/tr>\n<tr style=\"font-style: inherit; font-weight: inherit;\">\n<td style=\"font-style: inherit;\" width=\"183\">\u00c7al\u0131\u015fma s\u0131cakl\u0131\u011f\u0131<\/td>\n<td style=\"font-style: inherit;\" width=\"504\">Maksimum \u00e7al\u0131\u015fma s\u0131cakl\u0131\u011f\u0131 230 santigrat dereceye kadar<\/td>\n<\/tr>\n<tr style=\"font-style: inherit; font-weight: inherit;\">\n<td style=\"font-style: inherit;\" width=\"183\">Teslimat<\/td>\n<td style=\"font-style: inherit;\" width=\"504\">Deniz, hava veya ekspres yoluyla<\/td>\n<\/tr>\n<tr style=\"font-style: inherit; font-weight: inherit;\">\n<td style=\"font-style: inherit;\" width=\"183\">Maksimum \u00c7al\u0131\u015fma S\u0131cakl\u0131\u011f\u0131<\/td>\n<td style=\"font-style: inherit;\" width=\"504\">S\u0131n\u0131f<\/td>\n<\/tr>\n<tr>\n<td width=\"183\">80\u00b0C<\/td>\n<td width=\"504\">N33-N52<\/td>\n<\/tr>\n<tr>\n<td width=\"183\">100\u00b0C<\/td>\n<td width=\"504\">N35M-N45M<\/td>\n<\/tr>\n<tr>\n<td width=\"183\">120\u00b0C<\/td>\n<td width=\"504\">N33H-N50H<\/td>\n<\/tr>\n<tr>\n<td width=\"183\">150\u00b0C<\/td>\n<td width=\"504\">N33SH-N45SH<\/td>\n<\/tr>\n<tr>\n<td width=\"183\">180\u00b0C<\/td>\n<td width=\"504\">N30UH-N42UH<\/td>\n<\/tr>\n<tr>\n<td width=\"183\">\u00a0200\u00b0C<\/td>\n<td width=\"504\">N30EH-N38EH<\/td>\n<\/tr>\n<tr>\n<td width=\"183\">230\u00b0C<\/td>\n<td width=\"504\">N28AH-N33AH<\/td>\n<\/tr>\n<\/tbody>\n<\/table>\n<p><strong>Paketleme:<\/strong><\/p>\n<div id=\"attachment_5501\" style=\"width: 760px\" class=\"wp-caption alignnone\"><img decoding=\"async\" aria-describedby=\"caption-attachment-5501\" class=\"lazyload wp-image-5501 size-full\" src=\"https:\/\/richarms.com\/wp-content\/uploads\/2018\/12\/permanent-magnets-box-packing.jpg\" data-orig-src=\"https:\/\/richarms.com\/wp-content\/uploads\/2018\/12\/permanent-magnets-box-packing.jpg\" alt=\"Segment NdFeB Magnet carefully packaged in a small white box for safe handling and delivery.\" width=\"750\" height=\"500\" srcset=\"data:image\/svg+xml,%3Csvg%20xmlns%3D%27http%3A%2F%2Fwww.w3.org%2F2000%2Fsvg%27%20width%3D%27750%27%20height%3D%27500%27%20viewBox%3D%270%200%20750%20500%27%3E%3Crect%20width%3D%27750%27%20height%3D%27500%27%20fill-opacity%3D%220%22%2F%3E%3C%2Fsvg%3E\" data-srcset=\"https:\/\/richarms.com\/wp-content\/uploads\/2018\/12\/permanent-magnets-box-packing-200x133.jpg 200w, https:\/\/richarms.com\/wp-content\/uploads\/2018\/12\/permanent-magnets-box-packing-300x200.jpg 300w, https:\/\/richarms.com\/wp-content\/uploads\/2018\/12\/permanent-magnets-box-packing-400x267.jpg 400w, https:\/\/richarms.com\/wp-content\/uploads\/2018\/12\/permanent-magnets-box-packing-500x333.jpg 500w, https:\/\/richarms.com\/wp-content\/uploads\/2018\/12\/permanent-magnets-box-packing-600x400.jpg 600w, https:\/\/richarms.com\/wp-content\/uploads\/2018\/12\/permanent-magnets-box-packing-700x467.jpg 700w, https:\/\/richarms.com\/wp-content\/uploads\/2018\/12\/permanent-magnets-box-packing.jpg 750w\" data-sizes=\"auto\" data-orig-sizes=\"(max-width: 750px) 100vw, 750px\" \/><p id=\"caption-attachment-5501\" class=\"wp-caption-text\">NdFeB m\u0131knat\u0131slar k\u00fc\u00e7\u00fck beyaz kutularda g\u00fcvenli bir \u015fekilde paketlenerek g\u00fcvenli ta\u015f\u0131ma ve kolay kullan\u0131m sa\u011flar.<\/p><\/div>\n<p>&nbsp;<\/p>\n<div id=\"attachment_5515\" style=\"width: 764px\" class=\"wp-caption alignnone\"><img decoding=\"async\" aria-describedby=\"caption-attachment-5515\" class=\"lazyload wp-image-5515 size-full\" src=\"https:\/\/richarms.com\/wp-content\/uploads\/2018\/12\/packaging.png\" data-orig-src=\"https:\/\/richarms.com\/wp-content\/uploads\/2018\/12\/packaging.png\" alt=\"De-magnetization packaging process for NdFeB magnets, showing a multi-layered protection including iron boxes, foam boxes, and paper boxes.\" width=\"754\" height=\"497\" srcset=\"data:image\/svg+xml,%3Csvg%20xmlns%3D%27http%3A%2F%2Fwww.w3.org%2F2000%2Fsvg%27%20width%3D%27754%27%20height%3D%27497%27%20viewBox%3D%270%200%20754%20497%27%3E%3Crect%20width%3D%27754%27%20height%3D%27497%27%20fill-opacity%3D%220%22%2F%3E%3C%2Fsvg%3E\" data-srcset=\"https:\/\/richarms.com\/wp-content\/uploads\/2018\/12\/packaging-200x132.png 200w, https:\/\/richarms.com\/wp-content\/uploads\/2018\/12\/packaging-300x198.png 300w, https:\/\/richarms.com\/wp-content\/uploads\/2018\/12\/packaging-400x264.png 400w, https:\/\/richarms.com\/wp-content\/uploads\/2018\/12\/packaging-500x330.png 500w, https:\/\/richarms.com\/wp-content\/uploads\/2018\/12\/packaging-600x395.png 600w, https:\/\/richarms.com\/wp-content\/uploads\/2018\/12\/packaging-700x461.png 700w, https:\/\/richarms.com\/wp-content\/uploads\/2018\/12\/packaging.png 754w\" data-sizes=\"auto\" data-orig-sizes=\"(max-width: 754px) 100vw, 754px\" \/><p id=\"caption-attachment-5515\" class=\"wp-caption-text\">NdFeB m\u0131knat\u0131slar, g\u00fcvenli ta\u015f\u0131may\u0131 sa\u011flamak i\u00e7in demir kutu, k\u00f6p\u00fck ve ka\u011f\u0131t kutu katmanlar\u0131n\u0131 i\u00e7eren dikkatli bir de-manyetizasyon paketleme s\u00fcrecinden ge\u00e7er.<\/p><\/div>\n<div id=\"attachment_5499\" style=\"width: 710px\" class=\"wp-caption alignnone\"><img decoding=\"async\" aria-describedby=\"caption-attachment-5499\" class=\"lazyload wp-image-5499 size-full\" src=\"https:\/\/richarms.com\/wp-content\/uploads\/2018\/12\/drawing.jpg\" data-orig-src=\"https:\/\/richarms.com\/wp-content\/uploads\/2018\/12\/drawing.jpg\" alt=\"Illustration of two magnetization directions for NdFeB magnets: Thickness Magnetized and Radially Magnetized.\" width=\"700\" height=\"907\" srcset=\"data:image\/svg+xml,%3Csvg%20xmlns%3D%27http%3A%2F%2Fwww.w3.org%2F2000%2Fsvg%27%20width%3D%27700%27%20height%3D%27907%27%20viewBox%3D%270%200%20700%20907%27%3E%3Crect%20width%3D%27700%27%20height%3D%27907%27%20fill-opacity%3D%220%22%2F%3E%3C%2Fsvg%3E\" data-srcset=\"https:\/\/richarms.com\/wp-content\/uploads\/2018\/12\/drawing-200x259.jpg 200w, https:\/\/richarms.com\/wp-content\/uploads\/2018\/12\/drawing-232x300.jpg 232w, https:\/\/richarms.com\/wp-content\/uploads\/2018\/12\/drawing-400x518.jpg 400w, https:\/\/richarms.com\/wp-content\/uploads\/2018\/12\/drawing-500x648.jpg 500w, https:\/\/richarms.com\/wp-content\/uploads\/2018\/12\/drawing-600x777.jpg 600w, https:\/\/richarms.com\/wp-content\/uploads\/2018\/12\/drawing.jpg 700w\" data-sizes=\"auto\" data-orig-sizes=\"(max-width: 700px) 100vw, 700px\" \/><p id=\"caption-attachment-5499\" class=\"wp-caption-text\">NdFeB m\u0131knat\u0131slar i\u00e7in iki m\u0131knat\u0131slanma y\u00f6n\u00fcn\u00fc anlamak: Kal\u0131nl\u0131k M\u0131knat\u0131slanm\u0131\u015f ve Radyal M\u0131knat\u0131slanm\u0131\u015f.<\/p><\/div>\n<p data-start=\"820\" data-end=\"835\"><strong data-start=\"820\" data-end=\"833\">Temel \u00d6zellikler:<\/strong><\/p>\n<ul data-start=\"836\" data-end=\"1316\">\n<li data-start=\"836\" data-end=\"942\"><strong data-start=\"838\" data-end=\"853\">Su ge\u00e7irmez:<\/strong> ABS kaplama, d\u0131\u015f mekan ve zorlu ortamlar i\u00e7in g\u00fcvenilir su direnci sa\u011flar.<\/li>\n<li data-start=\"943\" data-end=\"1050\"><strong data-start=\"945\" data-end=\"976\">K\u0131r\u0131lmaz ve Paslanmaya Dayan\u0131kl\u0131:<\/strong> Dayan\u0131kl\u0131 kaps\u00fclleme, m\u0131knat\u0131s\u0131 darbe ve korozyona kar\u015f\u0131 korur.<\/li>\n<li data-start=\"1051\" data-end=\"1203\"><strong data-start=\"1053\" data-end=\"1071\">\u00c7ok Y\u00f6nl\u00fc Kullan\u0131m:<\/strong> Ham m\u0131knat\u0131s olarak veya \u00e7anta donan\u0131m\u0131 ve di\u011fer \u00f6zel \u00fcr\u00fcnlerdeki gizli m\u0131knat\u0131s uygulamalar\u0131 i\u00e7in kaps\u00fcllenmi\u015f bir \u00e7\u00f6z\u00fcm olarak uygundur.<\/li>\n<li data-start=\"1204\" data-end=\"1316\"><strong data-start=\"1206\" data-end=\"1223\">\u00c7evre Dostu:<\/strong> \u00c7evreye duyarl\u0131 ABS malzemeden \u00fcretilmi\u015ftir, s\u00fcrd\u00fcr\u00fclebilir ve sa\u011flam bir \u00fcr\u00fcn sa\u011flar.<\/li>\n<\/ul>\n<p data-start=\"1318\" data-end=\"1799\"><strong data-start=\"1318\" data-end=\"1331\">Genel bak\u0131\u015f:<\/strong><br data-start=\"1331\" data-end=\"1334\" \/>Kaps\u00fcll\u00fc G\u00fc\u00e7l\u00fc M\u0131knat\u0131s Silindirimiz, kompakt bir tasar\u0131mda ola\u011fan\u00fcst\u00fc manyetik g\u00fc\u00e7 sunar. Birinci s\u0131n\u0131f NdFeB'den \u00fcretilen ve \u00e7evre dostu ABS ile kaps\u00fcllenen bu m\u0131knat\u0131s suya, darbelere ve korozyona dayanacak \u015fekilde tasarlanm\u0131\u015ft\u0131r. \u00d6zel renk se\u00e7enekleriyle birlikte standart siyah veya beyaz renklerde sunulan \u015f\u0131k y\u00fczeyi, gizli m\u0131knat\u0131s sistemleri, \u00e7anta donan\u0131m\u0131 ve \u00e7e\u015fitli end\u00fcstriyel kullan\u0131mlar dahil olmak \u00fczere \u00e7ok \u00e7e\u015fitli uygulamalar i\u00e7in m\u00fckemmeldir.<\/p>\n<p data-start=\"1801\" data-end=\"1826\"><strong data-start=\"1801\" data-end=\"1824\">\u0130deal Uygulamalar:<\/strong><\/p>\n<ul data-start=\"1827\" data-end=\"2025\">\n<li data-start=\"1827\" data-end=\"1880\">\u00d6zel \u00e7anta donan\u0131mlar\u0131nda gizli m\u0131knat\u0131s uygulamalar\u0131<\/li>\n<li data-start=\"1881\" data-end=\"1953\">Sa\u011flam manyetik \u00e7\u00f6z\u00fcmler gerektiren end\u00fcstriyel ve t\u00fcketici \u00fcr\u00fcnleri<\/li>\n<li data-start=\"1954\" data-end=\"2025\">\u015e\u0131k ve dayan\u0131kl\u0131 bir m\u0131knat\u0131s\u0131n gerekli oldu\u011fu aksesuarlar ve bile\u015fenler<\/li>\n<\/ul>\n<p data-start=\"2027\" data-end=\"2270\">Bu y\u00fcksek performansl\u0131 m\u0131knat\u0131s\u0131 \u00fcr\u00fcn tasar\u0131mlar\u0131n\u0131za entegre etmeye haz\u0131r m\u0131s\u0131n\u0131z? Bize ula\u015f\u0131n <a rel=\"noopener\" data-start=\"2138\" data-end=\"2183\">info@richarms.com<\/a> veya ziyaret edin <a href=\"https:\/\/richarmshardware.com\" target=\"_new\" rel=\"noopener\" data-start=\"2193\" data-end=\"2229\">Richarms Online Ma\u011faza<\/a> sipari\u015finizi vermek veya numune talep etmek i\u00e7in.<\/p>","protected":false},"excerpt":{"rendered":"<p>Tip Kal\u0131c\u0131 M\u0131knat\u0131slar<br \/>\nKompozit: Neodimyum M\u0131knat\u0131s<br \/>\n\u015eekil: sipari\u015f olarak yap<br \/>\nUygulama End\u00fcstriyel M\u0131knat\u0131s<br \/>\nKaplamalar: Ni, Zn, alt\u0131n, g\u00fcm\u00fc\u015f, bak\u0131r, epoksi vb.<br \/>\nTolerans: +\/-0,03 ila +\/-0,15<br \/>\n\u015eekiller: Yay\/Disk\/Bar\/Blok...<br \/>\nGrade: N3N35M-N52M,N35H-N50H,N33SH-N45SH<br \/>\nBoyutlar: \u00f6zelle\u015ftirilmi\u015f<br \/>\nm\u0131knat\u0131slama y\u00f6n\u00fc: \u00d6zelle\u015ftirilmi\u015f<br \/>\nteslimat: deniz, hava veya ekspres yoluyla<br \/>\nS\u0131cakl\u0131k: Maksimum \u00e7al\u0131\u015fma s\u0131cakl\u0131\u011f\u0131 230 d'ye kadar<\/p>","protected":false},"featured_media":5513,"template":"","meta":[],"product_brand":[],"product_cat":[53],"product_tag":[],"class_list":{"0":"post-5517","1":"product","2":"type-product","3":"status-publish","4":"has-post-thumbnail","6":"product_cat-magnets","8":"first","9":"instock","10":"shipping-taxable","11":"product-type-simple"},"aioseo_notices":[],"_links":{"self":[{"href":"https:\/\/richarms.com\/tr\/wp-json\/wp\/v2\/product\/5517","targetHints":{"allow":["GET"]}}],"collection":[{"href":"https:\/\/richarms.com\/tr\/wp-json\/wp\/v2\/product"}],"about":[{"href":"https:\/\/richarms.com\/tr\/wp-json\/wp\/v2\/types\/product"}],"wp:featuredmedia":[{"embeddable":true,"href":"https:\/\/richarms.com\/tr\/wp-json\/wp\/v2\/media\/5513"}],"wp:attachment":[{"href":"https:\/\/richarms.com\/tr\/wp-json\/wp\/v2\/media?parent=5517"}],"wp:term":[{"taxonomy":"product_brand","embeddable":true,"href":"https:\/\/richarms.com\/tr\/wp-json\/wp\/v2\/product_brand?post=5517"},{"taxonomy":"product_cat","embeddable":true,"href":"https:\/\/richarms.com\/tr\/wp-json\/wp\/v2\/product_cat?post=5517"},{"taxonomy":"product_tag","embeddable":true,"href":"https:\/\/richarms.com\/tr\/wp-json\/wp\/v2\/product_tag?post=5517"}],"curies":[{"name":"wp","href":"https:\/\/api.w.org\/{rel}","templated":true}]}}