{"id":5529,"date":"2021-07-09T17:24:12","date_gmt":"2021-07-09T09:24:12","guid":{"rendered":"https:\/\/richarms.com\/?post_type=product&#038;p=5529"},"modified":"2025-03-11T16:52:48","modified_gmt":"2025-03-11T08:52:48","slug":"ring-ferrite-permanent-magnet","status":"publish","type":"product","link":"https:\/\/richarms.com\/tr\/product\/ring-ferrite-permanent-magnet","title":{"rendered":"\u00c7ok Y\u00f6nl\u00fc Ferrit M\u0131knat\u0131slar"},"content":{"rendered":"<h1>Versatile Ferrite Magnets \u2013 Custom Shapes &amp; Sizes<\/h1>\n<table width=\"699\">\n<tbody>\n<tr>\n<td style=\"font-style: inherit;\" width=\"118\"><span style=\"font-style: inherit; font-weight: inherit;\">\u00dcr\u00fcn ad\u0131<\/span><\/td>\n<td style=\"font-style: inherit;\" colspan=\"4\" width=\"581\"><span style=\"font-style: inherit; font-weight: inherit;\">Ferrit m\u0131knat\u0131s<\/span><\/td>\n<\/tr>\n<tr>\n<td style=\"font-style: inherit;\" width=\"118\"><span style=\"font-style: inherit; font-weight: inherit;\">Malzeme<\/span><\/td>\n<td style=\"font-style: inherit;\" colspan=\"4\" width=\"581\"><span style=\"font-style: inherit; font-weight: inherit;\">Fe2O3, SrCo3, vb.<\/span><\/td>\n<\/tr>\n<tr>\n<td style=\"font-style: inherit;\" width=\"118\"><span style=\"font-style: inherit; font-weight: inherit;\">Boyut<\/span><\/td>\n<td style=\"font-style: inherit;\" colspan=\"4\" width=\"581\"><span style=\"font-style: inherit; font-weight: inherit;\">\u00d6zelle\u015ftirme<\/span><\/td>\n<\/tr>\n<tr>\n<td style=\"font-style: inherit;\" width=\"118\"><span style=\"font-style: inherit; font-weight: inherit;\">\u015eekil<\/span><\/td>\n<td style=\"font-style: inherit;\" colspan=\"4\" width=\"581\"><span style=\"font-style: inherit; font-weight: inherit;\">Dikd\u00f6rtgen, yuvarlak, halka, yay, vb.<\/span><\/td>\n<\/tr>\n<tr>\n<td style=\"font-style: inherit;\" width=\"118\"><span style=\"font-style: inherit; font-weight: inherit;\">Yo\u011funluk<\/span><\/td>\n<td style=\"font-style: inherit;\" colspan=\"4\" width=\"581\">4,9 g\/cm\u00b3<\/td>\n<\/tr>\n<tr>\n<td style=\"font-style: inherit;\" width=\"118\"><span style=\"font-style: inherit; font-weight: inherit;\">Paketleme<\/span><\/td>\n<td style=\"font-style: inherit;\" colspan=\"4\" width=\"581\"><span style=\"font-style: inherit; font-weight: inherit;\">Karton, demir, ah\u015fap kutu vb. gibi standart deniz veya hava ambalajlar\u0131.<\/span><\/td>\n<\/tr>\n<tr>\n<td style=\"font-style: inherit;\" width=\"118\"><span style=\"font-style: inherit; font-weight: inherit;\">Teslim tarihi<\/span><\/td>\n<td style=\"font-style: inherit;\" colspan=\"4\" width=\"581\" data-spm-anchor-id=\"a2700.details.pronpeci14.i1.50021a53af7EeO\"><span style=\"font-style: inherit; font-weight: inherit;\">Numuneler i\u00e7in 7 g\u00fcn; seri mallar i\u00e7in 20-25 g\u00fcn.<\/span><\/td>\n<\/tr>\n<\/tbody>\n<\/table>","protected":false},"excerpt":{"rendered":"<p>\u00dcr\u00fcn ad\u0131: Ferrit m\u0131knat\u0131s<br \/>\nMalzeme Fe2O3, SrCo3, vb.<br \/>\nBoyut\uff1a\u00d6zelle\u015ftir<br \/>\n\u015eekil\uff1aDikd\u00f6rtgen, yuvarlak, halka, yay, vb.<\/p>","protected":false},"featured_media":5520,"template":"","meta":[],"product_brand":[],"product_cat":[53],"product_tag":[],"class_list":{"0":"post-5529","1":"product","2":"type-product","3":"status-publish","4":"has-post-thumbnail","6":"product_cat-magnets","8":"first","9":"instock","10":"shipping-taxable","11":"product-type-simple"},"aioseo_notices":[],"_links":{"self":[{"href":"https:\/\/richarms.com\/tr\/wp-json\/wp\/v2\/product\/5529","targetHints":{"allow":["GET"]}}],"collection":[{"href":"https:\/\/richarms.com\/tr\/wp-json\/wp\/v2\/product"}],"about":[{"href":"https:\/\/richarms.com\/tr\/wp-json\/wp\/v2\/types\/product"}],"wp:featuredmedia":[{"embeddable":true,"href":"https:\/\/richarms.com\/tr\/wp-json\/wp\/v2\/media\/5520"}],"wp:attachment":[{"href":"https:\/\/richarms.com\/tr\/wp-json\/wp\/v2\/media?parent=5529"}],"wp:term":[{"taxonomy":"product_brand","embeddable":true,"href":"https:\/\/richarms.com\/tr\/wp-json\/wp\/v2\/product_brand?post=5529"},{"taxonomy":"product_cat","embeddable":true,"href":"https:\/\/richarms.com\/tr\/wp-json\/wp\/v2\/product_cat?post=5529"},{"taxonomy":"product_tag","embeddable":true,"href":"https:\/\/richarms.com\/tr\/wp-json\/wp\/v2\/product_tag?post=5529"}],"curies":[{"name":"wp","href":"https:\/\/api.w.org\/{rel}","templated":true}]}}