{"id":5542,"date":"2021-04-09T16:21:32","date_gmt":"2021-04-09T08:21:32","guid":{"rendered":"https:\/\/richarms.com\/?post_type=product&#038;p=5542"},"modified":"2026-01-07T09:17:28","modified_gmt":"2026-01-07T01:17:28","slug":"high-performance-neodymium-single-pole-magnet","status":"publish","type":"product","link":"https:\/\/richarms.com\/tr\/product\/high-performance-neodymium-single-pole-magnet","title":{"rendered":"Tek Kutuplu M\u0131knat\u0131s"},"content":{"rendered":"<h1 data-start=\"2371\" data-end=\"2464\">Single-Pole Magnet \u2013 Controlled Magnetic Force on One Working Surface<\/h1>\n<p>Richarms y\u00fcksek performansl\u0131 <strong>tek kutuplu m\u0131knat\u0131s<\/strong>\u00e7e\u015fitli \u00fcst d\u00fczey deri \u00fcr\u00fcnleri ve ambalaj uygulamalar\u0131 i\u00e7in g\u00f6r\u00fcnmez sabitleme \u00e7\u00f6z\u00fcmleri olarak \u00f6zel olarak tasarlanm\u0131\u015ft\u0131r. Neodimyum Demir Bor'dan (NdFeB) \u00fcretilen bu m\u0131knat\u0131slar \u00fcst\u00fcn manyetik g\u00fc\u00e7 ve dayan\u0131kl\u0131l\u0131k sergiler.<\/p>\n<h2>\u00dcr\u00fcn \u00d6zellikleri &amp; Bile\u015fimi<\/h2>\n<p>Tek kutuplu m\u0131knat\u0131slar, standart bir NdFeB m\u0131knat\u0131s\u0131n bir taraf\u0131n\u0131n koruyucu bir demir kabukla kaplanmas\u0131yla benzersiz bir \u015fekilde olu\u015fturulur. Tipik olarak, NdFeB m\u0131knat\u0131slar\u0131n her iki taraf\u0131nda da dengeli manyetik kutuplar bulunur. Ancak bizim tasar\u0131m\u0131m\u0131z manyetik alan\u0131 tamamen tek bir tarafa y\u00f6nlendirir:<\/p>\n<ul>\n<li><strong>Bir tarafta neredeyse s\u0131f\u0131r manyetizma<\/strong> - G\u00fcvenli ve m\u00fcdahaleci olmayan<\/li>\n<li><strong>A\u00e7\u0131kta kalan tarafta geli\u015ftirilmi\u015f manyetik g\u00fc\u00e7<\/strong> - G\u00fcvenilir kapatma g\u00fcc\u00fc<\/li>\n<li><strong>\u0130ste\u011fe Ba\u011fl\u0131 Koruyucu Katmanlar:<\/strong> Su ge\u00e7irmezlik ve hava ko\u015fullar\u0131na dayan\u0131kl\u0131l\u0131k \u00f6zelliklerini geli\u015ftirmek i\u00e7in talep \u00fczerine PVC veya TPR plastik filmler temin edilebilir.<\/li>\n<\/ul>\n<div id=\"attachment_5543\" style=\"width: 610px\" class=\"wp-caption alignnone\"><img decoding=\"async\" aria-describedby=\"caption-attachment-5543\" class=\"lazyload wp-image-5543 size-full\" src=\"https:\/\/richarms.com\/wp-content\/uploads\/2018\/12\/single-pole-magnet-1.png\" data-orig-src=\"https:\/\/richarms.com\/wp-content\/uploads\/2018\/12\/single-pole-magnet-1.png\" alt=\"Exploded view showing components of single pole magnet including NdFeB magnet and iron shell.\" width=\"600\" height=\"600\" srcset=\"data:image\/svg+xml,%3Csvg%20xmlns%3D%27http%3A%2F%2Fwww.w3.org%2F2000%2Fsvg%27%20width%3D%27600%27%20height%3D%27600%27%20viewBox%3D%270%200%20600%20600%27%3E%3Crect%20width%3D%27600%27%20height%3D%27600%27%20fill-opacity%3D%220%22%2F%3E%3C%2Fsvg%3E\" data-srcset=\"https:\/\/richarms.com\/wp-content\/uploads\/2018\/12\/single-pole-magnet-1-66x66.png 66w, https:\/\/richarms.com\/wp-content\/uploads\/2018\/12\/single-pole-magnet-1-100x100.png 100w, https:\/\/richarms.com\/wp-content\/uploads\/2018\/12\/single-pole-magnet-1-150x150.png 150w, https:\/\/richarms.com\/wp-content\/uploads\/2018\/12\/single-pole-magnet-1-200x200.png 200w, https:\/\/richarms.com\/wp-content\/uploads\/2018\/12\/single-pole-magnet-1-300x300.png 300w, https:\/\/richarms.com\/wp-content\/uploads\/2018\/12\/single-pole-magnet-1-400x400.png 400w, https:\/\/richarms.com\/wp-content\/uploads\/2018\/12\/single-pole-magnet-1-500x500.png 500w, https:\/\/richarms.com\/wp-content\/uploads\/2018\/12\/single-pole-magnet-1.png 600w\" data-sizes=\"auto\" data-orig-sizes=\"(max-width: 600px) 100vw, 600px\" \/><p id=\"caption-attachment-5543\" class=\"wp-caption-text\">Tek kutuplu bir m\u0131knat\u0131s\u0131n bile\u015fenlerini g\u00f6steren ayr\u0131nt\u0131l\u0131 patlat\u0131lm\u0131\u015f g\u00f6r\u00fcn\u00fcm: m\u0131knat\u0131s, demir kabuk ve birle\u015ftirilmi\u015f \u00fcr\u00fcn.<\/p><\/div>\n<div class=\"video-shortcode\"><iframe title=\"Single-Pole Magnetic Snaps | Controlled Magnetic Force for One-Side Applications\" width=\"1200\" height=\"675\" src=\"https:\/\/www.youtube.com\/embed\/J8vG6OXajeA?feature=oembed\" frameborder=\"0\" allow=\"accelerometer; autoplay; clipboard-write; encrypted-media; gyroscope; picture-in-picture; web-share\" referrerpolicy=\"strict-origin-when-cross-origin\" allowfullscreen><\/iframe><\/div>\n<h2 class=\"\" data-start=\"263\" data-end=\"334\">Tek Kutuplu M\u0131knat\u0131slar Nas\u0131l \u00c7al\u0131\u015f\u0131r - Tek Kutup Etkisinin Arkas\u0131ndaki Prensip<\/h2>\n<p class=\"\" data-start=\"336\" data-end=\"714\">Teknik olarak, <strong data-start=\"349\" data-end=\"380\">m\u00fckemmel tek kutuplu m\u0131knat\u0131slar<\/strong> (ger\u00e7ek manyetik monopoller) do\u011fal olarak mevcut de\u011fildir. Geleneksel m\u0131knat\u0131slarda, onlar\u0131 ne kadar k\u00fc\u00e7\u00fck keserseniz kesin, her par\u00e7a hala bir kuzey ve bir g\u00fcney kutbunu korur.<br data-start=\"542\" data-end=\"545\" \/>Ancak, <strong data-start=\"554\" data-end=\"588\">tasarlanm\u0131\u015f tek kutuplu m\u0131knat\u0131slar<\/strong>-ayr\u0131ca denir <strong data-start=\"601\" data-end=\"622\">tek kutuplu m\u0131knat\u0131slar<\/strong>-ba\u015farmak <em data-start=\"633\" data-end=\"664\">\"tek tarafl\u0131 manyetik alan\"<\/em> arac\u0131l\u0131\u011f\u0131yla etki <strong data-start=\"680\" data-end=\"713\">manyetik ekranlama teknikleri<\/strong>.<\/p>\n<h3 class=\"\" data-start=\"716\" data-end=\"744\">Yap\u0131 ve Prensip:<\/h3>\n<ul>\n<li data-start=\"748\" data-end=\"800\">G\u00fc\u00e7l\u00fc bir <strong data-start=\"757\" data-end=\"777\">Neodimyum m\u0131knat\u0131s<\/strong> \u00f6nce \u00fcretilir.<\/li>\n<li data-start=\"803\" data-end=\"940\">Sonra, <strong data-start=\"809\" data-end=\"821\">bir taraf<\/strong> m\u0131knat\u0131s\u0131n <strong data-start=\"839\" data-end=\"902\">y\u00fcksek ge\u00e7irgenli\u011fe sahip ferromanyetik bir malzeme ile kaps\u00fcllenmi\u015f<\/strong> (yumu\u015fak demir veya \u00e7elik levha gibi).<\/li>\n<li data-start=\"943\" data-end=\"1132\">Bu <strong data-start=\"948\" data-end=\"1014\">koruyucu plaka manyetik alan \u00e7izgilerini emer ve yeniden y\u00f6nlendirir<\/strong>manyetik g\u00fcc\u00fc korumas\u0131z tarafta yo\u011funla\u015ft\u0131r\u0131rken korumal\u0131 taraftaki manyetik kuvveti en aza indirir.<\/li>\n<\/ul>\n<p class=\"\" data-start=\"1134\" data-end=\"1148\">Sonu\u00e7 \u015fu:<\/p>\n<ul>\n<li data-start=\"1152\" data-end=\"1251\"><strong data-start=\"1152\" data-end=\"1198\">Korumal\u0131 tarafta manyetizma neredeyse s\u0131f\u0131r<\/strong> - hassas elektronik cihazlar\u0131n veya cildin yak\u0131n\u0131nda g\u00fcvenli hale getirir.<\/li>\n<li data-start=\"1254\" data-end=\"1388\"><strong data-start=\"1254\" data-end=\"1313\">A\u00e7\u0131kta kalan tarafta daha g\u00fc\u00e7l\u00fc ve daha odaklanm\u0131\u015f manyetizma<\/strong> - g\u00fcvenli kapatma, ba\u011flama veya hassas alg\u0131lama uygulamalar\u0131 i\u00e7in idealdir.<\/li>\n<\/ul>\n<p class=\"\" data-start=\"1390\" data-end=\"1612\">Bu kontroll\u00fc manyetik alan davran\u0131\u015f\u0131, bu m\u0131knat\u0131slar\u0131n pratikte \"tek kutuplu m\u0131knat\u0131slar\" olarak adland\u0131r\u0131lmas\u0131na izin veren \u015feydir, ancak tam olarak konu\u015fmak gerekirse, asimetrik manyetik da\u011f\u0131l\u0131ma sahip olduk\u00e7a y\u00f6nl\u00fc \u00e7ift kutuplard\u0131r.<\/p>\n<h3 class=\"\" data-start=\"1614\" data-end=\"1643\">\u00d6nemli Teknik \u00d6zellikler:<\/h3>\n<ul>\n<li data-start=\"1647\" data-end=\"1726\"><strong data-start=\"1647\" data-end=\"1673\">Manyetik Ak\u0131 Kontrol\u00fc:<\/strong> Manyetik ak\u0131n\u0131n 90%'den fazlas\u0131n\u0131 bir tarafa y\u00f6nlendirir.<\/li>\n<li data-start=\"1729\" data-end=\"1819\"><strong data-start=\"1729\" data-end=\"1750\">G\u00fcvenlik Avantaj\u0131:<\/strong> Korumal\u0131 taraftan istenmeyen \u00e7ekim veya paraziti \u00f6nler.<\/li>\n<li data-start=\"1822\" data-end=\"2007\"><strong data-start=\"1822\" data-end=\"1850\">\u00d6zelle\u015ftirme Mevcuttur:<\/strong> Kalkan\u0131n kal\u0131nl\u0131\u011f\u0131 ve malzemesi ayarlanarak, farkl\u0131 manyetik alan g\u00fc\u00e7leri ve \u00e7al\u0131\u015fma mesafeleri belirli uygulamalar i\u00e7in hassas bir \u015fekilde ayarlanabilir.<\/li>\n<\/ul>\n<h2 data-start=\"25\" data-end=\"40\"><strong data-start=\"25\" data-end=\"40\">Nas\u0131l Kullan\u0131l\u0131r?<\/strong><\/h2>\n<ul>\n<li><strong data-start=\"45\" data-end=\"69\">M\u0131knat\u0131s + Demir Plaka:<\/strong> Tek kutuplu bir m\u0131knat\u0131s\u0131n ince bir demir plaka ile e\u015fle\u015ftirilmesi, deri dergiler, ambalajlar ve hediye kutular\u0131 i\u00e7in ideal olan daha d\u00fc\u015f\u00fck bir toplam maliyetle g\u00fcvenilir manyetik \u00e7ekim sa\u011flar.<\/li>\n<\/ul>\n<div id=\"attachment_8258\" style=\"width: 810px\" class=\"wp-caption alignnone\"><img decoding=\"async\" aria-describedby=\"caption-attachment-8258\" class=\"lazyload wp-image-8258 size-full\" src=\"https:\/\/richarms.com\/wp-content\/uploads\/2021\/04\/42301743244106_.pic_.jpg\" data-orig-src=\"https:\/\/richarms.com\/wp-content\/uploads\/2021\/04\/42301743244106_.pic_.jpg\" alt=\"Single Pole Magnet Paired with Iron Plate for Notebooks and Gift Boxes\" width=\"800\" height=\"442\" srcset=\"data:image\/svg+xml,%3Csvg%20xmlns%3D%27http%3A%2F%2Fwww.w3.org%2F2000%2Fsvg%27%20width%3D%27800%27%20height%3D%27442%27%20viewBox%3D%270%200%20800%20442%27%3E%3Crect%20width%3D%27800%27%20height%3D%27442%27%20fill-opacity%3D%220%22%2F%3E%3C%2Fsvg%3E\" data-srcset=\"https:\/\/richarms.com\/wp-content\/uploads\/2021\/04\/42301743244106_.pic_-200x111.jpg 200w, https:\/\/richarms.com\/wp-content\/uploads\/2021\/04\/42301743244106_.pic_-300x166.jpg 300w, https:\/\/richarms.com\/wp-content\/uploads\/2021\/04\/42301743244106_.pic_-400x221.jpg 400w, https:\/\/richarms.com\/wp-content\/uploads\/2021\/04\/42301743244106_.pic_-500x276.jpg 500w, https:\/\/richarms.com\/wp-content\/uploads\/2021\/04\/42301743244106_.pic_-600x332.jpg 600w, https:\/\/richarms.com\/wp-content\/uploads\/2021\/04\/42301743244106_.pic_-700x387.jpg 700w, https:\/\/richarms.com\/wp-content\/uploads\/2021\/04\/42301743244106_.pic_-768x424.jpg 768w, https:\/\/richarms.com\/wp-content\/uploads\/2021\/04\/42301743244106_.pic_.jpg 800w\" data-sizes=\"auto\" data-orig-sizes=\"(max-width: 800px) 100vw, 800px\" \/><p id=\"caption-attachment-8258\" class=\"wp-caption-text\">Uygun maliyetli manyetik kapatma i\u00e7in ince demir plakalarla e\u015fle\u015ftirilmi\u015f tek kutuplu m\u0131knat\u0131s<\/p><\/div>\n<ul>\n<li data-start=\"244\" data-end=\"473\"><strong data-start=\"244\" data-end=\"264\">M\u0131knat\u0131s + M\u0131knat\u0131s:<\/strong> Daha fazla manyetik g\u00fc\u00e7 i\u00e7in iki tek kutuplu m\u0131knat\u0131s\u0131 birlikte kullan\u0131n. Bu g\u00fc\u00e7l\u00fc kombinasyon \u00f6zellikle \u00e7antalar, c\u00fczdanlar, s\u0131rt \u00e7antalar\u0131 ve ekstra tutma g\u00fcc\u00fc gerektiren di\u011fer premium uygulamalar i\u00e7in uygundur.<\/li>\n<\/ul>\n<div id=\"attachment_8259\" style=\"width: 810px\" class=\"wp-caption alignnone\"><img decoding=\"async\" aria-describedby=\"caption-attachment-8259\" class=\"lazyload wp-image-8259 size-full\" src=\"https:\/\/richarms.com\/wp-content\/uploads\/2021\/04\/42311743244115_.pic_.jpg\" data-orig-src=\"https:\/\/richarms.com\/wp-content\/uploads\/2021\/04\/42311743244115_.pic_.jpg\" alt=\"Powerful Single Pole Magnet Pair for Bags and Leather Goods\" width=\"800\" height=\"386\" srcset=\"data:image\/svg+xml,%3Csvg%20xmlns%3D%27http%3A%2F%2Fwww.w3.org%2F2000%2Fsvg%27%20width%3D%27800%27%20height%3D%27386%27%20viewBox%3D%270%200%20800%20386%27%3E%3Crect%20width%3D%27800%27%20height%3D%27386%27%20fill-opacity%3D%220%22%2F%3E%3C%2Fsvg%3E\" data-srcset=\"https:\/\/richarms.com\/wp-content\/uploads\/2021\/04\/42311743244115_.pic_-200x97.jpg 200w, https:\/\/richarms.com\/wp-content\/uploads\/2021\/04\/42311743244115_.pic_-300x145.jpg 300w, https:\/\/richarms.com\/wp-content\/uploads\/2021\/04\/42311743244115_.pic_-400x193.jpg 400w, https:\/\/richarms.com\/wp-content\/uploads\/2021\/04\/42311743244115_.pic_-500x241.jpg 500w, https:\/\/richarms.com\/wp-content\/uploads\/2021\/04\/42311743244115_.pic_-600x290.jpg 600w, https:\/\/richarms.com\/wp-content\/uploads\/2021\/04\/42311743244115_.pic_-700x338.jpg 700w, https:\/\/richarms.com\/wp-content\/uploads\/2021\/04\/42311743244115_.pic_-768x371.jpg 768w, https:\/\/richarms.com\/wp-content\/uploads\/2021\/04\/42311743244115_.pic_.jpg 800w\" data-sizes=\"auto\" data-orig-sizes=\"(max-width: 800px) 100vw, 800px\" \/><p id=\"caption-attachment-8259\" class=\"wp-caption-text\">\u00c7ift tek kutuplu m\u0131knat\u0131slar g\u00fc\u00e7l\u00fc bir manyetik ba\u011flant\u0131 olu\u015fturur<\/p><\/div>\n<h2>Uygulamalar &amp; \u00c7ok Y\u00f6nl\u00fcl\u00fck<\/h2>\n<p>G\u00f6r\u00fcnmez tek kutuplu m\u0131knat\u0131slar\u0131m\u0131z, a\u015fa\u011f\u0131dakiler de dahil olmak \u00fczere geni\u015f bir uygulama yelpazesinde benzersiz \u00e7ok y\u00f6nl\u00fcl\u00fck sunar:<\/p>\n<ul>\n<li><strong>Deri e\u015fyalar:<\/strong> \u00e7antalar, c\u00fczdanlar, c\u00fczdanlar, debriyajlar<\/li>\n<li><strong>Profesyonel \u00dcr\u00fcnler:<\/strong> deri ciltli g\u00fcnl\u00fckler, planlay\u0131c\u0131lar, belge tutucular<\/li>\n<li><strong>Ambalaj \u00c7\u00f6z\u00fcmleri:<\/strong> l\u00fcks hediye kutular\u0131, premium ambalajlar<\/li>\n<li><strong>Moda Aksesuarlar\u0131:<\/strong> giysi ve aksesuarlarda gizli kapaklar<\/li>\n<\/ul>\n<h2>\u00d6zelle\u015ftirme Hizmetleri<\/h2>\n<p>Richarms, proje gereksinimlerinize tam olarak uyum sa\u011flamak i\u00e7in tam \u00f6zelle\u015ftirme sunan \u00f6zel \u00e7\u00f6z\u00fcmler konusunda uzmanla\u015fm\u0131\u015ft\u0131r:<\/p>\n<ul>\n<li><strong>\u015eekil \u00d6zelle\u015ftirme:<\/strong> Standart \u015fekiller aras\u0131nda dairesel, dikd\u00f6rtgen ve kare yer almakta olup, talep \u00fczerine tamamen \u00f6zel \u015fekiller de olu\u015fturulabilmektedir.<\/li>\n<li><strong>Y\u00fczey \u0130\u015flemi:<\/strong> Se\u00e7enekler aras\u0131nda \u00e7\u0131plak NdFeB m\u0131knat\u0131slar, PVC veya TPR kapl\u0131 m\u0131knat\u0131slar ve geli\u015fmi\u015f koruma ve estetik i\u00e7in plastik kapl\u0131 tek kutuplu m\u0131knat\u0131slar bulunur.<\/li>\n<li><strong>Manyetik G\u00fc\u00e7:<\/strong> Uygulama ihtiya\u00e7lar\u0131n\u0131za g\u00f6re ayarlanabilir, N30 - N52 s\u0131n\u0131f\u0131 sunuyoruz.<\/li>\n<li><strong>Logo ve Markala\u015fma:<\/strong> Markal\u0131 \u00e7\u00f6z\u00fcmler olu\u015fturmak i\u00e7in ki\u015fiselle\u015ftirilmi\u015f logolar eklenebilir.<\/li>\n<\/ul>\n<h2 data-start=\"3842\" data-end=\"3887\"><strong data-start=\"3842\" data-end=\"3887\">Technical Advantage of Single-Pole Design<\/strong><\/h2>\n<p data-start=\"3889\" data-end=\"4164\">Unlike standard double-sided magnetic snaps, the single-pole structure focuses magnetic force on the working surface, improving efficiency while reducing unwanted attraction on the opposite side.<br data-start=\"4084\" data-end=\"4087\" \/>This makes it ideal for applications where controlled magnetism is essential.<\/p>\n<h2>Kurulum ve Entegrasyon<\/h2>\n<p>G\u00f6r\u00fcnmez tek kutuplu m\u0131knat\u0131slar tipik olarak kuma\u015f veya deri astar\u0131n\u0131n i\u00e7ine gizlenir ve d\u0131\u015far\u0131dan g\u00f6r\u00fcnmez. Bu y\u00f6ntem \u015funlar\u0131 sa\u011flar:<\/p>\n<ul>\n<li>Estetik \u00e7ekicilik<\/li>\n<li>Geli\u015ftirilmi\u015f dayan\u0131kl\u0131l\u0131k<\/li>\n<li>Basitle\u015ftirilmi\u015f \u00fcretim s\u00fcre\u00e7leri<\/li>\n<\/ul>\n<h2>Neden Richarms'\u0131 Se\u00e7melisiniz?<\/h2>\n<ul>\n<li><strong>B2B Toptan Sat\u0131\u015f Avantaj\u0131:<\/strong> Rekabet\u00e7i fabrika-do\u011frudan fiyatland\u0131rma, uygun maliyetli tedarik sa\u011flar.<\/li>\n<li><strong>Kapsaml\u0131 Deneyim:<\/strong> \u00d6zelle\u015ftirilmi\u015f manyetik kapaklar ve ba\u011flant\u0131 elemanlar\u0131 hakk\u0131nda uzman g\u00f6r\u00fc\u015fleri.<\/li>\n<li><strong>Esnek Sipari\u015fler:<\/strong> Kolayla\u015ft\u0131r\u0131lm\u0131\u015f s\u00fcre\u00e7lerle b\u00fcy\u00fck ve k\u00fc\u00e7\u00fck sipari\u015f miktarlar\u0131n\u0131 kar\u015f\u0131l\u0131yoruz.<\/li>\n<\/ul>\n<p>A\u015fa\u011f\u0131dakiler gibi ilgili \u00fcr\u00fcnleri ke\u015ffedin <a href=\"https:\/\/richarms.com\/tr\/urun\/cylinder-magnet-wholesale\/\">NdFEB m\u0131knat\u0131s , <\/a><a href=\"https:\/\/richarms.com\/tr\/urun\/best-pvc-invisible-hidden-sew-in-magnetic-snaps-factory\/\">Plastik kapakl\u0131 NdFEB m\u0131knat\u0131s\u00a0<\/a> veya <a href=\"https:\/\/richarms.com\/tr\/urun\/strongest-magnet-neodymium-magnets-%e5%a4%8d%e5%88%b6\/\">\u00c7elik kapakl\u0131 ve plastik kapakl\u0131 NdFEB m\u0131knat\u0131s<\/a> koleksiyonunuzu tamamlamak i\u00e7in.<\/p>\n<h3>Tek Kutuplu M\u0131knat\u0131slar\u0131n\u0131z\u0131 \u00d6zelle\u015ftirmeye Haz\u0131r m\u0131s\u0131n\u0131z?<\/h3>\n<p>\ud83d\udce9 <a href=\"https:\/\/richarms.com\/tr\/contact\/\">Contact us by email<\/a> to discuss your application<br data-start=\"4328\" data-end=\"4331\" \/>\ud83d\udce6<a href=\"https:\/\/www.richarmshardware.com\/products\/invisible-sew-magnet-round-shape\"> Get samples<\/a> for functional testing<\/p>","protected":false},"excerpt":{"rendered":"<p>Tip Manyetik \u00c7\u0131t\u00e7\u0131tlarda Gizli Diki\u015f<br \/>\nKompozit: Neodimyum M\u0131knat\u0131s, Demir Kapak<br \/>\n\u015eekil: sipari\u015f olarak yap<br \/>\nTolerans: +\/-0,03 ila +\/-0,15<br \/>\nGrade: N3N35M-N52M,N35H-N50H,N33SH-N45SH<br \/>\nBoyutlar: \u00f6zelle\u015ftirilmi\u015f<br \/>\nm\u0131knat\u0131slama y\u00f6n\u00fc: \u00d6zelle\u015ftirilmi\u015f<br \/>\nteslimat: deniz, hava veya ekspres yoluyla<br \/>\nS\u0131cakl\u0131k: Maksimum \u00e7al\u0131\u015fma s\u0131cakl\u0131\u011f\u0131 230 d'ye kadar<\/p>","protected":false},"featured_media":5544,"template":"","meta":[],"product_brand":[],"product_cat":[15,53],"product_tag":[],"class_list":{"0":"post-5542","1":"product","2":"type-product","3":"status-publish","4":"has-post-thumbnail","6":"product_cat-magnetic-snaps","7":"product_cat-magnets","9":"first","10":"instock","11":"shipping-taxable","12":"product-type-simple"},"aioseo_notices":[],"_links":{"self":[{"href":"https:\/\/richarms.com\/tr\/wp-json\/wp\/v2\/product\/5542","targetHints":{"allow":["GET"]}}],"collection":[{"href":"https:\/\/richarms.com\/tr\/wp-json\/wp\/v2\/product"}],"about":[{"href":"https:\/\/richarms.com\/tr\/wp-json\/wp\/v2\/types\/product"}],"wp:featuredmedia":[{"embeddable":true,"href":"https:\/\/richarms.com\/tr\/wp-json\/wp\/v2\/media\/5544"}],"wp:attachment":[{"href":"https:\/\/richarms.com\/tr\/wp-json\/wp\/v2\/media?parent=5542"}],"wp:term":[{"taxonomy":"product_brand","embeddable":true,"href":"https:\/\/richarms.com\/tr\/wp-json\/wp\/v2\/product_brand?post=5542"},{"taxonomy":"product_cat","embeddable":true,"href":"https:\/\/richarms.com\/tr\/wp-json\/wp\/v2\/product_cat?post=5542"},{"taxonomy":"product_tag","embeddable":true,"href":"https:\/\/richarms.com\/tr\/wp-json\/wp\/v2\/product_tag?post=5542"}],"curies":[{"name":"wp","href":"https:\/\/api.w.org\/{rel}","templated":true}]}}