{"id":5589,"date":"2021-07-08T19:58:20","date_gmt":"2021-07-08T11:58:20","guid":{"rendered":"https:\/\/richarms.com\/?post_type=product&#038;p=5589"},"modified":"2025-03-12T10:18:38","modified_gmt":"2025-03-12T02:18:38","slug":"metal-lock-for-a5-notebook-cover","status":"publish","type":"product","link":"https:\/\/richarms.com\/tr\/product\/metal-lock-for-a5-notebook-cover","title":{"rendered":"Zn Ala\u015f\u0131ml\u0131 Manyetik Defter Kilidi"},"content":{"rendered":"<h1>Zn Ala\u015f\u0131ml\u0131 Manyetik Notebook Kilidi - G\u00fcvenli ve \u015e\u0131k<\/h1>\n<p><strong>Malzeme:<br \/>\n<\/strong>Zn Ala\u015f\u0131m, Demir, Neodimyum M\u0131knat\u0131s<\/p>\n<p><strong>Boyut:<br \/>\n<\/strong>G14mm x L28mm x Y6,8mm, 11,2g<\/p>\n<p><strong>Paket<\/strong><strong>\uff1a<br \/>\n<\/strong>\u0130\u00e7 Ambalaj: Rulo ka\u011f\u0131t paketlenmi\u015f veya opp torba paketlenmi\u015f<br \/>\nD\u0131\u015f Ambalaj: Kraft Ctn<\/p>\n<p><strong>Biti\u015fler<\/strong><strong>\uff1a<br \/>\n<\/strong>Standart kaplama PLAIN'dir, logo \u00f6zelle\u015ftirilebilir<br \/>\n\u0130htiya\u00e7lar\u0131n\u0131z\u0131 kar\u015f\u0131lamak i\u00e7in \u00e7e\u015fitli renk, cilal\u0131, lake mevcuttur.<\/p>","protected":false},"excerpt":{"rendered":"<p>Zn Ala\u015f\u0131ml\u0131 Manyetik Defter Kilidi<br \/>\nMalzeme Zn Ala\u015f\u0131m, Demir, Neodimyum m\u0131knat\u0131s<br \/>\nBoyut: W14mm x L28mm x H6.8mm<br \/>\nA\u011f\u0131rl\u0131k: 11,2g<\/p>","protected":false},"featured_media":5583,"template":"","meta":[],"product_brand":[],"product_cat":[73],"product_tag":[],"class_list":{"0":"post-5589","1":"product","2":"type-product","3":"status-publish","4":"has-post-thumbnail","6":"product_cat-leathernotebook-magnetic-closures","8":"first","9":"instock","10":"shipping-taxable","11":"product-type-simple"},"aioseo_notices":[],"_links":{"self":[{"href":"https:\/\/richarms.com\/tr\/wp-json\/wp\/v2\/product\/5589","targetHints":{"allow":["GET"]}}],"collection":[{"href":"https:\/\/richarms.com\/tr\/wp-json\/wp\/v2\/product"}],"about":[{"href":"https:\/\/richarms.com\/tr\/wp-json\/wp\/v2\/types\/product"}],"wp:featuredmedia":[{"embeddable":true,"href":"https:\/\/richarms.com\/tr\/wp-json\/wp\/v2\/media\/5583"}],"wp:attachment":[{"href":"https:\/\/richarms.com\/tr\/wp-json\/wp\/v2\/media?parent=5589"}],"wp:term":[{"taxonomy":"product_brand","embeddable":true,"href":"https:\/\/richarms.com\/tr\/wp-json\/wp\/v2\/product_brand?post=5589"},{"taxonomy":"product_cat","embeddable":true,"href":"https:\/\/richarms.com\/tr\/wp-json\/wp\/v2\/product_cat?post=5589"},{"taxonomy":"product_tag","embeddable":true,"href":"https:\/\/richarms.com\/tr\/wp-json\/wp\/v2\/product_tag?post=5589"}],"curies":[{"name":"wp","href":"https:\/\/api.w.org\/{rel}","templated":true}]}}