{"id":5672,"date":"2021-07-08T22:08:18","date_gmt":"2021-07-08T14:08:18","guid":{"rendered":"https:\/\/richarms.com\/?post_type=product&#038;p=5672"},"modified":"2025-03-12T10:04:19","modified_gmt":"2025-03-12T02:04:19","slug":"leather-notebook-cover-metal-clasp-3","status":"publish","type":"product","link":"https:\/\/richarms.com\/tr\/product\/leather-notebook-cover-metal-clasp-3","title":{"rendered":"D\u00fczlem \u015eeklinde 3 Katl\u0131 M\u0131knat\u0131sl\u0131 Toka"},"content":{"rendered":"<h1>Plane-Shaped 3-Fold Magnet Clasp \u2013 Zn Alloy &amp; Iron<\/h1>\n<p><strong>Malzeme:<br \/>\n<\/strong>Zn Alloy, Iron<\/p>\n<p><strong>Boyut:<br \/>\n<\/strong>W6.7mm x L76.7mm x H2.5mm, 7.8g<\/p>\n<p><strong>Paket<\/strong><strong>\uff1a<br \/>\n<\/strong>\u0130\u00e7 Ambalaj: Rulo ka\u011f\u0131t paketlenmi\u015f veya opp torba paketlenmi\u015f<br \/>\nD\u0131\u015f Ambalaj: Kraft Ctn<\/p>\n<p><strong>Biti\u015fler<\/strong><strong>\uff1a<br \/>\n<\/strong>Standart kaplama PLAIN'dir, logo \u00f6zelle\u015ftirilebilir<br \/>\n\u0130htiya\u00e7lar\u0131n\u0131z\u0131 kar\u015f\u0131lamak i\u00e7in \u00e7e\u015fitli renk, cilal\u0131, lake mevcuttur.<\/p>","protected":false},"excerpt":{"rendered":"<p>Zn Alloy Three-Folded Plane Magnet Clasp<br \/>\nMalzeme Zn Ala\u015f\u0131m, Demir<br \/>\nSize: W6.7mm x L76.7mm x H2.5mm<br \/>\nWeight: 7.8g<\/p>","protected":false},"featured_media":5658,"template":"","meta":[],"product_brand":[],"product_cat":[73],"product_tag":[],"class_list":{"0":"post-5672","1":"product","2":"type-product","3":"status-publish","4":"has-post-thumbnail","6":"product_cat-leathernotebook-magnetic-closures","8":"first","9":"instock","10":"shipping-taxable","11":"product-type-simple"},"aioseo_notices":[],"_links":{"self":[{"href":"https:\/\/richarms.com\/tr\/wp-json\/wp\/v2\/product\/5672","targetHints":{"allow":["GET"]}}],"collection":[{"href":"https:\/\/richarms.com\/tr\/wp-json\/wp\/v2\/product"}],"about":[{"href":"https:\/\/richarms.com\/tr\/wp-json\/wp\/v2\/types\/product"}],"wp:featuredmedia":[{"embeddable":true,"href":"https:\/\/richarms.com\/tr\/wp-json\/wp\/v2\/media\/5658"}],"wp:attachment":[{"href":"https:\/\/richarms.com\/tr\/wp-json\/wp\/v2\/media?parent=5672"}],"wp:term":[{"taxonomy":"product_brand","embeddable":true,"href":"https:\/\/richarms.com\/tr\/wp-json\/wp\/v2\/product_brand?post=5672"},{"taxonomy":"product_cat","embeddable":true,"href":"https:\/\/richarms.com\/tr\/wp-json\/wp\/v2\/product_cat?post=5672"},{"taxonomy":"product_tag","embeddable":true,"href":"https:\/\/richarms.com\/tr\/wp-json\/wp\/v2\/product_tag?post=5672"}],"curies":[{"name":"wp","href":"https:\/\/api.w.org\/{rel}","templated":true}]}}