{"id":5674,"date":"2021-07-08T22:10:12","date_gmt":"2021-07-08T14:10:12","guid":{"rendered":"https:\/\/richarms.com\/?post_type=product&#038;p=5674"},"modified":"2025-03-12T17:19:11","modified_gmt":"2025-03-12T09:19:11","slug":"leather-notebook-cover-metal-clasp-5","status":"publish","type":"product","link":"https:\/\/richarms.com\/tr\/product\/leather-notebook-cover-metal-clasp-5","title":{"rendered":"Yuvarlak Manyetik Toka - Defterler ve \u00c7antalar i\u00e7in Premium Kapatma"},"content":{"rendered":"<h1 data-start=\"331\" data-end=\"627\">Yuvarlak Manyetik Toka - Defterler ve \u00c7antalar i\u00e7in Premium Kapatma<\/h1>\n<p data-start=\"331\" data-end=\"627\">Yuvarlak Manyetik Tokam\u0131z, diz\u00fcst\u00fc bilgisayarlar, \u00e7antalar ve di\u011fer birinci s\u0131n\u0131f aksesuarlar i\u00e7in g\u00fcvenli ve sorunsuz bir kapatma \u00e7\u00f6z\u00fcm\u00fc sunmak \u00fczere tasarlanm\u0131\u015ft\u0131r. P\u00fcr\u00fczs\u00fcz, dairesel tasar\u0131m\u0131yla bu manyetik toka, g\u00fcvenilir i\u015flevselli\u011fi her \u00fcr\u00fcn\u00fcn genel \u00e7ekicili\u011fini art\u0131ran zarif bir estetikle birle\u015ftirir.<\/p>\n<p data-start=\"629\" data-end=\"646\"><strong data-start=\"629\" data-end=\"646\">Temel \u00d6zellikler:<\/strong><\/p>\n<ul>\n<li data-start=\"650\" data-end=\"848\"><strong data-start=\"650\" data-end=\"684\">\u00dcst\u00fcn Manyetik Performans:<\/strong><br data-start=\"684\" data-end=\"687\" \/>Sa\u011flam bir neodim m\u0131knat\u0131sla donat\u0131lm\u0131\u015f yuvarlak manyetik toka, g\u00fc\u00e7l\u00fc ve tutarl\u0131 bir tutu\u015f sa\u011flayarak e\u015fyalar\u0131n\u0131z\u0131 g\u00fcnl\u00fck kullan\u0131m boyunca g\u00fcvenli bir \u015fekilde sabit tutar.<\/li>\n<\/ul>\n<div id=\"attachment_8227\" style=\"width: 605px\" class=\"wp-caption alignnone\"><img decoding=\"async\" aria-describedby=\"caption-attachment-8227\" class=\"lazyload wp-image-8227 size-full\" src=\"https:\/\/richarms.com\/wp-content\/uploads\/2021\/07\/41951741768694_.pic_.jpg\" data-orig-src=\"https:\/\/richarms.com\/wp-content\/uploads\/2021\/07\/41951741768694_.pic_.jpg\" alt=\"Round magnetic clasp installed on a leather-covered notebook.\" width=\"595\" height=\"616\" srcset=\"data:image\/svg+xml,%3Csvg%20xmlns%3D%27http%3A%2F%2Fwww.w3.org%2F2000%2Fsvg%27%20width%3D%27595%27%20height%3D%27616%27%20viewBox%3D%270%200%20595%20616%27%3E%3Crect%20width%3D%27595%27%20height%3D%27616%27%20fill-opacity%3D%220%22%2F%3E%3C%2Fsvg%3E\" data-srcset=\"https:\/\/richarms.com\/wp-content\/uploads\/2021\/07\/41951741768694_.pic_-200x207.jpg 200w, https:\/\/richarms.com\/wp-content\/uploads\/2021\/07\/41951741768694_.pic_-290x300.jpg 290w, https:\/\/richarms.com\/wp-content\/uploads\/2021\/07\/41951741768694_.pic_-400x414.jpg 400w, https:\/\/richarms.com\/wp-content\/uploads\/2021\/07\/41951741768694_.pic_-500x518.jpg 500w, https:\/\/richarms.com\/wp-content\/uploads\/2021\/07\/41951741768694_.pic_.jpg 595w\" data-sizes=\"auto\" data-orig-sizes=\"(max-width: 595px) 100vw, 595px\" \/><p id=\"caption-attachment-8227\" class=\"wp-caption-text\">Manyetik tokam\u0131z deri kapl\u0131 defter tasar\u0131m\u0131yla kusursuz bir \u015fekilde b\u00fct\u00fcnle\u015fmi\u015ftir.<\/p><\/div>\n<ul>\n<li data-start=\"852\" data-end=\"1212\"><strong data-start=\"852\" data-end=\"876\">\u00d6zelle\u015ftirilebilir Tasar\u0131m:<\/strong><br data-start=\"876\" data-end=\"879\" \/>\u00c7e\u015fitli \u00f6zelle\u015ftirme se\u00e7enekleriyle tokay\u0131 \u00f6zel ihtiya\u00e7lar\u0131n\u0131za g\u00f6re uyarlay\u0131n. D\u00fcz, desenli veya logo oymal\u0131 y\u00fczeyler gibi \u00e7e\u015fitli y\u00fczeyler aras\u0131ndan se\u00e7im yap\u0131n ve birden fazla kaplama se\u00e7ene\u011fi (Ni, Zn, alt\u0131n, g\u00fcm\u00fc\u015f, bak\u0131r, epoksi, vb.) aras\u0131ndan se\u00e7im yap\u0131n. Tasar\u0131m ekibimiz, \u00fcr\u00fcn\u00fcn\u00fcz\u00fcn tarz\u0131n\u0131 m\u00fckemmel \u015fekilde tamamlayan bir y\u00fczey olu\u015fturabilir.<\/li>\n<\/ul>\n<div id=\"attachment_8226\" style=\"width: 810px\" class=\"wp-caption alignnone\"><img decoding=\"async\" aria-describedby=\"caption-attachment-8226\" class=\"lazyload wp-image-8226 size-full\" src=\"https:\/\/richarms.com\/wp-content\/uploads\/2021\/07\/41941741768693_.pic_.jpg\" data-orig-src=\"https:\/\/richarms.com\/wp-content\/uploads\/2021\/07\/41941741768693_.pic_.jpg\" alt=\"Custom round magnetic clasp with hollow carved design on notebook.\" width=\"800\" height=\"800\" srcset=\"data:image\/svg+xml,%3Csvg%20xmlns%3D%27http%3A%2F%2Fwww.w3.org%2F2000%2Fsvg%27%20width%3D%27800%27%20height%3D%27800%27%20viewBox%3D%270%200%20800%20800%27%3E%3Crect%20width%3D%27800%27%20height%3D%27800%27%20fill-opacity%3D%220%22%2F%3E%3C%2Fsvg%3E\" data-srcset=\"https:\/\/richarms.com\/wp-content\/uploads\/2021\/07\/41941741768693_.pic_-66x66.jpg 66w, https:\/\/richarms.com\/wp-content\/uploads\/2021\/07\/41941741768693_.pic_-100x100.jpg 100w, https:\/\/richarms.com\/wp-content\/uploads\/2021\/07\/41941741768693_.pic_-150x150.jpg 150w, https:\/\/richarms.com\/wp-content\/uploads\/2021\/07\/41941741768693_.pic_-200x200.jpg 200w, https:\/\/richarms.com\/wp-content\/uploads\/2021\/07\/41941741768693_.pic_-300x300.jpg 300w, https:\/\/richarms.com\/wp-content\/uploads\/2021\/07\/41941741768693_.pic_-400x400.jpg 400w, https:\/\/richarms.com\/wp-content\/uploads\/2021\/07\/41941741768693_.pic_-500x500.jpg 500w, https:\/\/richarms.com\/wp-content\/uploads\/2021\/07\/41941741768693_.pic_-600x600.jpg 600w, https:\/\/richarms.com\/wp-content\/uploads\/2021\/07\/41941741768693_.pic_-700x700.jpg 700w, https:\/\/richarms.com\/wp-content\/uploads\/2021\/07\/41941741768693_.pic_-768x768.jpg 768w, https:\/\/richarms.com\/wp-content\/uploads\/2021\/07\/41941741768693_.pic_.jpg 800w\" data-sizes=\"auto\" data-orig-sizes=\"(max-width: 800px) 100vw, 800px\" \/><p id=\"caption-attachment-8226\" class=\"wp-caption-text\">Karma\u015f\u0131k oyma detaylara sahip benzersiz, \u00f6zelle\u015ftirilmi\u015f yuvarlak manyetik toka.<\/p><\/div>\n<ul>\n<li data-start=\"1216\" data-end=\"1498\"><strong data-start=\"1216\" data-end=\"1243\">\u00c7ok Y\u00f6nl\u00fc Uygulamalar:<\/strong><br data-start=\"1243\" data-end=\"1246\" \/>Hem defter kapaklar\u0131 hem de \u00e7anta donan\u0131m\u0131 i\u00e7in tasarlanan bu toka kurumsal hediyeler, promosyon \u00fcr\u00fcnleri ve markal\u0131 aksesuarlar i\u00e7in idealdir. G\u00fcvenli kapatma sistemi sadece i\u00e7eri\u011finizi korumakla kalmaz, ayn\u0131 zamanda tasar\u0131m\u0131n\u0131za sofistike bir dokunu\u015f katar.<br \/>\n\u015eekil varyasyonlar\u0131: <a href=\"https:\/\/richarms.com\/tr\/urun\/leather-notebook-cover-metal-clasp-3\/\">u\u00e7ak<\/a>, <a href=\"https:\/\/richarms.com\/tr\/urun\/leather-notebook-cover-metal-clasp-6\/\">dikd\u00f6rtgen<\/a>, <a href=\"https:\/\/richarms.com\/tr\/urun\/leather-notebook-cover-metal-clasp-4\/\">kare<\/a>, <a href=\"https:\/\/richarms.com\/tr\/urun\/leather-notebook-cover-metal-clasp\/\">a\u011fa\u00e7<\/a>, <a href=\"https:\/\/richarms.com\/tr\/urun\/leather-notebook-cover-metal-clasp-2\/\">Kalkan<\/a>\/\u00d6zel d\u00f6k\u00fcm formlar<\/li>\n<li data-start=\"1502\" data-end=\"1802\"><strong data-start=\"1502\" data-end=\"1527\">Dayan\u0131kl\u0131 Yap\u0131:<\/strong><br data-start=\"1527\" data-end=\"1530\" \/>Y\u00fcksek kaliteli metaller kullan\u0131larak \u00fcretilen manyetik tokam\u0131z, g\u00fcnl\u00fck kullan\u0131m\u0131n zorluklar\u0131na dayanacak \u015fekilde \u00fcretilmi\u015ftir. Birinci s\u0131n\u0131f malzemelerin ve geli\u015fmi\u015f i\u015f\u00e7ili\u011fin entegrasyonu, uzun s\u00fcreli dayan\u0131kl\u0131l\u0131k ve performans sa\u011flayarak toptan al\u0131c\u0131lar i\u00e7in g\u00fcvenilir bir se\u00e7im haline getirir.<\/li>\n<li data-start=\"1806\" data-end=\"2166\"><strong data-start=\"1806\" data-end=\"1832\">Rekabet Avantaj\u0131:<\/strong><br data-start=\"1832\" data-end=\"1835\" \/>Avrupa kalite standartlar\u0131na sahip son teknoloji \u00fcr\u00fcn\u00fc bir \u00c7in fabrikas\u0131nda \u00fcretilen yuvarlak manyetik tokam\u0131z ola\u011fan\u00fcst\u00fc bir de\u011fer sunar. Rekabet\u00e7i fiyatland\u0131rma, d\u00fc\u015f\u00fck minimum sipari\u015f miktarlar\u0131 ve h\u0131zl\u0131 geri d\u00f6n\u00fc\u015f (7 g\u00fcnde numune teslimi ve 20-25 g\u00fcnde seri \u00fcretim) ile pazar taleplerinizi h\u0131zl\u0131 ve verimli bir \u015fekilde kar\u015f\u0131layabilirsiniz.<\/li>\n<\/ul>\n<p data-start=\"2168\" data-end=\"2208\"><strong data-start=\"2168\" data-end=\"2208\">Neden Yuvarlak Manyetik Tokam\u0131z\u0131 Se\u00e7melisiniz?<\/strong><\/p>\n<ul>\n<li data-start=\"2212\" data-end=\"2472\"><strong data-start=\"2212\" data-end=\"2241\">B2B Toptan Sat\u0131\u015f M\u00fckemmelli\u011fi:<\/strong><br data-start=\"2241\" data-end=\"2244\" \/>\u00d6zellikle defter ve \u00e7anta kapatma ihtiya\u00e7lar\u0131 i\u00e7in uygun maliyetli, y\u00fcksek kaliteli bir \u00e7\u00f6z\u00fcm arayan B2B toptan al\u0131c\u0131lara hitap ediyoruz. \u00dcr\u00fcn\u00fcm\u00fcz, inovasyonu pratiklikle harmanlama konusundaki kararl\u0131l\u0131\u011f\u0131m\u0131z\u0131n bir kan\u0131t\u0131d\u0131r.<\/li>\n<li data-start=\"2476\" data-end=\"2806\"><strong data-start=\"2476\" data-end=\"2505\">U\u00e7tan Uca \u00d6zelle\u015ftirme:<\/strong><br data-start=\"2505\" data-end=\"2508\" \/>\u00dccretsiz 3D tasar\u0131m eskizleri sundu\u011fumuz ilk tasar\u0131m a\u015famas\u0131ndan nihai \u00fcretime kadar, uzman ekibimiz \u00fcr\u00fcn\u00fcn tam spesifikasyonlar\u0131n\u0131z\u0131 kar\u015f\u0131lad\u0131\u011f\u0131ndan emin olmak i\u00e7in sizinle yak\u0131n bir \u015fekilde \u00e7al\u0131\u015f\u0131r. \u0130ster uyumlu bir kaplamaya ister kontrast bir vurguya ihtiyac\u0131n\u0131z olsun, vizyonunuzu hayata ge\u00e7irme kabiliyetine sahibiz.<\/li>\n<li data-start=\"2810\" data-end=\"3106\"><strong data-start=\"2810\" data-end=\"2831\">G\u00fcvenilir Tedarik\u00e7i:<\/strong><br data-start=\"2831\" data-end=\"2834\" \/>\u00c7anta donan\u0131m\u0131 sekt\u00f6r\u00fcndeki y\u0131llar\u0131n deneyimiyle, d\u00fcnyan\u0131n d\u00f6rt bir yan\u0131ndaki i\u015fletmeler i\u00e7in g\u00fcvenilir bir ortak olarak \u00f6ne \u00e7\u0131k\u0131yoruz. \u00dcretim s\u00fcrecimiz, s\u0131k\u0131 kalite kontrol \u00f6nlemlerine ba\u011fl\u0131 kalarak her bir manyetik tokan\u0131n end\u00fcstri standartlar\u0131n\u0131 yaln\u0131zca kar\u015f\u0131lamas\u0131n\u0131 de\u011fil, a\u015fmas\u0131n\u0131 da sa\u011flar.<\/li>\n<\/ul>\n<p data-start=\"3108\" data-end=\"3299\">Daha ayr\u0131nt\u0131l\u0131 bilgi almak veya numune talep etmek i\u00e7in l\u00fctfen sat\u0131\u015f ekibimizle ileti\u015fime ge\u00e7in. Kendimizi, pazar\u0131n\u0131z i\u00e7in \u00f6ne \u00e7\u0131kan \u00fcr\u00fcnler yaratman\u0131za yard\u0131mc\u0131 olacak yenilik\u00e7i \u00e7\u00f6z\u00fcmler sunmaya adad\u0131k.<\/p>\n<hr data-start=\"3301\" data-end=\"3304\" \/>\n<p data-start=\"3306\" data-end=\"3609\" data-is-last-node=\"\" data-is-only-node=\"\">Yuvarlak Manyetik Tokam\u0131z\u0131 se\u00e7erek, hem stil hem de i\u015flevsellik sunan bir \u00fcr\u00fcne yat\u0131r\u0131m yap\u0131yorsunuz - m\u00fckemmellik i\u00e7in tasarlanm\u0131\u015f ve markam\u0131z\u0131 tan\u0131mlayan verimlilik ve kalite ile teslim edilmi\u015ftir. Son teknoloji \u00fcr\u00fcn\u00fc, \u00f6zelle\u015ftirilebilir manyetik \u00e7\u00f6z\u00fcmlerimizle \u00fcr\u00fcn yelpazenizi y\u00fckseltmek i\u00e7in bug\u00fcn bize ula\u015f\u0131n.<\/p>","protected":false},"excerpt":{"rendered":"<p>Zn Ala\u015f\u0131ml\u0131 \u00dc\u00e7 Katl\u0131 Yuvarlak M\u0131knat\u0131sl\u0131 Toka<br \/>\nMalzeme Zn Ala\u015f\u0131m, Demir<br \/>\nBoyut W26mm x L65mm x H3mm<br \/>\nA\u011f\u0131rl\u0131k: 11,2g<\/p>","protected":false},"featured_media":5665,"template":"","meta":[],"product_brand":[],"product_cat":[73],"product_tag":[],"class_list":{"0":"post-5674","1":"product","2":"type-product","3":"status-publish","4":"has-post-thumbnail","6":"product_cat-leathernotebook-magnetic-closures","8":"first","9":"instock","10":"shipping-taxable","11":"product-type-simple"},"aioseo_notices":[],"_links":{"self":[{"href":"https:\/\/richarms.com\/tr\/wp-json\/wp\/v2\/product\/5674","targetHints":{"allow":["GET"]}}],"collection":[{"href":"https:\/\/richarms.com\/tr\/wp-json\/wp\/v2\/product"}],"about":[{"href":"https:\/\/richarms.com\/tr\/wp-json\/wp\/v2\/types\/product"}],"wp:featuredmedia":[{"embeddable":true,"href":"https:\/\/richarms.com\/tr\/wp-json\/wp\/v2\/media\/5665"}],"wp:attachment":[{"href":"https:\/\/richarms.com\/tr\/wp-json\/wp\/v2\/media?parent=5674"}],"wp:term":[{"taxonomy":"product_brand","embeddable":true,"href":"https:\/\/richarms.com\/tr\/wp-json\/wp\/v2\/product_brand?post=5674"},{"taxonomy":"product_cat","embeddable":true,"href":"https:\/\/richarms.com\/tr\/wp-json\/wp\/v2\/product_cat?post=5674"},{"taxonomy":"product_tag","embeddable":true,"href":"https:\/\/richarms.com\/tr\/wp-json\/wp\/v2\/product_tag?post=5674"}],"curies":[{"name":"wp","href":"https:\/\/api.w.org\/{rel}","templated":true}]}}