{"id":5678,"date":"2021-07-11T10:55:48","date_gmt":"2021-07-11T02:55:48","guid":{"rendered":"https:\/\/richarms.com\/?post_type=product&#038;p=5678"},"modified":"2025-02-15T10:28:38","modified_gmt":"2025-02-15T02:28:38","slug":"full-lip-magnetic-snaps","status":"publish","type":"product","link":"https:\/\/richarms.com\/tr\/product\/full-lip-magnetic-snaps","title":{"rendered":"Tam Dudak Manyetik \u00c7\u0131t\u00e7\u0131tlar"},"content":{"rendered":"<h1 data-start=\"177\" data-end=\"262\"><strong data-start=\"181\" data-end=\"262\">14mm &amp; 18mm Yuvarlak Ekstra \u0130nce Tam Dudakl\u0131 Manyetik \u00c7\u0131t\u00e7\u0131tlar | Ba\u011flant\u0131 Elemanlar\u0131 ve Kapaklar<\/strong><\/h1>\n<p data-start=\"264\" data-end=\"571\"><strong data-start=\"264\" data-end=\"302\">Ekstra \u0130nce Tam Dudak Manyetik \u00c7\u0131t\u00e7\u0131tlar<\/strong> kas\u0131ts\u0131z kaymay\u0131 \u00f6nlemek i\u00e7in tasarlanm\u0131\u015ft\u0131r ve <strong data-start=\"359\" data-end=\"377\">ekstra g\u00fcvenlik<\/strong>. Bunlar <strong data-start=\"385\" data-end=\"411\">y\u00fcksek kaliteli ba\u011flant\u0131 elemanlar\u0131<\/strong> yayg\u0131n olarak kullan\u0131lan <strong data-start=\"433\" data-end=\"447\">evrak \u00e7antalar\u0131<\/strong>, <strong data-start=\"449\" data-end=\"461\">el \u00e7antalar\u0131<\/strong>, <strong data-start=\"463\" data-end=\"474\">BAGAJ<\/strong>ve <strong data-start=\"480\" data-end=\"493\">havac\u0131l\u0131k ve uzay<\/strong> uygulamalar\u0131, \u00e7e\u015fitli end\u00fcstriler i\u00e7in g\u00fcvenilir, dayan\u0131kl\u0131 kapaklar sa\u011flar.<\/p>\n<p><strong>Kod ve boyut:<\/strong><\/p>\n<table style=\"border-collapse: collapse; width: 597.63pt;\" border=\"0\" width=\"996\" cellspacing=\"0\" cellpadding=\"0\">\n<tbody>\n<tr style=\"height: 31.20pt;\">\n<td class=\"et2\" style=\"height: 31.20pt; width: 87.45pt;\" width=\"145\" height=\"52\">Kod<\/td>\n<td class=\"et2\" style=\"width: 54.80pt;\" width=\"91\">Boyut<\/td>\n<td class=\"et2\" style=\"width: 78.60pt;\" width=\"131\">Di\u015fi \u00e7\u0131t\u00e7\u0131t TH<\/td>\n<td class=\"et3\" style=\"width: 60.00pt;\" width=\"100\">M\u0131knat\u0131s<br \/>\nDIA<\/td>\n<td class=\"et3\" style=\"width: 54.80pt;\" width=\"91\">Prong<br \/>\nL<\/td>\n<td class=\"et3\" style=\"width: 97.70pt;\" width=\"162\">Resim<\/td>\n<td class=\"et2\" style=\"width: 164.55pt;\" width=\"274\">A\u00e7\u0131klama<\/td>\n<\/tr>\n<tr style=\"height: 78.00pt;\">\n<td class=\"et2\" style=\"height: 78.00pt; width: 87.45pt;\" width=\"145\" height=\"130\">RC-FC1420<\/td>\n<td class=\"et2\" style=\"width: 54.80pt;\" width=\"91\">14mm<\/td>\n<td class=\"et2\" style=\"width: 78.60pt;\" width=\"131\">2mm<\/td>\n<td class=\"et2\" style=\"width: 60.00pt;\" width=\"100\">14mm<\/td>\n<td class=\"et2\" style=\"width: 54.80pt;\" width=\"91\">7.6mm<\/td>\n<td class=\"et2\" style=\"width: 97.70pt;\" width=\"162\"><img decoding=\"async\" class=\"lazyload wp-image-7298 aligncenter\" src=\"https:\/\/richarms.com\/wp-content\/uploads\/2021\/07\/14x2d.jpg\" data-orig-src=\"https:\/\/richarms.com\/wp-content\/uploads\/2021\/07\/14x2d.jpg\" alt=\"\" width=\"112\" height=\"83\" srcset=\"data:image\/svg+xml,%3Csvg%20xmlns%3D%27http%3A%2F%2Fwww.w3.org%2F2000%2Fsvg%27%20width%3D%27112%27%20height%3D%2783%27%20viewBox%3D%270%200%20112%2083%27%3E%3Crect%20width%3D%27112%27%20height%3D%2783%27%20fill-opacity%3D%220%22%2F%3E%3C%2Fsvg%3E\" data-srcset=\"https:\/\/richarms.com\/wp-content\/uploads\/2021\/07\/14x2d-200x147.jpg 200w, https:\/\/richarms.com\/wp-content\/uploads\/2021\/07\/14x2d-300x221.jpg 300w, https:\/\/richarms.com\/wp-content\/uploads\/2021\/07\/14x2d-400x294.jpg 400w, https:\/\/richarms.com\/wp-content\/uploads\/2021\/07\/14x2d.jpg 469w\" data-sizes=\"auto\" data-orig-sizes=\"(max-width: 112px) 100vw, 112px\" \/><\/td>\n<td class=\"et2\" style=\"width: 164.55pt;\" width=\"274\"><strong data-start=\"829\" data-end=\"848\">Ultra ince g\u00f6vde<\/strong> ile <strong data-start=\"854\" data-end=\"875\">standart g\u00fc\u00e7<\/strong>. \u015eunlar i\u00e7in idealdir <strong data-start=\"887\" data-end=\"910\">\u015f\u0131k, y\u00fcksek moda<\/strong> gibi tasar\u0131mlar <strong data-start=\"924\" data-end=\"936\">el \u00e7antalar\u0131<\/strong>, <strong data-start=\"938\" data-end=\"949\">BAGAJ<\/strong>ve <strong data-start=\"955\" data-end=\"964\">davalar<\/strong>.<\/td>\n<\/tr>\n<tr style=\"height: 78.00pt;\">\n<td class=\"et2\" style=\"height: 78.00pt; width: 87.45pt;\" width=\"145\" height=\"130\">RC-FC1820<\/td>\n<td class=\"et2\" style=\"width: 54.80pt;\" width=\"91\">18mm<\/td>\n<td class=\"et2\" style=\"width: 78.60pt;\" width=\"131\">2mm<\/td>\n<td class=\"et2\" style=\"width: 60.00pt;\" width=\"100\">18mm<\/td>\n<td class=\"et2\" style=\"width: 54.80pt;\" width=\"91\">9mm<\/td>\n<td class=\"et2\" style=\"width: 97.70pt;\" width=\"162\"><img decoding=\"async\" class=\"lazyload alignnone size-full wp-image-7297\" src=\"https:\/\/richarms.com\/wp-content\/uploads\/2021\/07\/18x2d.jpg\" data-orig-src=\"https:\/\/richarms.com\/wp-content\/uploads\/2021\/07\/18x2d.jpg\" alt=\"\" width=\"469\" height=\"345\" srcset=\"data:image\/svg+xml,%3Csvg%20xmlns%3D%27http%3A%2F%2Fwww.w3.org%2F2000%2Fsvg%27%20width%3D%27469%27%20height%3D%27345%27%20viewBox%3D%270%200%20469%20345%27%3E%3Crect%20width%3D%27469%27%20height%3D%27345%27%20fill-opacity%3D%220%22%2F%3E%3C%2Fsvg%3E\" data-srcset=\"https:\/\/richarms.com\/wp-content\/uploads\/2021\/07\/18x2d-200x147.jpg 200w, https:\/\/richarms.com\/wp-content\/uploads\/2021\/07\/18x2d-300x221.jpg 300w, https:\/\/richarms.com\/wp-content\/uploads\/2021\/07\/18x2d-400x294.jpg 400w, https:\/\/richarms.com\/wp-content\/uploads\/2021\/07\/18x2d.jpg 469w\" data-sizes=\"auto\" data-orig-sizes=\"(max-width: 469px) 100vw, 469px\" \/><\/td>\n<td class=\"et2\" style=\"width: 164.55pt;\" width=\"274\"><strong data-start=\"1145\" data-end=\"1164\">Ekstra ince g\u00f6vde<\/strong> ile <strong data-start=\"1170\" data-end=\"1193\">b\u00fcy\u00fck tutma g\u00fcc\u00fc<\/strong>i\u00e7in m\u00fckemmel <strong data-start=\"1207\" data-end=\"1219\">el \u00e7antalar\u0131<\/strong>, <strong data-start=\"1221\" data-end=\"1232\">BAGAJ<\/strong>, <strong data-start=\"1234\" data-end=\"1247\">S\u0131rt \u00c7antalar\u0131<\/strong>ve <strong data-start=\"1253\" data-end=\"1281\">otomoti\u0307v ve havacilik<\/strong> uygulamalar.<\/td>\n<\/tr>\n<\/tbody>\n<\/table>\n<p><strong><b>A\u00e7\u0131klama: G\u00fc\u00e7l\u00fc m\u0131knat\u0131s g\u00fcc\u00fc Mevcut<\/b><\/strong><\/p>\n<p style=\"text-align: left;\"><strong>Malzeme:<br \/>\n<\/strong>Erkek Kaps\u00fcl\u00fc: Demir<br \/>\nDi\u015fi Kaps\u00fcl:  Demir, Adi Pirin\u00e7 veya \u00c7evresel Pirin\u00e7 mevcuttur<\/p>\n<p><img decoding=\"async\" class=\"lazyload alignnone wp-image-7161\" src=\"https:\/\/richarms.com\/wp-content\/uploads\/2020\/03\/materials-e1626143269166.png\" data-orig-src=\"https:\/\/richarms.com\/wp-content\/uploads\/2020\/03\/materials-e1626143269166.png\" alt=\"\" width=\"446\" height=\"199\" srcset=\"data:image\/svg+xml,%3Csvg%20xmlns%3D%27http%3A%2F%2Fwww.w3.org%2F2000%2Fsvg%27%20width%3D%27446%27%20height%3D%27199%27%20viewBox%3D%270%200%20446%20199%27%3E%3Crect%20width%3D%27446%27%20height%3D%27199%27%20fill-opacity%3D%220%22%2F%3E%3C%2Fsvg%3E\" data-srcset=\"https:\/\/richarms.com\/wp-content\/uploads\/2020\/03\/materials-e1626143269166-200x89.png 200w, https:\/\/richarms.com\/wp-content\/uploads\/2020\/03\/materials-e1626143269166-300x134.png 300w, https:\/\/richarms.com\/wp-content\/uploads\/2020\/03\/materials-e1626143269166-400x178.png 400w, https:\/\/richarms.com\/wp-content\/uploads\/2020\/03\/materials-e1626143269166-500x223.png 500w, https:\/\/richarms.com\/wp-content\/uploads\/2020\/03\/materials-e1626143269166.png 511w\" data-sizes=\"auto\" data-orig-sizes=\"(max-width: 446px) 100vw, 446px\" \/><\/p>\n<p>\u0130\u00e7 M\u0131knat\u0131s:<strong><b><br \/>\n<\/b><\/strong>Standart M\u0131knat\u0131s G\u00fcc\u00fc: Ferrit sabit m\u0131knat\u0131s<br \/>\nG\u00fc\u00e7l\u00fc M\u0131knat\u0131s G\u00fcc\u00fc: Ferrit ve Neodimyum kal\u0131c\u0131 m\u0131knat\u0131s<\/p>\n<p><img decoding=\"async\" class=\"lazyload alignnone wp-image-7164\" src=\"https:\/\/richarms.com\/wp-content\/uploads\/2020\/03\/\u78c1\u529b\u5bf9\u6bd4\u56fe.png\" data-orig-src=\"https:\/\/richarms.com\/wp-content\/uploads\/2020\/03\/\u78c1\u529b\u5bf9\u6bd4\u56fe.png\" alt=\"\" width=\"454\" height=\"360\" srcset=\"data:image\/svg+xml,%3Csvg%20xmlns%3D%27http%3A%2F%2Fwww.w3.org%2F2000%2Fsvg%27%20width%3D%27454%27%20height%3D%27360%27%20viewBox%3D%270%200%20454%20360%27%3E%3Crect%20width%3D%27454%27%20height%3D%27360%27%20fill-opacity%3D%220%22%2F%3E%3C%2Fsvg%3E\" data-srcset=\"https:\/\/richarms.com\/wp-content\/uploads\/2020\/03\/\u78c1\u529b\u5bf9\u6bd4\u56fe-200x159.png 200w, https:\/\/richarms.com\/wp-content\/uploads\/2020\/03\/\u78c1\u529b\u5bf9\u6bd4\u56fe-300x238.png 300w, https:\/\/richarms.com\/wp-content\/uploads\/2020\/03\/\u78c1\u529b\u5bf9\u6bd4\u56fe-400x317.png 400w, https:\/\/richarms.com\/wp-content\/uploads\/2020\/03\/\u78c1\u529b\u5bf9\u6bd4\u56fe-500x397.png 500w, https:\/\/richarms.com\/wp-content\/uploads\/2020\/03\/\u78c1\u529b\u5bf9\u6bd4\u56fe-600x476.png 600w, https:\/\/richarms.com\/wp-content\/uploads\/2020\/03\/\u78c1\u529b\u5bf9\u6bd4\u56fe-700x555.png 700w, https:\/\/richarms.com\/wp-content\/uploads\/2020\/03\/\u78c1\u529b\u5bf9\u6bd4\u56fe-768x609.png 768w, https:\/\/richarms.com\/wp-content\/uploads\/2020\/03\/\u78c1\u529b\u5bf9\u6bd4\u56fe-800x635.png 800w, https:\/\/richarms.com\/wp-content\/uploads\/2020\/03\/\u78c1\u529b\u5bf9\u6bd4\u56fe-1024x813.png 1024w, https:\/\/richarms.com\/wp-content\/uploads\/2020\/03\/\u78c1\u529b\u5bf9\u6bd4\u56fe-1200x952.png 1200w, https:\/\/richarms.com\/wp-content\/uploads\/2020\/03\/\u78c1\u529b\u5bf9\u6bd4\u56fe-1536x1219.png 1536w, https:\/\/richarms.com\/wp-content\/uploads\/2020\/03\/\u78c1\u529b\u5bf9\u6bd4\u56fe.png 1661w\" data-sizes=\"auto\" data-orig-sizes=\"(max-width: 454px) 100vw, 454px\" \/><\/p>\n<p><img decoding=\"async\" class=\"lazyload alignnone size-full wp-image-7169\" src=\"https:\/\/richarms.com\/wp-content\/uploads\/2020\/03\/\u5fae\u4fe1\u622a\u56fe_20210712180015.png\" data-orig-src=\"https:\/\/richarms.com\/wp-content\/uploads\/2020\/03\/\u5fae\u4fe1\u622a\u56fe_20210712180015.png\" alt=\"\" width=\"488\" height=\"793\" srcset=\"data:image\/svg+xml,%3Csvg%20xmlns%3D%27http%3A%2F%2Fwww.w3.org%2F2000%2Fsvg%27%20width%3D%27488%27%20height%3D%27793%27%20viewBox%3D%270%200%20488%20793%27%3E%3Crect%20width%3D%27488%27%20height%3D%27793%27%20fill-opacity%3D%220%22%2F%3E%3C%2Fsvg%3E\" data-srcset=\"https:\/\/richarms.com\/wp-content\/uploads\/2020\/03\/\u5fae\u4fe1\u622a\u56fe_20210712180015-185x300.png 185w, https:\/\/richarms.com\/wp-content\/uploads\/2020\/03\/\u5fae\u4fe1\u622a\u56fe_20210712180015-200x325.png 200w, https:\/\/richarms.com\/wp-content\/uploads\/2020\/03\/\u5fae\u4fe1\u622a\u56fe_20210712180015-400x650.png 400w, https:\/\/richarms.com\/wp-content\/uploads\/2020\/03\/\u5fae\u4fe1\u622a\u56fe_20210712180015.png 488w\" data-sizes=\"auto\" data-orig-sizes=\"(max-width: 488px) 100vw, 488px\" \/><\/p>\n<p><strong><b>F<\/b><\/strong><strong><b>inish<\/b><\/strong><strong><b>\uff1a<br \/>\n<\/b><\/strong>Kad\u0131n \u00e7\u0131t\u00e7\u0131t: D\u00fcz, Desen, Logo<\/p>\n<p><img decoding=\"async\" class=\"lazyload alignnone wp-image-7166\" src=\"data:image\/svg+xml,%3Csvg%20xmlns%3D%27http%3A%2F%2Fwww.w3.org%2F2000%2Fsvg%27%20width%3D%27288%27%20height%3D%27135%27%20viewBox%3D%270%200%20288%20135%27%3E%3Crect%20width%3D%27288%27%20height%3D%27135%27%20fill-opacity%3D%220%22%2F%3E%3C%2Fsvg%3E\" data-orig-src=\"https:\/\/richarms.com\/wp-content\/uploads\/2020\/03\/\u56fe\u72473.jpg\" alt=\"\" width=\"288\" height=\"135\" \/><\/p>\n<p>Erkek \u00e7\u0131t\u00e7\u0131t: D\u00fcz, \u0130fade, Logo<\/p>\n<p><img decoding=\"async\" class=\"lazyload alignnone wp-image-7180\" src=\"https:\/\/richarms.com\/wp-content\/uploads\/2020\/03\/\u56fe\u72474.jpg\" data-orig-src=\"https:\/\/richarms.com\/wp-content\/uploads\/2020\/03\/\u56fe\u72474.jpg\" alt=\"\" width=\"301\" height=\"121\" srcset=\"data:image\/svg+xml,%3Csvg%20xmlns%3D%27http%3A%2F%2Fwww.w3.org%2F2000%2Fsvg%27%20width%3D%27301%27%20height%3D%27121%27%20viewBox%3D%270%200%20301%20121%27%3E%3Crect%20width%3D%27301%27%20height%3D%27121%27%20fill-opacity%3D%220%22%2F%3E%3C%2Fsvg%3E\" data-srcset=\"https:\/\/richarms.com\/wp-content\/uploads\/2020\/03\/\u56fe\u72474-200x80.jpg 200w, https:\/\/richarms.com\/wp-content\/uploads\/2020\/03\/\u56fe\u72474-300x120.jpg 300w, https:\/\/richarms.com\/wp-content\/uploads\/2020\/03\/\u56fe\u72474-400x160.jpg 400w, https:\/\/richarms.com\/wp-content\/uploads\/2020\/03\/\u56fe\u72474-500x200.jpg 500w, https:\/\/richarms.com\/wp-content\/uploads\/2020\/03\/\u56fe\u72474-600x241.jpg 600w, https:\/\/richarms.com\/wp-content\/uploads\/2020\/03\/\u56fe\u72474.jpg 651w\" data-sizes=\"auto\" data-orig-sizes=\"(max-width: 301px) 100vw, 301px\" \/><\/p>\n<p><strong>Paket<\/strong><strong>\uff1a<br \/>\n<\/strong><\/p>\n<p>Bunlar\u0131n t\u00fcm\u00fc Ayaklar, G\u00f6vdeler veya Per\u00e7inlerle sa\u011flanabilir.<br \/>\n1 set = 1 Erkek, 1 Di\u015fi, 2 Pul<br \/>\n14mm: 200 set\/kutu, 20 kutu\/karton<br \/>\n18mm: 100 set\/kutu, 20 kutu\/karton<\/p>\n<p><img decoding=\"async\" class=\"lazyload alignnone size-full wp-image-5484\" src=\"https:\/\/richarms.com\/wp-content\/uploads\/2018\/07\/Cover-magnetic-snaps.jpg\" data-orig-src=\"https:\/\/richarms.com\/wp-content\/uploads\/2018\/07\/Cover-magnetic-snaps.jpg\" alt=\"\" width=\"290\" height=\"270\" srcset=\"data:image\/svg+xml,%3Csvg%20xmlns%3D%27http%3A%2F%2Fwww.w3.org%2F2000%2Fsvg%27%20width%3D%27290%27%20height%3D%27270%27%20viewBox%3D%270%200%20290%20270%27%3E%3Crect%20width%3D%27290%27%20height%3D%27270%27%20fill-opacity%3D%220%22%2F%3E%3C%2Fsvg%3E\" data-srcset=\"https:\/\/richarms.com\/wp-content\/uploads\/2018\/07\/Cover-magnetic-snaps-200x186.jpg 200w, https:\/\/richarms.com\/wp-content\/uploads\/2018\/07\/Cover-magnetic-snaps.jpg 290w\" data-sizes=\"auto\" data-orig-sizes=\"(max-width: 290px) 100vw, 290px\" \/><\/p>\n<p><strong><b>Asma ve yuvarlama aras\u0131ndaki fark<\/b><\/strong><\/p>\n<p><img decoding=\"async\" class=\"lazyload alignnone wp-image-7165\" src=\"https:\/\/richarms.com\/wp-content\/uploads\/2020\/03\/\u56fe\u72471.jpg\" data-orig-src=\"https:\/\/richarms.com\/wp-content\/uploads\/2020\/03\/\u56fe\u72471.jpg\" alt=\"\" width=\"176\" height=\"248\" srcset=\"data:image\/svg+xml,%3Csvg%20xmlns%3D%27http%3A%2F%2Fwww.w3.org%2F2000%2Fsvg%27%20width%3D%27176%27%20height%3D%27248%27%20viewBox%3D%270%200%20176%20248%27%3E%3Crect%20width%3D%27176%27%20height%3D%27248%27%20fill-opacity%3D%220%22%2F%3E%3C%2Fsvg%3E\" data-srcset=\"https:\/\/richarms.com\/wp-content\/uploads\/2020\/03\/\u56fe\u72471-200x281.jpg 200w, https:\/\/richarms.com\/wp-content\/uploads\/2020\/03\/\u56fe\u72471-213x300.jpg 213w, https:\/\/richarms.com\/wp-content\/uploads\/2020\/03\/\u56fe\u72471.jpg 349w\" data-sizes=\"auto\" data-orig-sizes=\"(max-width: 176px) 100vw, 176px\" \/><\/p>\n<p><strong><b>Normal Renk Listelenmi\u015ftir<br \/>\n<\/b><\/strong><strong><img decoding=\"async\" class=\"lazyload alignnone size-full wp-image-5392\" src=\"https:\/\/richarms.com\/wp-content\/uploads\/2018\/07\/RICHARMS-COLOT-DIS.jpg\" data-orig-src=\"https:\/\/richarms.com\/wp-content\/uploads\/2018\/07\/RICHARMS-COLOT-DIS.jpg\" alt=\"\" width=\"651\" height=\"457\" srcset=\"data:image\/svg+xml,%3Csvg%20xmlns%3D%27http%3A%2F%2Fwww.w3.org%2F2000%2Fsvg%27%20width%3D%27651%27%20height%3D%27457%27%20viewBox%3D%270%200%20651%20457%27%3E%3Crect%20width%3D%27651%27%20height%3D%27457%27%20fill-opacity%3D%220%22%2F%3E%3C%2Fsvg%3E\" data-srcset=\"https:\/\/richarms.com\/wp-content\/uploads\/2018\/07\/RICHARMS-COLOT-DIS-200x140.jpg 200w, https:\/\/richarms.com\/wp-content\/uploads\/2018\/07\/RICHARMS-COLOT-DIS-300x211.jpg 300w, https:\/\/richarms.com\/wp-content\/uploads\/2018\/07\/RICHARMS-COLOT-DIS-400x281.jpg 400w, https:\/\/richarms.com\/wp-content\/uploads\/2018\/07\/RICHARMS-COLOT-DIS-500x351.jpg 500w, https:\/\/richarms.com\/wp-content\/uploads\/2018\/07\/RICHARMS-COLOT-DIS-600x421.jpg 600w, https:\/\/richarms.com\/wp-content\/uploads\/2018\/07\/RICHARMS-COLOT-DIS.jpg 651w\" data-sizes=\"auto\" data-orig-sizes=\"(max-width: 651px) 100vw, 651px\" \/><\/strong><\/p>\n<p><strong><b>Uygulama<\/b><\/strong><\/p>\n<p>Bu manyetik \u00e7\u0131t\u00e7\u0131tlar k\u0131rtasiye malzemeleri, \u00e7antalar ve hediye ambalajlar\u0131nda kullan\u0131m i\u00e7in m\u00fckemmeldir ve t\u0131bbi cihazlar gibi \u00f6zel sekt\u00f6rler i\u00e7in \u00f6zelle\u015ftirilebilir se\u00e7enekler mevcuttur.<\/p>\n<ul>\n<li>Richarms'\u0131n manyetik \u00e7\u0131t\u00e7\u0131tlar\u0131, tam ihtiya\u00e7lar\u0131n\u0131z\u0131 kar\u015f\u0131lamak i\u00e7in \u00f6zelle\u015ftirilebilir se\u00e7eneklerle y\u00fcksek kaliteli kapaklar i\u00e7in tasarlanm\u0131\u015ft\u0131r ve moda aksesuarlar\u0131, \u00e7antalar ve daha fazlas\u0131 i\u00e7in g\u00fcvenilir bir \u00e7\u00f6z\u00fcm sa\u011flar.<\/li>\n<\/ul>\n<div id=\"attachment_7301\" style=\"width: 310px\" class=\"wp-caption alignnone\"><img decoding=\"async\" aria-describedby=\"caption-attachment-7301\" class=\"lazyload wp-image-7301 size-medium\" src=\"https:\/\/richarms.com\/wp-content\/uploads\/2021\/07\/\u5fae\u4fe1\u56fe\u7247_202107151115501-300x210.jpg\" data-orig-src=\"https:\/\/richarms.com\/wp-content\/uploads\/2021\/07\/\u5fae\u4fe1\u56fe\u7247_202107151115501-300x210.jpg\" alt=\"Full Lip Magnetic Snaps used in women's flap handbags, offering secure and stylish closure for fashion accessories.\" width=\"300\" height=\"210\" srcset=\"data:image\/svg+xml,%3Csvg%20xmlns%3D%27http%3A%2F%2Fwww.w3.org%2F2000%2Fsvg%27%20width%3D%27300%27%20height%3D%27210%27%20viewBox%3D%270%200%20300%20210%27%3E%3Crect%20width%3D%27300%27%20height%3D%27210%27%20fill-opacity%3D%220%22%2F%3E%3C%2Fsvg%3E\" data-srcset=\"https:\/\/richarms.com\/wp-content\/uploads\/2021\/07\/\u5fae\u4fe1\u56fe\u7247_202107151115501-200x140.jpg 200w, https:\/\/richarms.com\/wp-content\/uploads\/2021\/07\/\u5fae\u4fe1\u56fe\u7247_202107151115501-300x210.jpg 300w, https:\/\/richarms.com\/wp-content\/uploads\/2021\/07\/\u5fae\u4fe1\u56fe\u7247_202107151115501-400x280.jpg 400w, https:\/\/richarms.com\/wp-content\/uploads\/2021\/07\/\u5fae\u4fe1\u56fe\u7247_202107151115501.jpg 500w\" data-sizes=\"auto\" data-orig-sizes=\"(max-width: 300px) 100vw, 300px\" \/><p id=\"caption-attachment-7301\" class=\"wp-caption-text\">Kad\u0131n kapakl\u0131 el \u00e7antalar\u0131nda kullan\u0131lan y\u00fcksek kaliteli Tam Dudakl\u0131 Manyetik \u00c7\u0131t\u00e7\u0131tlar, modaya uygun tasar\u0131mlar i\u00e7in g\u00fcvenli ve zarif bir kapatma sa\u011flar.<\/p><\/div>\n<p><strong><b><br \/>\n<\/b><\/strong><a href=\"https:\/\/www.pinterest.com\/richarmsaccessoriesgroups\/innovative-uses-of-magnetic-snaps-in-home-decor\/\"><img decoding=\"async\" class=\"lazyload alignnone wp-image-7160\" src=\"https:\/\/richarms.com\/wp-content\/uploads\/2020\/03\/application.png\" data-orig-src=\"https:\/\/richarms.com\/wp-content\/uploads\/2020\/03\/application.png\" alt=\"\" width=\"474\" height=\"443\" srcset=\"data:image\/svg+xml,%3Csvg%20xmlns%3D%27http%3A%2F%2Fwww.w3.org%2F2000%2Fsvg%27%20width%3D%27474%27%20height%3D%27443%27%20viewBox%3D%270%200%20474%20443%27%3E%3Crect%20width%3D%27474%27%20height%3D%27443%27%20fill-opacity%3D%220%22%2F%3E%3C%2Fsvg%3E\" data-srcset=\"https:\/\/richarms.com\/wp-content\/uploads\/2020\/03\/application-200x187.png 200w, https:\/\/richarms.com\/wp-content\/uploads\/2020\/03\/application-300x280.png 300w, https:\/\/richarms.com\/wp-content\/uploads\/2020\/03\/application-400x374.png 400w, https:\/\/richarms.com\/wp-content\/uploads\/2020\/03\/application-500x467.png 500w, https:\/\/richarms.com\/wp-content\/uploads\/2020\/03\/application.png 598w\" data-sizes=\"auto\" data-orig-sizes=\"(max-width: 474px) 100vw, 474px\" \/><\/a><\/p>\n<h3 data-start=\"3739\" data-end=\"3775\"><strong data-start=\"3743\" data-end=\"3775\"><a href=\"https:\/\/richarms.com\/tr\/6566.html\/\">Manyetik \u00c7\u0131t\u00e7\u0131t \u00d6zelle\u015ftirme<\/a>:<\/strong><\/h3>\n<p data-start=\"3777\" data-end=\"4070\">At <strong data-start=\"3780\" data-end=\"3792\">Richarms<\/strong>sunuyoruz <strong data-start=\"3803\" data-end=\"3827\">\u00f6zelle\u015fti\u0307ri\u0307lmi\u0307\u015f \u00e7\u00f6z\u00fcmler<\/strong> i\u00e7in olsun, \u00f6zel ihtiya\u00e7lar\u0131n\u0131za uyacak \u015fekilde <strong data-start=\"3874\" data-end=\"3889\">m\u0131knat\u0131s boyutu<\/strong>, <strong data-start=\"3891\" data-end=\"3911\">malzeme se\u00e7i\u0307mleri\u0307<\/strong>veya <strong data-start=\"3916\" data-end=\"3936\">renk varyasyonlar\u0131<\/strong>. Bizim <strong data-start=\"3942\" data-end=\"3971\">tam kapak manyetik \u00e7\u0131t\u00e7\u0131tlar<\/strong> sunmak i\u00e7in \u00f6zenle haz\u0131rlanm\u0131\u015ft\u0131r <strong data-start=\"4003\" data-end=\"4022\">her iki dayan\u0131kl\u0131l\u0131k<\/strong> ve <strong data-start=\"4027\" data-end=\"4036\">stil<\/strong> geni\u015f bir uygulama yelpazesi i\u00e7in.<\/p>\n<p><strong><b>\u00a0<\/b><\/strong><\/p>\n<p><strong>\u00a0<\/strong><\/p>\n<p>&nbsp;<\/p>","protected":false},"excerpt":{"rendered":"<p>Tip Tam Dudak Manyetik \u00c7\u0131t\u00e7\u0131tlar<br \/>\nMalzeme Pirin\u00e7, demir, m\u0131knat\u0131s<br \/>\nModel Numaras\u0131: RC-C1420\/1820<br \/>\n\u00d6zel Logo mevcuttur: Lazer, Oyuk, Kal\u0131plama<br \/>\nBoyut: 14mm, 18mm<br \/>\nRenk: Alt\u0131n \/ Nikel \/ Tabanca \/ G\u00fcl Alt\u0131n \/ F\u0131r\u00e7a Kar\u0131nca \/ Di\u011fer<br \/>\nAmbalaj: kutu ve karton<br \/>\nNakliye: LCL \/ DHL \/ FedEx \/ TNT \/ Di\u011fer<\/p>","protected":false},"featured_media":6451,"template":"","meta":[],"product_brand":[],"product_cat":[15],"product_tag":[],"class_list":{"0":"post-5678","1":"product","2":"type-product","3":"status-publish","4":"has-post-thumbnail","6":"product_cat-magnetic-snaps","8":"first","9":"instock","10":"shipping-taxable","11":"product-type-simple"},"aioseo_notices":[],"_links":{"self":[{"href":"https:\/\/richarms.com\/tr\/wp-json\/wp\/v2\/product\/5678","targetHints":{"allow":["GET"]}}],"collection":[{"href":"https:\/\/richarms.com\/tr\/wp-json\/wp\/v2\/product"}],"about":[{"href":"https:\/\/richarms.com\/tr\/wp-json\/wp\/v2\/types\/product"}],"wp:featuredmedia":[{"embeddable":true,"href":"https:\/\/richarms.com\/tr\/wp-json\/wp\/v2\/media\/6451"}],"wp:attachment":[{"href":"https:\/\/richarms.com\/tr\/wp-json\/wp\/v2\/media?parent=5678"}],"wp:term":[{"taxonomy":"product_brand","embeddable":true,"href":"https:\/\/richarms.com\/tr\/wp-json\/wp\/v2\/product_brand?post=5678"},{"taxonomy":"product_cat","embeddable":true,"href":"https:\/\/richarms.com\/tr\/wp-json\/wp\/v2\/product_cat?post=5678"},{"taxonomy":"product_tag","embeddable":true,"href":"https:\/\/richarms.com\/tr\/wp-json\/wp\/v2\/product_tag?post=5678"}],"curies":[{"name":"wp","href":"https:\/\/api.w.org\/{rel}","templated":true}]}}