{"id":5680,"date":"2021-07-11T13:08:41","date_gmt":"2021-07-11T05:08:41","guid":{"rendered":"https:\/\/richarms.com\/?post_type=product&#038;p=5680"},"modified":"2025-02-14T16:23:16","modified_gmt":"2025-02-14T08:23:16","slug":"half-cover-magnetic-snaps","status":"publish","type":"product","link":"https:\/\/richarms.com\/tr\/product\/half-cover-magnetic-snaps","title":{"rendered":"Yar\u0131m Dudak Manyetik \u00c7\u0131t\u00e7\u0131tlar"},"content":{"rendered":"<h1>14mm &amp; 18mm Yuvarlak Yar\u0131m Dudakl\u0131 Manyetik \u00c7\u0131t\u00e7\u0131t | Ba\u011flant\u0131 Elemanlar\u0131 &amp; Kapaklar<\/h1>\n<p>Yar\u0131m Kapak (K\u0131smi Dudak) Manyetik \u00c7\u0131t\u00e7\u0131tlar, bir y\u00f6nde \u00e7ekme oldu\u011funda istem d\u0131\u015f\u0131 a\u00e7\u0131lmay\u0131 \u00f6nlemek i\u00e7in tasarlanm\u0131\u015ft\u0131r ve geli\u015fmi\u015f g\u00fcvenlik sunar. Bunlar el \u00e7antalar\u0131, bilgisayar \u00e7antalar\u0131, yumu\u015fak kenarl\u0131 evrak \u00e7antalar\u0131, d\u00fcrb\u00fcn k\u0131l\u0131flar\u0131, kamera k\u0131l\u0131flar\u0131, s\u0131rt \u00e7antalar\u0131 ve valizler gibi \u00e7e\u015fitli e\u015fyalar\u0131n kapaklar\u0131nda kullan\u0131m i\u00e7in idealdir.<\/p>\n<h2><strong>Yar\u0131m Kapak Manyetik \u00c7\u0131t\u00e7\u0131t Kod ve boyut:<\/strong><\/h2>\n<table style=\"border-collapse: collapse; width: 771px; height: 554px;\" border=\"0\" width=\"1137\" cellspacing=\"0\" cellpadding=\"0\">\n<tbody>\n<tr style=\"height: 31.20pt;\">\n<td class=\"et3\" style=\"height: 31.20pt; width: 98.55pt;\" width=\"164\" height=\"52\">Kod<\/td>\n<td class=\"et3\" style=\"width: 54.80pt;\" width=\"91\">Boyut<\/td>\n<td class=\"et3\" style=\"width: 78.60pt;\" width=\"131\">Di\u015fi \u00e7\u0131t\u00e7\u0131t TH<\/td>\n<td class=\"et4\" style=\"width: 78.60pt;\" width=\"131\">M\u0131knat\u0131s<br \/>\nDIA<\/td>\n<td class=\"et3\" style=\"width: 54.80pt;\" width=\"91\">Prong L<\/td>\n<td class=\"et4\" style=\"width: 144.85pt;\" width=\"241\">Resim<\/td>\n<td class=\"et3\" style=\"width: 172.25pt;\" width=\"287\">A\u00e7\u0131klama<\/td>\n<\/tr>\n<tr style=\"height: 109.20pt;\">\n<td class=\"et3\" style=\"height: 109.20pt; width: 98.55pt;\" width=\"164\" height=\"182\">RC-HC1435<\/td>\n<td class=\"et3\" style=\"width: 54.80pt;\" width=\"91\">14mm<\/td>\n<td class=\"et3\" style=\"width: 78.60pt;\" width=\"131\">3,5 mm<\/td>\n<td class=\"et4\" style=\"width: 78.60pt;\" width=\"131\">13<\/td>\n<td class=\"et3\" style=\"width: 54.80pt;\" width=\"91\">7.6mm<\/td>\n<td class=\"et4\" style=\"width: 144.85pt;\" width=\"241\"><img decoding=\"async\" class=\"lazyload wp-image-7285\" src=\"https:\/\/richarms.com\/wp-content\/uploads\/2021\/07\/\u56fe\u724717-300x220.jpg\" data-orig-src=\"https:\/\/richarms.com\/wp-content\/uploads\/2021\/07\/\u56fe\u724717-300x220.jpg\" alt=\"Close-up of Half Cover Magnetic Snaps by Richarms, silver color, 14mm diameter, featuring a 3.8mm thick female part and male top with 1\/4 lip for secure closure.\" width=\"96\" height=\"70\" srcset=\"data:image\/svg+xml,%3Csvg%20xmlns%3D%27http%3A%2F%2Fwww.w3.org%2F2000%2Fsvg%27%20width%3D%2796%27%20height%3D%2770%27%20viewBox%3D%270%200%2096%2070%27%3E%3Crect%20width%3D%2796%27%20height%3D%2770%27%20fill-opacity%3D%220%22%2F%3E%3C%2Fsvg%3E\" data-srcset=\"https:\/\/richarms.com\/wp-content\/uploads\/2021\/07\/\u56fe\u724717-200x147.jpg 200w, https:\/\/richarms.com\/wp-content\/uploads\/2021\/07\/\u56fe\u724717-300x220.jpg 300w, https:\/\/richarms.com\/wp-content\/uploads\/2021\/07\/\u56fe\u724717-400x294.jpg 400w, https:\/\/richarms.com\/wp-content\/uploads\/2021\/07\/\u56fe\u724717.jpg 497w\" data-sizes=\"auto\" data-orig-sizes=\"(max-width: 96px) 100vw, 96px\" \/><\/td>\n<td class=\"et3\" style=\"width: 172.25pt;\" width=\"287\">D\u00fc\u015f\u00fck maliyetli \u00e7\u00f6z\u00fcm, defterler, kartl\u0131klar, k\u00fc\u00e7\u00fck \u00e7antalar ve cep telefonu keseleri gibi k\u00fc\u00e7\u00fck promosyon \u00fcr\u00fcnleri i\u00e7in idealdir. Bu boyut daha d\u00fc\u015f\u00fck bir \u00e7ekme g\u00fcc\u00fc sunar ve genellikle hafif hizmet uygulamalar\u0131 i\u00e7in kullan\u0131l\u0131r.<\/td>\n<\/tr>\n<tr style=\"height: 62.40pt;\">\n<td class=\"et3\" style=\"height: 62.40pt; width: 98.55pt;\" width=\"164\" height=\"104\">RC-HC1840<\/td>\n<td class=\"et3\" style=\"width: 54.80pt;\" width=\"91\">18mm<\/td>\n<td class=\"et3\" style=\"width: 78.60pt;\" width=\"131\">4mm<\/td>\n<td class=\"et4\" style=\"width: 78.60pt;\" width=\"131\">17<\/td>\n<td class=\"et3\" style=\"width: 54.80pt;\" width=\"91\">9mm<\/td>\n<td class=\"et4\" style=\"width: 144.85pt;\" width=\"241\"><img decoding=\"async\" class=\"lazyload wp-image-7284\" title=\"18mm Yar\u0131m Kapak Manyetik \u00c7\u0131t\u00e7\u0131t - G\u00fcm\u00fc\u015f, 4mm Di\u015fi Kal\u0131nl\u0131\u011f\u0131, Richarms&#039;tan Toptan Sat\u0131\u015f\" src=\"https:\/\/richarms.com\/wp-content\/uploads\/2021\/07\/\u56fe\u724714-300x220.jpg\" data-orig-src=\"https:\/\/richarms.com\/wp-content\/uploads\/2021\/07\/\u56fe\u724714-300x220.jpg\" alt=\"Close-up of 18mm Half Cover Magnetic Snaps by Richarms, silver color, featuring a 4mm thick female part and male top with 1\/4 lip, ideal for secure closures.\" width=\"114\" height=\"83\" srcset=\"data:image\/svg+xml,%3Csvg%20xmlns%3D%27http%3A%2F%2Fwww.w3.org%2F2000%2Fsvg%27%20width%3D%27114%27%20height%3D%2783%27%20viewBox%3D%270%200%20114%2083%27%3E%3Crect%20width%3D%27114%27%20height%3D%2783%27%20fill-opacity%3D%220%22%2F%3E%3C%2Fsvg%3E\" data-srcset=\"https:\/\/richarms.com\/wp-content\/uploads\/2021\/07\/\u56fe\u724714-200x147.jpg 200w, https:\/\/richarms.com\/wp-content\/uploads\/2021\/07\/\u56fe\u724714-300x220.jpg 300w, https:\/\/richarms.com\/wp-content\/uploads\/2021\/07\/\u56fe\u724714-400x294.jpg 400w, https:\/\/richarms.com\/wp-content\/uploads\/2021\/07\/\u56fe\u724714.jpg 497w\" data-sizes=\"auto\" data-orig-sizes=\"(max-width: 114px) 100vw, 114px\" \/><\/td>\n<td class=\"et3\" style=\"width: 172.25pt;\" width=\"287\">Sekt\u00f6rde en yayg\u0131n olarak kullan\u0131lan orta mukavemetli bir \u00e7\u00f6z\u00fcmd\u00fcr. Bu boyut, el \u00e7antalar\u0131, s\u0131rt \u00e7antalar\u0131 ve valizlerde bulunanlar gibi standart kapaklar i\u00e7in uygundur.<\/td>\n<\/tr>\n<tr style=\"height: 93.60pt;\">\n<td class=\"et3\" style=\"height: 93.60pt; width: 98.55pt;\" width=\"164\" height=\"156\">RC-HC1845<\/td>\n<td class=\"et3\" style=\"width: 54.80pt;\" width=\"91\">18mm<\/td>\n<td class=\"et3\" style=\"width: 78.60pt;\" width=\"131\">4,5 mm<\/td>\n<td class=\"et4\" style=\"width: 78.60pt;\" width=\"131\">17<\/td>\n<td class=\"et3\" style=\"width: 54.80pt;\" width=\"91\">9mm<\/td>\n<td class=\"et4\" style=\"width: 144.85pt;\" width=\"241\"><img decoding=\"async\" class=\"lazyload wp-image-7283\" src=\"https:\/\/richarms.com\/wp-content\/uploads\/2021\/07\/\u56fe\u724711-300x213.jpg\" data-orig-src=\"https:\/\/richarms.com\/wp-content\/uploads\/2021\/07\/\u56fe\u724711-300x213.jpg\" alt=\"Close-up of 18mm Half Cover Magnetic Snaps by Richarms, silver color, with a 4.5mm thick female part and male top with 1\/4 lip, offering a strong magnetic closure.\" width=\"128\" height=\"91\" srcset=\"data:image\/svg+xml,%3Csvg%20xmlns%3D%27http%3A%2F%2Fwww.w3.org%2F2000%2Fsvg%27%20width%3D%27128%27%20height%3D%2791%27%20viewBox%3D%270%200%20128%2091%27%3E%3Crect%20width%3D%27128%27%20height%3D%2791%27%20fill-opacity%3D%220%22%2F%3E%3C%2Fsvg%3E\" data-srcset=\"https:\/\/richarms.com\/wp-content\/uploads\/2021\/07\/\u56fe\u724711-200x142.jpg 200w, https:\/\/richarms.com\/wp-content\/uploads\/2021\/07\/\u56fe\u724711-300x214.jpg 300w, https:\/\/richarms.com\/wp-content\/uploads\/2021\/07\/\u56fe\u724711-400x284.jpg 400w, https:\/\/richarms.com\/wp-content\/uploads\/2021\/07\/\u56fe\u724711-500x355.jpg 500w, https:\/\/richarms.com\/wp-content\/uploads\/2021\/07\/\u56fe\u724711.jpg 514w\" data-sizes=\"auto\" data-orig-sizes=\"(max-width: 128px) 100vw, 128px\" \/><\/td>\n<td class=\"et3\" style=\"width: 172.25pt;\" width=\"287\">Bu ekstra kal\u0131n manyetik \u00e7\u0131t\u00e7\u0131t Richarms'\u0131n en pop\u00fcler tarz\u0131d\u0131r, standart g\u00fc\u00e7 sunar ve evrak \u00e7antalar\u0131, s\u0131rt \u00e7antalar\u0131 ve bez \u00e7antalar gibi ortalama uygulamalarda kullan\u0131l\u0131r. G\u00fcnl\u00fck kullan\u0131m i\u00e7in d\u00fc\u015f\u00fck maliyetli bir se\u00e7enektir.<\/td>\n<\/tr>\n<\/tbody>\n<\/table>\n<h2 style=\"text-align: left;\"><strong>Yar\u0131m Kapak Manyetik \u00c7\u0131t\u00e7\u0131t Malzeme:<\/strong><\/h2>\n<p style=\"text-align: left;\">Erkek Kaps\u00fcl\u00fc: Demir<br \/>\nDi\u015fi Kaps\u00fcl:  Demir, Adi Pirin\u00e7 veya \u00c7evresel Pirin\u00e7 mevcuttur<\/p>\n<div id=\"attachment_7161\" style=\"width: 521px\" class=\"wp-caption alignnone\"><img decoding=\"async\" aria-describedby=\"caption-attachment-7161\" class=\"lazyload wp-image-7161 size-full\" src=\"https:\/\/richarms.com\/wp-content\/uploads\/2020\/03\/materials-e1626143269166.png\" data-orig-src=\"https:\/\/richarms.com\/wp-content\/uploads\/2020\/03\/materials-e1626143269166.png\" alt=\"High-quality magnetic snaps material used by Richarms, showcasing smooth, reflective surfaces made from iron, stainless steel, or brass for female capsule, and iron for the male part.\" width=\"511\" height=\"228\" srcset=\"data:image\/svg+xml,%3Csvg%20xmlns%3D%27http%3A%2F%2Fwww.w3.org%2F2000%2Fsvg%27%20width%3D%27511%27%20height%3D%27228%27%20viewBox%3D%270%200%20511%20228%27%3E%3Crect%20width%3D%27511%27%20height%3D%27228%27%20fill-opacity%3D%220%22%2F%3E%3C%2Fsvg%3E\" data-srcset=\"https:\/\/richarms.com\/wp-content\/uploads\/2020\/03\/materials-e1626143269166-200x89.png 200w, https:\/\/richarms.com\/wp-content\/uploads\/2020\/03\/materials-e1626143269166-300x134.png 300w, https:\/\/richarms.com\/wp-content\/uploads\/2020\/03\/materials-e1626143269166-400x178.png 400w, https:\/\/richarms.com\/wp-content\/uploads\/2020\/03\/materials-e1626143269166-500x223.png 500w, https:\/\/richarms.com\/wp-content\/uploads\/2020\/03\/materials-e1626143269166.png 511w\" data-sizes=\"auto\" data-orig-sizes=\"(max-width: 511px) 100vw, 511px\" \/><p id=\"caption-attachment-7161\" class=\"wp-caption-text\">Richarms'\u0131n kat\u0131 malzeme se\u00e7imi, manyetik \u00e7\u0131t\u00e7\u0131tlar i\u00e7in p\u00fcr\u00fczs\u00fcz, yans\u0131t\u0131c\u0131 y\u00fczeyler sa\u011flar; di\u015fi kaps\u00fcller demir, paslanmaz \u00e7elik veya pirin\u00e7ten, erkek par\u00e7alar ise demirden yap\u0131lm\u0131\u015ft\u0131r.<\/p><\/div>\n<p>\u0130\u00e7 M\u0131knat\u0131s:<strong><b><br \/>\n<\/b><\/strong>Standart M\u0131knat\u0131s G\u00fcc\u00fc: Ferrit sabit m\u0131knat\u0131s<br \/>\nG\u00fc\u00e7l\u00fc M\u0131knat\u0131s G\u00fcc\u00fc: Ferrit ve Neodimyum kal\u0131c\u0131 m\u0131knat\u0131s<\/p>\n<p><img decoding=\"async\" class=\"lazyload wp-image-7164\" src=\"https:\/\/richarms.com\/wp-content\/uploads\/2020\/03\/\u78c1\u529b\u5bf9\u6bd4\u56fe-1024x813.png\" data-orig-src=\"https:\/\/richarms.com\/wp-content\/uploads\/2020\/03\/\u78c1\u529b\u5bf9\u6bd4\u56fe-1024x813.png\" alt=\"Components of the female part of magnetic snaps: brass, iron, or stainless steel capsule, inner magnet, and iron base, all assembled for strong and secure closure.\" width=\"507\" height=\"402\" srcset=\"data:image\/svg+xml,%3Csvg%20xmlns%3D%27http%3A%2F%2Fwww.w3.org%2F2000%2Fsvg%27%20width%3D%27507%27%20height%3D%27402%27%20viewBox%3D%270%200%20507%20402%27%3E%3Crect%20width%3D%27507%27%20height%3D%27402%27%20fill-opacity%3D%220%22%2F%3E%3C%2Fsvg%3E\" data-srcset=\"https:\/\/richarms.com\/wp-content\/uploads\/2020\/03\/\u78c1\u529b\u5bf9\u6bd4\u56fe-200x159.png 200w, https:\/\/richarms.com\/wp-content\/uploads\/2020\/03\/\u78c1\u529b\u5bf9\u6bd4\u56fe-300x238.png 300w, https:\/\/richarms.com\/wp-content\/uploads\/2020\/03\/\u78c1\u529b\u5bf9\u6bd4\u56fe-400x317.png 400w, https:\/\/richarms.com\/wp-content\/uploads\/2020\/03\/\u78c1\u529b\u5bf9\u6bd4\u56fe-500x397.png 500w, https:\/\/richarms.com\/wp-content\/uploads\/2020\/03\/\u78c1\u529b\u5bf9\u6bd4\u56fe-600x476.png 600w, https:\/\/richarms.com\/wp-content\/uploads\/2020\/03\/\u78c1\u529b\u5bf9\u6bd4\u56fe-700x555.png 700w, https:\/\/richarms.com\/wp-content\/uploads\/2020\/03\/\u78c1\u529b\u5bf9\u6bd4\u56fe-768x609.png 768w, https:\/\/richarms.com\/wp-content\/uploads\/2020\/03\/\u78c1\u529b\u5bf9\u6bd4\u56fe-800x635.png 800w, https:\/\/richarms.com\/wp-content\/uploads\/2020\/03\/\u78c1\u529b\u5bf9\u6bd4\u56fe-1024x813.png 1024w, https:\/\/richarms.com\/wp-content\/uploads\/2020\/03\/\u78c1\u529b\u5bf9\u6bd4\u56fe-1200x952.png 1200w, https:\/\/richarms.com\/wp-content\/uploads\/2020\/03\/\u78c1\u529b\u5bf9\u6bd4\u56fe-1536x1219.png 1536w, https:\/\/richarms.com\/wp-content\/uploads\/2020\/03\/\u78c1\u529b\u5bf9\u6bd4\u56fe.png 1661w\" data-sizes=\"auto\" data-orig-sizes=\"(max-width: 507px) 100vw, 507px\" \/><\/p>\n<div id=\"attachment_7169\" style=\"width: 350px\" class=\"wp-caption alignnone\"><img decoding=\"async\" aria-describedby=\"caption-attachment-7169\" class=\"lazyload wp-image-7169\" src=\"https:\/\/richarms.com\/wp-content\/uploads\/2020\/03\/\u5fae\u4fe1\u622a\u56fe_20210712180015.png\" data-orig-src=\"https:\/\/richarms.com\/wp-content\/uploads\/2020\/03\/\u5fae\u4fe1\u622a\u56fe_20210712180015.png\" alt=\"Different materials for inner magnets in magnetic snaps, showcasing how size and material affect the pull force, with examples of 18x4.5mm and 14x3.5mm magnets.\" width=\"340\" height=\"553\" srcset=\"data:image\/svg+xml,%3Csvg%20xmlns%3D%27http%3A%2F%2Fwww.w3.org%2F2000%2Fsvg%27%20width%3D%27340%27%20height%3D%27553%27%20viewBox%3D%270%200%20340%20553%27%3E%3Crect%20width%3D%27340%27%20height%3D%27553%27%20fill-opacity%3D%220%22%2F%3E%3C%2Fsvg%3E\" data-srcset=\"https:\/\/richarms.com\/wp-content\/uploads\/2020\/03\/\u5fae\u4fe1\u622a\u56fe_20210712180015-185x300.png 185w, https:\/\/richarms.com\/wp-content\/uploads\/2020\/03\/\u5fae\u4fe1\u622a\u56fe_20210712180015-200x325.png 200w, https:\/\/richarms.com\/wp-content\/uploads\/2020\/03\/\u5fae\u4fe1\u622a\u56fe_20210712180015-400x650.png 400w, https:\/\/richarms.com\/wp-content\/uploads\/2020\/03\/\u5fae\u4fe1\u622a\u56fe_20210712180015.png 488w\" data-sizes=\"auto\" data-orig-sizes=\"(max-width: 340px) 100vw, 340px\" \/><p id=\"caption-attachment-7169\" class=\"wp-caption-text\">Manyetik \u00e7\u0131t\u00e7\u0131tlardaki i\u00e7 m\u0131knat\u0131slar\u0131n kar\u015f\u0131la\u015ft\u0131r\u0131lmas\u0131, 18\u00d74,5 mm m\u0131knat\u0131slar 1,5KG ila 3KG \u00e7ekme kuvveti ve 14\u00d73,5 mm m\u0131knat\u0131slar 0,5KG ila 1,5KG \u00e7ekme kuvveti sa\u011flar.<\/p><\/div>\n<h2 style=\"text-align: left;\"><strong>Yar\u0131m Kapak Manyetik \u00c7\u0131t\u00e7\u0131tlar <\/strong><strong><b>F<\/b><\/strong><strong><b>inish<\/b><\/strong><strong><b>\uff1a<\/b><\/strong><\/h2>\n<h3 style=\"text-align: left;\">Tak\u0131m Kaplama<\/h3>\n<ul>\n<li style=\"text-align: left;\">Kad\u0131n \u00e7\u0131t\u00e7\u0131t: D\u00fcz, Desen, Logo<\/li>\n<\/ul>\n<p><img decoding=\"async\" class=\"lazyload wp-image-7166\" title=\"\u00d6zelle\u015ftirilebilir Di\u015fi \u00c7\u0131t\u00e7\u0131tlar: D\u00fcz, Desenli ve Logolu Y\u00fczeyler Mevcuttur&quot;\" src=\"data:image\/svg+xml,%3Csvg%20xmlns%3D%27http%3A%2F%2Fwww.w3.org%2F2000%2Fsvg%27%20width%3D%27288%27%20height%3D%27135%27%20viewBox%3D%270%200%20288%20135%27%3E%3Crect%20width%3D%27288%27%20height%3D%27135%27%20fill-opacity%3D%220%22%2F%3E%3C%2Fsvg%3E\" data-orig-src=\"https:\/\/richarms.com\/wp-content\/uploads\/2020\/03\/\u56fe\u72473.jpg\" alt=\"Different finishes for Female Snaps: Plain, Pattern, and Logo finishes, with three available options for customizing magnetic snaps.\" width=\"288\" height=\"135\" \/><\/p>\n<ul>\n<li>Erkek \u00e7\u0131t\u00e7\u0131t: D\u00fcz, \u0130fade, Logo<\/li>\n<\/ul>\n<p><img decoding=\"async\" class=\"lazyload alignnone wp-image-7180\" src=\"https:\/\/richarms.com\/wp-content\/uploads\/2020\/03\/\u56fe\u72474.jpg\" data-orig-src=\"https:\/\/richarms.com\/wp-content\/uploads\/2020\/03\/\u56fe\u72474.jpg\" alt=\"Different finishes for Male Snaps: Plain, Wording, and Logo options, providing versatile customization for magnetic snaps.\" width=\"297\" height=\"119\" srcset=\"data:image\/svg+xml,%3Csvg%20xmlns%3D%27http%3A%2F%2Fwww.w3.org%2F2000%2Fsvg%27%20width%3D%27297%27%20height%3D%27119%27%20viewBox%3D%270%200%20297%20119%27%3E%3Crect%20width%3D%27297%27%20height%3D%27119%27%20fill-opacity%3D%220%22%2F%3E%3C%2Fsvg%3E\" data-srcset=\"https:\/\/richarms.com\/wp-content\/uploads\/2020\/03\/\u56fe\u72474-200x80.jpg 200w, https:\/\/richarms.com\/wp-content\/uploads\/2020\/03\/\u56fe\u72474-300x120.jpg 300w, https:\/\/richarms.com\/wp-content\/uploads\/2020\/03\/\u56fe\u72474-400x160.jpg 400w, https:\/\/richarms.com\/wp-content\/uploads\/2020\/03\/\u56fe\u72474-500x200.jpg 500w, https:\/\/richarms.com\/wp-content\/uploads\/2020\/03\/\u56fe\u72474-600x241.jpg 600w, https:\/\/richarms.com\/wp-content\/uploads\/2020\/03\/\u56fe\u72474.jpg 651w\" data-sizes=\"auto\" data-orig-sizes=\"(max-width: 297px) 100vw, 297px\" \/><\/p>\n<p><strong><b>Normal Renk Listelenmi\u015ftir<\/b><\/strong><\/p>\n<div id=\"attachment_5392\" style=\"width: 661px\" class=\"wp-caption alignnone\"><img decoding=\"async\" aria-describedby=\"caption-attachment-5392\" class=\"lazyload wp-image-5392 size-full\" src=\"https:\/\/richarms.com\/wp-content\/uploads\/2018\/07\/RICHARMS-COLOT-DIS.jpg\" data-orig-src=\"https:\/\/richarms.com\/wp-content\/uploads\/2018\/07\/RICHARMS-COLOT-DIS.jpg\" alt=\"Standard color palette for RICHARMS magnetic snaps, with customizable colors available beyond the listed options.\" width=\"651\" height=\"457\" srcset=\"data:image\/svg+xml,%3Csvg%20xmlns%3D%27http%3A%2F%2Fwww.w3.org%2F2000%2Fsvg%27%20width%3D%27651%27%20height%3D%27457%27%20viewBox%3D%270%200%20651%20457%27%3E%3Crect%20width%3D%27651%27%20height%3D%27457%27%20fill-opacity%3D%220%22%2F%3E%3C%2Fsvg%3E\" data-srcset=\"https:\/\/richarms.com\/wp-content\/uploads\/2018\/07\/RICHARMS-COLOT-DIS-200x140.jpg 200w, https:\/\/richarms.com\/wp-content\/uploads\/2018\/07\/RICHARMS-COLOT-DIS-300x211.jpg 300w, https:\/\/richarms.com\/wp-content\/uploads\/2018\/07\/RICHARMS-COLOT-DIS-400x281.jpg 400w, https:\/\/richarms.com\/wp-content\/uploads\/2018\/07\/RICHARMS-COLOT-DIS-500x351.jpg 500w, https:\/\/richarms.com\/wp-content\/uploads\/2018\/07\/RICHARMS-COLOT-DIS-600x421.jpg 600w, https:\/\/richarms.com\/wp-content\/uploads\/2018\/07\/RICHARMS-COLOT-DIS.jpg 651w\" data-sizes=\"auto\" data-orig-sizes=\"(max-width: 651px) 100vw, 651px\" \/><p id=\"caption-attachment-5392\" class=\"wp-caption-text\">RICHARMS manyetik \u00e7\u0131t\u00e7\u0131tlar i\u00e7in standart renk paletini ke\u015ffedin, tasar\u0131m ihtiya\u00e7lar\u0131n\u0131za uyacak ek \u00f6zel renkler talep \u00fczerine mevcuttur.<\/p><\/div>\n<h4><strong><b>Asma ve yuvarlama aras\u0131ndaki fark<\/b><\/strong><\/h4>\n<p><img decoding=\"async\" class=\"lazyload wp-image-7165 size-medium\" src=\"https:\/\/richarms.com\/wp-content\/uploads\/2020\/03\/\u56fe\u72471-213x300.jpg\" data-orig-src=\"https:\/\/richarms.com\/wp-content\/uploads\/2020\/03\/\u56fe\u72471-213x300.jpg\" alt=\"Comparison of hanging electroplating and rolling electroplating colors for RICHARMS magnetic snaps, with additional customizable colors available.\" width=\"213\" height=\"300\" srcset=\"data:image\/svg+xml,%3Csvg%20xmlns%3D%27http%3A%2F%2Fwww.w3.org%2F2000%2Fsvg%27%20width%3D%27213%27%20height%3D%27300%27%20viewBox%3D%270%200%20213%20300%27%3E%3Crect%20width%3D%27213%27%20height%3D%27300%27%20fill-opacity%3D%220%22%2F%3E%3C%2Fsvg%3E\" data-srcset=\"https:\/\/richarms.com\/wp-content\/uploads\/2020\/03\/\u56fe\u72471-200x281.jpg 200w, https:\/\/richarms.com\/wp-content\/uploads\/2020\/03\/\u56fe\u72471-213x300.jpg 213w, https:\/\/richarms.com\/wp-content\/uploads\/2020\/03\/\u56fe\u72471.jpg 349w\" data-sizes=\"auto\" data-orig-sizes=\"(max-width: 213px) 100vw, 213px\" \/><\/p>\n<h2><strong>Paket<\/strong><strong>\uff1a<br \/>\n<\/strong><\/h2>\n<p>Bunlar\u0131n t\u00fcm\u00fc Ayaklar, G\u00f6vdeler veya Per\u00e7inlerle sa\u011flanabilir.<br \/>\n1 set = 1 Erkek, 1 Di\u015fi, 2 Pul<br \/>\n14mm: 200 set\/kutu, 20 kutu\/karton<br \/>\n18mm: 100 set\/kutu, 20 kutu\/karton<\/p>\n<div id=\"attachment_5484\" style=\"width: 300px\" class=\"wp-caption alignnone\"><img decoding=\"async\" aria-describedby=\"caption-attachment-5484\" class=\"lazyload wp-image-5484 size-full\" src=\"https:\/\/richarms.com\/wp-content\/uploads\/2018\/07\/Cover-magnetic-snaps.jpg\" data-orig-src=\"https:\/\/richarms.com\/wp-content\/uploads\/2018\/07\/Cover-magnetic-snaps.jpg\" alt=\"RICHARMS full lip magnetic snaps, showcasing their durable design with a secure and stylish closure for bags and accessories.\" width=\"290\" height=\"270\" srcset=\"data:image\/svg+xml,%3Csvg%20xmlns%3D%27http%3A%2F%2Fwww.w3.org%2F2000%2Fsvg%27%20width%3D%27290%27%20height%3D%27270%27%20viewBox%3D%270%200%20290%20270%27%3E%3Crect%20width%3D%27290%27%20height%3D%27270%27%20fill-opacity%3D%220%22%2F%3E%3C%2Fsvg%3E\" data-srcset=\"https:\/\/richarms.com\/wp-content\/uploads\/2018\/07\/Cover-magnetic-snaps-200x186.jpg 200w, https:\/\/richarms.com\/wp-content\/uploads\/2018\/07\/Cover-magnetic-snaps.jpg 290w\" data-sizes=\"auto\" data-orig-sizes=\"(max-width: 290px) 100vw, 290px\" \/><p id=\"caption-attachment-5484\" class=\"wp-caption-text\">RICHARMS'\u0131n y\u00fcksek kaliteli tam dudakl\u0131 manyetik \u00e7\u0131t\u00e7\u0131tlar\u0131, \u00e7anta ve aksesuarlar i\u00e7in m\u00fckemmel, \u015f\u0131k bir y\u00fczeye sahip g\u00fcvenli kapaklar i\u00e7in tasarlanm\u0131\u015ft\u0131r.<\/p><\/div>\n<h2><strong><b>Uygulama<\/b><\/strong><\/h2>\n<p><img decoding=\"async\" class=\"lazyload wp-image-7160\" src=\"https:\/\/richarms.com\/wp-content\/uploads\/2020\/03\/application.png\" data-orig-src=\"https:\/\/richarms.com\/wp-content\/uploads\/2020\/03\/application.png\" alt=\"RICHARMS magnetic snaps used in various applications, including stationery, bags, and gift packaging, with other applications such as medical devices available upon request.\" width=\"367\" height=\"343\" srcset=\"data:image\/svg+xml,%3Csvg%20xmlns%3D%27http%3A%2F%2Fwww.w3.org%2F2000%2Fsvg%27%20width%3D%27367%27%20height%3D%27343%27%20viewBox%3D%270%200%20367%20343%27%3E%3Crect%20width%3D%27367%27%20height%3D%27343%27%20fill-opacity%3D%220%22%2F%3E%3C%2Fsvg%3E\" data-srcset=\"https:\/\/richarms.com\/wp-content\/uploads\/2020\/03\/application-200x187.png 200w, https:\/\/richarms.com\/wp-content\/uploads\/2020\/03\/application-300x280.png 300w, https:\/\/richarms.com\/wp-content\/uploads\/2020\/03\/application-400x374.png 400w, https:\/\/richarms.com\/wp-content\/uploads\/2020\/03\/application-500x467.png 500w, https:\/\/richarms.com\/wp-content\/uploads\/2020\/03\/application.png 598w\" data-sizes=\"auto\" data-orig-sizes=\"(max-width: 367px) 100vw, 367px\" \/><\/p>\n<p>Bu manyetik \u00e7\u0131t\u00e7\u0131tlar k\u0131rtasiye malzemeleri, \u00e7antalar ve hediye ambalajlar\u0131nda kullan\u0131m i\u00e7in m\u00fckemmeldir ve t\u0131bbi cihazlar gibi \u00f6zel sekt\u00f6rler i\u00e7in \u00f6zelle\u015ftirilebilir se\u00e7enekler mevcuttur.<\/p>\n<ul>\n<li>Richarms'\u0131n manyetik \u00e7\u0131t\u00e7\u0131tlar\u0131, tam ihtiya\u00e7lar\u0131n\u0131z\u0131 kar\u015f\u0131lamak i\u00e7in \u00f6zelle\u015ftirilebilir se\u00e7eneklerle y\u00fcksek kaliteli kapaklar i\u00e7in tasarlanm\u0131\u015ft\u0131r ve moda aksesuarlar\u0131, \u00e7antalar ve daha fazlas\u0131 i\u00e7in g\u00fcvenilir bir \u00e7\u00f6z\u00fcm sa\u011flar.<\/li>\n<\/ul>\n<p><strong><b>\u00a0<\/b><\/strong><\/p>\n<h2>Manyetik \u00c7\u0131t\u00e7\u0131t \u00d6zelle\u015ftirme<\/h2>\n<p>Richarms'ta, ister m\u0131knat\u0131s boyutu, ister malzeme se\u00e7enekleri veya renk varyasyonlar\u0131 olsun, \u00f6zel ihtiya\u00e7lar\u0131n\u0131za uygun \u00f6zelle\u015ftirilmi\u015f \u00e7\u00f6z\u00fcmler sunuyoruz. Manyetik \u00e7\u0131t\u00e7\u0131tlar\u0131m\u0131z, \u00e7ok \u00e7e\u015fitli uygulamalar i\u00e7in hem dayan\u0131kl\u0131l\u0131k hem de stil sunmak \u00fczere \u00f6zenle \u00fcretilmi\u015ftir.<\/p>\n<p><strong>\u00a0<\/strong><\/p>\n<p>&nbsp;<\/p>","protected":false},"excerpt":{"rendered":"<p>Tip Yuvarlak Tam Kapak \/ Dudak Manyetik \u00c7\u0131t\u00e7\u0131tlar, Ba\u011flant\u0131 Elemanlar\u0131, Kapaklar<br \/>\nMalzeme Pirin\u00e7, demir, m\u0131knat\u0131s<br \/>\nModel Numaras\u0131: RC-HC1435\/1835\/1845<br \/>\n\u00d6zel Logo mevcuttur: Lazer, Oyuk, Kal\u0131plama<br \/>\nBoyut: 14mm, 18mm<br \/>\nRenk: Alt\u0131n \/ Nikel \/ Tabanca \/ G\u00fcl Alt\u0131n \/ F\u0131r\u00e7a Kar\u0131nca \/ Di\u011fer<br \/>\nAmbalaj: kutu ve karton<br \/>\nNakliye: LCL \/ DHL \/ FedEx \/ TNT \/ Di\u011fer<\/p>","protected":false},"featured_media":6447,"template":"","meta":[],"product_brand":[],"product_cat":[15],"product_tag":[],"class_list":{"0":"post-5680","1":"product","2":"type-product","3":"status-publish","4":"has-post-thumbnail","6":"product_cat-magnetic-snaps","8":"first","9":"instock","10":"shipping-taxable","11":"product-type-simple"},"aioseo_notices":[],"_links":{"self":[{"href":"https:\/\/richarms.com\/tr\/wp-json\/wp\/v2\/product\/5680","targetHints":{"allow":["GET"]}}],"collection":[{"href":"https:\/\/richarms.com\/tr\/wp-json\/wp\/v2\/product"}],"about":[{"href":"https:\/\/richarms.com\/tr\/wp-json\/wp\/v2\/types\/product"}],"wp:featuredmedia":[{"embeddable":true,"href":"https:\/\/richarms.com\/tr\/wp-json\/wp\/v2\/media\/6447"}],"wp:attachment":[{"href":"https:\/\/richarms.com\/tr\/wp-json\/wp\/v2\/media?parent=5680"}],"wp:term":[{"taxonomy":"product_brand","embeddable":true,"href":"https:\/\/richarms.com\/tr\/wp-json\/wp\/v2\/product_brand?post=5680"},{"taxonomy":"product_cat","embeddable":true,"href":"https:\/\/richarms.com\/tr\/wp-json\/wp\/v2\/product_cat?post=5680"},{"taxonomy":"product_tag","embeddable":true,"href":"https:\/\/richarms.com\/tr\/wp-json\/wp\/v2\/product_tag?post=5680"}],"curies":[{"name":"wp","href":"https:\/\/api.w.org\/{rel}","templated":true}]}}