{"id":5686,"date":"2021-07-11T13:53:33","date_gmt":"2021-07-11T05:53:33","guid":{"rendered":"https:\/\/richarms.com\/?post_type=product&#038;p=5686"},"modified":"2026-01-06T17:18:29","modified_gmt":"2026-01-06T09:18:29","slug":"double-rivet-magnetic-snaps-fastener","status":"publish","type":"product","link":"https:\/\/richarms.com\/tr\/product\/double-rivet-magnetic-snaps-fastener","title":{"rendered":"\u00c7ift Per\u00e7inli Manyetik \u00c7\u0131t\u00e7\u0131tl\u0131 Ba\u011flant\u0131 Eleman\u0131"},"content":{"rendered":"<h3>Double Rivet Magnetic Snaps \u2013 Stable Structure for Secure Applications<\/h3>\n<p>Bu <strong>Extra Thin Double Rivet Magnetic Snaps Fastener<\/strong> is a versatile, high-powered magnetic snap designed for use in single-layer fabrics. Its ultra-thin design is perfect for applications in bags, leather goods, non-woven fabric eco-bags, clothing, stationery cases, document pouches, and file boxes. The magnetic snap features rivet-style prongs on the back, which are paired with rivet caps for secure installation.<\/p>\n<p><strong>Kod ve Boyut:<\/strong><\/p>\n<table style=\"height: 611px;\" width=\"814\">\n<tbody>\n<tr>\n<td width=\"87\">Kod<\/td>\n<td width=\"62\">Boyut<\/td>\n<td width=\"89\">Di\u015fi \u00e7\u0131t\u00e7\u0131t<br \/>\nTH<\/td>\n<td width=\"47\">Prong<br \/>\nL<\/td>\n<td width=\"52\">M\u0131knat\u0131s<br \/>\nBoyut<\/td>\n<td width=\"58\">Cap\u00a0 \u00a0 \u00a0 \u00a0 \u00a0 \u00a0 Size<\/td>\n<td width=\"140\">Resim<\/td>\n<td width=\"174\">A\u00e7\u0131klama<\/td>\n<\/tr>\n<tr>\n<td width=\"87\">RC-DR1020<\/td>\n<td width=\"62\">10mm<\/td>\n<td width=\"89\">2mm<\/td>\n<td width=\"47\">6.2mm<\/td>\n<td width=\"52\">9.8 mm<\/td>\n<td width=\"58\">9mm<\/td>\n<td width=\"140\"><img decoding=\"async\" class=\"lazyload wp-image-7238\" src=\"https:\/\/richarms.com\/wp-content\/uploads\/2021\/07\/10X222-e1626246618705.jpg\" data-orig-src=\"https:\/\/richarms.com\/wp-content\/uploads\/2021\/07\/10X222-e1626246618705.jpg\" alt=\"China Magnetic Snaps Factory Wholesale Double Rivet Magnetic Snaps Fastener at good rate, different color, size and strength\" width=\"95\" height=\"77\" srcset=\"data:image\/svg+xml,%3Csvg%20xmlns%3D%27http%3A%2F%2Fwww.w3.org%2F2000%2Fsvg%27%20width%3D%2795%27%20height%3D%2777%27%20viewBox%3D%270%200%2095%2077%27%3E%3Crect%20width%3D%2795%27%20height%3D%2777%27%20fill-opacity%3D%220%22%2F%3E%3C%2Fsvg%3E\" data-srcset=\"https:\/\/richarms.com\/wp-content\/uploads\/2021\/07\/10X222-e1626246618705-177x142.jpg 177w, https:\/\/richarms.com\/wp-content\/uploads\/2021\/07\/10X222-e1626246618705-200x162.jpg 200w, https:\/\/richarms.com\/wp-content\/uploads\/2021\/07\/10X222-e1626246618705.jpg 247w\" data-sizes=\"auto\" data-orig-sizes=\"(max-width: 95px) 100vw, 95px\" \/><\/td>\n<td width=\"174\">\u00c7ok k\u00fc\u00e7\u00fck boyutta g\u00fc\u00e7l\u00fc bir m\u0131knat\u0131s.<br \/>\nK\u00fc\u00e7\u00fck deri e\u015fyalar, g\u00f6zl\u00fck k\u0131l\u0131flar\u0131, oyuncaklar i\u00e7in<\/td>\n<\/tr>\n<tr>\n<td width=\"87\">RC-DR1220<\/td>\n<td width=\"62\">12mm<\/td>\n<td width=\"89\">2mm<\/td>\n<td width=\"47\">7.6mm<\/td>\n<td width=\"52\">11,5 mm<\/td>\n<td width=\"58\">9mm<\/td>\n<td width=\"140\"><img decoding=\"async\" class=\"lazyload aligncenter wp-image-7242\" src=\"https:\/\/richarms.com\/wp-content\/uploads\/2021\/07\/122.png\" data-orig-src=\"https:\/\/richarms.com\/wp-content\/uploads\/2021\/07\/122.png\" alt=\"China Magnetic Snaps Factory Wholesale Double Rivet Magnetic Snaps Fastener at good rate, different color, size and strength\" width=\"128\" height=\"96\" srcset=\"data:image\/svg+xml,%3Csvg%20xmlns%3D%27http%3A%2F%2Fwww.w3.org%2F2000%2Fsvg%27%20width%3D%27128%27%20height%3D%2796%27%20viewBox%3D%270%200%20128%2096%27%3E%3Crect%20width%3D%27128%27%20height%3D%2796%27%20fill-opacity%3D%220%22%2F%3E%3C%2Fsvg%3E\" data-srcset=\"https:\/\/richarms.com\/wp-content\/uploads\/2021\/07\/122-200x150.png 200w, https:\/\/richarms.com\/wp-content\/uploads\/2021\/07\/122.png 282w\" data-sizes=\"auto\" data-orig-sizes=\"(max-width: 128px) 100vw, 128px\" \/><\/td>\n<td width=\"174\">Cepler ve ambalajlar i\u00e7in idealdir.<br \/>\nG\u00f6mme y\u00fcz ve k\u00fc\u00e7\u00fck \u00e7ap.<\/td>\n<\/tr>\n<tr>\n<td width=\"87\">RC-DR1420<\/td>\n<td width=\"62\">14mm<\/td>\n<td width=\"89\">2mm<\/td>\n<td width=\"47\">7.6mm<\/td>\n<td width=\"52\">11mm<\/td>\n<td width=\"58\">12mm<\/td>\n<td width=\"140\"><img decoding=\"async\" class=\"lazyload aligncenter wp-image-7243\" src=\"https:\/\/richarms.com\/wp-content\/uploads\/2021\/07\/142.png\" data-orig-src=\"https:\/\/richarms.com\/wp-content\/uploads\/2021\/07\/142.png\" alt=\"China Magnetic Snaps Factory Wholesale Double Rivet Magnetic Snaps Fastener at good rate, different color, size and strength\" width=\"134\" height=\"101\" srcset=\"data:image\/svg+xml,%3Csvg%20xmlns%3D%27http%3A%2F%2Fwww.w3.org%2F2000%2Fsvg%27%20width%3D%27134%27%20height%3D%27101%27%20viewBox%3D%270%200%20134%20101%27%3E%3Crect%20width%3D%27134%27%20height%3D%27101%27%20fill-opacity%3D%220%22%2F%3E%3C%2Fsvg%3E\" data-srcset=\"https:\/\/richarms.com\/wp-content\/uploads\/2021\/07\/142-200x151.png 200w, https:\/\/richarms.com\/wp-content\/uploads\/2021\/07\/142.png 282w\" data-sizes=\"auto\" data-orig-sizes=\"(max-width: 134px) 100vw, 134px\" \/><\/td>\n<td width=\"174\">\u0130nce g\u00f6vde. Standart g\u00fc\u00e7.<br \/>\nEl \u00e7antalar\u0131, valizler, k\u0131l\u0131flar i\u00e7in \u015f\u0131k, y\u00fcksek moda \u00e7\u0131t\u00e7\u0131tlar.<\/td>\n<\/tr>\n<tr>\n<td width=\"87\">RC-DR1820<\/td>\n<td width=\"62\">18mm<\/td>\n<td width=\"89\">2mm<\/td>\n<td width=\"47\">9mm<\/td>\n<td width=\"52\">12mm<\/td>\n<td width=\"58\">12mm<\/td>\n<td width=\"140\"><img decoding=\"async\" class=\"lazyload alignnone wp-image-7244 size-full\" src=\"https:\/\/richarms.com\/wp-content\/uploads\/2021\/07\/182.png\" data-orig-src=\"https:\/\/richarms.com\/wp-content\/uploads\/2021\/07\/182.png\" alt=\"China Magnetic Snaps Factory Wholesale Double Rivet Magnetic Snaps Fastener at good rate, different color, size and strength\" width=\"282\" height=\"213\" srcset=\"data:image\/svg+xml,%3Csvg%20xmlns%3D%27http%3A%2F%2Fwww.w3.org%2F2000%2Fsvg%27%20width%3D%27282%27%20height%3D%27213%27%20viewBox%3D%270%200%20282%20213%27%3E%3Crect%20width%3D%27282%27%20height%3D%27213%27%20fill-opacity%3D%220%22%2F%3E%3C%2Fsvg%3E\" data-srcset=\"https:\/\/richarms.com\/wp-content\/uploads\/2021\/07\/182-200x151.png 200w, https:\/\/richarms.com\/wp-content\/uploads\/2021\/07\/182.png 282w\" data-sizes=\"auto\" data-orig-sizes=\"(max-width: 282px) 100vw, 282px\" \/><\/td>\n<td width=\"174\">B\u00fcy\u00fck tutma g\u00fcc\u00fcne sahip ince g\u00f6vde.<br \/>\nEl \u00e7antalar\u0131, valizler, s\u0131rt \u00e7antalar\u0131, otomotiv ve havac\u0131l\u0131k i\u00e7in.<\/td>\n<\/tr>\n<\/tbody>\n<\/table>\n<p>Kapak Boyutu: Standart boyut 8mm, 9mm, 12mm, 14mm'dir, \u00f6zelle\u015ftirilmi\u015f mevcuttur<\/p>\n<p>The standard rivet length is 6mm, but we also offer shorter 4mm options and longer custom prongs for thicker materials. For best results, we recommend punching a 1\/8&#8243; hole in the fabric before inserting the rivet prongs and installing the rivet cap. Tools are required for installation, with options available for both <a href=\"https:\/\/richarms.com\/tr\/urun\/machine-tooling-for-double-rivet\/\">pres makineleri<\/a> ve <a href=\"https:\/\/richarms.com\/tr\/urun\/hand-tooling-for-double-rivet\/\">manual hammering<\/a>.<\/p>\n<p>Bu <strong>Double Rivet Magnetic Snap<\/strong> comes with high-powered magnets capable of attaching securely to washers or decorative caps. We also offer customization for caps, including various shapes and finishes in <a href=\"https:\/\/richarms.com\/tr\/urun\/zn-alloy-single-rivet-magnetic-snaps-fastener\/\">\u00e7inko ala\u015f\u0131m\u0131<\/a> for added aesthetic appeal. <a href=\"http:\/\/richarms.com\/tr\/contact\/\">\u0130leti\u015fim<\/a> our experts for customization service.<\/p>\n<p>The snap set includes both male and female components, along with optional rivet caps for enhanced versatility.<\/p>\n<p><strong>Malzeme:<br \/>\n<\/strong>Di\u015fi Kaps\u00fcl:  Demir, Adi Pirin\u00e7 veya \u00c7evresel Pirin\u00e7 mevcuttur<br \/>\nErkek Kaps\u00fcl\u00fc: Demir<br \/>\nPer\u00e7in Kapa\u011f\u0131:Demir, Adi Pirin\u00e7 veya \u00c7evre Pirin\u00e7 mevcuttur<\/p>\n<p><img decoding=\"async\" class=\"lazyload alignnone wp-image-7161\" src=\"https:\/\/richarms.com\/wp-content\/uploads\/2020\/03\/materials-e1626143269166.png\" data-orig-src=\"https:\/\/richarms.com\/wp-content\/uploads\/2020\/03\/materials-e1626143269166.png\" alt=\"\" width=\"446\" height=\"199\" srcset=\"data:image\/svg+xml,%3Csvg%20xmlns%3D%27http%3A%2F%2Fwww.w3.org%2F2000%2Fsvg%27%20width%3D%27446%27%20height%3D%27199%27%20viewBox%3D%270%200%20446%20199%27%3E%3Crect%20width%3D%27446%27%20height%3D%27199%27%20fill-opacity%3D%220%22%2F%3E%3C%2Fsvg%3E\" data-srcset=\"https:\/\/richarms.com\/wp-content\/uploads\/2020\/03\/materials-e1626143269166-200x89.png 200w, https:\/\/richarms.com\/wp-content\/uploads\/2020\/03\/materials-e1626143269166-300x134.png 300w, https:\/\/richarms.com\/wp-content\/uploads\/2020\/03\/materials-e1626143269166-400x178.png 400w, https:\/\/richarms.com\/wp-content\/uploads\/2020\/03\/materials-e1626143269166-500x223.png 500w, https:\/\/richarms.com\/wp-content\/uploads\/2020\/03\/materials-e1626143269166.png 511w\" data-sizes=\"auto\" data-orig-sizes=\"(max-width: 446px) 100vw, 446px\" \/><\/p>\n<p><strong><b>\u0130\u00e7 M\u0131knat\u0131s : <\/b><\/strong>Neodymium\u00a0permanent magnet.<\/p>\n<p>M\u0131knat\u0131s G\u00fcc\u00fc m\u0131knat\u0131s boyutuna ve m\u0131knat\u0131s derecesine ba\u011fl\u0131d\u0131r<\/p>\n<p><img decoding=\"async\" class=\"lazyload alignnone wp-image-7163\" src=\"https:\/\/richarms.com\/wp-content\/uploads\/2020\/03\/\u8d85\u8584\u78c1\u529b-e1626186192975.png\" data-orig-src=\"https:\/\/richarms.com\/wp-content\/uploads\/2020\/03\/\u8d85\u8584\u78c1\u529b-e1626186192975.png\" alt=\"\" width=\"449\" height=\"131\" srcset=\"data:image\/svg+xml,%3Csvg%20xmlns%3D%27http%3A%2F%2Fwww.w3.org%2F2000%2Fsvg%27%20width%3D%27449%27%20height%3D%27131%27%20viewBox%3D%270%200%20449%20131%27%3E%3Crect%20width%3D%27449%27%20height%3D%27131%27%20fill-opacity%3D%220%22%2F%3E%3C%2Fsvg%3E\" data-srcset=\"https:\/\/richarms.com\/wp-content\/uploads\/2020\/03\/\u8d85\u8584\u78c1\u529b-e1626186192975-200x58.png 200w, https:\/\/richarms.com\/wp-content\/uploads\/2020\/03\/\u8d85\u8584\u78c1\u529b-e1626186192975-300x87.png 300w, https:\/\/richarms.com\/wp-content\/uploads\/2020\/03\/\u8d85\u8584\u78c1\u529b-e1626186192975-400x117.png 400w, https:\/\/richarms.com\/wp-content\/uploads\/2020\/03\/\u8d85\u8584\u78c1\u529b-e1626186192975-500x146.png 500w, https:\/\/richarms.com\/wp-content\/uploads\/2020\/03\/\u8d85\u8584\u78c1\u529b-e1626186192975-600x175.png 600w, https:\/\/richarms.com\/wp-content\/uploads\/2020\/03\/\u8d85\u8584\u78c1\u529b-e1626186192975-700x204.png 700w, https:\/\/richarms.com\/wp-content\/uploads\/2020\/03\/\u8d85\u8584\u78c1\u529b-e1626186192975-768x224.png 768w, https:\/\/richarms.com\/wp-content\/uploads\/2020\/03\/\u8d85\u8584\u78c1\u529b-e1626186192975-800x233.png 800w, https:\/\/richarms.com\/wp-content\/uploads\/2020\/03\/\u8d85\u8584\u78c1\u529b-e1626186192975.png 885w\" data-sizes=\"auto\" data-orig-sizes=\"(max-width: 449px) 100vw, 449px\" \/><\/p>\n<div id=\"attachment_7346\" style=\"width: 428px\" class=\"wp-caption alignnone\"><img decoding=\"async\" aria-describedby=\"caption-attachment-7346\" class=\"lazyload wp-image-7346 size-full\" src=\"https:\/\/richarms.com\/wp-content\/uploads\/2021\/07\/\u5fae\u4fe1\u622a\u56fe_20210824111345.png\" data-orig-src=\"https:\/\/richarms.com\/wp-content\/uploads\/2021\/07\/\u5fae\u4fe1\u622a\u56fe_20210824111345.png\" alt=\"Richarms, the Chinese Wholesale Professional Magnetic Snaps Factory has different strength option for thin or thick magnetic snaps, standard solution is from 0.5kg - 5kg, customized strength solution available. The image is showing our standard Strength: 18mm Thick (1.5kg \/ 3kg) 14mm Thick (0.5kg \/ 1.5kg)\" width=\"418\" height=\"682\" srcset=\"data:image\/svg+xml,%3Csvg%20xmlns%3D%27http%3A%2F%2Fwww.w3.org%2F2000%2Fsvg%27%20width%3D%27418%27%20height%3D%27682%27%20viewBox%3D%270%200%20418%20682%27%3E%3Crect%20width%3D%27418%27%20height%3D%27682%27%20fill-opacity%3D%220%22%2F%3E%3C%2Fsvg%3E\" data-srcset=\"https:\/\/richarms.com\/wp-content\/uploads\/2021\/07\/\u5fae\u4fe1\u622a\u56fe_20210824111345-184x300.png 184w, https:\/\/richarms.com\/wp-content\/uploads\/2021\/07\/\u5fae\u4fe1\u622a\u56fe_20210824111345-200x326.png 200w, https:\/\/richarms.com\/wp-content\/uploads\/2021\/07\/\u5fae\u4fe1\u622a\u56fe_20210824111345-400x653.png 400w, https:\/\/richarms.com\/wp-content\/uploads\/2021\/07\/\u5fae\u4fe1\u622a\u56fe_20210824111345.png 418w\" data-sizes=\"auto\" data-orig-sizes=\"(max-width: 418px) 100vw, 418px\" \/><p id=\"caption-attachment-7346\" class=\"wp-caption-text\">Richarms, \u00c7in Toptan Profesyonel Manyetik \u00c7\u0131t\u00e7\u0131t Fabrikas\u0131, ince veya kal\u0131n manyetik \u00e7\u0131t\u00e7\u0131tlar i\u00e7in farkl\u0131 g\u00fc\u00e7 se\u00e7eneklerine sahiptir, standart \u00e7\u00f6z\u00fcm 0,5 kg - 5 kg aras\u0131ndad\u0131r, \u00f6zelle\u015ftirilmi\u015f g\u00fc\u00e7 \u00e7\u00f6z\u00fcm\u00fc mevcuttur.<br \/>Resim standart Mukavemetimizi g\u00f6stermektedir:<br \/>18mm Kal\u0131nl\u0131k (1,5kg \/ 3kg)<br \/>14mm Kal\u0131nl\u0131k (0,5kg \/ 1,5kg)<\/p><\/div>\n<p><strong><b>F<\/b><\/strong><strong><b>inish<\/b><\/strong><strong><b>\uff1a<\/b><\/strong><\/p>\n<p>Kad\u0131n \u00e7\u0131t\u00e7\u0131t: D\u00fcz, Desen, Logo<\/p>\n<p><img decoding=\"async\" class=\"lazyload alignnone wp-image-7166\" src=\"data:image\/svg+xml,%3Csvg%20xmlns%3D%27http%3A%2F%2Fwww.w3.org%2F2000%2Fsvg%27%20width%3D%27288%27%20height%3D%27135%27%20viewBox%3D%270%200%20288%20135%27%3E%3Crect%20width%3D%27288%27%20height%3D%27135%27%20fill-opacity%3D%220%22%2F%3E%3C%2Fsvg%3E\" data-orig-src=\"https:\/\/richarms.com\/wp-content\/uploads\/2020\/03\/\u56fe\u72473.jpg\" alt=\"\" width=\"288\" height=\"135\" \/><\/p>\n<p>Erkek \u00e7\u0131t\u00e7\u0131t: D\u00fcz, \u0130fade, Logo<\/p>\n<p><img decoding=\"async\" class=\"lazyload alignnone wp-image-7180\" src=\"https:\/\/richarms.com\/wp-content\/uploads\/2020\/03\/\u56fe\u72474.jpg\" data-orig-src=\"https:\/\/richarms.com\/wp-content\/uploads\/2020\/03\/\u56fe\u72474.jpg\" alt=\"\" width=\"306\" height=\"123\" srcset=\"data:image\/svg+xml,%3Csvg%20xmlns%3D%27http%3A%2F%2Fwww.w3.org%2F2000%2Fsvg%27%20width%3D%27306%27%20height%3D%27123%27%20viewBox%3D%270%200%20306%20123%27%3E%3Crect%20width%3D%27306%27%20height%3D%27123%27%20fill-opacity%3D%220%22%2F%3E%3C%2Fsvg%3E\" data-srcset=\"https:\/\/richarms.com\/wp-content\/uploads\/2020\/03\/\u56fe\u72474-200x80.jpg 200w, https:\/\/richarms.com\/wp-content\/uploads\/2020\/03\/\u56fe\u72474-300x120.jpg 300w, https:\/\/richarms.com\/wp-content\/uploads\/2020\/03\/\u56fe\u72474-400x160.jpg 400w, https:\/\/richarms.com\/wp-content\/uploads\/2020\/03\/\u56fe\u72474-500x200.jpg 500w, https:\/\/richarms.com\/wp-content\/uploads\/2020\/03\/\u56fe\u72474-600x241.jpg 600w, https:\/\/richarms.com\/wp-content\/uploads\/2020\/03\/\u56fe\u72474.jpg 651w\" data-sizes=\"auto\" data-orig-sizes=\"(max-width: 306px) 100vw, 306px\" \/><\/p>\n<p><strong>Paket<\/strong><strong>\uff1a<\/strong><\/p>\n<p>Bunlar\u0131n t\u00fcm\u00fc Ayaklar, G\u00f6vdeler veya Per\u00e7inlerle sa\u011flanabilir.<br \/>\n1 set = 1 Male, 1 Female, 2 Rivet cap<br \/>\n10mm:\u00a0400 sets\/box, 20 boxes\/carton<br \/>\n12mm, 14mm: 200 sets\/box, 20 boxes\/carton<br \/>\n18mm: 100 set\/kutu, 20 kutu\/karton<\/p>\n<p><img decoding=\"async\" class=\"lazyload alignnone size-full wp-image-7281\" src=\"https:\/\/richarms.com\/wp-content\/uploads\/2021\/07\/\u53cc\u649e\u4ecb\u7ecd\u542b\u6c34\u5370_\u526f\u672c.jpg\" data-orig-src=\"https:\/\/richarms.com\/wp-content\/uploads\/2021\/07\/\u53cc\u649e\u4ecb\u7ecd\u542b\u6c34\u5370_\u526f\u672c.jpg\" alt=\"\" width=\"300\" height=\"286\" srcset=\"data:image\/svg+xml,%3Csvg%20xmlns%3D%27http%3A%2F%2Fwww.w3.org%2F2000%2Fsvg%27%20width%3D%27300%27%20height%3D%27286%27%20viewBox%3D%270%200%20300%20286%27%3E%3Crect%20width%3D%27300%27%20height%3D%27286%27%20fill-opacity%3D%220%22%2F%3E%3C%2Fsvg%3E\" data-srcset=\"https:\/\/richarms.com\/wp-content\/uploads\/2021\/07\/\u53cc\u649e\u4ecb\u7ecd\u542b\u6c34\u5370_\u526f\u672c-200x191.jpg 200w, https:\/\/richarms.com\/wp-content\/uploads\/2021\/07\/\u53cc\u649e\u4ecb\u7ecd\u542b\u6c34\u5370_\u526f\u672c.jpg 300w\" data-sizes=\"auto\" data-orig-sizes=\"(max-width: 300px) 100vw, 300px\" \/><\/p>\n<p><strong>Temel \u00d6zellikler:<\/strong><\/p>\n<ul>\n<li><strong>Extra-Thin Design:<\/strong> Ideal for single-layer fabrics, ensuring a seamless, low-profile appearance.<\/li>\n<li><strong>High-Powered Magnets:<\/strong> Strong magnetic attraction ensures a secure hold, perfect for leather goods, bags, and clothing.<\/li>\n<li><strong>Multiple Rivet Lengths:<\/strong> Standard 6mm, with customizable 4mm or longer options for thicker materials.<\/li>\n<li><strong>Customizable Caps:<\/strong> Optional decorative caps available in various shapes and finishes for unique designs.<\/li>\n<li><strong>Easy Installation:<\/strong> Requires 1\/8&#8243; hole punch; compatible with press machine or manual hammering tools.<\/li>\n<li><strong>\u00c7ok Y\u00f6nl\u00fc Uygulamalar:<\/strong> Suitable for use in bags, leather goods, eco-friendly products, clothing, stationery, and more.<\/li>\n<li><a href=\"https:\/\/www.richarmshardware.com\/products\/18x2mm-double-rivet-magnetic-snaps?_pos=6&amp;_sid=77c4f6ab2&amp;_ss=r\">K\u00fc\u00e7\u00fck Sipari\u015f Kabul Edilebilir<\/a><\/li>\n<\/ul>\n<p>This magnetic fastener is a durable, reliable choice for designers and manufacturers looking to create innovative products with secure closures.<\/p>\n<p data-start=\"1078\" data-end=\"1103\"><strong data-start=\"1078\" data-end=\"1103\">\u00d6zelle\u015ftirme Se\u00e7enekleri<\/strong><\/p>\n<div class=\"video-shortcode\"><iframe title=\"Rivet Cap Magnetic Snaps | Custom Shapes, Surface Finishing &amp; Small MOQ\" width=\"563\" height=\"1000\" src=\"https:\/\/www.youtube.com\/embed\/3uLvNp4I9-k?feature=oembed\" frameborder=\"0\" allow=\"accelerometer; autoplay; clipboard-write; encrypted-media; gyroscope; picture-in-picture; web-share\" referrerpolicy=\"strict-origin-when-cross-origin\" allowfullscreen><\/iframe><\/div>\n<p data-start=\"1105\" data-end=\"1188\">We support flexible customization based on your design and functional requirements:<\/p>\n<ul>\n<li data-start=\"1192\" data-end=\"1235\"><strong data-start=\"1192\" data-end=\"1202\">\u015eekil:<\/strong> round, heart, or custom design<\/li>\n<li data-start=\"1238\" data-end=\"1285\"><strong data-start=\"1238\" data-end=\"1247\">Boyut:<\/strong> customizable diameter and thickness<\/li>\n<li data-start=\"1288\" data-end=\"1338\"><strong data-start=\"1288\" data-end=\"1299\">Finish:<\/strong> electroplated or spray-coated colors<\/li>\n<li data-start=\"1341\" data-end=\"1405\"><strong data-start=\"1341\" data-end=\"1364\">Surface processing:<\/strong> fabric cover, velvet cover, laser logo<\/li>\n<li data-start=\"1408\" data-end=\"1447\"><strong data-start=\"1408\" data-end=\"1425\">Kurulum:<\/strong> double rivet fixation<\/li>\n<\/ul>\n<p data-start=\"1449\" data-end=\"1507\">Small MOQ is accepted for sampling and development stages.<\/p>\n<p><strong><b>Asma ve yuvarlama aras\u0131ndaki fark<\/b><\/strong><\/p>\n<p><img decoding=\"async\" class=\"lazyload alignnone wp-image-7165\" src=\"https:\/\/richarms.com\/wp-content\/uploads\/2020\/03\/\u56fe\u72471.jpg\" data-orig-src=\"https:\/\/richarms.com\/wp-content\/uploads\/2020\/03\/\u56fe\u72471.jpg\" alt=\"\" width=\"176\" height=\"248\" srcset=\"data:image\/svg+xml,%3Csvg%20xmlns%3D%27http%3A%2F%2Fwww.w3.org%2F2000%2Fsvg%27%20width%3D%27176%27%20height%3D%27248%27%20viewBox%3D%270%200%20176%20248%27%3E%3Crect%20width%3D%27176%27%20height%3D%27248%27%20fill-opacity%3D%220%22%2F%3E%3C%2Fsvg%3E\" data-srcset=\"https:\/\/richarms.com\/wp-content\/uploads\/2020\/03\/\u56fe\u72471-200x281.jpg 200w, https:\/\/richarms.com\/wp-content\/uploads\/2020\/03\/\u56fe\u72471-213x300.jpg 213w, https:\/\/richarms.com\/wp-content\/uploads\/2020\/03\/\u56fe\u72471.jpg 349w\" data-sizes=\"auto\" data-orig-sizes=\"(max-width: 176px) 100vw, 176px\" \/><\/p>\n<p><strong><b>Normal Renk Listelenmi\u015ftir<\/b><\/strong><br \/>\n<strong><br \/>\n<img decoding=\"async\" class=\"lazyload alignnone size-full wp-image-5392\" src=\"https:\/\/richarms.com\/wp-content\/uploads\/2018\/07\/RICHARMS-COLOT-DIS.jpg\" data-orig-src=\"https:\/\/richarms.com\/wp-content\/uploads\/2018\/07\/RICHARMS-COLOT-DIS.jpg\" alt=\"\" width=\"651\" height=\"457\" srcset=\"data:image\/svg+xml,%3Csvg%20xmlns%3D%27http%3A%2F%2Fwww.w3.org%2F2000%2Fsvg%27%20width%3D%27651%27%20height%3D%27457%27%20viewBox%3D%270%200%20651%20457%27%3E%3Crect%20width%3D%27651%27%20height%3D%27457%27%20fill-opacity%3D%220%22%2F%3E%3C%2Fsvg%3E\" data-srcset=\"https:\/\/richarms.com\/wp-content\/uploads\/2018\/07\/RICHARMS-COLOT-DIS-200x140.jpg 200w, https:\/\/richarms.com\/wp-content\/uploads\/2018\/07\/RICHARMS-COLOT-DIS-300x211.jpg 300w, https:\/\/richarms.com\/wp-content\/uploads\/2018\/07\/RICHARMS-COLOT-DIS-400x281.jpg 400w, https:\/\/richarms.com\/wp-content\/uploads\/2018\/07\/RICHARMS-COLOT-DIS-500x351.jpg 500w, https:\/\/richarms.com\/wp-content\/uploads\/2018\/07\/RICHARMS-COLOT-DIS-600x421.jpg 600w, https:\/\/richarms.com\/wp-content\/uploads\/2018\/07\/RICHARMS-COLOT-DIS.jpg 651w\" data-sizes=\"auto\" data-orig-sizes=\"(max-width: 651px) 100vw, 651px\" \/><\/strong><\/p>\n<p><a href=\"https:\/\/richarms.com\/tr\/urun\/round-magnetic-snaps-rainbow-color\/\">G\u00f6kku\u015fa\u011f\u0131 Rengi<\/a> ve <a href=\"http:\/\/richarms.com\/tr\/rich\/\">\u00d6zel Renk<\/a> Mevcut.<\/p>\n<p><strong><b>Uygulama<\/b><\/strong><\/p>\n<ul>\n<li data-start=\"1557\" data-end=\"1585\">Handbags and leather goods<\/li>\n<li data-start=\"1588\" data-end=\"1609\">Fashion accessories<\/li>\n<li data-start=\"1612\" data-end=\"1633\">Decorative closures<\/li>\n<li data-start=\"1636\" data-end=\"1696\">Custom hardware projects requiring stable magnetic fastening<\/li>\n<\/ul>\n<p><img decoding=\"async\" class=\"lazyload alignnone wp-image-7160\" src=\"https:\/\/richarms.com\/wp-content\/uploads\/2020\/03\/application.png\" data-orig-src=\"https:\/\/richarms.com\/wp-content\/uploads\/2020\/03\/application.png\" alt=\"\" width=\"474\" height=\"443\" srcset=\"data:image\/svg+xml,%3Csvg%20xmlns%3D%27http%3A%2F%2Fwww.w3.org%2F2000%2Fsvg%27%20width%3D%27474%27%20height%3D%27443%27%20viewBox%3D%270%200%20474%20443%27%3E%3Crect%20width%3D%27474%27%20height%3D%27443%27%20fill-opacity%3D%220%22%2F%3E%3C%2Fsvg%3E\" data-srcset=\"https:\/\/richarms.com\/wp-content\/uploads\/2020\/03\/application-200x187.png 200w, https:\/\/richarms.com\/wp-content\/uploads\/2020\/03\/application-300x280.png 300w, https:\/\/richarms.com\/wp-content\/uploads\/2020\/03\/application-400x374.png 400w, https:\/\/richarms.com\/wp-content\/uploads\/2020\/03\/application-500x467.png 500w, https:\/\/richarms.com\/wp-content\/uploads\/2020\/03\/application.png 598w\" data-sizes=\"auto\" data-orig-sizes=\"(max-width: 474px) 100vw, 474px\" \/><\/p>\n<p>&nbsp;<\/p>\n<p>Looking for a stable magnetic snap solution for your project?<br data-start=\"2123\" data-end=\"2126\" \/>\ud83d\udce9 Contact us by email\uff1ainfo@Richarms.com to discuss customization<br data-start=\"2173\" data-end=\"2176\" \/>\ud83d\udce6 <a href=\"https:\/\/www.richarmshardware.com\/products\/18x4-5mm-double-rivet-magnetic-snaps?_pos=3&amp;_sid=5fdba7a3f&amp;_ss=r\">Get samples<\/a> for evaluation and testing<\/p>","protected":false},"excerpt":{"rendered":"<div class=\"sr-txt-title\">\n<p class=\"sr-txt-h2\">Type: Extra Thin Double Rivet Magnetic Snaps Fastener<br \/>\nMalzeme Pirin\u00e7, demir, M\u0131knat\u0131s<br \/>\nModel Number: RC-DR1020\/1220\/1420\/1820<br \/>\nLogo: Olmadan, kost\u00fcml\u00fc olabilir<br \/>\nBoyut: 10mm, 12mm, 14mm, 18mm<br \/>\nRenk: Alt\u0131n \/ Nikel \/ Tabanca \/ G\u00fcl Alt\u0131n \/ F\u0131r\u00e7a Kar\u0131nca \/ Di\u011fer<br \/>\nAmbalaj: kutu ve karton<br \/>\nNakliye: LCL \/ DHL \/ FedEx \/ TNT \/ Di\u011fer<\/p>\n<\/div>","protected":false},"featured_media":6421,"template":"","meta":[],"product_brand":[],"product_cat":[15],"product_tag":[],"class_list":{"0":"post-5686","1":"product","2":"type-product","3":"status-publish","4":"has-post-thumbnail","6":"product_cat-magnetic-snaps","8":"first","9":"instock","10":"shipping-taxable","11":"product-type-simple"},"aioseo_notices":[],"_links":{"self":[{"href":"https:\/\/richarms.com\/tr\/wp-json\/wp\/v2\/product\/5686","targetHints":{"allow":["GET"]}}],"collection":[{"href":"https:\/\/richarms.com\/tr\/wp-json\/wp\/v2\/product"}],"about":[{"href":"https:\/\/richarms.com\/tr\/wp-json\/wp\/v2\/types\/product"}],"wp:featuredmedia":[{"embeddable":true,"href":"https:\/\/richarms.com\/tr\/wp-json\/wp\/v2\/media\/6421"}],"wp:attachment":[{"href":"https:\/\/richarms.com\/tr\/wp-json\/wp\/v2\/media?parent=5686"}],"wp:term":[{"taxonomy":"product_brand","embeddable":true,"href":"https:\/\/richarms.com\/tr\/wp-json\/wp\/v2\/product_brand?post=5686"},{"taxonomy":"product_cat","embeddable":true,"href":"https:\/\/richarms.com\/tr\/wp-json\/wp\/v2\/product_cat?post=5686"},{"taxonomy":"product_tag","embeddable":true,"href":"https:\/\/richarms.com\/tr\/wp-json\/wp\/v2\/product_tag?post=5686"}],"curies":[{"name":"wp","href":"https:\/\/api.w.org\/{rel}","templated":true}]}}