{"id":5723,"date":"2021-07-11T09:43:03","date_gmt":"2021-07-11T01:43:03","guid":{"rendered":"https:\/\/richarms.com\/?post_type=product&#038;p=5723"},"modified":"2025-03-11T16:44:24","modified_gmt":"2025-03-11T08:44:24","slug":"magnetic-grommet-snaps-4","status":"publish","type":"product","link":"https:\/\/richarms.com\/tr\/product\/magnetic-grommet-snaps-4","title":{"rendered":"Parlak Epoksi Manyetik Ku\u015fg\u00f6z\u00fc \u00c7\u0131t\u00e7\u0131tlar\u0131"},"content":{"rendered":"<h1>Bag Hardware &#8211; Brass Made Glossy Epoxy Magnetic Eyelet Snaps<\/h1>\n<p>The Glossy Epoxy Magnetic Eyelet Snaps is the only magnetic grommet in the marketplace today that combines a very strong snap closure with the design aesthetic of a &#8220;pin and hole&#8221; closure.<br \/>\nThe grommet face provides a surface suitable for a logo or graphic. Designers like the look of the center pin filling up the hole in the grommet.<br \/>\nThe center pin can be a matching finish to the grommet or a contrasting color.<br \/>\nComing in a variety of sizes, it can be used as a closure for an outer garment, purse, briefcase or handbag.<br \/>\n* Grommets reinforce holes in material so it won&#8217;t crack or tear.<\/p>\n<p>Matt and flat Round Epoxy Magnetic Eyelet Snaps <a href=\"https:\/\/richarms.com\/tr\/urun\/magnetic-grommet-snaps-3\/\">Shop here<\/a><\/p>\n<p><strong>Kod ve boyut:<br \/>\n<\/strong><\/p>\n<table style=\"height: 175px;\" width=\"714\">\n<tbody>\n<tr>\n<td width=\"133\">Kod<\/td>\n<td width=\"89\">Di\u015fi \u00e7\u0131t\u00e7\u0131t<br \/>\nDIA<\/td>\n<td width=\"89\">Di\u015fi \u00e7\u0131t\u00e7\u0131t<br \/>\nTH<\/td>\n<td width=\"89\">Ku\u015fg\u00f6z\u00fc<br \/>\nOD<\/td>\n<td width=\"89\">Ku\u015fg\u00f6z\u00fc<br \/>\nTH<\/td>\n<td width=\"89\">Prong<br \/>\nL<\/td>\n<\/tr>\n<tr>\n<td width=\"133\">RC-GM1020 EP<\/td>\n<td width=\"89\">10mm<\/td>\n<td width=\"89\">2mm<\/td>\n<td width=\"89\">12mm<\/td>\n<td width=\"89\">7mm<\/td>\n<td width=\"89\">8mm<\/td>\n<\/tr>\n<tr>\n<td width=\"133\">RC-GM1420 EP<\/td>\n<td width=\"89\">14mm<\/td>\n<td width=\"89\">2mm<\/td>\n<td width=\"89\">17mm<\/td>\n<td width=\"89\">8mm<\/td>\n<td width=\"89\">8mm<\/td>\n<\/tr>\n<tr>\n<td width=\"133\">RC-GM2020 EP<\/td>\n<td width=\"89\">20mm<\/td>\n<td width=\"89\">2mm<\/td>\n<td width=\"89\">20mm<\/td>\n<td width=\"89\">8mm<\/td>\n<td width=\"89\">8mm<\/td>\n<\/tr>\n<\/tbody>\n<\/table>\n<p><strong>Malzeme:<br \/>\n<\/strong>Eyelet\/ Grommet:\u00a0 Zn Alloy<br \/>\nMale Capsule: Brass, Iron<br \/>\n\u0130\u00e7 M\u0131knat\u0131s : Neodimyum sabit m\u0131knat\u0131s.<br \/>\nM\u0131knat\u0131s G\u00fcc\u00fc m\u0131knat\u0131s boyutuna ve m\u0131knat\u0131s derecesine ba\u011fl\u0131d\u0131r<\/p>\n<p><strong><br \/>\nPaket<\/strong><strong>\uff1a<br \/>\n<\/strong>Bunlar\u0131n t\u00fcm\u00fc Ayaklar, G\u00f6vdeler veya Per\u00e7inlerle sa\u011flanabilir.<br \/>\n1 set = 1 Male, 1 eyelet, 1 washer<\/p>\n<p><img decoding=\"async\" class=\"lazyload alignnone size-full wp-image-7279\" src=\"https:\/\/richarms.com\/wp-content\/uploads\/2021\/07\/\u6c7d\u773c\u542b\u6c34\u5370_\u526f\u672c.jpg\" data-orig-src=\"https:\/\/richarms.com\/wp-content\/uploads\/2021\/07\/\u6c7d\u773c\u542b\u6c34\u5370_\u526f\u672c.jpg\" alt=\"\" width=\"300\" height=\"291\" srcset=\"data:image\/svg+xml,%3Csvg%20xmlns%3D%27http%3A%2F%2Fwww.w3.org%2F2000%2Fsvg%27%20width%3D%27300%27%20height%3D%27291%27%20viewBox%3D%270%200%20300%20291%27%3E%3Crect%20width%3D%27300%27%20height%3D%27291%27%20fill-opacity%3D%220%22%2F%3E%3C%2Fsvg%3E\" data-srcset=\"https:\/\/richarms.com\/wp-content\/uploads\/2021\/07\/\u6c7d\u773c\u542b\u6c34\u5370_\u526f\u672c-200x194.jpg 200w, https:\/\/richarms.com\/wp-content\/uploads\/2021\/07\/\u6c7d\u773c\u542b\u6c34\u5370_\u526f\u672c.jpg 300w\" data-sizes=\"auto\" data-orig-sizes=\"(max-width: 300px) 100vw, 300px\" \/><\/p>\n<p><strong><b>Asma ve yuvarlama aras\u0131ndaki fark<\/b><\/strong><\/p>\n<p><img decoding=\"async\" class=\"lazyload alignnone wp-image-7165\" src=\"https:\/\/richarms.com\/wp-content\/uploads\/2020\/03\/\u56fe\u72471.jpg\" data-orig-src=\"https:\/\/richarms.com\/wp-content\/uploads\/2020\/03\/\u56fe\u72471.jpg\" alt=\"\" width=\"176\" height=\"248\" srcset=\"data:image\/svg+xml,%3Csvg%20xmlns%3D%27http%3A%2F%2Fwww.w3.org%2F2000%2Fsvg%27%20width%3D%27176%27%20height%3D%27248%27%20viewBox%3D%270%200%20176%20248%27%3E%3Crect%20width%3D%27176%27%20height%3D%27248%27%20fill-opacity%3D%220%22%2F%3E%3C%2Fsvg%3E\" data-srcset=\"https:\/\/richarms.com\/wp-content\/uploads\/2020\/03\/\u56fe\u72471-200x281.jpg 200w, https:\/\/richarms.com\/wp-content\/uploads\/2020\/03\/\u56fe\u72471-213x300.jpg 213w, https:\/\/richarms.com\/wp-content\/uploads\/2020\/03\/\u56fe\u72471.jpg 349w\" data-sizes=\"auto\" data-orig-sizes=\"(max-width: 176px) 100vw, 176px\" \/><\/p>\n<p><strong><b>Normal Renk Listelenmi\u015ftir <\/b><\/strong><\/p>\n<p><strong><img decoding=\"async\" class=\"lazyload alignnone size-full wp-image-5392\" src=\"https:\/\/richarms.com\/wp-content\/uploads\/2018\/07\/RICHARMS-COLOT-DIS.jpg\" data-orig-src=\"https:\/\/richarms.com\/wp-content\/uploads\/2018\/07\/RICHARMS-COLOT-DIS.jpg\" alt=\"\" width=\"651\" height=\"457\" srcset=\"data:image\/svg+xml,%3Csvg%20xmlns%3D%27http%3A%2F%2Fwww.w3.org%2F2000%2Fsvg%27%20width%3D%27651%27%20height%3D%27457%27%20viewBox%3D%270%200%20651%20457%27%3E%3Crect%20width%3D%27651%27%20height%3D%27457%27%20fill-opacity%3D%220%22%2F%3E%3C%2Fsvg%3E\" data-srcset=\"https:\/\/richarms.com\/wp-content\/uploads\/2018\/07\/RICHARMS-COLOT-DIS-200x140.jpg 200w, https:\/\/richarms.com\/wp-content\/uploads\/2018\/07\/RICHARMS-COLOT-DIS-300x211.jpg 300w, https:\/\/richarms.com\/wp-content\/uploads\/2018\/07\/RICHARMS-COLOT-DIS-400x281.jpg 400w, https:\/\/richarms.com\/wp-content\/uploads\/2018\/07\/RICHARMS-COLOT-DIS-500x351.jpg 500w, https:\/\/richarms.com\/wp-content\/uploads\/2018\/07\/RICHARMS-COLOT-DIS-600x421.jpg 600w, https:\/\/richarms.com\/wp-content\/uploads\/2018\/07\/RICHARMS-COLOT-DIS.jpg 651w\" data-sizes=\"auto\" data-orig-sizes=\"(max-width: 651px) 100vw, 651px\" \/><\/strong><\/p>\n<p><strong>Uygulama<\/strong><\/p>\n<h3><img decoding=\"async\" class=\"lazyload alignnone size-full wp-image-7300\" src=\"https:\/\/richarms.com\/wp-content\/uploads\/2021\/07\/\u5fae\u4fe1\u56fe\u7247_20210715111550.png\" data-orig-src=\"https:\/\/richarms.com\/wp-content\/uploads\/2021\/07\/\u5fae\u4fe1\u56fe\u7247_20210715111550.png\" alt=\"\" width=\"445\" height=\"431\" srcset=\"data:image\/svg+xml,%3Csvg%20xmlns%3D%27http%3A%2F%2Fwww.w3.org%2F2000%2Fsvg%27%20width%3D%27445%27%20height%3D%27431%27%20viewBox%3D%270%200%20445%20431%27%3E%3Crect%20width%3D%27445%27%20height%3D%27431%27%20fill-opacity%3D%220%22%2F%3E%3C%2Fsvg%3E\" data-srcset=\"https:\/\/richarms.com\/wp-content\/uploads\/2021\/07\/\u5fae\u4fe1\u56fe\u7247_20210715111550-200x194.png 200w, https:\/\/richarms.com\/wp-content\/uploads\/2021\/07\/\u5fae\u4fe1\u56fe\u7247_20210715111550-300x291.png 300w, https:\/\/richarms.com\/wp-content\/uploads\/2021\/07\/\u5fae\u4fe1\u56fe\u7247_20210715111550-400x387.png 400w, https:\/\/richarms.com\/wp-content\/uploads\/2021\/07\/\u5fae\u4fe1\u56fe\u7247_20210715111550.png 445w\" data-sizes=\"auto\" data-orig-sizes=\"(max-width: 445px) 100vw, 445px\" \/><\/h3>\n<p>&nbsp;<\/p>","protected":false},"excerpt":{"rendered":"<p>Type:Zn Alloy Round Epoxy Magnetic Eyelet Snaps<br \/>\nMalzeme Pirin\u00e7, demir, m\u0131knat\u0131s<br \/>\nModel Number: RC-GM1020 EP, RC-GM1420 EP, RC-GM2020 EP<br \/>\nLogo: \u00f6zelle\u015ftirilebilir<br \/>\nBoyut: 10mm, 12mm, 14mm, 18mm, 20mm<br \/>\nColor: Epoxy, Hanging, or Rolling<br \/>\nAmbalaj: kutu ve karton<br \/>\nNakliye: LCL \/ DHL \/ FedEx \/ TNT \/ Di\u011fer<\/p>","protected":false},"featured_media":5724,"template":"","meta":[],"product_brand":[],"product_cat":[15],"product_tag":[],"class_list":{"0":"post-5723","1":"product","2":"type-product","3":"status-publish","4":"has-post-thumbnail","6":"product_cat-magnetic-snaps","8":"first","9":"instock","10":"shipping-taxable","11":"product-type-simple"},"aioseo_notices":[],"_links":{"self":[{"href":"https:\/\/richarms.com\/tr\/wp-json\/wp\/v2\/product\/5723","targetHints":{"allow":["GET"]}}],"collection":[{"href":"https:\/\/richarms.com\/tr\/wp-json\/wp\/v2\/product"}],"about":[{"href":"https:\/\/richarms.com\/tr\/wp-json\/wp\/v2\/types\/product"}],"wp:featuredmedia":[{"embeddable":true,"href":"https:\/\/richarms.com\/tr\/wp-json\/wp\/v2\/media\/5724"}],"wp:attachment":[{"href":"https:\/\/richarms.com\/tr\/wp-json\/wp\/v2\/media?parent=5723"}],"wp:term":[{"taxonomy":"product_brand","embeddable":true,"href":"https:\/\/richarms.com\/tr\/wp-json\/wp\/v2\/product_brand?post=5723"},{"taxonomy":"product_cat","embeddable":true,"href":"https:\/\/richarms.com\/tr\/wp-json\/wp\/v2\/product_cat?post=5723"},{"taxonomy":"product_tag","embeddable":true,"href":"https:\/\/richarms.com\/tr\/wp-json\/wp\/v2\/product_tag?post=5723"}],"curies":[{"name":"wp","href":"https:\/\/api.w.org\/{rel}","templated":true}]}}