{"id":5888,"date":"2021-07-09T10:44:19","date_gmt":"2021-07-09T02:44:19","guid":{"rendered":"https:\/\/richarms.com\/?post_type=product&#038;p=5888"},"modified":"2025-02-23T22:54:22","modified_gmt":"2025-02-23T14:54:22","slug":"magnetic-name-tag","status":"publish","type":"product","link":"https:\/\/richarms.com\/tr\/product\/magnetic-name-tag","title":{"rendered":"Manyetik \u0130sim Etiketi"},"content":{"rendered":"<h1 data-start=\"2553\" data-end=\"2579\"><strong data-start=\"2558\" data-end=\"2579\">Manyetik \u0130sim Etiketi<\/strong><\/h1>\n<p data-start=\"2581\" data-end=\"2793\">Bizim <strong data-start=\"2585\" data-end=\"2606\">Manyetik \u0130sim Etiketi<\/strong> g\u00fcvenli ve konforlu bir yaka kart\u0131 \u00e7\u00f6z\u00fcm\u00fc sa\u011flamak \u00fczere tasarlanm\u0131\u015ft\u0131r. \u00d6zellikler <strong data-start=\"2684\" data-end=\"2705\">iki yuvarlak m\u0131knat\u0131s<\/strong> ve bir <strong data-start=\"2712\" data-end=\"2730\">manyetik levha<\/strong>\u0130sim etiketinizi yerinde tutarken g\u00fc\u00e7l\u00fc bir tutu\u015f sa\u011flar.<\/p>\n<ul data-start=\"2795\" data-end=\"3009\">\n<li data-start=\"2795\" data-end=\"2857\"><strong data-start=\"2797\" data-end=\"2807\">\u015eekil:<\/strong> \u0130simlerin veya logolar\u0131n kolayca sergilenmesi i\u00e7in dikd\u00f6rtgen.<\/li>\n<li data-start=\"2858\" data-end=\"2938\"><strong data-start=\"2860\" data-end=\"2882\">Manyetik G\u00fc\u00e7:<\/strong> <strong data-start=\"2883\" data-end=\"2904\">\u0130ki yuvarlak m\u0131knat\u0131s<\/strong> g\u00fc\u00e7l\u00fc ve g\u00fcvenilir bir tutu\u015f i\u00e7in.<\/li>\n<li data-start=\"2939\" data-end=\"3009\"><strong data-start=\"2941\" data-end=\"2954\">Malzeme:<\/strong> Dayan\u0131kl\u0131l\u0131k ve g\u00fcvenli sabitleme i\u00e7in metal ve m\u0131knat\u0131slar.<\/li>\n<\/ul>\n<p data-start=\"3011\" data-end=\"3173\">Bu <strong data-start=\"3016\" data-end=\"3037\">manyetik isim etiketi<\/strong> i\u00e7in idealdir <strong data-start=\"3051\" data-end=\"3067\">i\u015f ama\u00e7l\u0131 kullan\u0131m<\/strong>, <strong data-start=\"3069\" data-end=\"3079\">olaylar<\/strong>ya da hatta <strong data-start=\"3089\" data-end=\"3110\">\u00e7al\u0131\u015fan \u00fcniformalar\u0131<\/strong>giymesi ve ayarlamas\u0131 kolay profesyonel bir g\u00f6r\u00fcn\u00fcm sa\u011flar.<\/p>\n<p data-start=\"1529\" data-end=\"1649\">Daha fazla se\u00e7enek i\u00e7in <a href=\"https:\/\/richarms.com\/tr\/urun-kategori\/magnetic-name-tag\/\" target=\"_new\" rel=\"noopener\" data-start=\"1561\" data-end=\"1648\">Manyetik \u0130sim Etiketi koleksiyonu<\/a>.<\/p>\n<p data-start=\"1529\" data-end=\"1649\">\u00d6rnek sipari\u015f i\u00e7in l\u00fctfen<a href=\"http:\/\/richarmshardware.com\/\"> buradan ali\u015fveri\u0307\u015f yapin<\/a><\/p>\n<p data-start=\"1529\" data-end=\"1649\">Yenilik\u00e7i uygulamalar i\u00e7in l\u00fctfen <a href=\"https:\/\/www.pinterest.com\/richarmsaccessoriesgroups\/\">pinterest kanal\u0131.<\/a><\/p>","protected":false},"excerpt":{"rendered":"<div class=\"post-content woocommerce-product-details__short-description\">\n<div class=\"sr-txt-title\">\n<p class=\"sr-txt-h2\">Tip Manyetik \u0130sim Etiketi Yaka Kart\u0131<br \/>\nMalzeme NdFeB M\u0131knat\u0131s, Metal Par\u00e7a ve 3M bant<br \/>\nModel Numaras\u0131: RC-MNT<br \/>\nLogo: kost\u00fcml\u00fc olabilir<br \/>\nBoyut ve \u015fekil kost\u00fcml\u00fc olabilir<br \/>\nRenk: Ham \u00c7elik (d\u00fcz veya f\u0131r\u00e7a) ve di\u011fer renkler mevcuttur<br \/>\nAmbalaj: kutu ve karton<br \/>\nNakliye: LCL \/ DHL \/ FedEx \/ TNT \/ Di\u011fer<\/p>\n<\/div>\n<\/div>","protected":false},"featured_media":5902,"template":"","meta":[],"product_brand":[],"product_cat":[64],"product_tag":[],"class_list":{"0":"post-5888","1":"product","2":"type-product","3":"status-publish","4":"has-post-thumbnail","6":"product_cat-magnetic-name-tag","8":"first","9":"instock","10":"shipping-taxable","11":"product-type-simple"},"aioseo_notices":[],"_links":{"self":[{"href":"https:\/\/richarms.com\/tr\/wp-json\/wp\/v2\/product\/5888","targetHints":{"allow":["GET"]}}],"collection":[{"href":"https:\/\/richarms.com\/tr\/wp-json\/wp\/v2\/product"}],"about":[{"href":"https:\/\/richarms.com\/tr\/wp-json\/wp\/v2\/types\/product"}],"wp:featuredmedia":[{"embeddable":true,"href":"https:\/\/richarms.com\/tr\/wp-json\/wp\/v2\/media\/5902"}],"wp:attachment":[{"href":"https:\/\/richarms.com\/tr\/wp-json\/wp\/v2\/media?parent=5888"}],"wp:term":[{"taxonomy":"product_brand","embeddable":true,"href":"https:\/\/richarms.com\/tr\/wp-json\/wp\/v2\/product_brand?post=5888"},{"taxonomy":"product_cat","embeddable":true,"href":"https:\/\/richarms.com\/tr\/wp-json\/wp\/v2\/product_cat?post=5888"},{"taxonomy":"product_tag","embeddable":true,"href":"https:\/\/richarms.com\/tr\/wp-json\/wp\/v2\/product_tag?post=5888"}],"curies":[{"name":"wp","href":"https:\/\/api.w.org\/{rel}","templated":true}]}}