{"id":5906,"date":"2021-07-09T10:45:56","date_gmt":"2021-07-09T02:45:56","guid":{"rendered":"https:\/\/richarms.com\/?post_type=product&#038;p=5906"},"modified":"2025-02-23T22:52:42","modified_gmt":"2025-02-23T14:52:42","slug":"magnetic-name-badge","status":"publish","type":"product","link":"https:\/\/richarms.com\/tr\/product\/magnetic-name-badge","title":{"rendered":"Manyetik Yaka Kart\u0131"},"content":{"rendered":"<h1 data-start=\"1686\" data-end=\"1968\">Manyetik Yaka Kart\u0131<\/h1>\n<p data-start=\"1686\" data-end=\"1968\">Bizim <strong data-start=\"1690\" data-end=\"1713\">Manyetik Yaka Kart\u0131<\/strong> bireyler ve i\u015fletmeler i\u00e7in \u00e7ok y\u00f6nl\u00fc ve y\u00fcksek kaliteli bir se\u00e7enektir. Dikd\u00f6rtgen plastik rozeti ile <strong data-start=\"1828\" data-end=\"1851\">\u00fc\u00e7 yuvarlak m\u0131knat\u0131s<\/strong> arkaya ba\u011fl\u0131, bu <strong data-start=\"1879\" data-end=\"1900\">manyetik isim etiketi<\/strong> g\u00fc\u00e7l\u00fc bir tutu\u015f sa\u011flayarak etiketin kullan\u0131m s\u0131ras\u0131nda kaymas\u0131n\u0131 \u00f6nler.<\/p>\n<ul data-start=\"1970\" data-end=\"2198\">\n<li data-start=\"1970\" data-end=\"2043\"><strong data-start=\"1972\" data-end=\"1987\">Boyutlar:<\/strong> \u00d6zelle\u015ftirme i\u00e7in geni\u015f alana sahip dikd\u00f6rtgen \u015fekil.<\/li>\n<li data-start=\"2044\" data-end=\"2139\"><strong data-start=\"2046\" data-end=\"2059\">G\u00fc\u00e7l\u00fc:<\/strong> \u015eunlar\u0131 i\u00e7erir <strong data-start=\"2069\" data-end=\"2092\">\u00fc\u00e7 yuvarlak m\u0131knat\u0131s<\/strong> ve bir <strong data-start=\"2099\" data-end=\"2117\">manyetik levha<\/strong> daha fazla g\u00fcvenlik i\u00e7in.<\/li>\n<li data-start=\"2140\" data-end=\"2198\"><strong data-start=\"2142\" data-end=\"2155\">Malzeme:<\/strong> Dayan\u0131kl\u0131 plastik <strong data-start=\"2177\" data-end=\"2197\">manyetik destek<\/strong>.<\/li>\n<\/ul>\n<p data-start=\"2200\" data-end=\"2427\">\u0130\u00e7in m\u00fckemmel <strong data-start=\"2212\" data-end=\"2225\">\u00e7al\u0131\u015fanlar<\/strong>, <strong data-start=\"2227\" data-end=\"2242\">KONVANS\u0130YONLAR<\/strong>ve <strong data-start=\"2248\" data-end=\"2267\">i\u0307\u015f etki\u0307nli\u0307kleri\u0307<\/strong>, bu <strong data-start=\"2274\" data-end=\"2297\">manyetik yaka kart\u0131<\/strong> \u0130\u011fne veya klips olmadan giysilere kolayca tak\u0131lmas\u0131n\u0131 sa\u011flayarak isim etiketleri i\u00e7in daha rahat ve profesyonel bir se\u00e7enek haline getirir.<\/p>\n<p data-start=\"1529\" data-end=\"1649\">Daha fazla se\u00e7enek i\u00e7in <a href=\"https:\/\/richarms.com\/tr\/urun-kategori\/magnetic-name-tag\/\" target=\"_new\" rel=\"noopener\" data-start=\"1561\" data-end=\"1648\">Manyetik \u0130sim Etiketi koleksiyonu<\/a>.<\/p>\n<p data-start=\"1529\" data-end=\"1649\">\u00d6rnek sipari\u015f i\u00e7in l\u00fctfen<a href=\"http:\/\/richarmshardware.com\/\"> buradan ali\u015fveri\u0307\u015f yapin<\/a><\/p>\n<p data-start=\"1529\" data-end=\"1649\">Yenilik\u00e7i uygulamalar i\u00e7in l\u00fctfen <a href=\"https:\/\/www.pinterest.com\/richarmsaccessoriesgroups\/\">pinterest kanal\u0131.<\/a><\/p>\n<p data-start=\"784\" data-end=\"805\">","protected":false},"excerpt":{"rendered":"<div class=\"post-content woocommerce-product-details__short-description\">\n<div class=\"sr-txt-title\">\n<p class=\"sr-txt-h2\">Tip Manyetik \u0130sim Etiketi Yaka Kart\u0131<br \/>\nMalzeme Plastik, NdFeB M\u0131knat\u0131s, Metal Par\u00e7a ve 3M bant<br \/>\nModel Numaras\u0131: RC-MNT<br \/>\nLogo: kost\u00fcml\u00fc olabilir<br \/>\nBoyut ve \u015fekil kost\u00fcml\u00fc olabilir<br \/>\nRenk: Ham \u00c7elik (d\u00fcz veya f\u0131r\u00e7a) ve di\u011fer renkler mevcuttur<br \/>\nAmbalaj: kutu ve karton<br \/>\nNakliye: LCL \/ DHL \/ FedEx \/ TNT \/ Di\u011fer<\/p>\n<\/div>\n<\/div>","protected":false},"featured_media":5893,"template":"","meta":[],"product_brand":[],"product_cat":[64],"product_tag":[],"class_list":{"0":"post-5906","1":"product","2":"type-product","3":"status-publish","4":"has-post-thumbnail","6":"product_cat-magnetic-name-tag","8":"first","9":"instock","10":"shipping-taxable","11":"product-type-simple"},"aioseo_notices":[],"_links":{"self":[{"href":"https:\/\/richarms.com\/tr\/wp-json\/wp\/v2\/product\/5906","targetHints":{"allow":["GET"]}}],"collection":[{"href":"https:\/\/richarms.com\/tr\/wp-json\/wp\/v2\/product"}],"about":[{"href":"https:\/\/richarms.com\/tr\/wp-json\/wp\/v2\/types\/product"}],"wp:featuredmedia":[{"embeddable":true,"href":"https:\/\/richarms.com\/tr\/wp-json\/wp\/v2\/media\/5893"}],"wp:attachment":[{"href":"https:\/\/richarms.com\/tr\/wp-json\/wp\/v2\/media?parent=5906"}],"wp:term":[{"taxonomy":"product_brand","embeddable":true,"href":"https:\/\/richarms.com\/tr\/wp-json\/wp\/v2\/product_brand?post=5906"},{"taxonomy":"product_cat","embeddable":true,"href":"https:\/\/richarms.com\/tr\/wp-json\/wp\/v2\/product_cat?post=5906"},{"taxonomy":"product_tag","embeddable":true,"href":"https:\/\/richarms.com\/tr\/wp-json\/wp\/v2\/product_tag?post=5906"}],"curies":[{"name":"wp","href":"https:\/\/api.w.org\/{rel}","templated":true}]}}