{"id":6098,"date":"2021-07-06T19:08:31","date_gmt":"2021-07-06T11:08:31","guid":{"rendered":"https:\/\/richarms.com\/?post_type=product&#038;p=6098"},"modified":"2026-01-09T10:44:32","modified_gmt":"2026-01-09T02:44:32","slug":"magnetic-bra-closure","status":"publish","type":"product","link":"https:\/\/richarms.com\/tr\/product\/magnetic-bra-closure","title":{"rendered":"Manyetik S\u00fctyen Kapama"},"content":{"rendered":"<h1 data-pm-slice=\"1 1 []\">Manyetik S\u00fctyen Kapama \u00d6n Kapama| Toptan ve \u00d6zel Se\u00e7enekler - Richarms<\/h1>\n<h2 data-pm-slice=\"1 1 []\">Manyetik S\u00fctyen Kapama - Kullan\u0131\u015fl\u0131 ve \u015e\u0131k \u0130\u00e7 \u00c7ama\u015f\u0131r\u0131 \u00c7\u00f6z\u00fcmleri<\/h2>\n<p>Richarms, \u00e7a\u011fda\u015f i\u00e7 \u00e7ama\u015f\u0131r\u0131 \u00fcreticileri i\u00e7in \u00f6zel olarak tasarlanm\u0131\u015f birinci s\u0131n\u0131f Manyetik S\u00fctyen Kapaklar\u0131 sunar. \u0130\u015flevselli\u011fi zarif bir y\u00fczeyle birle\u015ftiren bu manyetik \u00f6n ba\u011flant\u0131 elemanlar\u0131, \u00e7e\u015fitli s\u00fctyen stilleri i\u00e7in g\u00fcvenli, rahat ve zahmetsiz kapamalar sa\u011flar.<\/p>\n<table style=\"border-collapse: collapse; width: 878px; height: 456px;\" border=\"0\" width=\"96\" cellspacing=\"0\" cellpadding=\"0\">\n<tbody>\n<tr style=\"height: 16.80pt;\">\n<td style=\"height: 16.80pt; width: 48.00pt;\" width=\"48\" height=\"16\">\n<p><div id=\"attachment_8247\" style=\"width: 319px\" class=\"wp-caption alignnone\"><img decoding=\"async\" aria-describedby=\"caption-attachment-8247\" class=\"lazyload wp-image-8247\" src=\"https:\/\/richarms.com\/wp-content\/uploads\/2021\/07\/42171743215415_.pic_-768x1024.jpg\" data-orig-src=\"https:\/\/richarms.com\/wp-content\/uploads\/2021\/07\/42171743215415_.pic_-768x1024.jpg\" alt=\"Elegant lace bras in black and red with magnetic front closures.\" width=\"309\" height=\"412\" srcset=\"data:image\/svg+xml,%3Csvg%20xmlns%3D%27http%3A%2F%2Fwww.w3.org%2F2000%2Fsvg%27%20width%3D%27309%27%20height%3D%27412%27%20viewBox%3D%270%200%20309%20412%27%3E%3Crect%20width%3D%27309%27%20height%3D%27412%27%20fill-opacity%3D%220%22%2F%3E%3C%2Fsvg%3E\" data-srcset=\"https:\/\/richarms.com\/wp-content\/uploads\/2021\/07\/42171743215415_.pic_-200x267.jpg 200w, https:\/\/richarms.com\/wp-content\/uploads\/2021\/07\/42171743215415_.pic_-225x300.jpg 225w, https:\/\/richarms.com\/wp-content\/uploads\/2021\/07\/42171743215415_.pic_-400x534.jpg 400w, https:\/\/richarms.com\/wp-content\/uploads\/2021\/07\/42171743215415_.pic_-500x667.jpg 500w, https:\/\/richarms.com\/wp-content\/uploads\/2021\/07\/42171743215415_.pic_-600x800.jpg 600w, https:\/\/richarms.com\/wp-content\/uploads\/2021\/07\/42171743215415_.pic_-700x934.jpg 700w, https:\/\/richarms.com\/wp-content\/uploads\/2021\/07\/42171743215415_.pic_-768x1025.jpg 768w, https:\/\/richarms.com\/wp-content\/uploads\/2021\/07\/42171743215415_.pic_-800x1067.jpg 800w, https:\/\/richarms.com\/wp-content\/uploads\/2021\/07\/42171743215415_.pic_.jpg 958w\" data-sizes=\"auto\" data-orig-sizes=\"(max-width: 309px) 100vw, 309px\" \/><p id=\"caption-attachment-8247\" class=\"wp-caption-text\">G\u00fcvenli ve gizli manyetik \u00f6n kapamalarla geli\u015ftirilmi\u015f \u015f\u0131k dantel s\u00fctyenler.<\/p><\/div><\/td>\n<td style=\"width: 48.00pt;\" width=\"48\">\n<p><div id=\"attachment_8248\" style=\"width: 322px\" class=\"wp-caption alignnone\"><img decoding=\"async\" aria-describedby=\"caption-attachment-8248\" class=\"lazyload wp-image-8248\" src=\"https:\/\/richarms.com\/wp-content\/uploads\/2021\/07\/4216174321541-768x1024.jpg\" data-orig-src=\"https:\/\/richarms.com\/wp-content\/uploads\/2021\/07\/4216174321541-768x1024.jpg\" alt=\"Magnetic front closure on minimalist seamless bra in pastel colors.\" width=\"312\" height=\"416\" srcset=\"data:image\/svg+xml,%3Csvg%20xmlns%3D%27http%3A%2F%2Fwww.w3.org%2F2000%2Fsvg%27%20width%3D%27312%27%20height%3D%27416%27%20viewBox%3D%270%200%20312%20416%27%3E%3Crect%20width%3D%27312%27%20height%3D%27416%27%20fill-opacity%3D%220%22%2F%3E%3C%2Fsvg%3E\" data-srcset=\"https:\/\/richarms.com\/wp-content\/uploads\/2021\/07\/4216174321541-200x267.jpg 200w, https:\/\/richarms.com\/wp-content\/uploads\/2021\/07\/4216174321541-225x300.jpg 225w, https:\/\/richarms.com\/wp-content\/uploads\/2021\/07\/4216174321541-400x533.jpg 400w, https:\/\/richarms.com\/wp-content\/uploads\/2021\/07\/4216174321541-500x667.jpg 500w, https:\/\/richarms.com\/wp-content\/uploads\/2021\/07\/4216174321541-600x800.jpg 600w, https:\/\/richarms.com\/wp-content\/uploads\/2021\/07\/4216174321541-700x933.jpg 700w, https:\/\/richarms.com\/wp-content\/uploads\/2021\/07\/4216174321541-768x1024.jpg 768w, https:\/\/richarms.com\/wp-content\/uploads\/2021\/07\/4216174321541-800x1067.jpg 800w, https:\/\/richarms.com\/wp-content\/uploads\/2021\/07\/4216174321541-1152x1536.jpg 1152w, https:\/\/richarms.com\/wp-content\/uploads\/2021\/07\/4216174321541-1200x1600.jpg 1200w, https:\/\/richarms.com\/wp-content\/uploads\/2021\/07\/4216174321541.jpg 1278w\" data-sizes=\"auto\" data-orig-sizes=\"(max-width: 312px) 100vw, 312px\" \/><p id=\"caption-attachment-8248\" class=\"wp-caption-text\">Kolay kullan\u0131m i\u00e7in kullan\u0131\u015fl\u0131 manyetik \u00f6n kapamalara sahip zarif diki\u015fsiz s\u00fctyenler.<\/p><\/div><\/td>\n<\/tr>\n<\/tbody>\n<\/table>\n<div class=\"mceTemp\"><\/div>\n<h2 data-pm-slice=\"1 3 []\">\u00dcr\u00fcn Bilgileri &amp; Teknik \u00d6zellikler<\/h2>\n<p>Manyetik S\u00fctyen Kapamalar\u0131m\u0131z y\u00fcksek kaliteli malzemeler ve hassas manyetizma kullanarak hem konfor hem de g\u00fcvenilir sabitleme sunar.<\/p>\n<div class=\"video-shortcode\"><iframe title=\"Magnetic Front Closure for Bras | Custom Shapes, Finishing &amp; Branding Options\" width=\"563\" height=\"1000\" src=\"https:\/\/www.youtube.com\/embed\/T0xD0pLF3QA?feature=oembed\" frameborder=\"0\" allow=\"accelerometer; autoplay; clipboard-write; encrypted-media; gyroscope; picture-in-picture; web-share\" referrerpolicy=\"strict-origin-when-cross-origin\" allowfullscreen><\/iframe><\/div>\n<ul>\n<li><strong>Malzeme:<\/strong> Hipoalerjenik ve dayan\u0131kl\u0131 metal (\u00e7inko ala\u015f\u0131m\u0131 veya paslanmaz \u00e7elik)<\/li>\n<li><strong>Mevcut Boyutlar:<\/strong>\u00a0<strong data-start=\"2208\" data-end=\"2228\">\u00a08mm, 10mm, 15mm, 20mm<\/strong><br \/>\n<table style=\"border-collapse: collapse; width: 814px; height: 2271px;\" border=\"0\" width=\"266\" cellspacing=\"0\" cellpadding=\"0\">\n<tbody>\n<tr style=\"height: 16.80pt;\">\n<td class=\"et3\" style=\"height: 16.80pt; width: 74.10pt;\" width=\"74\" height=\"16\">\u0130\u00e7 boyut<\/p>\n<p>\/mm<\/td>\n<td class=\"et3\" style=\"width: 92.50pt;\" width=\"92\">D\u0131\u015f boyut<\/p>\n<p>\/mm<\/td>\n<td class=\"et3\" style=\"width: 99.95pt;\" width=\"99\">Boyut<\/p>\n<p>Resim<\/td>\n<\/tr>\n<tr style=\"height: 16.80pt;\">\n<td class=\"et3\" style=\"height: 16.80pt;\" height=\"16\">8<\/td>\n<td class=\"et3\">17&#215;11<\/td>\n<td class=\"et3\">\n<p><div style=\"width: 370px\" class=\"wp-caption alignnone\"><img class=\"lazyload\" decoding=\"async\" title=\"8mm Kare Manyetik S\u00fctyen Kapama \u00d6l\u00e7\u00fcleri\" src=\"data:image\/svg+xml,%3Csvg%20xmlns%3D%27http%3A%2F%2Fwww.w3.org%2F2000%2Fsvg%27%20width%3D%27360%27%20height%3D%27480%27%20viewBox%3D%270%200%20360%20480%27%3E%3Crect%20width%3D%27360%27%20height%3D%27480%27%20fill-opacity%3D%220%22%2F%3E%3C%2Fsvg%3E\" data-orig-src=\"https:\/\/cdn.shopify.com\/s\/files\/1\/0600\/9123\/6523\/files\/QQ_20231109142616_480x480.jpg?v=1699513480\" alt=\"Square 8mm magnetic bra closure with dimensions\" width=\"360\" height=\"480\" \/><p class=\"wp-caption-text\">8mm kare manyetik s\u00fctyen kapama \u00f6l\u00e7\u00fcleri ile g\u00f6sterilmi\u015ftir.<\/p><\/div><\/td>\n<\/tr>\n<tr style=\"height: 16.80pt;\">\n<td class=\"et3\" style=\"height: 16.80pt;\" height=\"16\">10<\/td>\n<td class=\"et3\">19&#215;14<\/td>\n<td class=\"et3\">\n<p><div style=\"width: 370px\" class=\"wp-caption alignnone\"><img class=\"lazyload\" decoding=\"async\" title=\"10mm Kare Manyetik S\u00fctyen Kapama \u00d6l\u00e7\u00fcleri\" src=\"data:image\/svg+xml,%3Csvg%20xmlns%3D%27http%3A%2F%2Fwww.w3.org%2F2000%2Fsvg%27%20width%3D%27360%27%20height%3D%27480%27%20viewBox%3D%270%200%20360%20480%27%3E%3Crect%20width%3D%27360%27%20height%3D%27480%27%20fill-opacity%3D%220%22%2F%3E%3C%2Fsvg%3E\" data-orig-src=\"https:\/\/cdn.shopify.com\/s\/files\/1\/0600\/9123\/6523\/files\/QQ_20231109142559_480x480.jpg?v=1699513396\" alt=\"Square 10mm magnetic bra closure with dimensions\" width=\"360\" height=\"480\" \/><p class=\"wp-caption-text\">Kolay se\u00e7im i\u00e7in beden detaylar\u0131yla birlikte g\u00f6sterilen 10 mm kare manyetik s\u00fctyen kapatma<\/p><\/div><\/td>\n<\/tr>\n<tr style=\"height: 16.80pt;\">\n<td class=\"et3\" style=\"height: 16.80pt;\" height=\"16\">15<\/td>\n<td class=\"et3\">19&#215;20<\/td>\n<td class=\"et3\">\n<p><div style=\"width: 370px\" class=\"wp-caption alignnone\"><img class=\"lazyload\" decoding=\"async\" title=\"15mm Kare Manyetik S\u00fctyen Kapama \u00d6l\u00e7\u00fcleri\" src=\"data:image\/svg+xml,%3Csvg%20xmlns%3D%27http%3A%2F%2Fwww.w3.org%2F2000%2Fsvg%27%20width%3D%27360%27%20height%3D%27480%27%20viewBox%3D%270%200%20360%20480%27%3E%3Crect%20width%3D%27360%27%20height%3D%27480%27%20fill-opacity%3D%220%22%2F%3E%3C%2Fsvg%3E\" data-orig-src=\"https:\/\/cdn.shopify.com\/s\/files\/1\/0600\/9123\/6523\/files\/15mm_Bra_480x480.jpg?v=1691550034\" alt=\"15mm square magnetic bra closure with dimensions\" width=\"360\" height=\"480\" data-sanitized-data-mce-fragment=\"1\" data-sanitized-data-mce-src=\"https:\/\/cdn.shopify.com\/s\/files\/1\/0600\/9123\/6523\/files\/15mm_Bra_480x480.jpg?v=1691550034\" \/><p class=\"wp-caption-text\">15mm kare manyetik s\u00fctyen kapama, boyutlar\u0131 ve sa\u011flam tasar\u0131m\u0131 ile g\u00f6sterilmi\u015ftir.<\/p><\/div><\/td>\n<\/tr>\n<tr style=\"height: 16.80pt;\">\n<td class=\"et3\" style=\"height: 16.80pt;\" height=\"16\">20<\/td>\n<td class=\"et3\">23&#215;23<\/td>\n<td class=\"et3\">\n<p><div style=\"width: 370px\" class=\"wp-caption alignnone\"><img class=\"lazyload\" decoding=\"async\" title=\"20mm Kare Manyetik S\u00fctyen Kapama \u00d6l\u00e7\u00fcleri\" src=\"data:image\/svg+xml,%3Csvg%20xmlns%3D%27http%3A%2F%2Fwww.w3.org%2F2000%2Fsvg%27%20width%3D%27360%27%20height%3D%27480%27%20viewBox%3D%270%200%20360%20480%27%3E%3Crect%20width%3D%27360%27%20height%3D%27480%27%20fill-opacity%3D%220%22%2F%3E%3C%2Fsvg%3E\" data-orig-src=\"https:\/\/cdn.shopify.com\/s\/files\/1\/0600\/9123\/6523\/files\/20mm_Bra_4_480x480.jpg?v=1691550013\" alt=\"Square 20mm magnetic bra closure with dimensions\" width=\"360\" height=\"480\" \/><p class=\"wp-caption-text\">Kolay se\u00e7im i\u00e7in beden detaylar\u0131yla birlikte g\u00f6sterilen 20 mm kare manyetik s\u00fctyen kapamas\u0131.\"<\/p><\/div><\/td>\n<\/tr>\n<\/tbody>\n<\/table>\n<\/li>\n<li><strong>Di\u011fer \u015fekil:<\/strong> <a href=\"https:\/\/richarms.com\/tr\/urun\/round-magnetic-bra-closure\/\">Yuvarlak<\/a><\/li>\n<li><strong>Manyetik G\u00fc\u00e7:<\/strong> G\u00fcvenli tutu\u015f ve kolay b\u0131rakma i\u00e7in optimize edilmi\u015ftir<\/li>\n<li><strong>Bitti:<\/strong> Alt\u0131n, g\u00fcm\u00fc\u015f, pembe alt\u0131n, tun\u00e7, mat siyah ve \u00f6zel se\u00e7enekler gibi \u00e7oklu renkler<\/li>\n<li data-start=\"2252\" data-end=\"2344\"><strong data-start=\"2254\" data-end=\"2280\">\u00d6zelle\u015ftirme Se\u00e7enekleri:<\/strong> Ekle <strong data-start=\"2287\" data-end=\"2302\">\u00f6zel logo<\/strong> veya ki\u015fiselle\u015ftirilmi\u015f bir y\u00fczey i\u00e7in grav\u00fcr.\n<p><div style=\"width: 370px\" class=\"wp-caption alignnone\"><img class=\"lazyload\" decoding=\"async\" title=\"Manyetik S\u00fctyen Kapaklar\u0131 i\u00e7in Logo \u00d6zelle\u015ftirme Se\u00e7enekleri\" src=\"data:image\/svg+xml,%3Csvg%20xmlns%3D%27http%3A%2F%2Fwww.w3.org%2F2000%2Fsvg%27%20width%3D%27360%27%20height%3D%27480%27%20viewBox%3D%270%200%20360%20480%27%3E%3Crect%20width%3D%27360%27%20height%3D%27480%27%20fill-opacity%3D%220%22%2F%3E%3C%2Fsvg%3E\" data-orig-src=\"https:\/\/cdn.shopify.com\/s\/files\/1\/0600\/9123\/6523\/files\/bralogo_480x480.jpg?v=1691551292\" alt=\"Logo engraving options for magnetic bra closures\" width=\"360\" height=\"480\" \/><p class=\"wp-caption-text\">Manyetik s\u00fctyen kapaklar\u0131 i\u00e7in lazer ve kaz\u0131ma y\u00f6ntemleri dahil olmak \u00fczere \u00f6zel logo kaz\u0131ma se\u00e7enekleri mevcuttur.<\/p><\/div><\/li>\n<li data-start=\"2345\" data-end=\"2446\"><strong data-start=\"2347\" data-end=\"2358\">Renkler:<\/strong> A\u015fa\u011f\u0131dakileri i\u00e7eren bir dizi renk aras\u0131ndan se\u00e7im yap\u0131n <strong data-start=\"2399\" data-end=\"2407\">alt\u0131n, pembe alt\u0131n<\/strong>, <strong data-start=\"2409\" data-end=\"2419\">G\u00fcm\u00fc\u015f<\/strong>, <strong data-start=\"2421\" data-end=\"2433\">tun\u00e7<\/strong>ve daha fazlas\u0131.<\/li>\n<li data-start=\"2345\" data-end=\"2446\"><strong>Paketleme:<\/strong> 100 set \/ kutu, 2000 set \/ karton<\/li>\n<\/ul>\n<h2 data-pm-slice=\"1 1 []\">\u00c7ok Y\u00f6nl\u00fc Uygulamalar<\/h2>\n<p>Richarms'\u0131n Manyetik S\u00fctyen Kapaklar\u0131 \u015funlar i\u00e7in idealdir:<\/p>\n<ul>\n<li>\u00d6nden kapanan s\u00fctyenler<\/li>\n<li>Kolay eri\u015fim i\u00e7in emzirme s\u00fctyenleri<\/li>\n<li>G\u00fcvenli tutu\u015f sa\u011flayan spor s\u00fctyenleri<\/li>\n<li>Daha fazla konfor i\u00e7in ameliyat sonras\u0131 s\u00fctyenler<\/li>\n<li>Ayr\u0131k, \u015f\u0131k ba\u011flant\u0131 elemanlar\u0131 gerektiren moda i\u00e7 \u00e7ama\u015f\u0131rlar\u0131<\/li>\n<li>i\u00e7 \u00e7ama\u015f\u0131r\u0131 yan kapama<\/li>\n<\/ul>\n<h2 data-pm-slice=\"1 1 []\">S\u00fctyen Kapamalar\u0131n\u0131z\u0131 \u00d6zelle\u015ftirin<\/h2>\n<p>Richarms, markan\u0131z\u0131n vizyonuna uymas\u0131 i\u00e7in kapsaml\u0131 \u00f6zelle\u015ftirme olanaklar\u0131 sunar:<\/p>\n<ul>\n<li><strong>Logo \u00d6zelle\u015ftirme:<\/strong> Farkl\u0131 markala\u015fma i\u00e7in lazer kaz\u0131ma veya kabartmal\u0131 logolar<\/li>\n<li><strong>Renk \u00d6zelle\u015ftirme:<\/strong> Tasar\u0131mlar\u0131n\u0131za uygun geni\u015f elektrokaplama renk yelpazesi<\/li>\n<li><strong>Paketleme:<\/strong> Perakendeye haz\u0131r sunum i\u00e7in \u00f6zel ambalaj se\u00e7enekleri<\/li>\n<\/ul>\n<h2 data-pm-slice=\"1 3 []\">Neden Richarms'\u0131 Se\u00e7melisiniz?<\/h2>\n<p>Richarms, moda ve aksesuarlar i\u00e7in manyetik donan\u0131m \u00e7\u00f6z\u00fcmlerinde uzmanla\u015fm\u0131\u015ft\u0131r:<\/p>\n<ul>\n<li><strong>Fabrika Do\u011frudan Toptan Sat\u0131\u015f Fiyatland\u0131rmas\u0131:<\/strong> Toplu sipari\u015fler i\u00e7in \u00f6zel olarak haz\u0131rlanm\u0131\u015f rekabet\u00e7i fiyatland\u0131rma<\/li>\n<li><strong>Profesyonel Uzmanl\u0131k:<\/strong> Sekt\u00f6r uzmanlar\u0131ndan \u00f6zel destek ve rehberlik<\/li>\n<li><strong>Kalite G\u00fcvencesi:<\/strong> G\u00fcvenilirlik ve g\u00fcvenli\u011fi sa\u011flayan titiz testler<\/li>\n<li><strong>\u00d6zelle\u015ftirme ve Esneklik:<\/strong> Benzersiz gereksinimlerinize uygun tamamen ki\u015fiselle\u015ftirilmi\u015f \u00fcr\u00fcnler<\/li>\n<\/ul>\n<h2 data-pm-slice=\"1 1 []\">Kurulum K\u0131lavuzu<\/h2>\n<p>Manyetik s\u00fctyen kapaklar\u0131m\u0131z \u00fcretim s\u00fcrecinize kolayca entegre olur:<\/p>\n<ul>\n<li><strong>Kolay Tak\u0131labilir:<\/strong> Sadece yerine dikin veya uygun diki\u015f y\u00f6ntemlerini kullan\u0131n.<\/li>\n<li><strong>Kendin yap dostu:<\/strong> K\u00fc\u00e7\u00fck \u00f6l\u00e7ekli tasar\u0131mc\u0131lar veya \u00fcretim \u00e7al\u0131\u015fmalar\u0131 i\u00e7in ideal<\/li>\n<li><strong>Seri \u00dcretim:<\/strong> End\u00fcstriyel diki\u015f ekipmanlar\u0131 ile uyumlu<\/li>\n<\/ul>\n<h2 data-pm-slice=\"1 1 []\">Bug\u00fcn Bizi Aray\u0131n!<\/h2>\n<p>Richarms Manyetik S\u00fctyen Kapaklar\u0131 ile i\u00e7 \u00e7ama\u015f\u0131r\u0131 serinizi y\u00fckseltmeye haz\u0131r m\u0131s\u0131n\u0131z?<\/p>\n<ul>\n<li><a>Uzmanlar\u0131m\u0131zla ileti\u015fime ge\u00e7in<\/a> ki\u015fiselle\u015ftirilmi\u015f fiyat teklifleri ve tasar\u0131m yard\u0131m\u0131 almak i\u00e7in bug\u00fcn.<\/li>\n<li>Hemen sipari\u015f vermek i\u00e7in uygun adresimizi ziyaret edin <a href=\"https:\/\/www.richarmshardware.com\/products\/15mm-block-bra-magnetic-button\">Shopify ma\u011fazas\u0131<\/a>.<\/li>\n<li>\u0130\u00e7 \u00e7ama\u015f\u0131r\u0131 tasar\u0131mlar\u0131n\u0131z\u0131 \u015f\u0131k ve g\u00fcvenli Manyetik S\u00fctyen Kapamalar\u0131m\u0131zla geli\u015ftirin; m\u00fc\u015fterileriniz rahatl\u0131\u011f\u0131 ve birinci s\u0131n\u0131f hissi takdir edecektir.<\/li>\n<\/ul>","protected":false},"excerpt":{"rendered":"<p>\u00dcr\u00fcn: Manyetik S\u00fctyen Kapama<br \/>\nMalzeme Paslanmaz \u00e7elik<br \/>\nLogo: \u00d6zelle\u015ftirilebilir<br \/>\nBoyut: 8mm, 10mm, 15mm, 20mm<br \/>\nRenk: Alt\u0131n\/G\u00fcm\u00fc\u015f\/G\u00fcl alt\u0131n\/Silah rengi veya Di\u011fer<br \/>\nAmbalaj: kutu ve karton<br \/>\nNakliye: LCL \/ DHL \/ FedEx \/ TNT \/ Di\u011fer<\/p>","protected":false},"featured_media":6167,"template":"","meta":[],"product_brand":[],"product_cat":[76],"product_tag":[],"class_list":{"0":"post-6098","1":"product","2":"type-product","3":"status-publish","4":"has-post-thumbnail","6":"product_cat-bra-magnetic-closures","8":"first","9":"instock","10":"shipping-taxable","11":"product-type-simple"},"aioseo_notices":[],"_links":{"self":[{"href":"https:\/\/richarms.com\/tr\/wp-json\/wp\/v2\/product\/6098","targetHints":{"allow":["GET"]}}],"collection":[{"href":"https:\/\/richarms.com\/tr\/wp-json\/wp\/v2\/product"}],"about":[{"href":"https:\/\/richarms.com\/tr\/wp-json\/wp\/v2\/types\/product"}],"wp:featuredmedia":[{"embeddable":true,"href":"https:\/\/richarms.com\/tr\/wp-json\/wp\/v2\/media\/6167"}],"wp:attachment":[{"href":"https:\/\/richarms.com\/tr\/wp-json\/wp\/v2\/media?parent=6098"}],"wp:term":[{"taxonomy":"product_brand","embeddable":true,"href":"https:\/\/richarms.com\/tr\/wp-json\/wp\/v2\/product_brand?post=6098"},{"taxonomy":"product_cat","embeddable":true,"href":"https:\/\/richarms.com\/tr\/wp-json\/wp\/v2\/product_cat?post=6098"},{"taxonomy":"product_tag","embeddable":true,"href":"https:\/\/richarms.com\/tr\/wp-json\/wp\/v2\/product_tag?post=6098"}],"curies":[{"name":"wp","href":"https:\/\/api.w.org\/{rel}","templated":true}]}}