{"id":6581,"date":"2021-07-02T16:09:12","date_gmt":"2021-07-02T08:09:12","guid":{"rendered":"https:\/\/richarms.com\/?post_type=product&#038;p=6581"},"modified":"2025-02-23T11:57:16","modified_gmt":"2025-02-23T03:57:16","slug":"spring-money-clip","status":"publish","type":"product","link":"https:\/\/richarms.com\/tr\/product\/spring-money-clip","title":{"rendered":"Yayl\u0131 Para Klipsi"},"content":{"rendered":"<h1 class=\"ma-title\" title=\"\u00c7in&#039;de \u00dcretilen C\u00fczdan Aksesuarlar\u0131 i\u00e7in \u00d6zel Metal Yayl\u0131 Para Klipsi Nakit Klipsi\">Spring Money Clip &#8211; Metal Spring Loaded Pump Handle Spring Replacement for Wallet Accessories<\/h1>\n<p data-start=\"103\" data-end=\"251\"><strong data-start=\"103\" data-end=\"120\">Product Name:<\/strong><br data-start=\"120\" data-end=\"123\" \/><strong data-start=\"123\" data-end=\"144\">Yayl\u0131 Para Klipsi<\/strong> \u2013 A versatile and functional accessory designed to enhance your wallet&#8217;s storage capacity and performance.<\/p>\n<div id=\"attachment_6601\" style=\"width: 1034px\" class=\"wp-caption alignnone\"><img decoding=\"async\" aria-describedby=\"caption-attachment-6601\" class=\"lazyload wp-image-6601 size-large\" src=\"https:\/\/richarms.com\/wp-content\/uploads\/2019\/11\/bill-holder-cash-clips-richarms-9-1024x1024.jpg\" data-orig-src=\"https:\/\/richarms.com\/wp-content\/uploads\/2019\/11\/bill-holder-cash-clips-richarms-9-1024x1024.jpg\" alt=\"Spring Money Clip Bar applied in wallet fold, enhancing storage\" width=\"1024\" height=\"1024\" srcset=\"data:image\/svg+xml,%3Csvg%20xmlns%3D%27http%3A%2F%2Fwww.w3.org%2F2000%2Fsvg%27%20width%3D%271024%27%20height%3D%271024%27%20viewBox%3D%270%200%201024%201024%27%3E%3Crect%20width%3D%271024%27%20height%3D%271024%27%20fill-opacity%3D%220%22%2F%3E%3C%2Fsvg%3E\" data-srcset=\"https:\/\/richarms.com\/wp-content\/uploads\/2019\/11\/bill-holder-cash-clips-richarms-9-66x66.jpg 66w, https:\/\/richarms.com\/wp-content\/uploads\/2019\/11\/bill-holder-cash-clips-richarms-9-100x100.jpg 100w, https:\/\/richarms.com\/wp-content\/uploads\/2019\/11\/bill-holder-cash-clips-richarms-9-150x150.jpg 150w, https:\/\/richarms.com\/wp-content\/uploads\/2019\/11\/bill-holder-cash-clips-richarms-9-200x200.jpg 200w, https:\/\/richarms.com\/wp-content\/uploads\/2019\/11\/bill-holder-cash-clips-richarms-9-300x300.jpg 300w, https:\/\/richarms.com\/wp-content\/uploads\/2019\/11\/bill-holder-cash-clips-richarms-9-400x400.jpg 400w, https:\/\/richarms.com\/wp-content\/uploads\/2019\/11\/bill-holder-cash-clips-richarms-9-500x500.jpg 500w, https:\/\/richarms.com\/wp-content\/uploads\/2019\/11\/bill-holder-cash-clips-richarms-9-600x600.jpg 600w, https:\/\/richarms.com\/wp-content\/uploads\/2019\/11\/bill-holder-cash-clips-richarms-9-700x700.jpg 700w, https:\/\/richarms.com\/wp-content\/uploads\/2019\/11\/bill-holder-cash-clips-richarms-9-768x768.jpg 768w, https:\/\/richarms.com\/wp-content\/uploads\/2019\/11\/bill-holder-cash-clips-richarms-9-800x800.jpg 800w, https:\/\/richarms.com\/wp-content\/uploads\/2019\/11\/bill-holder-cash-clips-richarms-9-1024x1024.jpg 1024w, https:\/\/richarms.com\/wp-content\/uploads\/2019\/11\/bill-holder-cash-clips-richarms-9-1200x1200.jpg 1200w\" data-sizes=\"auto\" data-orig-sizes=\"(max-width: 1024px) 100vw, 1024px\" \/><p id=\"caption-attachment-6601\" class=\"wp-caption-text\">The spring money clip applied in the wallet fold, adding extra storage capacity and flexibility.<\/p><\/div>\n<div id=\"attachment_6594\" style=\"width: 1034px\" class=\"wp-caption alignnone\"><img decoding=\"async\" aria-describedby=\"caption-attachment-6594\" class=\"lazyload wp-image-6594 size-large\" src=\"https:\/\/richarms.com\/wp-content\/uploads\/2019\/11\/bill-holder-cash-clips-richarms-3-1024x1024.jpg\" data-orig-src=\"https:\/\/richarms.com\/wp-content\/uploads\/2019\/11\/bill-holder-cash-clips-richarms-3-1024x1024.jpg\" alt=\"Flexible Spring Money Clip Bar in wallet fold with adjustable opening\" width=\"1024\" height=\"1024\" srcset=\"data:image\/svg+xml,%3Csvg%20xmlns%3D%27http%3A%2F%2Fwww.w3.org%2F2000%2Fsvg%27%20width%3D%271024%27%20height%3D%271024%27%20viewBox%3D%270%200%201024%201024%27%3E%3Crect%20width%3D%271024%27%20height%3D%271024%27%20fill-opacity%3D%220%22%2F%3E%3C%2Fsvg%3E\" data-srcset=\"https:\/\/richarms.com\/wp-content\/uploads\/2019\/11\/bill-holder-cash-clips-richarms-3-66x66.jpg 66w, https:\/\/richarms.com\/wp-content\/uploads\/2019\/11\/bill-holder-cash-clips-richarms-3-100x100.jpg 100w, https:\/\/richarms.com\/wp-content\/uploads\/2019\/11\/bill-holder-cash-clips-richarms-3-150x150.jpg 150w, https:\/\/richarms.com\/wp-content\/uploads\/2019\/11\/bill-holder-cash-clips-richarms-3-200x200.jpg 200w, https:\/\/richarms.com\/wp-content\/uploads\/2019\/11\/bill-holder-cash-clips-richarms-3-300x300.jpg 300w, https:\/\/richarms.com\/wp-content\/uploads\/2019\/11\/bill-holder-cash-clips-richarms-3-400x400.jpg 400w, https:\/\/richarms.com\/wp-content\/uploads\/2019\/11\/bill-holder-cash-clips-richarms-3-500x500.jpg 500w, https:\/\/richarms.com\/wp-content\/uploads\/2019\/11\/bill-holder-cash-clips-richarms-3-600x600.jpg 600w, https:\/\/richarms.com\/wp-content\/uploads\/2019\/11\/bill-holder-cash-clips-richarms-3-700x700.jpg 700w, https:\/\/richarms.com\/wp-content\/uploads\/2019\/11\/bill-holder-cash-clips-richarms-3-768x768.jpg 768w, https:\/\/richarms.com\/wp-content\/uploads\/2019\/11\/bill-holder-cash-clips-richarms-3-800x800.jpg 800w, https:\/\/richarms.com\/wp-content\/uploads\/2019\/11\/bill-holder-cash-clips-richarms-3-1024x1024.jpg 1024w, https:\/\/richarms.com\/wp-content\/uploads\/2019\/11\/bill-holder-cash-clips-richarms-3-1200x1200.jpg 1200w\" data-sizes=\"auto\" data-orig-sizes=\"(max-width: 1024px) 100vw, 1024px\" \/><p id=\"caption-attachment-6594\" class=\"wp-caption-text\">A close-up of the spring money clip in the wallet fold, showcasing its adjustable and flexible opening.<\/p><\/div>\n<p><a href=\"https:\/\/richarms.com\/tr\/urun\/spring-loaded-money-clip\/\">Non-Spring option view here<\/a><\/p>\n<p data-start=\"253\" data-end=\"405\"><strong data-start=\"253\" data-end=\"266\">Malzeme:<\/strong><br data-start=\"266\" data-end=\"269\" \/>Made from durable <strong data-start=\"287\" data-end=\"295\">Demir<\/strong>, <strong data-start=\"297\" data-end=\"306\">Brass<\/strong>ve <strong data-start=\"312\" data-end=\"326\">Zinc alloy<\/strong>, the <strong data-start=\"332\" data-end=\"353\">spring money clip<\/strong> is crafted for long-lasting use and a sleek finish.<\/p>\n<p data-start=\"407\" data-end=\"517\"><strong data-start=\"407\" data-end=\"416\">Boyut:<\/strong><br data-start=\"416\" data-end=\"419\" \/>Available in a variety of lengths:<br data-start=\"453\" data-end=\"456\" \/><strong data-start=\"456\" data-end=\"467\">Uzunluk:<\/strong> 65mm, 70mm, 75mm, 80mm, 85mm, 90mm, 100mm, 105mm.<\/p>\n<p data-start=\"519\" data-end=\"593\"><strong data-start=\"519\" data-end=\"534\">Net A\u011f\u0131rl\u0131k:<\/strong><br data-start=\"534\" data-end=\"537\" \/><strong data-start=\"537\" data-end=\"547\">10-15g<\/strong>, lightweight yet sturdy for easy portability.<\/p>\n<p data-start=\"595\" data-end=\"741\"><strong data-start=\"595\" data-end=\"613\">Renk Se\u00e7enekleri:<\/strong><br data-start=\"613\" data-end=\"616\" \/>Aralar\u0131ndan se\u00e7im yap\u0131n <strong data-start=\"628\" data-end=\"636\">Alt\u0131n<\/strong>, <strong data-start=\"638\" data-end=\"648\">G\u00fcm\u00fc\u015f<\/strong>, <strong data-start=\"650\" data-end=\"662\">Gunmetal<\/strong>, <strong data-start=\"664\" data-end=\"681\">Antik Pirin\u00e7<\/strong>ve <strong data-start=\"687\" data-end=\"704\">F\u0131r\u00e7a Antik<\/strong> finishes to match your wallet style.<\/p>\n<p data-start=\"743\" data-end=\"809\"><strong data-start=\"743\" data-end=\"753\">\u015eekil:<\/strong><br data-start=\"753\" data-end=\"756\" \/>Klasik <strong data-start=\"764\" data-end=\"777\">rectangle<\/strong> shape for a clean, modern look.<\/p>\n<p data-start=\"811\" data-end=\"833\"><strong data-start=\"811\" data-end=\"831\">Paketleme Se\u00e7enekleri:<\/strong><\/p>\n<ol data-start=\"834\" data-end=\"980\">\n<li data-start=\"834\" data-end=\"933\"><strong data-start=\"837\" data-end=\"855\">Bulk packaging<\/strong> in polybags, opp bags, or gunny bags, or as per your specific requirements.<\/li>\n<li data-start=\"934\" data-end=\"980\"><strong data-start=\"937\" data-end=\"961\">Carton box packaging<\/strong> for larger orders.<\/li>\n<\/ol>\n<p data-start=\"982\" data-end=\"1030\"><strong data-start=\"982\" data-end=\"1015\">MOQ (Minimum Order Quantity):<\/strong><br data-start=\"1015\" data-end=\"1018\" \/><strong data-start=\"1018\" data-end=\"1029\">500 adet<\/strong>.<\/p>\n<p data-start=\"1032\" data-end=\"1055\"><strong data-start=\"1032\" data-end=\"1053\">\u00d6rnek Teslim S\u00fcresi:<\/strong><\/p>\n<ol data-start=\"1056\" data-end=\"1167\">\n<li data-start=\"1056\" data-end=\"1108\"><strong data-start=\"1059\" data-end=\"1079\">Mevcut \u00f6rnekler<\/strong> her zaman kullan\u0131labilir.<\/li>\n<li data-start=\"1109\" data-end=\"1167\"><strong data-start=\"1112\" data-end=\"1134\">\u00d6zelle\u015ftirilmi\u015f numuneler<\/strong> yakla\u015f\u0131k 1-2 hafta gerektirir.<\/li>\n<\/ol>\n<p data-start=\"1169\" data-end=\"1256\"><strong data-start=\"1169\" data-end=\"1194\">\u00dcretim Teslim S\u00fcresi:<\/strong><br data-start=\"1194\" data-end=\"1197\" \/>Tipik olarak, <strong data-start=\"1208\" data-end=\"1221\">1-2 hafta<\/strong>, depending on your order quantity.<\/p>\n<p data-start=\"1258\" data-end=\"1357\"><strong data-start=\"1258\" data-end=\"1279\">Shipping Methods:<\/strong><br data-start=\"1279\" data-end=\"1282\" \/>We ship by <strong data-start=\"1293\" data-end=\"1300\">Deniz<\/strong>, <strong data-start=\"1302\" data-end=\"1309\">Hava<\/strong>veya <strong data-start=\"1314\" data-end=\"1325\">Ekspres<\/strong> (FedEx, DHL, UPS, or E-packet).<\/p>\n<p data-start=\"1359\" data-end=\"1423\"><strong data-start=\"1359\" data-end=\"1375\">Sertifika:<\/strong><br data-start=\"1375\" data-end=\"1378\" \/>Certified with <strong data-start=\"1393\" data-end=\"1400\">SGS<\/strong> for quality assurance.<\/p>\n<p data-start=\"1425\" data-end=\"1498\"><strong data-start=\"1425\" data-end=\"1443\">\u00d6deme Ko\u015fullar\u0131:<\/strong><br data-start=\"1443\" data-end=\"1446\" \/>Biz kabul ediyoruz <strong data-start=\"1456\" data-end=\"1466\">PayPal<\/strong>, <strong data-start=\"1468\" data-end=\"1485\">Western Union<\/strong>veya <strong data-start=\"1490\" data-end=\"1497\">T \/ T<\/strong>.<\/p>\n<p data-start=\"1500\" data-end=\"1633\"><strong data-start=\"1500\" data-end=\"1512\">A\u00e7\u0131klamalar:<\/strong><br data-start=\"1512\" data-end=\"1515\" \/><strong data-start=\"1515\" data-end=\"1522\">OEM<\/strong> services are welcomed, allowing you to customize your <strong data-start=\"1577\" data-end=\"1598\">spring money clip<\/strong> for personal or branding purposes.<\/p>\n<div id=\"attachment_6589\" style=\"width: 310px\" class=\"wp-caption alignnone\"><img decoding=\"async\" aria-describedby=\"caption-attachment-6589\" class=\"lazyload wp-image-6589 size-medium\" src=\"https:\/\/richarms.com\/wp-content\/uploads\/2019\/11\/2019-11-26_155829-300x232.png\" data-orig-src=\"https:\/\/richarms.com\/wp-content\/uploads\/2019\/11\/2019-11-26_155829-300x232.png\" alt=\"Brass money clip bar used in wallet fold as wallet expansion accessory\" width=\"300\" height=\"232\" srcset=\"data:image\/svg+xml,%3Csvg%20xmlns%3D%27http%3A%2F%2Fwww.w3.org%2F2000%2Fsvg%27%20width%3D%27300%27%20height%3D%27232%27%20viewBox%3D%270%200%20300%20232%27%3E%3Crect%20width%3D%27300%27%20height%3D%27232%27%20fill-opacity%3D%220%22%2F%3E%3C%2Fsvg%3E\" data-srcset=\"https:\/\/richarms.com\/wp-content\/uploads\/2019\/11\/2019-11-26_155829-200x155.png 200w, https:\/\/richarms.com\/wp-content\/uploads\/2019\/11\/2019-11-26_155829-300x232.png 300w, https:\/\/richarms.com\/wp-content\/uploads\/2019\/11\/2019-11-26_155829-400x309.png 400w, https:\/\/richarms.com\/wp-content\/uploads\/2019\/11\/2019-11-26_155829-500x387.png 500w, https:\/\/richarms.com\/wp-content\/uploads\/2019\/11\/2019-11-26_155829.png 600w\" data-sizes=\"auto\" data-orig-sizes=\"(max-width: 300px) 100vw, 300px\" \/><p id=\"caption-attachment-6589\" class=\"wp-caption-text\">C\u00fczdan kat\u0131na uygulanan para klipsi \u00e7ubu\u011fu, c\u00fczdan\u0131n\u0131z i\u00e7in i\u015flevsellik ve geni\u015fletme se\u00e7enekleri ekler.<\/p><\/div>\n<div id=\"attachment_6590\" style=\"width: 310px\" class=\"wp-caption alignnone\"><img decoding=\"async\" aria-describedby=\"caption-attachment-6590\" class=\"lazyload wp-image-6590 size-medium\" src=\"https:\/\/richarms.com\/wp-content\/uploads\/2019\/11\/2019-11-26_155755-300x170.png\" data-orig-src=\"https:\/\/richarms.com\/wp-content\/uploads\/2019\/11\/2019-11-26_155755-300x170.png\" alt=\"Brass money clip bar used in wallet fold, increasing wallet storage capacity\" width=\"300\" height=\"170\" srcset=\"data:image\/svg+xml,%3Csvg%20xmlns%3D%27http%3A%2F%2Fwww.w3.org%2F2000%2Fsvg%27%20width%3D%27300%27%20height%3D%27170%27%20viewBox%3D%270%200%20300%20170%27%3E%3Crect%20width%3D%27300%27%20height%3D%27170%27%20fill-opacity%3D%220%22%2F%3E%3C%2Fsvg%3E\" data-srcset=\"https:\/\/richarms.com\/wp-content\/uploads\/2019\/11\/2019-11-26_155755-200x113.png 200w, https:\/\/richarms.com\/wp-content\/uploads\/2019\/11\/2019-11-26_155755-300x170.png 300w, https:\/\/richarms.com\/wp-content\/uploads\/2019\/11\/2019-11-26_155755-400x226.png 400w, https:\/\/richarms.com\/wp-content\/uploads\/2019\/11\/2019-11-26_155755-500x283.png 500w, https:\/\/richarms.com\/wp-content\/uploads\/2019\/11\/2019-11-26_155755-600x339.png 600w, https:\/\/richarms.com\/wp-content\/uploads\/2019\/11\/2019-11-26_155755-700x396.png 700w, https:\/\/richarms.com\/wp-content\/uploads\/2019\/11\/2019-11-26_155755-768x434.png 768w, https:\/\/richarms.com\/wp-content\/uploads\/2019\/11\/2019-11-26_155755-800x453.png 800w, https:\/\/richarms.com\/wp-content\/uploads\/2019\/11\/2019-11-26_155755.png 838w\" data-sizes=\"auto\" data-orig-sizes=\"(max-width: 300px) 100vw, 300px\" \/><p id=\"caption-attachment-6590\" class=\"wp-caption-text\">C\u00fczdan katlamas\u0131nda kullan\u0131lan ve e\u015fyalar\u0131n\u0131z i\u00e7in ekstra saklama alan\u0131 sa\u011flayan para klipsi \u00e7ubu\u011funun yak\u0131n \u00e7ekimi.<\/p><\/div>\n<h3 data-start=\"1640\" data-end=\"1677\"><strong data-start=\"1644\" data-end=\"1675\">SHIELD YOUR CASH WITH EASE:<\/strong><\/h3>\n<p data-start=\"1678\" data-end=\"2075\">Bu <strong data-start=\"1682\" data-end=\"1703\">spring money clip<\/strong> offers a convenient and secure way to keep your cash and cards organized. Its <strong data-start=\"1782\" data-end=\"1806\">yayl\u0131 tasar\u0131m<\/strong> ensures that the clip bar can be opened at any angle and securely holds your items, providing ease of use and reliability. Unlike traditional money clips, the <strong data-start=\"1966\" data-end=\"1988\">spring-loaded clip<\/strong> adapts to various thicknesses of bills and cards, offering a flexible and strong hold.<\/p>\n<h3 data-start=\"2077\" data-end=\"2126\"><strong data-start=\"2081\" data-end=\"2124\">IDEAL FOR CUSTOMIZATION AND PROMOTIONS:<\/strong><\/h3>\n<p data-start=\"2127\" data-end=\"2359\">Personalize your <strong data-start=\"2144\" data-end=\"2165\">spring money clip<\/strong> with your <strong data-start=\"2176\" data-end=\"2184\">logo<\/strong> for business promotions, gifts, or branding. Whether for corporate giveaways or personal use, this stylish yet practical accessory is an excellent choice for a range of uses. We have so many innovative design for you reference in <a href=\"https:\/\/www.pinterest.com\/richarmsaccessoriesgroups\/innovative-product-applications-for-magnetic-snaps\/\">pinterest<\/a> channel.<\/p>\n<p data-start=\"2361\" data-end=\"2537\">Visit <a href=\"https:\/\/richarmshardware.com\" target=\"_new\" rel=\"noopener\" data-start=\"2367\" data-end=\"2411\">Richarms Online Ma\u011faza<\/a> veya <a href=\"https:\/\/richarms.com\/tr\/contact\/\">Bize ula\u015f\u0131n<\/a> at <strong data-start=\"2429\" data-end=\"2450\"><a rel=\"noopener\" data-start=\"2431\" data-end=\"2448\">info@richarms.com<\/a><\/strong> i\u00e7in <a href=\"https:\/\/richarms.com\/tr\/urun\/stainless-steel-money-clip-dollar-shape\/\">customize your <strong data-start=\"2469\" data-end=\"2490\">spring money clip<\/strong><\/a> and elevate your wallet\u2019s functionality today!<\/p>\n<table border=\"1\">\n<tbody>\n<tr>\n<td><span data-spm-anchor-id=\"a2700.details.pronpeci14.i0.490e74f7Lx6RzL\">Product Name:<\/span><\/td>\n<td>\u00a0Yayl\u0131 Para Klipsi<\/td>\n<\/tr>\n<tr>\n<td>Malzeme:<\/td>\n<td>\u00a0Iron, Brass, Zn alloy<\/td>\n<\/tr>\n<tr>\n<td>Boyut:<\/td>\n<td>\u00a0Length: 65\/70\/75\/80\/85\/90\/100\/105 mm<\/td>\n<\/tr>\n<tr>\n<td>Net A\u011f\u0131rl\u0131k:<\/td>\n<td>\u00a010-15g<\/td>\n<\/tr>\n<tr>\n<td>Color:<\/td>\n<td>\u00a0Gold,Silver, Gun, Antique Brass, Brush Antique<\/td>\n<\/tr>\n<tr>\n<td>\u015eekil:<\/td>\n<td>\u00a0Rectangle<\/td>\n<\/tr>\n<tr>\n<td>Paketleme:<\/td>\n<td>\u00a01) Bulk in polybag or opp bag or gunny bag or as your requirement<br \/>\n2) Appropriate quantity\u00a0packed into carton box<\/td>\n<\/tr>\n<tr>\n<td>ADEDI:<\/td>\n<td>\u00a0500pcs<\/td>\n<\/tr>\n<tr>\n<td>\u00d6rnek Teslim S\u00fcresi:<\/td>\n<td>\u00a01)Existing samples are available anytime<\/p>\n<p>2)Customized samples need about 1-2 weeks<\/td>\n<\/tr>\n<tr>\n<td>\u00dcretim Teslim S\u00fcresi:<\/td>\n<td>\u00a0usually need 1-2 weeks, according to your quantity<\/td>\n<\/tr>\n<tr>\n<td>Nakliye Y\u00f6ntemi:<\/td>\n<td>\u00a0By Sea, By Air, By Express (FedEx, DHL, UPS or E-packet)<\/td>\n<\/tr>\n<tr>\n<td>Sertifika:<\/td>\n<td>\u00a0SGS<\/td>\n<\/tr>\n<tr>\n<td>Payment Term:<\/td>\n<td>\u00a0PayPal\u00a0or Western Union or T\/T<\/td>\n<\/tr>\n<tr>\n<td>A\u00e7\u0131klamalar:<\/td>\n<td>\u00a0OEM welcomed<\/td>\n<\/tr>\n<\/tbody>\n<\/table>","protected":false},"excerpt":{"rendered":"<p>Product Name: \u00a0Spring Money Clip<br \/>\nMaterial: \u00a0Iron, Brass, Zn alloy<br \/>\nBoyut:  Uzunluk: 65\/70\/75\/80\/85\/90\/100\/105 mm<br \/>\nNet A\u011f\u0131rl\u0131k: 10-15g<br \/>\nRenk: Alt\u0131n, G\u00fcm\u00fc\u015f, Tabanca, Antik Pirin\u00e7, F\u0131r\u00e7a Antik<\/p>","protected":false},"featured_media":6595,"template":"","meta":[],"product_brand":[],"product_cat":[74],"product_tag":[],"class_list":{"0":"post-6581","1":"product","2":"type-product","3":"status-publish","4":"has-post-thumbnail","6":"product_cat-dollar-holder","8":"first","9":"instock","10":"shipping-taxable","11":"product-type-simple"},"aioseo_notices":[],"_links":{"self":[{"href":"https:\/\/richarms.com\/tr\/wp-json\/wp\/v2\/product\/6581","targetHints":{"allow":["GET"]}}],"collection":[{"href":"https:\/\/richarms.com\/tr\/wp-json\/wp\/v2\/product"}],"about":[{"href":"https:\/\/richarms.com\/tr\/wp-json\/wp\/v2\/types\/product"}],"wp:featuredmedia":[{"embeddable":true,"href":"https:\/\/richarms.com\/tr\/wp-json\/wp\/v2\/media\/6595"}],"wp:attachment":[{"href":"https:\/\/richarms.com\/tr\/wp-json\/wp\/v2\/media?parent=6581"}],"wp:term":[{"taxonomy":"product_brand","embeddable":true,"href":"https:\/\/richarms.com\/tr\/wp-json\/wp\/v2\/product_brand?post=6581"},{"taxonomy":"product_cat","embeddable":true,"href":"https:\/\/richarms.com\/tr\/wp-json\/wp\/v2\/product_cat?post=6581"},{"taxonomy":"product_tag","embeddable":true,"href":"https:\/\/richarms.com\/tr\/wp-json\/wp\/v2\/product_tag?post=6581"}],"curies":[{"name":"wp","href":"https:\/\/api.w.org\/{rel}","templated":true}]}}