{"id":6602,"date":"2021-07-02T16:52:33","date_gmt":"2021-07-02T08:52:33","guid":{"rendered":"https:\/\/richarms.com\/?post_type=product&#038;p=6602"},"modified":"2025-02-23T11:36:20","modified_gmt":"2025-02-23T03:36:20","slug":"spring-loaded-money-clip","status":"publish","type":"product","link":"https:\/\/richarms.com\/tr\/product\/spring-loaded-money-clip","title":{"rendered":"Para Klipsi"},"content":{"rendered":"<h1 class=\"ma-title\" title=\"\u00c7in&#039;de \u00dcretilen C\u00fczdan Aksesuarlar\u0131 i\u00e7in \u00d6zel Metal Yayl\u0131 Para Klipsi Nakit Klipsi\">Pirin\u00e7 Para Klipsi \u00c7ubu\u011funun De\u011fi\u015ftirilmesi<\/h1>\n<p data-start=\"133\" data-end=\"262\"><strong data-start=\"133\" data-end=\"146\">Malzeme:<\/strong><br data-start=\"146\" data-end=\"149\" \/>\u015eundan yap\u0131lm\u0131\u015ft\u0131r <strong data-start=\"159\" data-end=\"181\">y\u00fcksek kaliteli pirin\u00e7<\/strong>, <strong data-start=\"183\" data-end=\"192\">\u00c7elik<\/strong>ve <strong data-start=\"198\" data-end=\"212\">\u00e7inko ala\u015f\u0131m\u0131<\/strong>dayan\u0131kl\u0131l\u0131k ve \u015f\u0131k bir g\u00f6r\u00fcn\u00fcm sa\u011flar.<\/p>\n<p data-start=\"264\" data-end=\"388\"><strong data-start=\"264\" data-end=\"273\">Boyut:<\/strong><br data-start=\"273\" data-end=\"276\" \/>\u0130htiya\u00e7lar\u0131n\u0131za uygun \u00e7e\u015fitli boyutlarda mevcuttur:<br data-start=\"324\" data-end=\"327\" \/><strong data-start=\"327\" data-end=\"338\">Uzunluk:<\/strong> 65mm, 70mm, 75mm, 80mm, 85mm, 90mm, 100mm, 105mm.<\/p>\n<p data-start=\"390\" data-end=\"466\"><strong data-start=\"390\" data-end=\"405\">Net A\u011f\u0131rl\u0131k:<\/strong><br data-start=\"405\" data-end=\"408\" \/><strong data-start=\"408\" data-end=\"418\">10-15g<\/strong> - Kolay ta\u015f\u0131ma i\u00e7in hafif ve kullan\u0131\u015fl\u0131.<\/p>\n<div id=\"attachment_6603\" style=\"width: 310px\" class=\"wp-caption alignnone\"><img decoding=\"async\" aria-describedby=\"caption-attachment-6603\" class=\"lazyload wp-image-6603 size-medium\" src=\"https:\/\/richarms.com\/wp-content\/uploads\/2019\/11\/bill-holder-cash-clips-richarms-2-300x300.jpg\" data-orig-src=\"https:\/\/richarms.com\/wp-content\/uploads\/2019\/11\/bill-holder-cash-clips-richarms-2-300x300.jpg\" alt=\"Brass money clip bar shown at 90\u00b0 and 180\u00b0 angles for wallet fitting\" width=\"300\" height=\"300\" srcset=\"data:image\/svg+xml,%3Csvg%20xmlns%3D%27http%3A%2F%2Fwww.w3.org%2F2000%2Fsvg%27%20width%3D%27300%27%20height%3D%27300%27%20viewBox%3D%270%200%20300%20300%27%3E%3Crect%20width%3D%27300%27%20height%3D%27300%27%20fill-opacity%3D%220%22%2F%3E%3C%2Fsvg%3E\" data-srcset=\"https:\/\/richarms.com\/wp-content\/uploads\/2019\/11\/bill-holder-cash-clips-richarms-2-66x66.jpg 66w, https:\/\/richarms.com\/wp-content\/uploads\/2019\/11\/bill-holder-cash-clips-richarms-2-100x100.jpg 100w, https:\/\/richarms.com\/wp-content\/uploads\/2019\/11\/bill-holder-cash-clips-richarms-2-150x150.jpg 150w, https:\/\/richarms.com\/wp-content\/uploads\/2019\/11\/bill-holder-cash-clips-richarms-2-200x200.jpg 200w, https:\/\/richarms.com\/wp-content\/uploads\/2019\/11\/bill-holder-cash-clips-richarms-2-300x300.jpg 300w, https:\/\/richarms.com\/wp-content\/uploads\/2019\/11\/bill-holder-cash-clips-richarms-2-400x400.jpg 400w, https:\/\/richarms.com\/wp-content\/uploads\/2019\/11\/bill-holder-cash-clips-richarms-2-500x500.jpg 500w, https:\/\/richarms.com\/wp-content\/uploads\/2019\/11\/bill-holder-cash-clips-richarms-2-600x600.jpg 600w, https:\/\/richarms.com\/wp-content\/uploads\/2019\/11\/bill-holder-cash-clips-richarms-2-700x700.jpg 700w, https:\/\/richarms.com\/wp-content\/uploads\/2019\/11\/bill-holder-cash-clips-richarms-2-768x768.jpg 768w, https:\/\/richarms.com\/wp-content\/uploads\/2019\/11\/bill-holder-cash-clips-richarms-2-800x800.jpg 800w, https:\/\/richarms.com\/wp-content\/uploads\/2019\/11\/bill-holder-cash-clips-richarms-2-1024x1024.jpg 1024w, https:\/\/richarms.com\/wp-content\/uploads\/2019\/11\/bill-holder-cash-clips-richarms-2-1200x1200.jpg 1200w\" data-sizes=\"auto\" data-orig-sizes=\"(max-width: 300px) 100vw, 300px\" \/><p id=\"caption-attachment-6603\" class=\"wp-caption-text\">Para klipsi \u00e7ubu\u011funun 90\u00b0 ve 180\u00b0 a\u00e7\u0131larda g\u00f6r\u00fcn\u00fcm\u00fc, esnekli\u011fini ve farkl\u0131 c\u00fczdan boyutlar\u0131 i\u00e7in uygunluk se\u00e7eneklerini g\u00f6sterir.<\/p><\/div>\n<p data-start=\"468\" data-end=\"619\"><strong data-start=\"468\" data-end=\"486\">Renk Se\u00e7enekleri:<\/strong><br data-start=\"486\" data-end=\"489\" \/>\u00c7e\u015fitli renkler aras\u0131ndan se\u00e7im yap\u0131n: <strong data-start=\"522\" data-end=\"530\">Alt\u0131n<\/strong>, <strong data-start=\"532\" data-end=\"542\">G\u00fcm\u00fc\u015f<\/strong>, <strong data-start=\"544\" data-end=\"556\">Gunmetal<\/strong>, <strong data-start=\"558\" data-end=\"575\">Antik Pirin\u00e7<\/strong>ve <strong data-start=\"581\" data-end=\"598\">F\u0131r\u00e7a Antik<\/strong> tarz\u0131n\u0131za uymas\u0131 i\u00e7in.<\/p>\n<p data-start=\"621\" data-end=\"699\"><strong data-start=\"621\" data-end=\"631\">\u015eekil:<\/strong><br data-start=\"631\" data-end=\"634\" \/>Klasik <strong data-start=\"642\" data-end=\"649\">bar<\/strong> C\u00fczdan\u0131n\u0131z\u0131n tasar\u0131m\u0131n\u0131 tamamlayan \u015fekil.<\/p>\n<p data-start=\"701\" data-end=\"723\"><strong data-start=\"701\" data-end=\"721\">Paketleme Se\u00e7enekleri:<\/strong><\/p>\n<ol data-start=\"724\" data-end=\"875\">\n<li data-start=\"724\" data-end=\"803\">\u00c7oklu torbada, opp torbada veya \u00e7uvalda veya ihtiya\u00e7lar\u0131n\u0131za g\u00f6re d\u00f6kme.<\/li>\n<li data-start=\"804\" data-end=\"875\">G\u00fcvenli nakliye i\u00e7in uygun miktarlarda karton kutu i\u00e7ine paketlenmi\u015ftir.<\/li>\n<\/ol>\n<p data-start=\"877\" data-end=\"923\"><strong data-start=\"877\" data-end=\"885\">ADEDI:<\/strong><br data-start=\"885\" data-end=\"888\" \/><strong data-start=\"888\" data-end=\"899\">500 adet<\/strong> minimum sipari\u015f miktar\u0131.<\/p>\n<p data-start=\"925\" data-end=\"948\"><strong data-start=\"925\" data-end=\"946\">\u00d6rnek Teslim S\u00fcresi:<\/strong><\/p>\n<ol data-start=\"949\" data-end=\"1060\">\n<li data-start=\"949\" data-end=\"1001\"><strong data-start=\"952\" data-end=\"972\">Mevcut \u00f6rnekler<\/strong> her zaman kullan\u0131labilir.<\/li>\n<li data-start=\"1002\" data-end=\"1060\"><strong data-start=\"1005\" data-end=\"1027\">\u00d6zelle\u015ftirilmi\u015f numuneler<\/strong> yakla\u015f\u0131k 1-2 hafta gerektirir.<\/li>\n<\/ol>\n<p data-start=\"1062\" data-end=\"1148\"><strong data-start=\"1062\" data-end=\"1087\">\u00dcretim Teslim S\u00fcresi:<\/strong><br data-start=\"1087\" data-end=\"1090\" \/>Tipik olarak, <strong data-start=\"1101\" data-end=\"1114\">1-2 hafta<\/strong>sipari\u015f miktar\u0131na ba\u011fl\u0131 olarak.<\/p>\n<p data-start=\"1150\" data-end=\"1272\"><strong data-start=\"1150\" data-end=\"1170\">Nakliye Y\u00f6ntemi:<\/strong><br data-start=\"1170\" data-end=\"1173\" \/>\u00dczerinden ula\u015f\u0131labilir <strong data-start=\"1187\" data-end=\"1194\">Deniz<\/strong>, <strong data-start=\"1196\" data-end=\"1203\">Hava<\/strong>veya <strong data-start=\"1208\" data-end=\"1219\">Ekspres<\/strong> (FedEx, DHL, UPS veya E-paket) size kolayl\u0131k sa\u011flamak i\u00e7in.<\/p>\n<p data-start=\"1274\" data-end=\"1329\"><strong data-start=\"1274\" data-end=\"1290\">Sertifika:<\/strong><br data-start=\"1290\" data-end=\"1293\" \/>Kalite g\u00fcvencesi i\u00e7in SGS sertifikal\u0131.<\/p>\n<p data-start=\"1331\" data-end=\"1416\"><strong data-start=\"1331\" data-end=\"1349\">\u00d6deme Ko\u015fullar\u0131:<\/strong><br data-start=\"1349\" data-end=\"1352\" \/>Biz kabul ediyoruz <strong data-start=\"1362\" data-end=\"1372\">PayPal<\/strong>, <strong data-start=\"1374\" data-end=\"1391\">Western Union<\/strong>veya <strong data-start=\"1396\" data-end=\"1403\">T \/ T<\/strong> \u00f6deme i\u00e7in.<\/p>\n<p data-start=\"1418\" data-end=\"1542\"><strong data-start=\"1418\" data-end=\"1430\">A\u00e7\u0131klamalar:<\/strong><br data-start=\"1430\" data-end=\"1433\" \/><strong data-start=\"1433\" data-end=\"1449\">OEM hizmetleri<\/strong> ki\u015fiselle\u015ftirmenize olanak tan\u0131yarak memnuniyetle kar\u015f\u0131lan\u0131r. <strong data-start=\"1496\" data-end=\"1514\">para klipsi \u00e7ubu\u011fu<\/strong> markala\u015fma ihtiya\u00e7lar\u0131n\u0131za uyacak \u015fekilde.<\/p>\n<p data-start=\"1418\" data-end=\"1542\"><strong>Uygulama<\/strong><\/p>\n<p data-start=\"1418\" data-end=\"1542\">C\u00fczdanlar i\u00e7in Para Klipsi Donan\u0131m\u0131<\/p>\n<div id=\"attachment_6589\" style=\"width: 310px\" class=\"wp-caption alignnone\"><img decoding=\"async\" aria-describedby=\"caption-attachment-6589\" class=\"lazyload wp-image-6589 size-medium\" src=\"https:\/\/richarms.com\/wp-content\/uploads\/2019\/11\/2019-11-26_155829-300x232.png\" data-orig-src=\"https:\/\/richarms.com\/wp-content\/uploads\/2019\/11\/2019-11-26_155829-300x232.png\" alt=\"Brass money clip bar used in wallet fold as wallet expansion accessory\" width=\"300\" height=\"232\" srcset=\"data:image\/svg+xml,%3Csvg%20xmlns%3D%27http%3A%2F%2Fwww.w3.org%2F2000%2Fsvg%27%20width%3D%27300%27%20height%3D%27232%27%20viewBox%3D%270%200%20300%20232%27%3E%3Crect%20width%3D%27300%27%20height%3D%27232%27%20fill-opacity%3D%220%22%2F%3E%3C%2Fsvg%3E\" data-srcset=\"https:\/\/richarms.com\/wp-content\/uploads\/2019\/11\/2019-11-26_155829-200x155.png 200w, https:\/\/richarms.com\/wp-content\/uploads\/2019\/11\/2019-11-26_155829-300x232.png 300w, https:\/\/richarms.com\/wp-content\/uploads\/2019\/11\/2019-11-26_155829-400x309.png 400w, https:\/\/richarms.com\/wp-content\/uploads\/2019\/11\/2019-11-26_155829-500x387.png 500w, https:\/\/richarms.com\/wp-content\/uploads\/2019\/11\/2019-11-26_155829.png 600w\" data-sizes=\"auto\" data-orig-sizes=\"(max-width: 300px) 100vw, 300px\" \/><p id=\"caption-attachment-6589\" class=\"wp-caption-text\">C\u00fczdan kat\u0131na uygulanan para klipsi \u00e7ubu\u011fu, c\u00fczdan\u0131n\u0131z i\u00e7in i\u015flevsellik ve geni\u015fletme se\u00e7enekleri ekler.<\/p><\/div>\n<div id=\"attachment_6590\" style=\"width: 310px\" class=\"wp-caption alignnone\"><img decoding=\"async\" aria-describedby=\"caption-attachment-6590\" class=\"lazyload wp-image-6590 size-medium\" src=\"https:\/\/richarms.com\/wp-content\/uploads\/2019\/11\/2019-11-26_155755-300x170.png\" data-orig-src=\"https:\/\/richarms.com\/wp-content\/uploads\/2019\/11\/2019-11-26_155755-300x170.png\" alt=\"Brass money clip bar used in wallet fold, increasing wallet storage capacity\" width=\"300\" height=\"170\" srcset=\"data:image\/svg+xml,%3Csvg%20xmlns%3D%27http%3A%2F%2Fwww.w3.org%2F2000%2Fsvg%27%20width%3D%27300%27%20height%3D%27170%27%20viewBox%3D%270%200%20300%20170%27%3E%3Crect%20width%3D%27300%27%20height%3D%27170%27%20fill-opacity%3D%220%22%2F%3E%3C%2Fsvg%3E\" data-srcset=\"https:\/\/richarms.com\/wp-content\/uploads\/2019\/11\/2019-11-26_155755-200x113.png 200w, https:\/\/richarms.com\/wp-content\/uploads\/2019\/11\/2019-11-26_155755-300x170.png 300w, https:\/\/richarms.com\/wp-content\/uploads\/2019\/11\/2019-11-26_155755-400x226.png 400w, https:\/\/richarms.com\/wp-content\/uploads\/2019\/11\/2019-11-26_155755-500x283.png 500w, https:\/\/richarms.com\/wp-content\/uploads\/2019\/11\/2019-11-26_155755-600x339.png 600w, https:\/\/richarms.com\/wp-content\/uploads\/2019\/11\/2019-11-26_155755-700x396.png 700w, https:\/\/richarms.com\/wp-content\/uploads\/2019\/11\/2019-11-26_155755-768x434.png 768w, https:\/\/richarms.com\/wp-content\/uploads\/2019\/11\/2019-11-26_155755-800x453.png 800w, https:\/\/richarms.com\/wp-content\/uploads\/2019\/11\/2019-11-26_155755.png 838w\" data-sizes=\"auto\" data-orig-sizes=\"(max-width: 300px) 100vw, 300px\" \/><p id=\"caption-attachment-6590\" class=\"wp-caption-text\">C\u00fczdan katlamas\u0131nda kullan\u0131lan ve e\u015fyalar\u0131n\u0131z i\u00e7in ekstra saklama alan\u0131 sa\u011flayan para klipsi \u00e7ubu\u011funun yak\u0131n \u00e7ekimi.<\/p><\/div>\n<p>&nbsp;<\/p>\n<p><a href=\"https:\/\/richarms.com\/tr\/urun\/spring-money-clip\/\">Bahar se\u00e7ene\u011fini buradan g\u00f6r\u00fcnt\u00fcleyin<\/a><\/p>\n<p><a href=\"https:\/\/www.pinterest.com\/richarmsaccessoriesgroups\/innovative-product-applications-for-magnetic-snaps\/\">Daha Para Klipsi \u0130novasyon Fikri<\/a><\/p>","protected":false},"excerpt":{"rendered":"<p>\u00dcr\u00fcn Ad\u0131  Para Klipsi \u00c7ubu\u011fu<br \/>\nMalzeme:  \u00c7elik, Pirin\u00e7, Zn ala\u015f\u0131m\u0131<br \/>\nBoyut:  Uzunluk: 65\/70\/75\/80\/85\/90\/100\/105 mm<br \/>\nNet A\u011f\u0131rl\u0131k: 10-15g<br \/>\nRenk: Alt\u0131n, G\u00fcm\u00fc\u015f, Tabanca, Antik Pirin\u00e7, F\u0131r\u00e7a Antik<\/p>","protected":false},"featured_media":6604,"template":"","meta":[],"product_brand":[],"product_cat":[74],"product_tag":[],"class_list":{"0":"post-6602","1":"product","2":"type-product","3":"status-publish","4":"has-post-thumbnail","6":"product_cat-dollar-holder","8":"first","9":"instock","10":"shipping-taxable","11":"product-type-simple"},"aioseo_notices":[],"_links":{"self":[{"href":"https:\/\/richarms.com\/tr\/wp-json\/wp\/v2\/product\/6602","targetHints":{"allow":["GET"]}}],"collection":[{"href":"https:\/\/richarms.com\/tr\/wp-json\/wp\/v2\/product"}],"about":[{"href":"https:\/\/richarms.com\/tr\/wp-json\/wp\/v2\/types\/product"}],"wp:featuredmedia":[{"embeddable":true,"href":"https:\/\/richarms.com\/tr\/wp-json\/wp\/v2\/media\/6604"}],"wp:attachment":[{"href":"https:\/\/richarms.com\/tr\/wp-json\/wp\/v2\/media?parent=6602"}],"wp:term":[{"taxonomy":"product_brand","embeddable":true,"href":"https:\/\/richarms.com\/tr\/wp-json\/wp\/v2\/product_brand?post=6602"},{"taxonomy":"product_cat","embeddable":true,"href":"https:\/\/richarms.com\/tr\/wp-json\/wp\/v2\/product_cat?post=6602"},{"taxonomy":"product_tag","embeddable":true,"href":"https:\/\/richarms.com\/tr\/wp-json\/wp\/v2\/product_tag?post=6602"}],"curies":[{"name":"wp","href":"https:\/\/api.w.org\/{rel}","templated":true}]}}