{"id":7052,"date":"2021-07-10T20:33:51","date_gmt":"2021-07-10T12:33:51","guid":{"rendered":"https:\/\/richarms.com\/?post_type=product&#038;p=7052"},"modified":"2025-05-21T17:21:31","modified_gmt":"2025-05-21T09:21:31","slug":"magnetic-closure-c-shape","status":"publish","type":"product","link":"https:\/\/richarms.com\/tr\/product\/magnetic-closure-c-shape","title":{"rendered":"Deri E\u015fyalar i\u00e7in C \u015eekli Manyetik Kapatma"},"content":{"rendered":"<h1 class=\"ma-title\" title=\"Yeni stil \u00e7inko ala\u015f\u0131m\u0131 kalp \u015fekli \u00e7anta i\u00e7in manyetik kilit metal \u00e7anta kilidi toptan \u00fccretsiz \u00f6rnek\" data-spm-anchor-id=\"a2700.wholesale.maonnacta.i1.7dac1ceewoqAeY\">C Shape Magnetic Closure for Leather Goods | Richarms<\/h1>\n<p class=\"ma-title\" title=\"Yeni stil \u00e7inko ala\u015f\u0131m\u0131 kalp \u015fekli \u00e7anta i\u00e7in manyetik kilit metal \u00e7anta kilidi toptan \u00fccretsiz \u00f6rnek\" data-spm-anchor-id=\"a2700.wholesale.maonnacta.i1.7dac1ceewoqAeY\">Renk: a\u00e7\u0131k alt\u0131n, nikel, g\u00fcl alt\u0131n, antika pirin\u00e7, antika f\u0131r\u00e7a ve di\u011fer renkler.<br \/>\nMalzeme: \u00e7inko ala\u015f\u0131m\u0131<br \/>\nKullan\u0131m: el \u00e7antas\u0131 yap\u0131m\u0131, manyetik \u00e7\u0131t\u00e7\u0131tlarla montaj<br \/>\nBirim a\u011f\u0131rl\u0131k: 25 g<br \/>\nAdedi: G\u00f6nderi ba\u015f\u0131na 1000 adet (kar\u0131\u015f\u0131k 3 renk)<\/p>\n<p title=\"Yeni stil \u00e7inko ala\u015f\u0131m\u0131 kalp \u015fekli \u00e7anta i\u00e7in manyetik kilit metal \u00e7anta kilidi toptan \u00fccretsiz \u00f6rnek\" data-spm-anchor-id=\"a2700.wholesale.maonnacta.i1.7dac1ceewoqAeY\">Boyut a\u015fa\u011f\u0131daki gibidir:<\/p>\n<p>&nbsp;<\/p>\n<p><img decoding=\"async\" class=\"lazyload alignnone wp-image-7022 size-full\" src=\"https:\/\/richarms.com\/wp-content\/uploads\/2020\/09\/IMG_055920200922-145123.jpg\" data-orig-src=\"https:\/\/richarms.com\/wp-content\/uploads\/2020\/09\/IMG_055920200922-145123.jpg\" alt=\"\" width=\"750\" height=\"750\" srcset=\"data:image\/svg+xml,%3Csvg%20xmlns%3D%27http%3A%2F%2Fwww.w3.org%2F2000%2Fsvg%27%20width%3D%27750%27%20height%3D%27750%27%20viewBox%3D%270%200%20750%20750%27%3E%3Crect%20width%3D%27750%27%20height%3D%27750%27%20fill-opacity%3D%220%22%2F%3E%3C%2Fsvg%3E\" data-srcset=\"https:\/\/richarms.com\/wp-content\/uploads\/2020\/09\/IMG_055920200922-145123-66x66.jpg 66w, https:\/\/richarms.com\/wp-content\/uploads\/2020\/09\/IMG_055920200922-145123-100x100.jpg 100w, https:\/\/richarms.com\/wp-content\/uploads\/2020\/09\/IMG_055920200922-145123-150x150.jpg 150w, https:\/\/richarms.com\/wp-content\/uploads\/2020\/09\/IMG_055920200922-145123-200x200.jpg 200w, https:\/\/richarms.com\/wp-content\/uploads\/2020\/09\/IMG_055920200922-145123-300x300.jpg 300w, https:\/\/richarms.com\/wp-content\/uploads\/2020\/09\/IMG_055920200922-145123-400x400.jpg 400w, https:\/\/richarms.com\/wp-content\/uploads\/2020\/09\/IMG_055920200922-145123-500x500.jpg 500w, https:\/\/richarms.com\/wp-content\/uploads\/2020\/09\/IMG_055920200922-145123-600x600.jpg 600w, https:\/\/richarms.com\/wp-content\/uploads\/2020\/09\/IMG_055920200922-145123-700x700.jpg 700w, https:\/\/richarms.com\/wp-content\/uploads\/2020\/09\/IMG_055920200922-145123.jpg 750w\" data-sizes=\"auto\" data-orig-sizes=\"(max-width: 750px) 100vw, 750px\" \/><\/p>","protected":false},"excerpt":{"rendered":"<p>C shape Magnetic Lock for Bag, Purse &amp; Notebook<\/p>\n<p>Renk: a\u00e7\u0131k alt\u0131n, nikel, g\u00fcl alt\u0131n, antika pirin\u00e7, antika f\u0131r\u00e7a ve di\u011fer renkler.<br \/>\nMalzeme: \u00e7inko ala\u015f\u0131m\u0131<br \/>\nKullan\u0131m: el \u00e7antas\u0131 yap\u0131m\u0131, manyetik \u00e7\u0131t\u00e7\u0131tlarla montaj<br \/>\nBirim a\u011f\u0131rl\u0131k: 25g<br \/>\nAdedi: G\u00f6nderi ba\u015f\u0131na 1000 adet (kar\u0131\u015f\u0131k 3 renk)<\/p>","protected":false},"featured_media":7023,"template":"","meta":[],"product_brand":[],"product_cat":[77],"product_tag":[],"class_list":{"0":"post-7052","1":"product","2":"type-product","3":"status-publish","4":"has-post-thumbnail","6":"product_cat-zinc-alloy-magnetic-lock","8":"first","9":"instock","10":"shipping-taxable","11":"product-type-simple"},"aioseo_notices":[],"_links":{"self":[{"href":"https:\/\/richarms.com\/tr\/wp-json\/wp\/v2\/product\/7052","targetHints":{"allow":["GET"]}}],"collection":[{"href":"https:\/\/richarms.com\/tr\/wp-json\/wp\/v2\/product"}],"about":[{"href":"https:\/\/richarms.com\/tr\/wp-json\/wp\/v2\/types\/product"}],"wp:featuredmedia":[{"embeddable":true,"href":"https:\/\/richarms.com\/tr\/wp-json\/wp\/v2\/media\/7023"}],"wp:attachment":[{"href":"https:\/\/richarms.com\/tr\/wp-json\/wp\/v2\/media?parent=7052"}],"wp:term":[{"taxonomy":"product_brand","embeddable":true,"href":"https:\/\/richarms.com\/tr\/wp-json\/wp\/v2\/product_brand?post=7052"},{"taxonomy":"product_cat","embeddable":true,"href":"https:\/\/richarms.com\/tr\/wp-json\/wp\/v2\/product_cat?post=7052"},{"taxonomy":"product_tag","embeddable":true,"href":"https:\/\/richarms.com\/tr\/wp-json\/wp\/v2\/product_tag?post=7052"}],"curies":[{"name":"wp","href":"https:\/\/api.w.org\/{rel}","templated":true}]}}