{"id":7306,"date":"2021-07-11T13:07:54","date_gmt":"2021-07-11T05:07:54","guid":{"rendered":"https:\/\/richarms.com\/?post_type=product&#038;p=7306"},"modified":"2025-02-14T19:03:43","modified_gmt":"2025-02-14T11:03:43","slug":"3-4-half-lip-magnetic-snaps","status":"publish","type":"product","link":"https:\/\/richarms.com\/tr\/product\/3-4-half-lip-magnetic-snaps","title":{"rendered":"3\/4 Yar\u0131m Dudakl\u0131 Manyetik \u00c7\u0131t\u00e7\u0131tlar"},"content":{"rendered":"<h3><strong>18mm Round Extra Thin Full Cover \/ Lip Magnetic Snaps, Fastener, Closures<\/strong><\/h3>\n<p>Extra Thin Half Cover Magnetic Snaps\u00a0prevents it from sliding open unintentionally when there is a pull in one direction, typically used on the flap of a handbag, computer bags, soft-sided briefcases, binocular cases, camera cases, backpacks and luggage.<\/p>\n<p><strong>Kod ve boyut:<\/strong><\/p>\n<table style=\"height: 181px;\" width=\"815\">\n<tbody>\n<tr>\n<td width=\"145\">Kod<\/td>\n<td width=\"91\">Boyut<\/td>\n<td width=\"131\">Di\u015fi \u00e7\u0131t\u00e7\u0131t TH<\/td>\n<td width=\"100\">Kad\u0131n k\u0131l\u0131f\u0131<\/td>\n<td width=\"91\">M\u0131knat\u0131s<br \/>\nDIA<\/td>\n<td width=\"90\">Prong<br \/>\nL<\/td>\n<td width=\"162\">Resim<\/td>\n<td width=\"348\">A\u00e7\u0131klama<\/td>\n<\/tr>\n<tr>\n<td width=\"145\">RC-HC1820<\/td>\n<td width=\"91\">18mm<\/td>\n<td width=\"131\">2mm<\/td>\n<td width=\"100\">\u00a03\/4<\/td>\n<td width=\"91\">12mm<\/td>\n<td width=\"90\">9mm<\/td>\n<td width=\"162\"><img decoding=\"async\" class=\"lazyload alignnone size-full wp-image-7293\" src=\"https:\/\/richarms.com\/wp-content\/uploads\/2021\/07\/ss1.jpg\" data-orig-src=\"https:\/\/richarms.com\/wp-content\/uploads\/2021\/07\/ss1.jpg\" alt=\"\" width=\"566\" height=\"476\" srcset=\"data:image\/svg+xml,%3Csvg%20xmlns%3D%27http%3A%2F%2Fwww.w3.org%2F2000%2Fsvg%27%20width%3D%27566%27%20height%3D%27476%27%20viewBox%3D%270%200%20566%20476%27%3E%3Crect%20width%3D%27566%27%20height%3D%27476%27%20fill-opacity%3D%220%22%2F%3E%3C%2Fsvg%3E\" data-srcset=\"https:\/\/richarms.com\/wp-content\/uploads\/2021\/07\/ss1-200x168.jpg 200w, https:\/\/richarms.com\/wp-content\/uploads\/2021\/07\/ss1-300x252.jpg 300w, https:\/\/richarms.com\/wp-content\/uploads\/2021\/07\/ss1-400x336.jpg 400w, https:\/\/richarms.com\/wp-content\/uploads\/2021\/07\/ss1-500x420.jpg 500w, https:\/\/richarms.com\/wp-content\/uploads\/2021\/07\/ss1.jpg 566w\" data-sizes=\"auto\" data-orig-sizes=\"(max-width: 566px) 100vw, 566px\" \/><\/td>\n<td width=\"348\">B\u00fcy\u00fck tutma g\u00fcc\u00fcne sahip ince g\u00f6vde.<br \/>\nEl \u00e7antalar\u0131, valizler, s\u0131rt \u00e7antalar\u0131, otomotiv ve havac\u0131l\u0131k i\u00e7in.<\/td>\n<\/tr>\n<\/tbody>\n<\/table>\n<p><strong>Kad\u0131n Kapak Se\u00e7ene\u011fi: <\/strong>3\/4 lip or <a href=\"https:\/\/richarms.com\/tr\/urun\/half-lip-magnetic-snaps\/\">1\/4 lip<\/a><\/p>\n<h3><strong><img decoding=\"async\" class=\"lazyload alignnone wp-image-7303\" src=\"https:\/\/richarms.com\/wp-content\/uploads\/2021\/07\/ss23.jpg\" data-orig-src=\"https:\/\/richarms.com\/wp-content\/uploads\/2021\/07\/ss23.jpg\" alt=\"\" width=\"361\" height=\"178\" srcset=\"data:image\/svg+xml,%3Csvg%20xmlns%3D%27http%3A%2F%2Fwww.w3.org%2F2000%2Fsvg%27%20width%3D%27361%27%20height%3D%27178%27%20viewBox%3D%270%200%20361%20178%27%3E%3Crect%20width%3D%27361%27%20height%3D%27178%27%20fill-opacity%3D%220%22%2F%3E%3C%2Fsvg%3E\" data-srcset=\"https:\/\/richarms.com\/wp-content\/uploads\/2021\/07\/ss23-200x99.jpg 200w, https:\/\/richarms.com\/wp-content\/uploads\/2021\/07\/ss23-300x148.jpg 300w, https:\/\/richarms.com\/wp-content\/uploads\/2021\/07\/ss23-400x197.jpg 400w, https:\/\/richarms.com\/wp-content\/uploads\/2021\/07\/ss23-500x246.jpg 500w, https:\/\/richarms.com\/wp-content\/uploads\/2021\/07\/ss23-600x296.jpg 600w, https:\/\/richarms.com\/wp-content\/uploads\/2021\/07\/ss23-700x345.jpg 700w, https:\/\/richarms.com\/wp-content\/uploads\/2021\/07\/ss23-768x379.jpg 768w, https:\/\/richarms.com\/wp-content\/uploads\/2021\/07\/ss23-800x394.jpg 800w, https:\/\/richarms.com\/wp-content\/uploads\/2021\/07\/ss23-1024x505.jpg 1024w, https:\/\/richarms.com\/wp-content\/uploads\/2021\/07\/ss23.jpg 1049w\" data-sizes=\"auto\" data-orig-sizes=\"(max-width: 361px) 100vw, 361px\" \/><\/strong><\/h3>\n<h2 data-start=\"1789\" data-end=\"1843\"><strong data-start=\"1793\" data-end=\"1843\">Ekstra \u0130nce Yar\u0131m Kapak Manyetik \u00c7\u0131t\u00e7\u0131tl\u0131 Malzeme:<\/strong><\/h2>\n<ul data-start=\"1845\" data-end=\"1953\">\n<li data-start=\"1845\" data-end=\"1871\"><strong data-start=\"1847\" data-end=\"1864\">Erkek Kaps\u00fcl\u00fc:<\/strong> Demir<\/li>\n<li data-start=\"1872\" data-end=\"1953\"><strong data-start=\"1874\" data-end=\"1893\">Di\u015fi Kaps\u00fcl:<\/strong> Demir, <strong data-start=\"1900\" data-end=\"1916\">Adi Pirin\u00e7<\/strong> veya <strong data-start=\"1920\" data-end=\"1943\">\u00c7evresel Pirin\u00e7<\/strong> mevcut<\/li>\n<\/ul>\n<p data-start=\"1955\" data-end=\"2176\"><strong data-start=\"1955\" data-end=\"1967\">Richarms<\/strong>' s\u0131k\u0131 malzeme se\u00e7imi \u015funlar\u0131 sa\u011flar <strong data-start=\"2003\" data-end=\"2013\">p\u00fcr\u00fczs\u00fcz<\/strong>, <strong data-start=\"2015\" data-end=\"2038\">yans\u0131t\u0131c\u0131 y\u00fczeyler<\/strong> i\u00e7in <strong data-start=\"2043\" data-end=\"2061\">manyetik \u00e7\u0131t\u00e7\u0131tlar<\/strong>ile <strong data-start=\"2068\" data-end=\"2087\">kad\u0131n kaps\u00fclleri<\/strong> yap\u0131lm\u0131\u015f <strong data-start=\"2098\" data-end=\"2106\">Demir<\/strong>, <strong data-start=\"2108\" data-end=\"2127\">paslanmaz \u00e7elik<\/strong>veya <strong data-start=\"2132\" data-end=\"2141\">Pirin\u00e7<\/strong>ve <strong data-start=\"2147\" data-end=\"2161\">erkek par\u00e7alari<\/strong> gelen <strong data-start=\"2167\" data-end=\"2175\">Demir<\/strong>.<img decoding=\"async\" class=\"lazyload alignnone wp-image-7161\" src=\"https:\/\/richarms.com\/wp-content\/uploads\/2020\/03\/materials-e1626143269166.png\" data-orig-src=\"https:\/\/richarms.com\/wp-content\/uploads\/2020\/03\/materials-e1626143269166.png\" alt=\"\" width=\"446\" height=\"199\" srcset=\"data:image\/svg+xml,%3Csvg%20xmlns%3D%27http%3A%2F%2Fwww.w3.org%2F2000%2Fsvg%27%20width%3D%27446%27%20height%3D%27199%27%20viewBox%3D%270%200%20446%20199%27%3E%3Crect%20width%3D%27446%27%20height%3D%27199%27%20fill-opacity%3D%220%22%2F%3E%3C%2Fsvg%3E\" data-srcset=\"https:\/\/richarms.com\/wp-content\/uploads\/2020\/03\/materials-e1626143269166-200x89.png 200w, https:\/\/richarms.com\/wp-content\/uploads\/2020\/03\/materials-e1626143269166-300x134.png 300w, https:\/\/richarms.com\/wp-content\/uploads\/2020\/03\/materials-e1626143269166-400x178.png 400w, https:\/\/richarms.com\/wp-content\/uploads\/2020\/03\/materials-e1626143269166-500x223.png 500w, https:\/\/richarms.com\/wp-content\/uploads\/2020\/03\/materials-e1626143269166.png 511w\" data-sizes=\"auto\" data-orig-sizes=\"(max-width: 446px) 100vw, 446px\" \/><\/p>\n<h2 data-start=\"2183\" data-end=\"2204\">Kad\u0131n Kompozisyonu<\/h2>\n<h3 data-start=\"2183\" data-end=\"2204\"><strong data-start=\"2187\" data-end=\"2204\"><img decoding=\"async\" class=\"lazyload alignnone wp-image-7163\" src=\"https:\/\/richarms.com\/wp-content\/uploads\/2020\/03\/\u8d85\u8584\u78c1\u529b-e1626186192975.png\" data-orig-src=\"https:\/\/richarms.com\/wp-content\/uploads\/2020\/03\/\u8d85\u8584\u78c1\u529b-e1626186192975.png\" alt=\"\" width=\"449\" height=\"131\" srcset=\"data:image\/svg+xml,%3Csvg%20xmlns%3D%27http%3A%2F%2Fwww.w3.org%2F2000%2Fsvg%27%20width%3D%27449%27%20height%3D%27131%27%20viewBox%3D%270%200%20449%20131%27%3E%3Crect%20width%3D%27449%27%20height%3D%27131%27%20fill-opacity%3D%220%22%2F%3E%3C%2Fsvg%3E\" data-srcset=\"https:\/\/richarms.com\/wp-content\/uploads\/2020\/03\/\u8d85\u8584\u78c1\u529b-e1626186192975-200x58.png 200w, https:\/\/richarms.com\/wp-content\/uploads\/2020\/03\/\u8d85\u8584\u78c1\u529b-e1626186192975-300x87.png 300w, https:\/\/richarms.com\/wp-content\/uploads\/2020\/03\/\u8d85\u8584\u78c1\u529b-e1626186192975-400x117.png 400w, https:\/\/richarms.com\/wp-content\/uploads\/2020\/03\/\u8d85\u8584\u78c1\u529b-e1626186192975-500x146.png 500w, https:\/\/richarms.com\/wp-content\/uploads\/2020\/03\/\u8d85\u8584\u78c1\u529b-e1626186192975-600x175.png 600w, https:\/\/richarms.com\/wp-content\/uploads\/2020\/03\/\u8d85\u8584\u78c1\u529b-e1626186192975-700x204.png 700w, https:\/\/richarms.com\/wp-content\/uploads\/2020\/03\/\u8d85\u8584\u78c1\u529b-e1626186192975-768x224.png 768w, https:\/\/richarms.com\/wp-content\/uploads\/2020\/03\/\u8d85\u8584\u78c1\u529b-e1626186192975-800x233.png 800w, https:\/\/richarms.com\/wp-content\/uploads\/2020\/03\/\u8d85\u8584\u78c1\u529b-e1626186192975.png 885w\" data-sizes=\"auto\" data-orig-sizes=\"(max-width: 449px) 100vw, 449px\" \/><\/strong><\/h3>\n<h3 data-start=\"2183\" data-end=\"2204\"><strong data-start=\"2187\" data-end=\"2204\">\u0130\u00e7 M\u0131knat\u0131s:<\/strong><\/h3>\n<ul data-start=\"2205\" data-end=\"2326\">\n<li data-start=\"2205\" data-end=\"2260\"><strong data-start=\"2207\" data-end=\"2233\">Standart M\u0131knat\u0131s G\u00fcc\u00fc:<\/strong> Ferrit kal\u0131c\u0131 m\u0131knat\u0131s<\/li>\n<li data-start=\"2261\" data-end=\"2326\"><strong data-start=\"2263\" data-end=\"2287\">G\u00fc\u00e7l\u00fc M\u0131knat\u0131s G\u00fcc\u00fc:<\/strong> Ferrit ve Neodimyum sabit m\u0131knat\u0131s<\/li>\n<\/ul>\n<p data-start=\"2328\" data-end=\"2380\"><strong data-start=\"2328\" data-end=\"2377\">Manyetik \u00c7\u0131t\u00e7\u0131tlardaki \u0130\u00e7 M\u0131knat\u0131slar\u0131n Kar\u015f\u0131la\u015ft\u0131r\u0131lmas\u0131<\/strong>:<\/p>\n<ul data-start=\"2381\" data-end=\"2520\">\n<li data-start=\"2381\" data-end=\"2451\"><strong data-start=\"2383\" data-end=\"2403\">18\u00d74,5mm m\u0131knat\u0131slar<\/strong> sa\u011flamak <strong data-start=\"2414\" data-end=\"2428\">\u00e7ekme kuvveti<\/strong> . <strong data-start=\"2432\" data-end=\"2448\">1,5KG ila 3KG<\/strong>ve daha g\u00fc\u00e7l\u00fc olacak \u015fekilde \u00f6zelle\u015ftirilebilir<\/li>\n<li data-start=\"2452\" data-end=\"2520\"><strong data-start=\"2454\" data-end=\"2474\">14\u00d73.5mm m\u0131knat\u0131slar<\/strong> bir teklif <strong data-start=\"2483\" data-end=\"2497\">\u00e7ekme kuvveti<\/strong> . <strong data-start=\"2501\" data-end=\"2519\">0,5 kg ila 1,5 kg, <\/strong>ve daha g\u00fc\u00e7l\u00fc olacak \u015fekilde \u00f6zelle\u015ftirilebilirM\u0131knat\u0131s G\u00fcc\u00fc, m\u0131knat\u0131s boyutuna ve m\u0131knat\u0131s derecesine ba\u011fl\u0131d\u0131r<\/li>\n<\/ul>\n<p><img decoding=\"async\" class=\"lazyload alignnone wp-image-7168\" src=\"https:\/\/richarms.com\/wp-content\/uploads\/2020\/03\/\u5fae\u4fe1\u622a\u56fe_20210712175853.png\" data-orig-src=\"https:\/\/richarms.com\/wp-content\/uploads\/2020\/03\/\u5fae\u4fe1\u622a\u56fe_20210712175853.png\" alt=\"\" width=\"503\" height=\"745\" srcset=\"data:image\/svg+xml,%3Csvg%20xmlns%3D%27http%3A%2F%2Fwww.w3.org%2F2000%2Fsvg%27%20width%3D%27503%27%20height%3D%27745%27%20viewBox%3D%270%200%20503%20745%27%3E%3Crect%20width%3D%27503%27%20height%3D%27745%27%20fill-opacity%3D%220%22%2F%3E%3C%2Fsvg%3E\" data-srcset=\"https:\/\/richarms.com\/wp-content\/uploads\/2020\/03\/\u5fae\u4fe1\u622a\u56fe_20210712175853-200x296.png 200w, https:\/\/richarms.com\/wp-content\/uploads\/2020\/03\/\u5fae\u4fe1\u622a\u56fe_20210712175853-203x300.png 203w, https:\/\/richarms.com\/wp-content\/uploads\/2020\/03\/\u5fae\u4fe1\u622a\u56fe_20210712175853-400x592.png 400w, https:\/\/richarms.com\/wp-content\/uploads\/2020\/03\/\u5fae\u4fe1\u622a\u56fe_20210712175853-500x740.png 500w, https:\/\/richarms.com\/wp-content\/uploads\/2020\/03\/\u5fae\u4fe1\u622a\u56fe_20210712175853.png 531w\" data-sizes=\"auto\" data-orig-sizes=\"(max-width: 503px) 100vw, 503px\" \/><\/p>\n<h2 data-start=\"2527\" data-end=\"2579\"><strong data-start=\"2531\" data-end=\"2579\">Ekstra \u0130nce Yar\u0131m Kapak Manyetik \u00c7\u0131t\u00e7\u0131t Kaplama:<\/strong><\/h2>\n<h3><strong data-start=\"2583\" data-end=\"2601\">Tak\u0131m Kaplama<\/strong><\/h3>\n<p><strong><b><br \/>\n<\/b><\/strong>Kad\u0131n \u00e7\u0131t\u00e7\u0131t: D\u00fcz, Desen, Logo<strong><br \/>\n<\/strong><img decoding=\"async\" class=\"lazyload alignnone wp-image-7166\" src=\"data:image\/svg+xml,%3Csvg%20xmlns%3D%27http%3A%2F%2Fwww.w3.org%2F2000%2Fsvg%27%20width%3D%27288%27%20height%3D%27135%27%20viewBox%3D%270%200%20288%20135%27%3E%3Crect%20width%3D%27288%27%20height%3D%27135%27%20fill-opacity%3D%220%22%2F%3E%3C%2Fsvg%3E\" data-orig-src=\"https:\/\/richarms.com\/wp-content\/uploads\/2020\/03\/\u56fe\u72473.jpg\" alt=\"\" width=\"288\" height=\"135\" \/><strong><br \/>\n<\/strong>Erkek \u00e7\u0131t\u00e7\u0131t: D\u00fcz, \u0130fade, Logo<strong><br \/>\n<\/strong><img decoding=\"async\" class=\"lazyload alignnone wp-image-7180\" src=\"https:\/\/richarms.com\/wp-content\/uploads\/2020\/03\/\u56fe\u72474.jpg\" data-orig-src=\"https:\/\/richarms.com\/wp-content\/uploads\/2020\/03\/\u56fe\u72474.jpg\" alt=\"\" width=\"301\" height=\"121\" srcset=\"data:image\/svg+xml,%3Csvg%20xmlns%3D%27http%3A%2F%2Fwww.w3.org%2F2000%2Fsvg%27%20width%3D%27301%27%20height%3D%27121%27%20viewBox%3D%270%200%20301%20121%27%3E%3Crect%20width%3D%27301%27%20height%3D%27121%27%20fill-opacity%3D%220%22%2F%3E%3C%2Fsvg%3E\" data-srcset=\"https:\/\/richarms.com\/wp-content\/uploads\/2020\/03\/\u56fe\u72474-200x80.jpg 200w, https:\/\/richarms.com\/wp-content\/uploads\/2020\/03\/\u56fe\u72474-300x120.jpg 300w, https:\/\/richarms.com\/wp-content\/uploads\/2020\/03\/\u56fe\u72474-400x160.jpg 400w, https:\/\/richarms.com\/wp-content\/uploads\/2020\/03\/\u56fe\u72474-500x200.jpg 500w, https:\/\/richarms.com\/wp-content\/uploads\/2020\/03\/\u56fe\u72474-600x241.jpg 600w, https:\/\/richarms.com\/wp-content\/uploads\/2020\/03\/\u56fe\u72474.jpg 651w\" data-sizes=\"auto\" data-orig-sizes=\"(max-width: 301px) 100vw, 301px\" \/><\/p>\n<p><strong>Paket<\/strong><strong>\uff1a<br \/>\n<\/strong>Bunlar\u0131n t\u00fcm\u00fc Ayaklar, G\u00f6vdeler veya Per\u00e7inlerle sa\u011flanabilir.<br \/>\n1 set = 1 Erkek, 1 Di\u015fi, 2 Pul<br \/>\n14mm: 200 set\/kutu, 20 kutu\/karton<br \/>\n18mm: 100 set\/kutu, 20 kutu\/karton<\/p>\n<h3><img decoding=\"async\" class=\"lazyload alignnone size-full wp-image-5484\" src=\"https:\/\/richarms.com\/wp-content\/uploads\/2018\/07\/Cover-magnetic-snaps.jpg\" data-orig-src=\"https:\/\/richarms.com\/wp-content\/uploads\/2018\/07\/Cover-magnetic-snaps.jpg\" alt=\"\" width=\"290\" height=\"270\" srcset=\"data:image\/svg+xml,%3Csvg%20xmlns%3D%27http%3A%2F%2Fwww.w3.org%2F2000%2Fsvg%27%20width%3D%27290%27%20height%3D%27270%27%20viewBox%3D%270%200%20290%20270%27%3E%3Crect%20width%3D%27290%27%20height%3D%27270%27%20fill-opacity%3D%220%22%2F%3E%3C%2Fsvg%3E\" data-srcset=\"https:\/\/richarms.com\/wp-content\/uploads\/2018\/07\/Cover-magnetic-snaps-200x186.jpg 200w, https:\/\/richarms.com\/wp-content\/uploads\/2018\/07\/Cover-magnetic-snaps.jpg 290w\" data-sizes=\"auto\" data-orig-sizes=\"(max-width: 290px) 100vw, 290px\" \/><\/h3>\n<h3><strong data-start=\"2694\" data-end=\"2718\">Normal Renk Listelenmi\u015ftir<\/strong><\/h3>\n<p data-start=\"2720\" data-end=\"2884\">Ke\u015ffedin <strong data-start=\"2732\" data-end=\"2758\">standart renk paleti<\/strong> i\u00e7in <strong data-start=\"2763\" data-end=\"2790\">RICHARMS manyetik \u00e7\u0131t\u00e7\u0131tlar<\/strong>ile <strong data-start=\"2797\" data-end=\"2835\">ek \u00f6zel renkler mevcuttur<\/strong> \u00d6zel tasar\u0131m ihtiya\u00e7lar\u0131n\u0131z\u0131 kar\u015f\u0131lamak i\u00e7in talep \u00fczerine.<\/p>\n<p><strong><b><br \/>\n<\/b><\/strong><strong><img decoding=\"async\" class=\"lazyload alignnone size-full wp-image-5392\" src=\"https:\/\/richarms.com\/wp-content\/uploads\/2018\/07\/RICHARMS-COLOT-DIS.jpg\" data-orig-src=\"https:\/\/richarms.com\/wp-content\/uploads\/2018\/07\/RICHARMS-COLOT-DIS.jpg\" alt=\"\" width=\"651\" height=\"457\" srcset=\"data:image\/svg+xml,%3Csvg%20xmlns%3D%27http%3A%2F%2Fwww.w3.org%2F2000%2Fsvg%27%20width%3D%27651%27%20height%3D%27457%27%20viewBox%3D%270%200%20651%20457%27%3E%3Crect%20width%3D%27651%27%20height%3D%27457%27%20fill-opacity%3D%220%22%2F%3E%3C%2Fsvg%3E\" data-srcset=\"https:\/\/richarms.com\/wp-content\/uploads\/2018\/07\/RICHARMS-COLOT-DIS-200x140.jpg 200w, https:\/\/richarms.com\/wp-content\/uploads\/2018\/07\/RICHARMS-COLOT-DIS-300x211.jpg 300w, https:\/\/richarms.com\/wp-content\/uploads\/2018\/07\/RICHARMS-COLOT-DIS-400x281.jpg 400w, https:\/\/richarms.com\/wp-content\/uploads\/2018\/07\/RICHARMS-COLOT-DIS-500x351.jpg 500w, https:\/\/richarms.com\/wp-content\/uploads\/2018\/07\/RICHARMS-COLOT-DIS-600x421.jpg 600w, https:\/\/richarms.com\/wp-content\/uploads\/2018\/07\/RICHARMS-COLOT-DIS.jpg 651w\" data-sizes=\"auto\" data-orig-sizes=\"(max-width: 651px) 100vw, 651px\" \/><\/strong><\/p>\n<p><strong><b>Asma ve yuvarlama aras\u0131ndaki fark<\/b><\/strong><\/p>\n<p><img decoding=\"async\" class=\"lazyload alignnone wp-image-7165\" src=\"https:\/\/richarms.com\/wp-content\/uploads\/2020\/03\/\u56fe\u72471.jpg\" data-orig-src=\"https:\/\/richarms.com\/wp-content\/uploads\/2020\/03\/\u56fe\u72471.jpg\" alt=\"\" width=\"176\" height=\"248\" srcset=\"data:image\/svg+xml,%3Csvg%20xmlns%3D%27http%3A%2F%2Fwww.w3.org%2F2000%2Fsvg%27%20width%3D%27176%27%20height%3D%27248%27%20viewBox%3D%270%200%20176%20248%27%3E%3Crect%20width%3D%27176%27%20height%3D%27248%27%20fill-opacity%3D%220%22%2F%3E%3C%2Fsvg%3E\" data-srcset=\"https:\/\/richarms.com\/wp-content\/uploads\/2020\/03\/\u56fe\u72471-200x281.jpg 200w, https:\/\/richarms.com\/wp-content\/uploads\/2020\/03\/\u56fe\u72471-213x300.jpg 213w, https:\/\/richarms.com\/wp-content\/uploads\/2020\/03\/\u56fe\u72471.jpg 349w\" data-sizes=\"auto\" data-orig-sizes=\"(max-width: 176px) 100vw, 176px\" \/><\/p>\n<h3 data-start=\"3149\" data-end=\"3169\"><strong data-start=\"3153\" data-end=\"3169\">Uygulama:<\/strong><\/h3>\n<p data-start=\"3171\" data-end=\"3360\">Bunlar <strong data-start=\"3177\" data-end=\"3195\">manyetik \u00e7\u0131t\u00e7\u0131tlar<\/strong> kullan\u0131m i\u00e7in m\u00fckemmeldir <strong data-start=\"3219\" data-end=\"3233\">KIRTAS\u0130YE<\/strong>, <strong data-start=\"3235\" data-end=\"3243\">\u00e7antalar<\/strong>ve <strong data-start=\"3249\" data-end=\"3267\">hedi\u0307ye ambalajlari<\/strong>gibi \u00f6zel sekt\u00f6rler i\u00e7in \u00f6zelle\u015ftirilebilir se\u00e7enekler mevcuttur. <strong data-start=\"3340\" data-end=\"3359\">tibbi\u0307 ci\u0307hazlar<\/strong>.<\/p>\n<p data-start=\"3362\" data-end=\"3568\"><strong data-start=\"3362\" data-end=\"3390\">Richarms'\u0131n manyetik \u00e7\u0131t\u00e7\u0131tlar\u0131<\/strong> i\u00e7in tasarlanm\u0131\u015ft\u0131r <strong data-start=\"3408\" data-end=\"3433\">y\u00fcksek kaliteli kapaklar<\/strong> ile <strong data-start=\"3439\" data-end=\"3463\">\u00f6zelle\u015ftirilebilir se\u00e7enekler<\/strong> i\u00e7in g\u00fcvenilir bir \u00e7\u00f6z\u00fcm sa\u011flayarak tam ihtiya\u00e7lar\u0131n\u0131z\u0131 kar\u015f\u0131lamak i\u00e7in <strong data-start=\"3524\" data-end=\"3547\">moda aksesuarlari<\/strong>, <strong data-start=\"3549\" data-end=\"3557\">\u00e7antalar<\/strong>ve daha fazlas\u0131.<\/p>\n<p><strong><b><br \/>\n<\/b><\/strong><img decoding=\"async\" class=\"lazyload alignnone wp-image-7160\" src=\"https:\/\/richarms.com\/wp-content\/uploads\/2020\/03\/application.png\" data-orig-src=\"https:\/\/richarms.com\/wp-content\/uploads\/2020\/03\/application.png\" alt=\"\" width=\"474\" height=\"443\" srcset=\"data:image\/svg+xml,%3Csvg%20xmlns%3D%27http%3A%2F%2Fwww.w3.org%2F2000%2Fsvg%27%20width%3D%27474%27%20height%3D%27443%27%20viewBox%3D%270%200%20474%20443%27%3E%3Crect%20width%3D%27474%27%20height%3D%27443%27%20fill-opacity%3D%220%22%2F%3E%3C%2Fsvg%3E\" data-srcset=\"https:\/\/richarms.com\/wp-content\/uploads\/2020\/03\/application-200x187.png 200w, https:\/\/richarms.com\/wp-content\/uploads\/2020\/03\/application-300x280.png 300w, https:\/\/richarms.com\/wp-content\/uploads\/2020\/03\/application-400x374.png 400w, https:\/\/richarms.com\/wp-content\/uploads\/2020\/03\/application-500x467.png 500w, https:\/\/richarms.com\/wp-content\/uploads\/2020\/03\/application.png 598w\" data-sizes=\"auto\" data-orig-sizes=\"(max-width: 474px) 100vw, 474px\" \/><\/p>\n<p>&nbsp;<\/p>\n<h3><a href=\"https:\/\/richarms.com\/tr\/logo-hardware\/\">Manyetik \u00c7\u0131t\u00e7\u0131t \u00d6zelle\u015ftirme<\/a><\/h3>\n<p data-start=\"3613\" data-end=\"3906\">At <strong data-start=\"3616\" data-end=\"3628\">Richarms<\/strong>sunuyoruz <strong data-start=\"3639\" data-end=\"3663\">\u00f6zelle\u015fti\u0307ri\u0307lmi\u0307\u015f \u00e7\u00f6z\u00fcmler<\/strong> i\u00e7in olsun, \u00f6zel ihtiya\u00e7lar\u0131n\u0131za uyacak \u015fekilde <strong data-start=\"3710\" data-end=\"3725\">m\u0131knat\u0131s boyutu<\/strong>, <strong data-start=\"3727\" data-end=\"3747\">malzeme se\u00e7i\u0307mleri\u0307<\/strong>veya <strong data-start=\"3752\" data-end=\"3772\">renk varyasyonlar\u0131<\/strong>. Bizim <strong data-start=\"3778\" data-end=\"3807\">ekstra ince manyetik \u00e7\u0131t\u00e7\u0131tlar<\/strong> sunmak i\u00e7in \u00f6zenle haz\u0131rlanm\u0131\u015ft\u0131r <strong data-start=\"3839\" data-end=\"3858\">her iki dayan\u0131kl\u0131l\u0131k<\/strong> ve <strong data-start=\"3863\" data-end=\"3872\">stil<\/strong> geni\u015f bir uygulama yelpazesi i\u00e7in.<\/p>\n<p>&nbsp;<\/p>","protected":false},"excerpt":{"rendered":"<p>Tip Ekstra \u0130nce Tam Kapak Manyetik \u00c7\u0131t\u00e7\u0131tlar<br \/>\nMalzeme Pirin\u00e7, demir, m\u0131knat\u0131s<br \/>\nModel Numaras\u0131: RC-HC1420\/1820<br \/>\n\u00d6zel Logo mevcuttur: Lazer, Oyuk, Kal\u0131plama<br \/>\nSize: 18mm<br \/>\nRenk: Alt\u0131n \/ Nikel \/ Tabanca \/ G\u00fcl Alt\u0131n \/ F\u0131r\u00e7a Kar\u0131nca \/ Di\u011fer<br \/>\nAmbalaj: kutu ve karton<br \/>\nNakliye: LCL \/ DHL \/ FedEx \/ TNT \/ Di\u011fer<\/p>","protected":false},"featured_media":7316,"template":"","meta":[],"product_brand":[],"product_cat":[15],"product_tag":[],"class_list":{"0":"post-7306","1":"product","2":"type-product","3":"status-publish","4":"has-post-thumbnail","6":"product_cat-magnetic-snaps","8":"first","9":"instock","10":"shipping-taxable","11":"product-type-simple"},"aioseo_notices":[],"_links":{"self":[{"href":"https:\/\/richarms.com\/tr\/wp-json\/wp\/v2\/product\/7306","targetHints":{"allow":["GET"]}}],"collection":[{"href":"https:\/\/richarms.com\/tr\/wp-json\/wp\/v2\/product"}],"about":[{"href":"https:\/\/richarms.com\/tr\/wp-json\/wp\/v2\/types\/product"}],"wp:featuredmedia":[{"embeddable":true,"href":"https:\/\/richarms.com\/tr\/wp-json\/wp\/v2\/media\/7316"}],"wp:attachment":[{"href":"https:\/\/richarms.com\/tr\/wp-json\/wp\/v2\/media?parent=7306"}],"wp:term":[{"taxonomy":"product_brand","embeddable":true,"href":"https:\/\/richarms.com\/tr\/wp-json\/wp\/v2\/product_brand?post=7306"},{"taxonomy":"product_cat","embeddable":true,"href":"https:\/\/richarms.com\/tr\/wp-json\/wp\/v2\/product_cat?post=7306"},{"taxonomy":"product_tag","embeddable":true,"href":"https:\/\/richarms.com\/tr\/wp-json\/wp\/v2\/product_tag?post=7306"}],"curies":[{"name":"wp","href":"https:\/\/api.w.org\/{rel}","templated":true}]}}