{"id":7509,"date":"2021-07-11T18:54:22","date_gmt":"2021-07-11T10:54:22","guid":{"rendered":"https:\/\/richarms.com\/?post_type=product&#038;p=7509"},"modified":"2024-10-07T14:11:00","modified_gmt":"2024-10-07T06:11:00","slug":"electrical-snap-connectors","status":"publish","type":"product","link":"https:\/\/richarms.com\/tr\/urun\/electrical-snap-connectors","title":{"rendered":"Elektrikli Ge\u00e7meli Konnekt\u00f6rler"},"content":{"rendered":"<h3>Fizyoterapi Aleti ve Masaj Cihaz\u0131 i\u00e7in Sapl\u0131 8mm\\10mm Elektrikli Ge\u00e7meli Konnekt\u00f6rler<\/h3>\n<div style=\"width: 355px\" class=\"wp-caption aligncenter\"><img class=\"lazyload\" decoding=\"async\" src=\"data:image\/svg+xml,%3Csvg%20xmlns%3D%27http%3A%2F%2Fwww.w3.org%2F2000%2Fsvg%27%20width%3D%27345%27%20height%3D%27193%27%20viewBox%3D%270%200%20345%20193%27%3E%3Crect%20width%3D%27345%27%20height%3D%27193%27%20fill-opacity%3D%220%22%2F%3E%3C%2Fsvg%3E\" data-orig-src=\"https:\/\/cdn.shopify.com\/s\/files\/1\/0600\/9123\/6523\/files\/De_480x480.png?v=1708399731\" alt=\"8mm\\10mm Electrical Snap Connectors with Stem for Physiotherapy Instrument and Massage Device\" width=\"345\" height=\"193\" \/><p class=\"wp-caption-text\">Richarms Toptan Fizyoterapi Aleti ve Masaj Cihaz\u0131 i\u00e7in Sapl\u0131 8mm \\ 10mm Elektrik Ge\u00e7meli Konnekt\u00f6rler, k\u00fcresel teslimat, \u015fimdi teklif veya numune isteyin!<\/p><\/div>\n<p><strong><b>Erkek Elektrik Ge\u00e7meli Konnekt\u00f6r Boyutu:<\/b><\/strong><\/p>\n<table style=\"border-collapse: collapse; width: 629px; height: 118px;\" border=\"0\" width=\"1233\" cellspacing=\"0\" cellpadding=\"0\">\n<tbody>\n<tr style=\"height: 17.00pt;\">\n<td class=\"et4\" style=\"height: 17.00pt; width: 91.50pt;\" width=\"183\" height=\"34\"><\/td>\n<td class=\"et5\" style=\"width: 87.5pt; text-align: center;\" width=\"175\">8mm<br \/>\nKad\u0131n<\/td>\n<td class=\"et5\" style=\"width: 87.5pt; text-align: center;\" width=\"175\">8mm<br \/>\nErkek<\/td>\n<td class=\"et5\" style=\"width: 87.5pt; text-align: center;\" width=\"175\">8mm<br \/>\nY\u0131kay\u0131c\u0131<\/td>\n<td class=\"et5\" style=\"width: 87.5pt; text-align: center;\" width=\"175\">10mm<br \/>\nKad\u0131n<\/td>\n<td class=\"et5\" style=\"width: 87.5pt; text-align: center;\" width=\"175\">10mm<br \/>\nErkek<\/td>\n<td class=\"et5\" style=\"width: 87.5pt; text-align: center;\" width=\"175\">10mm<br \/>\nY\u0131kay\u0131c\u0131<\/td>\n<\/tr>\n<tr style=\"height: 17.00pt;\">\n<td class=\"et6\" style=\"height: 17.00pt; width: 91.50pt;\" width=\"183\" height=\"34\">\u00c7ap (DIA)<\/td>\n<td class=\"et7\" style=\"width: 87.5pt; text-align: center;\" width=\"175\">8,5 mm<\/td>\n<td class=\"et7\" style=\"width: 87.5pt; text-align: center;\" width=\"175\">8mm<\/td>\n<td class=\"et7\" style=\"width: 87.5pt; text-align: center;\" width=\"175\">8mm<\/td>\n<td class=\"et7\" style=\"width: 87.5pt; text-align: center;\" width=\"175\">10,5 mm<\/td>\n<td class=\"et7\" style=\"width: 87.5pt; text-align: center;\" width=\"175\">10mm<\/td>\n<td class=\"et7\" style=\"width: 87.5pt; text-align: center;\" width=\"175\">10mm<\/td>\n<\/tr>\n<tr style=\"height: 17.00pt;\">\n<td class=\"et6\" style=\"height: 17.00pt; width: 91.50pt;\" width=\"183\" height=\"34\">Kal\u0131nl\u0131k (T)<\/td>\n<td class=\"et7\" style=\"width: 87.5pt; text-align: center;\" width=\"175\">2mm<\/td>\n<td class=\"et7\" style=\"width: 87.5pt; text-align: center;\" width=\"175\">0.6mm<\/td>\n<td class=\"et7\" style=\"width: 87.5pt; text-align: center;\" width=\"175\">0.6mm<\/td>\n<td class=\"et7\" style=\"width: 87.5pt; text-align: center;\" width=\"175\">2mm<\/td>\n<td class=\"et7\" style=\"width: 87.5pt; text-align: center;\" width=\"175\">0.6mm<\/td>\n<td class=\"et7\" style=\"width: 87.5pt; text-align: center;\" width=\"175\">0.6mm<\/td>\n<\/tr>\n<tr style=\"height: 17.00pt;\">\n<td class=\"et6\" style=\"height: 17.00pt; width: 91.50pt;\" width=\"183\" height=\"34\">Sap Y\u00fcksekli\u011fi (H)<\/td>\n<td class=\"et7\" style=\"width: 87.5pt; text-align: center;\" width=\"175\">2mm<\/td>\n<td class=\"et7\" style=\"width: 87.5pt; text-align: center;\" width=\"175\">2mm<\/td>\n<td class=\"et7\" style=\"width: 87.5pt; text-align: center;\" width=\"175\">&#8211;<\/td>\n<td class=\"et7\" style=\"width: 87.5pt; text-align: center;\" width=\"175\">2mm<\/td>\n<td class=\"et7\" style=\"width: 87.5pt; text-align: center;\" width=\"175\">2mm<\/td>\n<td class=\"et7\" style=\"width: 87.5pt; text-align: center;\" width=\"175\">&#8211;<\/td>\n<\/tr>\n<\/tbody>\n<\/table>\n<p>Bu <strong>erkek elektrikli \u00e7\u0131t\u00e7\u0131tl\u0131 konekt\u00f6r<\/strong> ile birlikte kullan\u0131lmak \u00fczere tasarlanm\u0131\u015ft\u0131r. <strong>di\u015fi ge\u00e7meli konnekt\u00f6rler<\/strong>\u00e7e\u015fitli elektrik uygulamalar\u0131 i\u00e7in g\u00fcvenilir bir ba\u011flant\u0131 \u00e7\u00f6z\u00fcm\u00fc sa\u011flar. Arkas\u0131nda bir sap bulunan bu \u00fcr\u00fcn, g\u00fcvenli ve ayarlanabilir sabitleme i\u00e7in bir pul veya saplama ile e\u015fle\u015ftirilebilir, bu da onu panel veya kuma\u015f kurulumlar\u0131 i\u00e7in ideal hale getirir.<\/p>\n<ul>\n<li><strong>Erkek \u00c7\u0131t\u00e7\u0131t Tasar\u0131m\u0131<\/strong>: \u0130le uyumlu <strong>di\u015fi ge\u00e7meli konnekt\u00f6rler<\/strong>g\u00fcvenli ve verimli bir ba\u011flant\u0131 olu\u015fturur.<\/li>\n<li><strong>Y\u0131kay\u0131c\u0131 Uyumlulu\u011fu ile K\u00f6k<\/strong>: Arka g\u00f6vde, \u00e7e\u015fitli kurulumlarda daha fazla stabilite i\u00e7in bir pul veya saplama ile kolay kurulum sa\u011flar.<\/li>\n<li><strong>Dayan\u0131kl\u0131 ve \u00c7ok Y\u00f6nl\u00fc<\/strong>: Manyetik olmayan, h\u0131zl\u0131 a\u00e7\u0131lan sabitlemenin gerekli oldu\u011fu elektrik uygulamalar\u0131 i\u00e7in uygundur.<\/li>\n<li><strong>D\u00fczenli Stok Mevcut<\/strong>: \u00d6rnek sipari\u015fler do\u011frudan \u015fu yolla verilebilir <a href=\"https:\/\/www.richarmshardware.com\/collections\/medical-electircal-magnetic-snap\">online ma\u011fazam\u0131z<\/a>ve daha b\u00fcy\u00fck toptan sipari\u015fler i\u00e7in, <a href=\"http:\/\/richarms.com\/tr\/contact\/\">sat\u0131\u015f ekibimizle ileti\u015fime ge\u00e7in<\/a> \u00f6zel fiyatland\u0131rma i\u00e7in.<\/li>\n<\/ul>\n<p><strong>Temel \u00d6zellikler<\/strong>:<\/p>\n<ul>\n<li>Y\u0131kay\u0131c\u0131 veya saplama kullan\u0131m\u0131 i\u00e7in sapl\u0131 erkek ge\u00e7meli konekt\u00f6r<\/li>\n<li>\u0130le uyumlu <strong>\u00e7\u0131t\u00e7\u0131tl\u0131 elektrik konnekt\u00f6rleri<\/strong> sistemler<\/li>\n<li>Ayarlanabilir panel veya kuma\u015f kurulumlar\u0131 i\u00e7in ideal<\/li>\n<li>D\u00fczenli stok ve numune bulunabilirli\u011fi<\/li>\n<\/ul>\n<p>Elektrik ba\u011flant\u0131 sistemlerinizi g\u00fcvenilir \u00fcr\u00fcnlerimizle y\u00fckseltin <strong>erkek ge\u00e7meli konnekt\u00f6rler<\/strong>ile sorunsuz entegrasyon i\u00e7in tasarlanm\u0131\u015ft\u0131r. <strong>elektri\u0307ksel ge\u00e7meli\u0307 konnekt\u00f6rler<\/strong> kurulumlar.<\/p>\n<p><strong>Malzeme:<\/strong><\/p>\n<p>Di\u015fi Kaps\u00fcl:  Demir, Adi Pirin\u00e7 veya \u00c7evresel Pirin\u00e7 mevcuttur<br \/>\nErkek Kaps\u00fcl\u00fc: Demir<\/p>\n<p><img decoding=\"async\" class=\"lazyload alignnone wp-image-7161\" src=\"https:\/\/richarms.com\/wp-content\/uploads\/2020\/03\/materials-e1626143269166.png\" data-orig-src=\"https:\/\/richarms.com\/wp-content\/uploads\/2020\/03\/materials-e1626143269166.png\" alt=\"\" width=\"446\" height=\"199\" srcset=\"data:image\/svg+xml,%3Csvg%20xmlns%3D%27http%3A%2F%2Fwww.w3.org%2F2000%2Fsvg%27%20width%3D%27446%27%20height%3D%27199%27%20viewBox%3D%270%200%20446%20199%27%3E%3Crect%20width%3D%27446%27%20height%3D%27199%27%20fill-opacity%3D%220%22%2F%3E%3C%2Fsvg%3E\" data-srcset=\"https:\/\/richarms.com\/wp-content\/uploads\/2020\/03\/materials-e1626143269166-200x89.png 200w, https:\/\/richarms.com\/wp-content\/uploads\/2020\/03\/materials-e1626143269166-300x134.png 300w, https:\/\/richarms.com\/wp-content\/uploads\/2020\/03\/materials-e1626143269166-400x178.png 400w, https:\/\/richarms.com\/wp-content\/uploads\/2020\/03\/materials-e1626143269166-500x223.png 500w, https:\/\/richarms.com\/wp-content\/uploads\/2020\/03\/materials-e1626143269166.png 511w\" data-sizes=\"auto\" data-orig-sizes=\"(max-width: 446px) 100vw, 446px\" \/><\/p>\n<p>Neodimyum kal\u0131c\u0131 m\u0131knat\u0131s. M\u0131knat\u0131s G\u00fcc\u00fc, m\u0131knat\u0131s boyutuna ve m\u0131knat\u0131s derecesine ba\u011fl\u0131d\u0131r<\/p>\n<p><img decoding=\"async\" class=\"wp-image-7163 lazyautosizes lazyloaded\" title=\"manyetik \u00e7\u0131t\u00e7\u0131t par\u00e7as\u0131\" src=\"https:\/\/richarms.com\/wp-content\/uploads\/2020\/03\/%E8%B6%85%E8%96%84%E7%A3%81%E5%8A%9B-e1626186192975.png\" sizes=\"449px\" srcset=\"https:\/\/richarms.com\/wp-content\/uploads\/2020\/03\/\u8d85\u8584\u78c1\u529b-e1626186192975-200x58.png 200w, https:\/\/richarms.com\/wp-content\/uploads\/2020\/03\/\u8d85\u8584\u78c1\u529b-e1626186192975-300x87.png 300w, https:\/\/richarms.com\/wp-content\/uploads\/2020\/03\/\u8d85\u8584\u78c1\u529b-e1626186192975-400x117.png 400w, https:\/\/richarms.com\/wp-content\/uploads\/2020\/03\/\u8d85\u8584\u78c1\u529b-e1626186192975-500x146.png 500w, https:\/\/richarms.com\/wp-content\/uploads\/2020\/03\/\u8d85\u8584\u78c1\u529b-e1626186192975-600x175.png 600w, https:\/\/richarms.com\/wp-content\/uploads\/2020\/03\/\u8d85\u8584\u78c1\u529b-e1626186192975-700x204.png 700w, https:\/\/richarms.com\/wp-content\/uploads\/2020\/03\/\u8d85\u8584\u78c1\u529b-e1626186192975-768x224.png 768w, https:\/\/richarms.com\/wp-content\/uploads\/2020\/03\/\u8d85\u8584\u78c1\u529b-e1626186192975-800x233.png 800w, https:\/\/richarms.com\/wp-content\/uploads\/2020\/03\/\u8d85\u8584\u78c1\u529b-e1626186192975.png 885w\" alt=\"\" width=\"449\" height=\"131\" data-orig-src=\"https:\/\/richarms.com\/wp-content\/uploads\/2020\/03\/\u8d85\u8584\u78c1\u529b-e1626186192975.png\" data-srcset=\"https:\/\/richarms.com\/wp-content\/uploads\/2020\/03\/\u8d85\u8584\u78c1\u529b-e1626186192975-200x58.png 200w, https:\/\/richarms.com\/wp-content\/uploads\/2020\/03\/\u8d85\u8584\u78c1\u529b-e1626186192975-300x87.png 300w, https:\/\/richarms.com\/wp-content\/uploads\/2020\/03\/\u8d85\u8584\u78c1\u529b-e1626186192975-400x117.png 400w, https:\/\/richarms.com\/wp-content\/uploads\/2020\/03\/\u8d85\u8584\u78c1\u529b-e1626186192975-500x146.png 500w, https:\/\/richarms.com\/wp-content\/uploads\/2020\/03\/\u8d85\u8584\u78c1\u529b-e1626186192975-600x175.png 600w, https:\/\/richarms.com\/wp-content\/uploads\/2020\/03\/\u8d85\u8584\u78c1\u529b-e1626186192975-700x204.png 700w, https:\/\/richarms.com\/wp-content\/uploads\/2020\/03\/\u8d85\u8584\u78c1\u529b-e1626186192975-768x224.png 768w, https:\/\/richarms.com\/wp-content\/uploads\/2020\/03\/\u8d85\u8584\u78c1\u529b-e1626186192975-800x233.png 800w, https:\/\/richarms.com\/wp-content\/uploads\/2020\/03\/\u8d85\u8584\u78c1\u529b-e1626186192975.png 885w\" data-sizes=\"auto\" data-orig-sizes=\"(max-width: 449px) 100vw, 449px\" \/><\/p>\n<p>&nbsp;<\/p>\n<p><strong><b>Paket\uff1a<\/b><\/strong><br \/>\n1 set = 1 Erkek, 1 Di\u015fi, 2 Pul<br \/>\n8mm\/10mm: 400 set\/kutu, 20 kutu\/karton<\/p>\n<p>&nbsp;<\/p>\n<div style=\"width: 490px\" class=\"wp-caption alignnone\"><img class=\"lazyload\" decoding=\"async\" src=\"data:image\/svg+xml,%3Csvg%20xmlns%3D%27http%3A%2F%2Fwww.w3.org%2F2000%2Fsvg%27%20width%3D%27480%27%20height%3D%27419%27%20viewBox%3D%270%200%20480%20419%27%3E%3Crect%20width%3D%27480%27%20height%3D%27419%27%20fill-opacity%3D%220%22%2F%3E%3C%2Fsvg%3E\" data-orig-src=\"https:\/\/cdn.shopify.com\/s\/files\/1\/0600\/9123\/6523\/files\/RICHARMSConductiveelectromagnetic_480x480.png?v=1680926174\" alt=\"Electrical Snap Connectors with Stem for Massage Device\" width=\"480\" height=\"419\" \/><p class=\"wp-caption-text\">Masaj Cihaz\u0131 i\u00e7in Sapl\u0131 Elektrikli Ge\u00e7meli Konnekt\u00f6rler<\/p><\/div>\n<p><strong><b>Uygulama\uff1a<br \/>\n<\/b><\/strong><\/p>\n<p>Daha fazla fikir i\u00e7in bizi takip edin <a href=\"https:\/\/www.pinterest.com\/richarmsaccessoriesgroups\/innovative-electric-magnetic-snaps-for-all-purpose\/\">pinterest<\/a>.<\/p>","protected":false},"excerpt":{"rendered":"<p>Tip: 8mm 10mm Elektronik Bile\u015fenler Fizyoterapi Aleti ve Masaj Cihaz\u0131 i\u00e7in \u0130letken K\u00f6k<br \/>\nMalzeme Pirin\u00e7, demir, magne<br \/>\nModel Numaras\u0131: RC-Ele0820\/1020<br \/>\nBoyut: 8mm, 10mm<br \/>\nRenk: Nikel<br \/>\nAmbalaj: kutu ve karton<br \/>\nNakliye: LCL \/ DHL \/ FedEx \/ TNT \/ Di\u011fer<\/p>","protected":false},"featured_media":7513,"template":"","meta":[],"product_brand":[],"product_cat":[110],"product_tag":[],"class_list":{"0":"post-7509","1":"product","2":"type-product","3":"status-publish","4":"has-post-thumbnail","6":"product_cat-medical-electrical-snap","8":"first","9":"instock","10":"shipping-taxable","11":"product-type-simple"},"aioseo_notices":[],"_links":{"self":[{"href":"https:\/\/richarms.com\/tr\/wp-json\/wp\/v2\/product\/7509","targetHints":{"allow":["GET"]}}],"collection":[{"href":"https:\/\/richarms.com\/tr\/wp-json\/wp\/v2\/product"}],"about":[{"href":"https:\/\/richarms.com\/tr\/wp-json\/wp\/v2\/types\/product"}],"wp:featuredmedia":[{"embeddable":true,"href":"https:\/\/richarms.com\/tr\/wp-json\/wp\/v2\/media\/7513"}],"wp:attachment":[{"href":"https:\/\/richarms.com\/tr\/wp-json\/wp\/v2\/media?parent=7509"}],"wp:term":[{"taxonomy":"product_brand","embeddable":true,"href":"https:\/\/richarms.com\/tr\/wp-json\/wp\/v2\/product_brand?post=7509"},{"taxonomy":"product_cat","embeddable":true,"href":"https:\/\/richarms.com\/tr\/wp-json\/wp\/v2\/product_cat?post=7509"},{"taxonomy":"product_tag","embeddable":true,"href":"https:\/\/richarms.com\/tr\/wp-json\/wp\/v2\/product_tag?post=7509"}],"curies":[{"name":"wp","href":"https:\/\/api.w.org\/{rel}","templated":true}]}}