{"id":7599,"date":"2022-04-11T22:33:02","date_gmt":"2022-04-11T14:33:02","guid":{"rendered":"https:\/\/richarms.com\/?post_type=product&#038;p=7599"},"modified":"2025-02-28T15:46:22","modified_gmt":"2025-02-28T07:46:22","slug":"bar-magnets","status":"publish","type":"product","link":"https:\/\/richarms.com\/tr\/product\/bar-magnets","title":{"rendered":"\u00c7ubuk M\u0131knat\u0131slar Tedarik\u00e7isi"},"content":{"rendered":"<h1 data-start=\"21\" data-end=\"87\">Bar NdFeB Magnet | Custom Industrial Magnets for Strong Closures<\/h1>\n<p><strong data-start=\"77\" data-end=\"98\">Bar NdFeB magnets<\/strong> olabilir <strong data-start=\"106\" data-end=\"139\">encased in heat-shrink tubing<\/strong>sa\u011flayarak <strong data-start=\"151\" data-end=\"171\">extra protection<\/strong>. Bu <strong data-start=\"178\" data-end=\"198\">heat-shrink wrap<\/strong> makes the magnets <strong data-start=\"217\" data-end=\"231\">su ge\u00e7irmez<\/strong>, <strong data-start=\"233\" data-end=\"252\">darbeye dayan\u0131kl\u0131<\/strong>ve <strong data-start=\"258\" data-end=\"277\">oksidasyona dayan\u0131kl\u0131<\/strong>B\u00f6ylece zorlu ortamlarda bile en iyi durumda kalmalar\u0131n\u0131 sa\u011flar. Bu ilave koruma katman\u0131, onlar\u0131n <strong data-start=\"396\" data-end=\"410\">dayan\u0131kl\u0131l\u0131k<\/strong> ve <strong data-start=\"415\" data-end=\"430\">g\u00fcvenilirlik<\/strong> i\u00e7in <strong data-start=\"435\" data-end=\"452\">long-term use<\/strong> in a wide range of applications.<\/p>\n<table style=\"height: 599px;\" width=\"828\">\n<tbody>\n<tr style=\"font-style: inherit; font-weight: inherit;\">\n<td style=\"font-style: inherit;\" width=\"183\">Tip<\/td>\n<td style=\"font-style: inherit;\" width=\"504\">Daimi<\/td>\n<\/tr>\n<tr style=\"font-style: inherit; font-weight: inherit;\">\n<td style=\"font-style: inherit;\" width=\"183\" data-spm-anchor-id=\"a2700.details.pronpeci14.i0.41a61526Xi5f7X\">Kompozit<\/td>\n<td style=\"font-style: inherit;\" width=\"504\">NdFeB M\u0131knat\u0131s<\/td>\n<\/tr>\n<tr style=\"font-style: inherit; font-weight: inherit;\">\n<td style=\"font-style: inherit;\" rowspan=\"2\" width=\"183\">\u015eekil<\/td>\n<td style=\"font-style: inherit;\" width=\"504\">Disk, <a href=\"https:\/\/richarms.com\/tr\/urun\/cylinder-magnet-wholesale\/\">Silindir<\/a>, Block, <a href=\"https:\/\/richarms.com\/tr\/urun\/strongest-ring-magnet-neodymium-magnets\/\">Y\u00fcz\u00fck<\/a>, <a href=\"https:\/\/richarms.com\/tr\/urun\/segment-magnet\/\">Segment<\/a>\uff0cCountersunk, Trapezoid<\/td>\n<\/tr>\n<tr>\n<td width=\"504\">D\u00fczensiz \u015fekiller ve daha \u00f6zel \u015fekiller<\/td>\n<\/tr>\n<tr style=\"font-style: inherit; font-weight: inherit;\">\n<td style=\"font-style: inherit;\" width=\"183\">Uygulama<\/td>\n<td style=\"font-style: inherit;\" width=\"504\">End\u00fcstriyel M\u0131knat\u0131s<\/td>\n<\/tr>\n<tr style=\"font-style: inherit; font-weight: inherit;\">\n<td style=\"font-style: inherit;\" width=\"183\">M\u0131knat\u0131slama y\u00f6n\u00fc<\/td>\n<td style=\"font-style: inherit;\" width=\"504\">\u00d6zelle\u015ftirilmi\u015f<\/td>\n<\/tr>\n<tr style=\"font-style: inherit; font-weight: inherit;\">\n<td style=\"font-style: inherit;\" width=\"183\">Boyut<\/td>\n<td style=\"font-style: inherit;\" width=\"504\">\u00d6zelle\u015ftirilmi\u015f<\/td>\n<\/tr>\n<tr style=\"font-style: inherit; font-weight: inherit;\">\n<td style=\"font-style: inherit;\" width=\"183\">Kaplama<\/td>\n<td style=\"font-style: inherit;\" width=\"504\">Ni, Zn, alt\u0131n, g\u00fcm\u00fc\u015f, bak\u0131r, epoksi vb.<\/td>\n<\/tr>\n<tr style=\"font-style: inherit; font-weight: inherit;\">\n<td style=\"font-style: inherit;\" width=\"183\">Ho\u015fg\u00f6r\u00fc<\/td>\n<td style=\"font-style: inherit;\" width=\"504\">+\/-0,03 ila +\/-0,15<\/td>\n<\/tr>\n<tr style=\"font-style: inherit; font-weight: inherit;\">\n<td style=\"font-style: inherit;\" width=\"183\">\u00c7al\u0131\u015fma s\u0131cakl\u0131\u011f\u0131<\/td>\n<td style=\"font-style: inherit;\" width=\"504\">Maksimum \u00e7al\u0131\u015fma s\u0131cakl\u0131\u011f\u0131 230 santigrat dereceye kadar<\/td>\n<\/tr>\n<tr style=\"font-style: inherit; font-weight: inherit;\">\n<td style=\"font-style: inherit;\" width=\"183\">Teslimat<\/td>\n<td style=\"font-style: inherit;\" width=\"504\">Deniz, hava veya ekspres yoluyla<\/td>\n<\/tr>\n<tr style=\"font-style: inherit; font-weight: inherit;\">\n<td style=\"font-style: inherit;\" width=\"183\">Maksimum \u00c7al\u0131\u015fma S\u0131cakl\u0131\u011f\u0131<\/td>\n<td style=\"font-style: inherit;\" width=\"504\">S\u0131n\u0131f<\/td>\n<\/tr>\n<tr>\n<td width=\"183\">80\u00b0C<\/td>\n<td width=\"504\">N33-N52<\/td>\n<\/tr>\n<tr>\n<td width=\"183\">100\u00b0C<\/td>\n<td width=\"504\">N35M-N45M<\/td>\n<\/tr>\n<tr>\n<td width=\"183\">120\u00b0C<\/td>\n<td width=\"504\">N33H-N50H<\/td>\n<\/tr>\n<tr>\n<td width=\"183\">150\u00b0C<\/td>\n<td width=\"504\">N33SH-N45SH<\/td>\n<\/tr>\n<tr>\n<td width=\"183\">180\u00b0C<\/td>\n<td width=\"504\">N30UH-N42UH<\/td>\n<\/tr>\n<tr>\n<td width=\"183\">\u00a0200\u00b0C<\/td>\n<td width=\"504\">N30EH-N38EH<\/td>\n<\/tr>\n<tr>\n<td width=\"183\">230\u00b0C<\/td>\n<td width=\"504\">N28AH-N33AH<\/td>\n<\/tr>\n<\/tbody>\n<\/table>\n<div id=\"attachment_5501\" style=\"width: 760px\" class=\"wp-caption alignnone\"><img decoding=\"async\" aria-describedby=\"caption-attachment-5501\" class=\"lazyload wp-image-5501 size-full\" src=\"https:\/\/richarms.com\/wp-content\/uploads\/2018\/12\/permanent-magnets-box-packing.jpg\" data-orig-src=\"https:\/\/richarms.com\/wp-content\/uploads\/2018\/12\/permanent-magnets-box-packing.jpg\" alt=\"Segment NdFeB Magnet carefully packaged in a small white box for safe handling and delivery.\" width=\"750\" height=\"500\" srcset=\"data:image\/svg+xml,%3Csvg%20xmlns%3D%27http%3A%2F%2Fwww.w3.org%2F2000%2Fsvg%27%20width%3D%27750%27%20height%3D%27500%27%20viewBox%3D%270%200%20750%20500%27%3E%3Crect%20width%3D%27750%27%20height%3D%27500%27%20fill-opacity%3D%220%22%2F%3E%3C%2Fsvg%3E\" data-srcset=\"https:\/\/richarms.com\/wp-content\/uploads\/2018\/12\/permanent-magnets-box-packing-200x133.jpg 200w, https:\/\/richarms.com\/wp-content\/uploads\/2018\/12\/permanent-magnets-box-packing-300x200.jpg 300w, https:\/\/richarms.com\/wp-content\/uploads\/2018\/12\/permanent-magnets-box-packing-400x267.jpg 400w, https:\/\/richarms.com\/wp-content\/uploads\/2018\/12\/permanent-magnets-box-packing-500x333.jpg 500w, https:\/\/richarms.com\/wp-content\/uploads\/2018\/12\/permanent-magnets-box-packing-600x400.jpg 600w, https:\/\/richarms.com\/wp-content\/uploads\/2018\/12\/permanent-magnets-box-packing-700x467.jpg 700w, https:\/\/richarms.com\/wp-content\/uploads\/2018\/12\/permanent-magnets-box-packing.jpg 750w\" data-sizes=\"auto\" data-orig-sizes=\"(max-width: 750px) 100vw, 750px\" \/><p id=\"caption-attachment-5501\" class=\"wp-caption-text\">NdFeB m\u0131knat\u0131slar k\u00fc\u00e7\u00fck beyaz kutularda g\u00fcvenli bir \u015fekilde paketlenerek g\u00fcvenli ta\u015f\u0131ma ve kolay kullan\u0131m sa\u011flar.<\/p><\/div>\n<p><strong>Paketleme:<\/strong><\/p>\n<div id=\"attachment_5515\" style=\"width: 764px\" class=\"wp-caption alignnone\"><img decoding=\"async\" aria-describedby=\"caption-attachment-5515\" class=\"lazyload wp-image-5515 size-full\" src=\"https:\/\/richarms.com\/wp-content\/uploads\/2018\/12\/packaging.png\" data-orig-src=\"https:\/\/richarms.com\/wp-content\/uploads\/2018\/12\/packaging.png\" alt=\"De-magnetization packaging process for NdFeB magnets, showing a multi-layered protection including iron boxes, foam boxes, and paper boxes.\" width=\"754\" height=\"497\" srcset=\"data:image\/svg+xml,%3Csvg%20xmlns%3D%27http%3A%2F%2Fwww.w3.org%2F2000%2Fsvg%27%20width%3D%27754%27%20height%3D%27497%27%20viewBox%3D%270%200%20754%20497%27%3E%3Crect%20width%3D%27754%27%20height%3D%27497%27%20fill-opacity%3D%220%22%2F%3E%3C%2Fsvg%3E\" data-srcset=\"https:\/\/richarms.com\/wp-content\/uploads\/2018\/12\/packaging-200x132.png 200w, https:\/\/richarms.com\/wp-content\/uploads\/2018\/12\/packaging-300x198.png 300w, https:\/\/richarms.com\/wp-content\/uploads\/2018\/12\/packaging-400x264.png 400w, https:\/\/richarms.com\/wp-content\/uploads\/2018\/12\/packaging-500x330.png 500w, https:\/\/richarms.com\/wp-content\/uploads\/2018\/12\/packaging-600x395.png 600w, https:\/\/richarms.com\/wp-content\/uploads\/2018\/12\/packaging-700x461.png 700w, https:\/\/richarms.com\/wp-content\/uploads\/2018\/12\/packaging.png 754w\" data-sizes=\"auto\" data-orig-sizes=\"(max-width: 754px) 100vw, 754px\" \/><p id=\"caption-attachment-5515\" class=\"wp-caption-text\">NdFeB m\u0131knat\u0131slar, g\u00fcvenli ta\u015f\u0131may\u0131 sa\u011flamak i\u00e7in demir kutu, k\u00f6p\u00fck ve ka\u011f\u0131t kutu katmanlar\u0131n\u0131 i\u00e7eren dikkatli bir de-manyetizasyon paketleme s\u00fcrecinden ge\u00e7er.<\/p><\/div>\n<div id=\"attachment_5499\" style=\"width: 710px\" class=\"wp-caption alignnone\"><img decoding=\"async\" aria-describedby=\"caption-attachment-5499\" class=\"lazyload wp-image-5499 size-full\" src=\"https:\/\/richarms.com\/wp-content\/uploads\/2018\/12\/drawing.jpg\" data-orig-src=\"https:\/\/richarms.com\/wp-content\/uploads\/2018\/12\/drawing.jpg\" alt=\"Illustration of two magnetization directions for NdFeB magnets: Thickness Magnetized and Radially Magnetized.\" width=\"700\" height=\"907\" srcset=\"data:image\/svg+xml,%3Csvg%20xmlns%3D%27http%3A%2F%2Fwww.w3.org%2F2000%2Fsvg%27%20width%3D%27700%27%20height%3D%27907%27%20viewBox%3D%270%200%20700%20907%27%3E%3Crect%20width%3D%27700%27%20height%3D%27907%27%20fill-opacity%3D%220%22%2F%3E%3C%2Fsvg%3E\" data-srcset=\"https:\/\/richarms.com\/wp-content\/uploads\/2018\/12\/drawing-200x259.jpg 200w, https:\/\/richarms.com\/wp-content\/uploads\/2018\/12\/drawing-232x300.jpg 232w, https:\/\/richarms.com\/wp-content\/uploads\/2018\/12\/drawing-400x518.jpg 400w, https:\/\/richarms.com\/wp-content\/uploads\/2018\/12\/drawing-500x648.jpg 500w, https:\/\/richarms.com\/wp-content\/uploads\/2018\/12\/drawing-600x777.jpg 600w, https:\/\/richarms.com\/wp-content\/uploads\/2018\/12\/drawing.jpg 700w\" data-sizes=\"auto\" data-orig-sizes=\"(max-width: 700px) 100vw, 700px\" \/><p id=\"caption-attachment-5499\" class=\"wp-caption-text\">NdFeB m\u0131knat\u0131slar i\u00e7in iki m\u0131knat\u0131slanma y\u00f6n\u00fcn\u00fc anlamak: Kal\u0131nl\u0131k M\u0131knat\u0131slanm\u0131\u015f ve Radyal M\u0131knat\u0131slanm\u0131\u015f.<\/p><\/div>\n<h3 data-start=\"944\" data-end=\"986\"><strong data-start=\"948\" data-end=\"985\">Key Features of Bar NdFeB Magnets<\/strong>:<\/h3>\n<ul>\n<li data-start=\"990\" data-end=\"1305\"><strong data-start=\"990\" data-end=\"1032\">Customizable for Various Applications:<\/strong> Bizim <strong data-start=\"1037\" data-end=\"1058\">Bar NdFeB magnets<\/strong> vard\u0131r <strong data-start=\"1063\" data-end=\"1086\">highly customizable<\/strong> in size, shape, magnetization direction, and coating. Whether you need <strong data-start=\"1158\" data-end=\"1175\">smaller sizes<\/strong> i\u00e7in <strong data-start=\"1180\" data-end=\"1197\">RFID engelleme<\/strong>, <strong data-start=\"1199\" data-end=\"1215\">larger sizes<\/strong> i\u00e7in <strong data-start=\"1220\" data-end=\"1244\">industrial machinery<\/strong>, or specific magnetization patterns, we can meet your needs.<\/li>\n<li data-start=\"1309\" data-end=\"1528\"><strong data-start=\"1309\" data-end=\"1339\">High-Strength Performance:<\/strong> Bunlar <strong data-start=\"1346\" data-end=\"1367\">NdFeB bar magnets<\/strong> are known for their <strong data-start=\"1388\" data-end=\"1414\">high magnetic strength<\/strong>, making them ideal for applications like <strong data-start=\"1456\" data-end=\"1472\">\u00e7anta kapaklar\u0131<\/strong>, <strong data-start=\"1474\" data-end=\"1489\">purse clips<\/strong>, <strong data-start=\"1491\" data-end=\"1509\">journal covers<\/strong>ve <strong data-start=\"1515\" data-end=\"1527\">IC parts<\/strong>.<\/li>\n<li data-start=\"1532\" data-end=\"1728\"><strong data-start=\"1532\" data-end=\"1557\">Dayan\u0131kl\u0131 ve G\u00fcvenilir:<\/strong> With a variety of protective coatings like <strong data-start=\"1601\" data-end=\"1611\">nikel<\/strong> veya <strong data-start=\"1615\" data-end=\"1624\">epoksi<\/strong>, these magnets are designed to last, offering <strong data-start=\"1671\" data-end=\"1695\">uzun s\u00fcreli dayan\u0131kl\u0131l\u0131k<\/strong> ve <strong data-start=\"1700\" data-end=\"1727\">resistance to corrosion<\/strong>.<\/li>\n<li data-start=\"1732\" data-end=\"1951\"><strong data-start=\"1732\" data-end=\"1755\">Etkili Teslimat:<\/strong> We offer flexible <strong data-start=\"1774\" data-end=\"1794\">delivery options<\/strong>, ensuring you receive your <strong data-start=\"1822\" data-end=\"1843\">Bar NdFeB magnets<\/strong> quickly and securely. Choose from <strong data-start=\"1878\" data-end=\"1885\">deniz<\/strong>, <strong data-start=\"1887\" data-end=\"1894\">hava<\/strong>veya <strong data-start=\"1899\" data-end=\"1910\">ekspres<\/strong> shipping to meet your project deadlines.<\/li>\n<\/ul>\n<h3 data-start=\"1958\" data-end=\"2000\"><strong data-start=\"1962\" data-end=\"2000\">Applications of Bar NdFeB Magnets:<\/strong><\/h3>\n<ul data-start=\"2002\" data-end=\"2472\">\n<li data-start=\"2002\" data-end=\"2147\"><strong data-start=\"2004\" data-end=\"2020\">Bag Closures<\/strong>: Perfect for use in <strong data-start=\"2041\" data-end=\"2062\">manyetik kapaklar<\/strong> i\u00e7in <strong data-start=\"2067\" data-end=\"2075\">\u00e7antalar<\/strong>, <strong data-start=\"2077\" data-end=\"2087\">purses<\/strong>ve <strong data-start=\"2093\" data-end=\"2106\">S\u0131rt \u00c7antalar\u0131<\/strong>, ensuring easy-to-use, secure fastening.<\/li>\n<li data-start=\"2148\" data-end=\"2297\"><strong data-start=\"2150\" data-end=\"2182\">Purse Clips &amp; Journal Covers<\/strong>: These magnets are ideal for securing <strong data-start=\"2221\" data-end=\"2236\">purse clips<\/strong> ve <strong data-start=\"2241\" data-end=\"2259\">journal covers<\/strong>, offering a sleek, reliable solution.<\/li>\n<li data-start=\"2298\" data-end=\"2472\"><strong data-start=\"2300\" data-end=\"2312\">IC Parts<\/strong>: With customizable sizes and strength, <strong data-start=\"2352\" data-end=\"2373\">Bar NdFeB magnets<\/strong> are great for use in <strong data-start=\"2395\" data-end=\"2407\">IC parts<\/strong>, ensuring precision and high performance in sensitive equipment.<\/li>\n<\/ul>\n<h3 data-start=\"2479\" data-end=\"2520\"><strong data-start=\"2483\" data-end=\"2520\">Why Choose Our Bar NdFeB Magnets?<\/strong><\/h3>\n<ul data-start=\"2522\" data-end=\"2965\">\n<li data-start=\"2522\" data-end=\"2661\"><strong data-start=\"2524\" data-end=\"2551\">Versatile Customization<\/strong>: Choose the perfect <strong data-start=\"2572\" data-end=\"2580\">size<\/strong>, <strong data-start=\"2582\" data-end=\"2591\">\u015fekil<\/strong>ve <strong data-start=\"2597\" data-end=\"2624\">magnetization direction<\/strong> for your specific application needs.<\/li>\n<li data-start=\"2662\" data-end=\"2821\"><strong data-start=\"2664\" data-end=\"2685\">Superior Strength<\/strong>: Known for their <strong data-start=\"2703\" data-end=\"2733\">exceptional magnetic power<\/strong>, <strong data-start=\"2735\" data-end=\"2756\">Bar NdFeB magnets<\/strong> offer <strong data-start=\"2763\" data-end=\"2785\">high holding force<\/strong> in various industrial applications.<\/li>\n<li data-start=\"2822\" data-end=\"2965\"><strong data-start=\"2824\" data-end=\"2852\">Cost-Effective Solutions<\/strong>: Get <strong data-start=\"2858\" data-end=\"2886\">high-performance magnets<\/strong> at competitive prices, ideal for <strong data-start=\"2920\" data-end=\"2933\">wholesale<\/strong> orders and <strong data-start=\"2945\" data-end=\"2964\">bulk production<\/strong>.<\/li>\n<\/ul>","protected":false},"excerpt":{"rendered":"<p>Tip Kal\u0131c\u0131 M\u0131knat\u0131slar<br \/>\nKompozit: Neodimyum M\u0131knat\u0131s<br \/>\n\u015eekil: sipari\u015f olarak yap<br \/>\nUygulama End\u00fcstriyel M\u0131knat\u0131s<br \/>\nKaplamalar: Ni, Zn, alt\u0131n, g\u00fcm\u00fc\u015f, bak\u0131r, epoksi vb.<br \/>\nTolerans: +\/-0,03 ila +\/-0,15<br \/>\nShapes: Arc\/Disc\/Bar\/Block&#8230;<br \/>\nGrade: N3N35M-N52M,N35H-N50H,N33SH-N45SH<br \/>\nBoyutlar: \u00f6zelle\u015ftirilmi\u015f<br \/>\nm\u0131knat\u0131slama y\u00f6n\u00fc: \u00d6zelle\u015ftirilmi\u015f<br \/>\nteslimat: deniz, hava veya ekspres yoluyla<br \/>\nS\u0131cakl\u0131k: Maksimum \u00e7al\u0131\u015fma s\u0131cakl\u0131\u011f\u0131 230 d'ye kadar<\/p>","protected":false},"featured_media":8193,"template":"","meta":[],"product_brand":[],"product_cat":[53],"product_tag":[83,88,89],"class_list":{"0":"post-7599","1":"product","2":"type-product","3":"status-publish","4":"has-post-thumbnail","6":"product_cat-magnets","7":"product_tag-strong","8":"product_tag-magnet","9":"product_tag-hidden-magnet","11":"first","12":"instock","13":"shipping-taxable","14":"product-type-simple"},"aioseo_notices":[],"_links":{"self":[{"href":"https:\/\/richarms.com\/tr\/wp-json\/wp\/v2\/product\/7599","targetHints":{"allow":["GET"]}}],"collection":[{"href":"https:\/\/richarms.com\/tr\/wp-json\/wp\/v2\/product"}],"about":[{"href":"https:\/\/richarms.com\/tr\/wp-json\/wp\/v2\/types\/product"}],"wp:featuredmedia":[{"embeddable":true,"href":"https:\/\/richarms.com\/tr\/wp-json\/wp\/v2\/media\/8193"}],"wp:attachment":[{"href":"https:\/\/richarms.com\/tr\/wp-json\/wp\/v2\/media?parent=7599"}],"wp:term":[{"taxonomy":"product_brand","embeddable":true,"href":"https:\/\/richarms.com\/tr\/wp-json\/wp\/v2\/product_brand?post=7599"},{"taxonomy":"product_cat","embeddable":true,"href":"https:\/\/richarms.com\/tr\/wp-json\/wp\/v2\/product_cat?post=7599"},{"taxonomy":"product_tag","embeddable":true,"href":"https:\/\/richarms.com\/tr\/wp-json\/wp\/v2\/product_tag?post=7599"}],"curies":[{"name":"wp","href":"https:\/\/api.w.org\/{rel}","templated":true}]}}