{"id":7605,"date":"2022-04-11T22:40:16","date_gmt":"2022-04-11T14:40:16","guid":{"rendered":"https:\/\/richarms.com\/?post_type=product&#038;p=7605"},"modified":"2025-02-28T14:43:29","modified_gmt":"2025-02-28T06:43:29","slug":"segment-magnet","status":"publish","type":"product","link":"https:\/\/richarms.com\/tr\/product\/segment-magnet","title":{"rendered":"Segment M\u0131knat\u0131s Fabrikas\u0131"},"content":{"rendered":"<h1>Segment NdFeB M\u0131knat\u0131s | \u00c7e\u015fitli Uygulamalar i\u00e7in \u00d6zel End\u00fcstriyel M\u0131knat\u0131slar<\/h1>\n<p data-start=\"429\" data-end=\"1077\"><strong data-start=\"429\" data-end=\"442\">Malzeme:<\/strong> <strong data-start=\"443\" data-end=\"475\">NdFeB (Neodimyum)<\/strong><br data-start=\"475\" data-end=\"478\" \/><strong data-start=\"478\" data-end=\"496\">\u015eekil Se\u00e7enekleri:<\/strong> <strong data-start=\"497\" data-end=\"505\">Disk<\/strong>, <strong data-start=\"507\" data-end=\"519\">Silindir<\/strong>, <strong data-start=\"521\" data-end=\"530\">Blok<\/strong>, <strong data-start=\"532\" data-end=\"540\">Y\u00fcz\u00fck<\/strong>, <strong data-start=\"542\" data-end=\"557\">Hav\u015fa ba\u015fl\u0131<\/strong>, <strong data-start=\"559\" data-end=\"570\">Segment<\/strong>, <strong data-start=\"572\" data-end=\"585\">Trapezoid<\/strong>ve daha fazlas\u0131 <strong data-start=\"596\" data-end=\"613\">\u00f6zel \u015fekiller<\/strong><br data-start=\"613\" data-end=\"616\" \/><strong data-start=\"616\" data-end=\"644\">M\u0131knat\u0131slanma Y\u00f6n\u00fc:<\/strong> <strong data-start=\"645\" data-end=\"669\">Kal\u0131nl\u0131k M\u0131knat\u0131slanm\u0131\u015f<\/strong> veya <strong data-start=\"673\" data-end=\"696\">Radyal M\u0131knat\u0131slanm\u0131\u015f<\/strong> (\u00f6zelle\u015ftirilebilir)<br data-start=\"711\" data-end=\"714\" \/><strong data-start=\"714\" data-end=\"734\">Kaplama Se\u00e7enekleri:<\/strong> <strong data-start=\"735\" data-end=\"750\">Nikel (Ni)<\/strong>, <strong data-start=\"752\" data-end=\"765\" data-is-only-node=\"\">\u00c7inko (Zn)<\/strong>, <strong data-start=\"767\" data-end=\"775\">Alt\u0131n<\/strong>, <strong data-start=\"777\" data-end=\"787\">G\u00fcm\u00fc\u015f<\/strong>, <strong data-start=\"789\" data-end=\"799\">Bak\u0131r<\/strong>, <strong data-start=\"801\" data-end=\"810\">Epoksi<\/strong> ve daha fazlas\u0131<br data-start=\"819\" data-end=\"822\" \/><strong data-start=\"822\" data-end=\"845\">Boyut ve Tolerans:<\/strong> <strong data-start=\"846\" data-end=\"862\">\u00d6zel boyutlar<\/strong> aras\u0131nda de\u011fi\u015fen toleranslarla <strong data-start=\"892\" data-end=\"918\">+\/-0,03 mm ila +\/-0,15 mm<\/strong><br data-start=\"918\" data-end=\"921\" \/><strong data-start=\"921\" data-end=\"945\">\u00c7al\u0131\u015fma S\u0131cakl\u0131\u011f\u0131:<\/strong> Maksimum \u00e7al\u0131\u015fma s\u0131cakl\u0131\u011f\u0131 <strong data-start=\"982\" data-end=\"991\">230\u00b0C<\/strong> nota g\u00f6re<br data-start=\"1006\" data-end=\"1009\" \/><strong data-start=\"1009\" data-end=\"1022\">Teslimat:<\/strong> <a href=\"https:\/\/www.richarmshardware.com\/\">K\u00fc\u00e7\u00fck sipari\u015f<\/a> Mevcut, Mevcut taraf\u0131ndan <strong data-start=\"1036\" data-end=\"1043\">deniz<\/strong>, <strong data-start=\"1045\" data-end=\"1052\">hava<\/strong>veya <strong data-start=\"1057\" data-end=\"1068\">ekspres<\/strong> Teslimat<\/p>\n<table style=\"height: 599px;\" width=\"828\">\n<tbody>\n<tr style=\"font-style: inherit; font-weight: inherit;\">\n<td style=\"font-style: inherit;\" width=\"183\">Tip<\/td>\n<td style=\"font-style: inherit;\" width=\"504\">Daimi<\/td>\n<\/tr>\n<tr style=\"font-style: inherit; font-weight: inherit;\">\n<td style=\"font-style: inherit;\" width=\"183\" data-spm-anchor-id=\"a2700.details.pronpeci14.i0.41a61526Xi5f7X\">Kompozit<\/td>\n<td style=\"font-style: inherit;\" width=\"504\">NdFeB M\u0131knat\u0131s<\/td>\n<\/tr>\n<tr style=\"font-style: inherit; font-weight: inherit;\">\n<td style=\"font-style: inherit;\" rowspan=\"2\" width=\"183\">\u015eekil<\/td>\n<td style=\"font-style: inherit;\" width=\"504\">Disk, <a href=\"https:\/\/richarms.com\/tr\/urun\/cylinder-magnet-wholesale\/\">Silindir<\/a>, <a href=\"https:\/\/richarms.com\/tr\/urun\/strong-block-magnets-in-bulk\/\">Blok<\/a>, <a href=\"https:\/\/richarms.com\/tr\/urun\/strongest-ring-magnet-neodymium-magnets\/\">Y\u00fcz\u00fck<\/a>, Hav\u015fa ba\u015fl\u0131, Trapezoid<\/td>\n<\/tr>\n<tr>\n<td width=\"504\">D\u00fczensiz \u015fekiller ve daha \u00f6zel \u015fekiller<\/td>\n<\/tr>\n<tr style=\"font-style: inherit; font-weight: inherit;\">\n<td style=\"font-style: inherit;\" width=\"183\">Uygulama<\/td>\n<td style=\"font-style: inherit;\" width=\"504\">End\u00fcstriyel M\u0131knat\u0131s<\/td>\n<\/tr>\n<tr style=\"font-style: inherit; font-weight: inherit;\">\n<td style=\"font-style: inherit;\" width=\"183\">M\u0131knat\u0131slama y\u00f6n\u00fc<\/td>\n<td style=\"font-style: inherit;\" width=\"504\">\u00d6zelle\u015ftirilmi\u015f<\/td>\n<\/tr>\n<tr style=\"font-style: inherit; font-weight: inherit;\">\n<td style=\"font-style: inherit;\" width=\"183\">Boyut<\/td>\n<td style=\"font-style: inherit;\" width=\"504\">\u00d6zelle\u015ftirilmi\u015f<\/td>\n<\/tr>\n<tr style=\"font-style: inherit; font-weight: inherit;\">\n<td style=\"font-style: inherit;\" width=\"183\">Kaplama<\/td>\n<td style=\"font-style: inherit;\" width=\"504\">Ni, Zn, alt\u0131n, g\u00fcm\u00fc\u015f, bak\u0131r, epoksi vb.<\/td>\n<\/tr>\n<tr style=\"font-style: inherit; font-weight: inherit;\">\n<td style=\"font-style: inherit;\" width=\"183\">Ho\u015fg\u00f6r\u00fc<\/td>\n<td style=\"font-style: inherit;\" width=\"504\">+\/-0,03 ila +\/-0,15<\/td>\n<\/tr>\n<tr style=\"font-style: inherit; font-weight: inherit;\">\n<td style=\"font-style: inherit;\" width=\"183\">\u00c7al\u0131\u015fma s\u0131cakl\u0131\u011f\u0131<\/td>\n<td style=\"font-style: inherit;\" width=\"504\">Maksimum \u00e7al\u0131\u015fma s\u0131cakl\u0131\u011f\u0131 230 santigrat dereceye kadar<\/td>\n<\/tr>\n<tr style=\"font-style: inherit; font-weight: inherit;\">\n<td style=\"font-style: inherit;\" width=\"183\">Teslimat<\/td>\n<td style=\"font-style: inherit;\" width=\"504\">Deniz, hava veya ekspres yoluyla<\/td>\n<\/tr>\n<tr style=\"font-style: inherit; font-weight: inherit;\">\n<td style=\"font-style: inherit;\" width=\"183\">Maksimum \u00c7al\u0131\u015fma S\u0131cakl\u0131\u011f\u0131<\/td>\n<td style=\"font-style: inherit;\" width=\"504\">S\u0131n\u0131f<\/td>\n<\/tr>\n<tr>\n<td width=\"183\">80\u00b0C<\/td>\n<td width=\"504\">N33-N52<\/td>\n<\/tr>\n<tr>\n<td width=\"183\">100\u00b0C<\/td>\n<td width=\"504\">N35M-N45M<\/td>\n<\/tr>\n<tr>\n<td width=\"183\">120\u00b0C<\/td>\n<td width=\"504\">N33H-N50H<\/td>\n<\/tr>\n<tr>\n<td width=\"183\">150\u00b0C<\/td>\n<td width=\"504\">N33SH-N45SH<\/td>\n<\/tr>\n<tr>\n<td width=\"183\">180\u00b0C<\/td>\n<td width=\"504\">N30UH-N42UH<\/td>\n<\/tr>\n<tr>\n<td width=\"183\">\u00a0200\u00b0C<\/td>\n<td width=\"504\">N30EH-N38EH<\/td>\n<\/tr>\n<tr>\n<td width=\"183\">230\u00b0C<\/td>\n<td width=\"504\">N28AH-N33AH<\/td>\n<\/tr>\n<\/tbody>\n<\/table>\n<div id=\"attachment_5501\" style=\"width: 760px\" class=\"wp-caption alignnone\"><img decoding=\"async\" aria-describedby=\"caption-attachment-5501\" class=\"lazyload wp-image-5501 size-full\" src=\"https:\/\/richarms.com\/wp-content\/uploads\/2018\/12\/permanent-magnets-box-packing.jpg\" data-orig-src=\"https:\/\/richarms.com\/wp-content\/uploads\/2018\/12\/permanent-magnets-box-packing.jpg\" alt=\"Segment NdFeB Magnet carefully packaged in a small white box for safe handling and delivery.\" width=\"750\" height=\"500\" srcset=\"data:image\/svg+xml,%3Csvg%20xmlns%3D%27http%3A%2F%2Fwww.w3.org%2F2000%2Fsvg%27%20width%3D%27750%27%20height%3D%27500%27%20viewBox%3D%270%200%20750%20500%27%3E%3Crect%20width%3D%27750%27%20height%3D%27500%27%20fill-opacity%3D%220%22%2F%3E%3C%2Fsvg%3E\" data-srcset=\"https:\/\/richarms.com\/wp-content\/uploads\/2018\/12\/permanent-magnets-box-packing-200x133.jpg 200w, https:\/\/richarms.com\/wp-content\/uploads\/2018\/12\/permanent-magnets-box-packing-300x200.jpg 300w, https:\/\/richarms.com\/wp-content\/uploads\/2018\/12\/permanent-magnets-box-packing-400x267.jpg 400w, https:\/\/richarms.com\/wp-content\/uploads\/2018\/12\/permanent-magnets-box-packing-500x333.jpg 500w, https:\/\/richarms.com\/wp-content\/uploads\/2018\/12\/permanent-magnets-box-packing-600x400.jpg 600w, https:\/\/richarms.com\/wp-content\/uploads\/2018\/12\/permanent-magnets-box-packing-700x467.jpg 700w, https:\/\/richarms.com\/wp-content\/uploads\/2018\/12\/permanent-magnets-box-packing.jpg 750w\" data-sizes=\"auto\" data-orig-sizes=\"(max-width: 750px) 100vw, 750px\" \/><p id=\"caption-attachment-5501\" class=\"wp-caption-text\">NdFeB m\u0131knat\u0131slar k\u00fc\u00e7\u00fck beyaz kutularda g\u00fcvenli bir \u015fekilde paketlenerek g\u00fcvenli ta\u015f\u0131ma ve kolay kullan\u0131m sa\u011flar.<\/p><\/div>\n<p><strong>Paketleme:<\/strong><\/p>\n<div id=\"attachment_5515\" style=\"width: 764px\" class=\"wp-caption alignnone\"><img decoding=\"async\" aria-describedby=\"caption-attachment-5515\" class=\"lazyload wp-image-5515 size-full\" src=\"https:\/\/richarms.com\/wp-content\/uploads\/2018\/12\/packaging.png\" data-orig-src=\"https:\/\/richarms.com\/wp-content\/uploads\/2018\/12\/packaging.png\" alt=\"De-magnetization packaging process for NdFeB magnets, showing a multi-layered protection including iron boxes, foam boxes, and paper boxes.\" width=\"754\" height=\"497\" srcset=\"data:image\/svg+xml,%3Csvg%20xmlns%3D%27http%3A%2F%2Fwww.w3.org%2F2000%2Fsvg%27%20width%3D%27754%27%20height%3D%27497%27%20viewBox%3D%270%200%20754%20497%27%3E%3Crect%20width%3D%27754%27%20height%3D%27497%27%20fill-opacity%3D%220%22%2F%3E%3C%2Fsvg%3E\" data-srcset=\"https:\/\/richarms.com\/wp-content\/uploads\/2018\/12\/packaging-200x132.png 200w, https:\/\/richarms.com\/wp-content\/uploads\/2018\/12\/packaging-300x198.png 300w, https:\/\/richarms.com\/wp-content\/uploads\/2018\/12\/packaging-400x264.png 400w, https:\/\/richarms.com\/wp-content\/uploads\/2018\/12\/packaging-500x330.png 500w, https:\/\/richarms.com\/wp-content\/uploads\/2018\/12\/packaging-600x395.png 600w, https:\/\/richarms.com\/wp-content\/uploads\/2018\/12\/packaging-700x461.png 700w, https:\/\/richarms.com\/wp-content\/uploads\/2018\/12\/packaging.png 754w\" data-sizes=\"auto\" data-orig-sizes=\"(max-width: 754px) 100vw, 754px\" \/><p id=\"caption-attachment-5515\" class=\"wp-caption-text\">NdFeB m\u0131knat\u0131slar, g\u00fcvenli ta\u015f\u0131may\u0131 sa\u011flamak i\u00e7in demir kutu, k\u00f6p\u00fck ve ka\u011f\u0131t kutu katmanlar\u0131n\u0131 i\u00e7eren dikkatli bir de-manyetizasyon paketleme s\u00fcrecinden ge\u00e7er.<\/p><\/div>\n<div id=\"attachment_5499\" style=\"width: 710px\" class=\"wp-caption alignnone\"><img decoding=\"async\" aria-describedby=\"caption-attachment-5499\" class=\"lazyload wp-image-5499 size-full\" src=\"https:\/\/richarms.com\/wp-content\/uploads\/2018\/12\/drawing.jpg\" data-orig-src=\"https:\/\/richarms.com\/wp-content\/uploads\/2018\/12\/drawing.jpg\" alt=\"Illustration of two magnetization directions for NdFeB magnets: Thickness Magnetized and Radially Magnetized.\" width=\"700\" height=\"907\" srcset=\"data:image\/svg+xml,%3Csvg%20xmlns%3D%27http%3A%2F%2Fwww.w3.org%2F2000%2Fsvg%27%20width%3D%27700%27%20height%3D%27907%27%20viewBox%3D%270%200%20700%20907%27%3E%3Crect%20width%3D%27700%27%20height%3D%27907%27%20fill-opacity%3D%220%22%2F%3E%3C%2Fsvg%3E\" data-srcset=\"https:\/\/richarms.com\/wp-content\/uploads\/2018\/12\/drawing-200x259.jpg 200w, https:\/\/richarms.com\/wp-content\/uploads\/2018\/12\/drawing-232x300.jpg 232w, https:\/\/richarms.com\/wp-content\/uploads\/2018\/12\/drawing-400x518.jpg 400w, https:\/\/richarms.com\/wp-content\/uploads\/2018\/12\/drawing-500x648.jpg 500w, https:\/\/richarms.com\/wp-content\/uploads\/2018\/12\/drawing-600x777.jpg 600w, https:\/\/richarms.com\/wp-content\/uploads\/2018\/12\/drawing.jpg 700w\" data-sizes=\"auto\" data-orig-sizes=\"(max-width: 700px) 100vw, 700px\" \/><p id=\"caption-attachment-5499\" class=\"wp-caption-text\">NdFeB m\u0131knat\u0131slar i\u00e7in iki m\u0131knat\u0131slanma y\u00f6n\u00fcn\u00fc anlamak: Kal\u0131nl\u0131k M\u0131knat\u0131slanm\u0131\u015f ve Radyal M\u0131knat\u0131slanm\u0131\u015f.<\/p><\/div>\n<p><strong>M\u0131knat\u0131slanma Y\u00f6n\u00fc:<br \/>\n<\/strong>Kal\u0131nl\u0131k M\u0131knat\u0131slanm\u0131\u015f<br \/>\nRadyal M\u0131knat\u0131slanm\u0131\u015f<strong><br \/>\n<\/strong><\/p>\n<h2 data-start=\"1084\" data-end=\"1130\"><strong data-start=\"1088\" data-end=\"1129\">Segment NdFeB M\u0131knat\u0131slar\u0131n Temel \u00d6zellikleri<\/strong>:<\/h2>\n<ul>\n<li data-start=\"1134\" data-end=\"1405\"><strong data-start=\"1134\" data-end=\"1179\">End\u00fcstriyel Uygulamalar i\u00e7in \u00d6zelle\u015ftirilebilir:<\/strong> Bizim <strong data-start=\"1184\" data-end=\"1209\">Segment NdFeB m\u0131knat\u0131slar<\/strong> son derece \u00e7ok y\u00f6nl\u00fcd\u00fcr ve <strong data-start=\"1242\" data-end=\"1256\">\u00f6zelle\u015ftirilmi\u015f<\/strong> Boyut, \u015fekil, m\u0131knat\u0131slanma y\u00f6n\u00fc ve kaplama a\u00e7\u0131s\u0131ndan. \u00d6zel uygulama ihtiya\u00e7lar\u0131n\u0131z\u0131 kar\u015f\u0131lamak \u00fczere tasarlanm\u0131\u015flard\u0131r <strong data-start=\"1381\" data-end=\"1404\">end\u00fcstri\u0307yel ortamlar<\/strong>.<\/li>\n<li data-start=\"1409\" data-end=\"1723\"><strong data-start=\"1409\" data-end=\"1457\">Y\u00fcksek Performans ve S\u0131cakl\u0131k Dayan\u0131m\u0131:<\/strong> Bu m\u0131knat\u0131slar ola\u011fan\u00fcst\u00fc <strong data-start=\"1490\" data-end=\"1511\">manyetik g\u00fc\u00e7<\/strong> ve geni\u015f bir s\u0131cakl\u0131k aral\u0131\u011f\u0131na dayanabilir, baz\u0131 kaliteler <strong data-start=\"1595\" data-end=\"1604\">230\u00b0C<\/strong> i\u00e7inde <strong data-start=\"1608\" data-end=\"1641\">y\u00fcksek s\u0131cakl\u0131kl\u0131 ortamlar<\/strong>. Uygulamalar i\u00e7in m\u00fckemmel <strong data-start=\"1671\" data-end=\"1681\">motorlar<\/strong>, <strong data-start=\"1683\" data-end=\"1694\">sens\u00f6rler<\/strong>ve <strong data-start=\"1700\" data-end=\"1722\">elektroni\u0307k ci\u0307hazlar<\/strong>.<\/li>\n<li data-start=\"1727\" data-end=\"2021\"><strong data-start=\"1727\" data-end=\"1759\">\u00c7e\u015fitli \u015eekillerde Mevcuttur:<\/strong> A\u015fa\u011f\u0131dakiler gibi \u00e7ok \u00e7e\u015fitli \u015fekiller aras\u0131ndan se\u00e7im yap\u0131n <strong data-start=\"1803\" data-end=\"1812\">diskler<\/strong>, <strong data-start=\"1814\" data-end=\"1827\">silindirler<\/strong>, <strong data-start=\"1829\" data-end=\"1839\">bloklar<\/strong>ve <strong data-start=\"1845\" data-end=\"1857\">segmentler<\/strong>ile <strong data-start=\"1864\" data-end=\"1882\">\u00f6zel tasar\u0131mlar<\/strong> daha \u00f6zel gereksinimler i\u00e7in kullan\u0131labilir. \u0130htiyac\u0131n\u0131z ister bir <strong data-start=\"1947\" data-end=\"1960\">trapezoid<\/strong>, <strong data-start=\"1962\" data-end=\"1970\">halka<\/strong>veya <strong data-start=\"1975\" data-end=\"1990\">hav\u015fa ba\u015fl\u0131<\/strong> M\u0131knat\u0131s, seni koruyoruz.<\/li>\n<li data-start=\"2025\" data-end=\"2184\"><strong data-start=\"2025\" data-end=\"2048\">Etkili Teslimat:<\/strong> Esnek teslimat se\u00e7enekleri ile zaman\u0131nda sevkiyat sa\u011fl\u0131yoruz <strong data-start=\"2111\" data-end=\"2118\">deniz<\/strong>, <strong data-start=\"2120\" data-end=\"2127\">hava<\/strong>veya <strong data-start=\"2132\" data-end=\"2143\">ekspres<\/strong> proje zaman \u00e7izelgelerinizi kar\u015f\u0131lamak i\u00e7in hizmetler.<\/li>\n<\/ul>\n<h2 data-start=\"2191\" data-end=\"2236\"><strong data-start=\"2195\" data-end=\"2236\">Neden Segment NdFeB M\u0131knat\u0131slar\u0131m\u0131z\u0131 Se\u00e7melisiniz?<\/strong><\/h2>\n<ul>\n<li data-start=\"2240\" data-end=\"2430\"><strong data-start=\"2240\" data-end=\"2265\">\u00d6zel M\u0131knat\u0131slama:<\/strong> Bizim <strong data-start=\"2270\" data-end=\"2295\">Segment NdFeB m\u0131knat\u0131slar<\/strong> olabilir <strong data-start=\"2303\" data-end=\"2317\">manyetize<\/strong> dahil olmak \u00fczere farkl\u0131 y\u00f6nlerde <strong data-start=\"2353\" data-end=\"2366\">kal\u0131nl\u0131k<\/strong> veya <strong data-start=\"2370\" data-end=\"2394\">radyal m\u0131knat\u0131slanma<\/strong>\u00f6zel uygulaman\u0131za uyacak \u015fekilde.<\/li>\n<li data-start=\"2434\" data-end=\"2623\"><strong data-start=\"2434\" data-end=\"2459\">Dayan\u0131kl\u0131 ve G\u00fcvenilir:<\/strong> A\u015fa\u011f\u0131dakiler gibi \u00e7e\u015fitli kaplamalarla <strong data-start=\"2495\" data-end=\"2505\">nikel<\/strong>, <strong data-start=\"2507\" data-end=\"2515\">\u00e7inko<\/strong>, <strong data-start=\"2517\" data-end=\"2525\">alt\u0131n<\/strong>ve <strong data-start=\"2531\" data-end=\"2540\">epoksi<\/strong>bu m\u0131knat\u0131slar korozyona kar\u015f\u0131 korunur, b\u00f6ylece <strong data-start=\"2598\" data-end=\"2622\">uzun s\u00fcreli dayan\u0131kl\u0131l\u0131k<\/strong>.<\/li>\n<li data-start=\"2627\" data-end=\"2873\"><strong data-start=\"2627\" data-end=\"2664\">\u00dcst\u00fcn G\u00fc\u00e7 ve Verimlilik:<\/strong> Onlar\u0131n i\u00e7in bilinen <strong data-start=\"2681\" data-end=\"2711\">g\u00fc\u00e7l\u00fc manyetik \u00f6zellikler<\/strong>, <strong data-start=\"2713\" data-end=\"2730\">NdFeB m\u0131knat\u0131slar<\/strong> a\u015fa\u011f\u0131dakiler de dahil olmak \u00fczere \u00e7ok \u00e7e\u015fitli sekt\u00f6rlerde m\u00fckemmel performans sa\u011flar <strong data-start=\"2806\" data-end=\"2821\">elektroni\u0307k<\/strong>, <strong data-start=\"2823\" data-end=\"2837\">otomotiv<\/strong>, <strong data-start=\"2839\" data-end=\"2856\">imalat<\/strong>ve <strong data-start=\"2862\" data-end=\"2872\">enerji<\/strong>.<\/li>\n<\/ul>","protected":false},"excerpt":{"rendered":"<p>Tip Kal\u0131c\u0131 M\u0131knat\u0131slar<br \/>\nKompozit: Neodimyum M\u0131knat\u0131s<br \/>\n\u015eekil: sipari\u015f olarak yap<br \/>\nUygulama End\u00fcstriyel M\u0131knat\u0131s<br \/>\nKaplamalar: Ni, Zn, alt\u0131n, g\u00fcm\u00fc\u015f, bak\u0131r, epoksi vb.<br \/>\nTolerans: +\/-0,03 ila +\/-0,15<br \/>\n\u015eekiller: Yay\/Disk\/Bar\/Blok...<br \/>\nGrade: N3N35M-N52M,N35H-N50H,N33SH-N45SH<br \/>\nBoyutlar: \u00f6zelle\u015ftirilmi\u015f<br \/>\nm\u0131knat\u0131slama y\u00f6n\u00fc: \u00d6zelle\u015ftirilmi\u015f<br \/>\nteslimat: deniz, hava veya ekspres yoluyla<br \/>\nS\u0131cakl\u0131k: Maksimum \u00e7al\u0131\u015fma s\u0131cakl\u0131\u011f\u0131 230 d'ye kadar<\/p>","protected":false},"featured_media":7610,"template":"","meta":[],"product_brand":[],"product_cat":[53],"product_tag":[83,88,89],"class_list":{"0":"post-7605","1":"product","2":"type-product","3":"status-publish","4":"has-post-thumbnail","6":"product_cat-magnets","7":"product_tag-strong","8":"product_tag-magnet","9":"product_tag-hidden-magnet","11":"first","12":"instock","13":"shipping-taxable","14":"product-type-simple"},"aioseo_notices":[],"_links":{"self":[{"href":"https:\/\/richarms.com\/tr\/wp-json\/wp\/v2\/product\/7605","targetHints":{"allow":["GET"]}}],"collection":[{"href":"https:\/\/richarms.com\/tr\/wp-json\/wp\/v2\/product"}],"about":[{"href":"https:\/\/richarms.com\/tr\/wp-json\/wp\/v2\/types\/product"}],"wp:featuredmedia":[{"embeddable":true,"href":"https:\/\/richarms.com\/tr\/wp-json\/wp\/v2\/media\/7610"}],"wp:attachment":[{"href":"https:\/\/richarms.com\/tr\/wp-json\/wp\/v2\/media?parent=7605"}],"wp:term":[{"taxonomy":"product_brand","embeddable":true,"href":"https:\/\/richarms.com\/tr\/wp-json\/wp\/v2\/product_brand?post=7605"},{"taxonomy":"product_cat","embeddable":true,"href":"https:\/\/richarms.com\/tr\/wp-json\/wp\/v2\/product_cat?post=7605"},{"taxonomy":"product_tag","embeddable":true,"href":"https:\/\/richarms.com\/tr\/wp-json\/wp\/v2\/product_tag?post=7605"}],"curies":[{"name":"wp","href":"https:\/\/api.w.org\/{rel}","templated":true}]}}