{"id":7677,"date":"2022-08-25T11:38:52","date_gmt":"2022-08-25T03:38:52","guid":{"rendered":"https:\/\/richarms.com\/?post_type=product&#038;p=7677"},"modified":"2026-01-29T15:44:43","modified_gmt":"2026-01-29T07:44:43","slug":"magnetic-snap-bag-clip","status":"publish","type":"product","link":"https:\/\/richarms.com\/tr\/product\/magnetic-snap-bag-clip","title":{"rendered":"Manyetik \u00c7\u0131t\u00e7\u0131tl\u0131 \u00c7anta Klipsi"},"content":{"rendered":"<h3>Moda ve Ev Kullan\u0131m\u0131 i\u00e7in Kelep\u00e7eli Manyetik Toka<\/h3>\n<p>Bizim <strong>Kelep\u00e7eli Manyetik Toka<\/strong> giysiler, \u00e7antalar, \u00e7evre dostu k\u0131l\u0131flar, perdeler ve daha fazlas\u0131 gibi \u00e7e\u015fitli uygulamalar i\u00e7in \u00e7ok y\u00f6nl\u00fc ve kurulumu kolay bir \u00e7\u00f6z\u00fcmd\u00fcr. Kolayl\u0131k sa\u011flamak i\u00e7in tasarlanan bu toka, deliklere veya makinelere ihtiya\u00e7 duyulmadan tak\u0131labilir; pense ile yerine kelep\u00e7elemek yeterlidir, bu da onu hem profesyonel hem de DIY projeleri i\u00e7in ideal bir se\u00e7im haline getirir.<\/p>\n<div id=\"attachment_7989\" style=\"width: 310px\" class=\"wp-caption alignnone\"><img decoding=\"async\" aria-describedby=\"caption-attachment-7989\" class=\"lazyload size-medium wp-image-7989\" src=\"https:\/\/richarms.com\/wp-content\/uploads\/2022\/08\/34141728729110_.pic_-300x300.jpg\" data-orig-src=\"https:\/\/richarms.com\/wp-content\/uploads\/2022\/08\/34141728729110_.pic_-300x300.jpg\" alt=\"China Wholesale Clamp-On Magnetic Clasp for Fashion and Home Use\" width=\"300\" height=\"300\" srcset=\"data:image\/svg+xml,%3Csvg%20xmlns%3D%27http%3A%2F%2Fwww.w3.org%2F2000%2Fsvg%27%20width%3D%27300%27%20height%3D%27300%27%20viewBox%3D%270%200%20300%20300%27%3E%3Crect%20width%3D%27300%27%20height%3D%27300%27%20fill-opacity%3D%220%22%2F%3E%3C%2Fsvg%3E\" data-srcset=\"https:\/\/richarms.com\/wp-content\/uploads\/2022\/08\/34141728729110_.pic_-66x66.jpg 66w, https:\/\/richarms.com\/wp-content\/uploads\/2022\/08\/34141728729110_.pic_-100x100.jpg 100w, https:\/\/richarms.com\/wp-content\/uploads\/2022\/08\/34141728729110_.pic_-150x150.jpg 150w, https:\/\/richarms.com\/wp-content\/uploads\/2022\/08\/34141728729110_.pic_-200x200.jpg 200w, https:\/\/richarms.com\/wp-content\/uploads\/2022\/08\/34141728729110_.pic_-300x300.jpg 300w, https:\/\/richarms.com\/wp-content\/uploads\/2022\/08\/34141728729110_.pic_-400x400.jpg 400w, https:\/\/richarms.com\/wp-content\/uploads\/2022\/08\/34141728729110_.pic_-500x500.jpg 500w, https:\/\/richarms.com\/wp-content\/uploads\/2022\/08\/34141728729110_.pic_-600x600.jpg 600w, https:\/\/richarms.com\/wp-content\/uploads\/2022\/08\/34141728729110_.pic_-700x700.jpg 700w, https:\/\/richarms.com\/wp-content\/uploads\/2022\/08\/34141728729110_.pic_-768x768.jpg 768w, https:\/\/richarms.com\/wp-content\/uploads\/2022\/08\/34141728729110_.pic_.jpg 800w\" data-sizes=\"auto\" data-orig-sizes=\"(max-width: 300px) 100vw, 300px\" \/><p id=\"caption-attachment-7989\" class=\"wp-caption-text\">Moda ve Ev Kullan\u0131m\u0131 i\u00e7in \u00c7in Toptan Kelep\u00e7eli Manyetik Toka<\/p><\/div>\n<div class=\"video-shortcode\"><iframe title=\"Magnetic Clip Closure | Turn Open Pockets into Magnetic Pockets\" width=\"563\" height=\"1000\" src=\"https:\/\/www.youtube.com\/embed\/MCy9qKwt4Cc?feature=oembed\" frameborder=\"0\" allow=\"accelerometer; autoplay; clipboard-write; encrypted-media; gyroscope; picture-in-picture; web-share\" referrerpolicy=\"strict-origin-when-cross-origin\" allowfullscreen><\/iframe><\/div>\n<ul>\n<li><strong>Kelep\u00e7eli Kurulum<\/strong>: Pense ile kolayca monte edilir, delik veya makineye gerek yoktur.<\/li>\n<li><strong>Kompakt ama G\u00fc\u00e7l\u00fc<\/strong>: G\u00fc\u00e7l\u00fc manyetik g\u00fcce sahip k\u00fc\u00e7\u00fck 20x14mm boyut (8N, 9N, 10N, 12N).<\/li>\n<li><strong>Dayan\u0131kl\u0131 Metal Konstr\u00fcksiyon<\/strong>: A\u015f\u0131nmaya ve korozyona dayan\u0131kl\u0131d\u0131r, g\u00fcnl\u00fck kullan\u0131m i\u00e7in m\u00fckemmeldir.<\/li>\n<li><a href=\"https:\/\/www.pinterest.com\/richarmsaccessoriesgroups\/magnetic-snaps-for-everyday-convenience\/\"><strong>\u00c7ok Y\u00f6nl\u00fc Uygulamalar<\/strong><\/a>: Giysiler, \u00e7antalar, perdeler ve ev aksesuarlar\u0131 i\u00e7in idealdir.<\/li>\n<li><strong>\u00d6zelle\u015ftirilebilir Renkler ve G\u00fc\u00e7ler<\/strong>: Alt\u0131n, G\u00fcm\u00fc\u015f, Antik Pirin\u00e7, Tun\u00e7 ve daha fazlas\u0131 mevcuttur.<\/li>\n<\/ul>\n<p><strong>Kompakt ama G\u00fc\u00e7l\u00fc Tasar\u0131m<\/strong>: Yuvarlak di\u015fi par\u00e7a sadece 20x14mm \u00f6l\u00e7\u00fclerindedir, bu da onu kompakt ancak g\u00fcvenli bir tutu\u015f sa\u011flayacak kadar g\u00fc\u00e7l\u00fc k\u0131lar. K\u00fc\u00e7\u00fck boyutuna ra\u011fmen, 8N, 9N, 10N ve hatta 12N \u00e7ekme kuvveti sa\u011flayabilen y\u00fcksek manyetik g\u00fc\u00e7 sunar. Daha g\u00fc\u00e7l\u00fc veya \u00f6zelle\u015ftirilmi\u015f manyetik g\u00fc\u00e7 gerektiren projeler i\u00e7in \u015funlar\u0131 yapabiliriz <a href=\"http:\/\/richarms.com\/tr\/rich\/\">TERZ\u0130<\/a> \u00fcr\u00fcn\u00fc ihtiya\u00e7lar\u0131n\u0131za uygun hale getirin.<\/p>\n<p><strong>Y\u00fcksek Kaliteli Metal Konstr\u00fcksiyon<\/strong>: Birinci s\u0131n\u0131f malzemelerden \u00fcretilen bu manyetik toka, ola\u011fan\u00fcst\u00fc dayan\u0131kl\u0131l\u0131\u011fa ve a\u015f\u0131nma ve y\u0131pranmaya kar\u015f\u0131 dirence sahiptir. Diki\u015fsiz tasar\u0131m\u0131 sofistike bir dokunu\u015f katarak el \u00e7antalar\u0131, giysiler ve di\u011fer aksesuarlar\u0131n g\u00f6r\u00fcn\u00fcm\u00fcn\u00fc y\u00fckseltir.<\/p>\n<p><strong>G\u00fc\u00e7l\u00fc Manyetik Kapatma<\/strong>: G\u00fc\u00e7l\u00fc manyetik \u00e7ekme, tokalar\u0131n s\u0131k\u0131ca yerinde kalmas\u0131n\u0131 sa\u011flayarak kazara a\u00e7\u0131lmalar\u0131 \u00f6nler. \u0130ster moda ister kullan\u0131m i\u00e7in olsun, bu tokalar e\u015fyalar\u0131n\u0131z\u0131n g\u00fcvenli bir \u015fekilde ba\u011fland\u0131\u011f\u0131ndan emin olman\u0131z\u0131 sa\u011flar.<\/p>\n<p><strong>Kolay Kurulum<\/strong>: Hi\u00e7bir karma\u015f\u0131k alet veya prosed\u00fcr gerekmez. Pense kullanarak manyetik \u00e7\u0131t\u00e7\u0131tlar\u0131 kuma\u015f\u0131n\u0131za veya di\u011fer malzemelere s\u0131k\u0131\u015ft\u0131rman\u0131z yeterlidir. Kurulum h\u0131zl\u0131 ve kolayd\u0131r, bu da onu hem profesyonel \u00fcreticiler hem de DIY merakl\u0131lar\u0131 i\u00e7in m\u00fckemmel k\u0131lar.<\/p>\n<p><strong>\u00c7ok Y\u00f6nl\u00fc Uygulamalar<\/strong>: Bu manyetik tokalar giysiler, el \u00e7antalar\u0131 ve ev dekorasyonu dahil olmak \u00fczere \u00e7ok \u00e7e\u015fitli kullan\u0131mlar i\u00e7in uygundur. Esneklikleri, \u00e7e\u015fitli yarat\u0131c\u0131 projelerde kullan\u0131lmalar\u0131na olanak tan\u0131yarak hem i\u015flevselli\u011fi hem de esteti\u011fi art\u0131r\u0131r.<\/p>\n<p><strong>Geni\u015f Renk ve G\u00fc\u00e7 Yelpazesi<\/strong>: Alt\u0131n, G\u00fcm\u00fc\u015f, Antik Pirin\u00e7 ve Tun\u00e7 gibi standart y\u00fczeylerde mevcut olan manyetik tokalar\u0131m\u0131z tasar\u0131m ihtiya\u00e7lar\u0131n\u0131za uyacak \u015fekilde \u00f6zelle\u015ftirilebilir. \u0130ster ince ister \u00e7arp\u0131c\u0131 bir g\u00f6r\u00fcn\u00fcme ihtiyac\u0131n\u0131z olsun, size uygun renk ve kaplamaya sahibiz. Ayr\u0131ca, daha zorlu uygulamalar i\u00e7in \u00f6zelle\u015ftirme se\u00e7ene\u011fiyle birlikte 8N'den 12N'ye kadar \u00e7e\u015fitli \u00e7ekme g\u00fc\u00e7leri sunuyoruz.<\/p>\n<p><strong>Malzeme:<\/strong><\/p>\n<p>Di\u015fi Kaps\u00fcl: \u00c7elik, Bak\u0131r veya Paslanmaz \u00c7elik<br \/>\nErkek Kaps\u00fcl: \u00c7elik<\/p>\n<p><img decoding=\"async\" class=\"lazyload alignnone wp-image-7161\" src=\"https:\/\/richarms.com\/wp-content\/uploads\/2020\/03\/materials-e1626143269166.png\" data-orig-src=\"https:\/\/richarms.com\/wp-content\/uploads\/2020\/03\/materials-e1626143269166.png\" alt=\"\" width=\"446\" height=\"199\" srcset=\"data:image\/svg+xml,%3Csvg%20xmlns%3D%27http%3A%2F%2Fwww.w3.org%2F2000%2Fsvg%27%20width%3D%27446%27%20height%3D%27199%27%20viewBox%3D%270%200%20446%20199%27%3E%3Crect%20width%3D%27446%27%20height%3D%27199%27%20fill-opacity%3D%220%22%2F%3E%3C%2Fsvg%3E\" data-srcset=\"https:\/\/richarms.com\/wp-content\/uploads\/2020\/03\/materials-e1626143269166-200x89.png 200w, https:\/\/richarms.com\/wp-content\/uploads\/2020\/03\/materials-e1626143269166-300x134.png 300w, https:\/\/richarms.com\/wp-content\/uploads\/2020\/03\/materials-e1626143269166-400x178.png 400w, https:\/\/richarms.com\/wp-content\/uploads\/2020\/03\/materials-e1626143269166-500x223.png 500w, https:\/\/richarms.com\/wp-content\/uploads\/2020\/03\/materials-e1626143269166.png 511w\" data-sizes=\"auto\" data-orig-sizes=\"(max-width: 446px) 100vw, 446px\" \/><\/p>\n<p><strong><b>F<\/b><\/strong><strong><b>inish:<\/b><\/strong><strong><br \/>\n<\/strong>Erkek \u00e7\u0131t\u00e7\u0131t: D\u00fcz, \u0130fade, Logo<strong><br \/>\n<\/strong><img decoding=\"async\" class=\"lazyload alignnone wp-image-7180\" src=\"https:\/\/richarms.com\/wp-content\/uploads\/2020\/03\/\u56fe\u72474.jpg\" data-orig-src=\"https:\/\/richarms.com\/wp-content\/uploads\/2020\/03\/\u56fe\u72474.jpg\" alt=\"\" width=\"306\" height=\"123\" srcset=\"data:image\/svg+xml,%3Csvg%20xmlns%3D%27http%3A%2F%2Fwww.w3.org%2F2000%2Fsvg%27%20width%3D%27306%27%20height%3D%27123%27%20viewBox%3D%270%200%20306%20123%27%3E%3Crect%20width%3D%27306%27%20height%3D%27123%27%20fill-opacity%3D%220%22%2F%3E%3C%2Fsvg%3E\" data-srcset=\"https:\/\/richarms.com\/wp-content\/uploads\/2020\/03\/\u56fe\u72474-200x80.jpg 200w, https:\/\/richarms.com\/wp-content\/uploads\/2020\/03\/\u56fe\u72474-300x120.jpg 300w, https:\/\/richarms.com\/wp-content\/uploads\/2020\/03\/\u56fe\u72474-400x160.jpg 400w, https:\/\/richarms.com\/wp-content\/uploads\/2020\/03\/\u56fe\u72474-500x200.jpg 500w, https:\/\/richarms.com\/wp-content\/uploads\/2020\/03\/\u56fe\u72474-600x241.jpg 600w, https:\/\/richarms.com\/wp-content\/uploads\/2020\/03\/\u56fe\u72474.jpg 651w\" data-sizes=\"auto\" data-orig-sizes=\"(max-width: 306px) 100vw, 306px\" \/><\/p>\n<p>&nbsp;<\/p>\n<p><strong><b>Normal Renk Listelenmi\u015ftir <\/b><\/strong><strong>:<br \/>\n<\/strong><strong><img decoding=\"async\" class=\"lazyload alignnone size-full wp-image-5392\" src=\"https:\/\/richarms.com\/wp-content\/uploads\/2018\/07\/RICHARMS-COLOT-DIS.jpg\" data-orig-src=\"https:\/\/richarms.com\/wp-content\/uploads\/2018\/07\/RICHARMS-COLOT-DIS.jpg\" alt=\"\" width=\"651\" height=\"457\" srcset=\"data:image\/svg+xml,%3Csvg%20xmlns%3D%27http%3A%2F%2Fwww.w3.org%2F2000%2Fsvg%27%20width%3D%27651%27%20height%3D%27457%27%20viewBox%3D%270%200%20651%20457%27%3E%3Crect%20width%3D%27651%27%20height%3D%27457%27%20fill-opacity%3D%220%22%2F%3E%3C%2Fsvg%3E\" data-srcset=\"https:\/\/richarms.com\/wp-content\/uploads\/2018\/07\/RICHARMS-COLOT-DIS-200x140.jpg 200w, https:\/\/richarms.com\/wp-content\/uploads\/2018\/07\/RICHARMS-COLOT-DIS-300x211.jpg 300w, https:\/\/richarms.com\/wp-content\/uploads\/2018\/07\/RICHARMS-COLOT-DIS-400x281.jpg 400w, https:\/\/richarms.com\/wp-content\/uploads\/2018\/07\/RICHARMS-COLOT-DIS-500x351.jpg 500w, https:\/\/richarms.com\/wp-content\/uploads\/2018\/07\/RICHARMS-COLOT-DIS-600x421.jpg 600w, https:\/\/richarms.com\/wp-content\/uploads\/2018\/07\/RICHARMS-COLOT-DIS.jpg 651w\" data-sizes=\"auto\" data-orig-sizes=\"(max-width: 651px) 100vw, 651px\" \/><\/strong><\/p>\n<p>Sprey Siyah, G\u00f6kku\u015fa\u011f\u0131, \u0130nci Nkl, \u0130nci Alt\u0131n, F\u0131r\u00e7a Nkl, F\u0131r\u00e7a Alt\u0131n, .etc gibi daha fazla renk resmi i\u00e7in e-posta g\u00f6nderin<\/p>\n<p><strong><b>Asma ve yuvarlama kalitesi aras\u0131ndaki fark nedir?<\/b><\/strong><\/p>\n<p><img decoding=\"async\" class=\"lazyload alignnone wp-image-7165\" src=\"https:\/\/richarms.com\/wp-content\/uploads\/2020\/03\/\u56fe\u72471.jpg\" data-orig-src=\"https:\/\/richarms.com\/wp-content\/uploads\/2020\/03\/\u56fe\u72471.jpg\" alt=\"\" width=\"176\" height=\"248\" srcset=\"data:image\/svg+xml,%3Csvg%20xmlns%3D%27http%3A%2F%2Fwww.w3.org%2F2000%2Fsvg%27%20width%3D%27176%27%20height%3D%27248%27%20viewBox%3D%270%200%20176%20248%27%3E%3Crect%20width%3D%27176%27%20height%3D%27248%27%20fill-opacity%3D%220%22%2F%3E%3C%2Fsvg%3E\" data-srcset=\"https:\/\/richarms.com\/wp-content\/uploads\/2020\/03\/\u56fe\u72471-200x281.jpg 200w, https:\/\/richarms.com\/wp-content\/uploads\/2020\/03\/\u56fe\u72471-213x300.jpg 213w, https:\/\/richarms.com\/wp-content\/uploads\/2020\/03\/\u56fe\u72471.jpg 349w\" data-sizes=\"auto\" data-orig-sizes=\"(max-width: 176px) 100vw, 176px\" \/><b><\/b><\/p>","protected":false},"excerpt":{"rendered":"<p>Tip Manyetik \u00e7\u0131t\u00e7\u0131tl\u0131 \u00e7anta klipsi<br \/>\nBoyut: G\u00fc\u00e7l\u00fc manyetik g\u00fcce sahip 20x14mm boyut (8N, 9N, 10N, 12N).<br \/>\nMalzeme \u00c7elik<br \/>\n\u00d6zel Logo mevcuttur: Lazer, Oyuk, Kal\u0131plama<br \/>\nRenk: Alt\u0131n \/ Nikel \/ Tabanca \/ G\u00fcl Alt\u0131n \/ F\u0131r\u00e7a Kar\u0131nca \/ Di\u011fer<br \/>\nAmbalaj: kutu ve karton<br \/>\nNakliye: LCL \/ DHL \/ FedEx \/ TNT \/ Di\u011fer<\/p>","protected":false},"featured_media":7686,"template":"","meta":[],"product_brand":[],"product_cat":[15],"product_tag":[],"class_list":{"0":"post-7677","1":"product","2":"type-product","3":"status-publish","4":"has-post-thumbnail","6":"product_cat-magnetic-snaps","8":"first","9":"instock","10":"shipping-taxable","11":"product-type-simple"},"aioseo_notices":[],"_links":{"self":[{"href":"https:\/\/richarms.com\/tr\/wp-json\/wp\/v2\/product\/7677","targetHints":{"allow":["GET"]}}],"collection":[{"href":"https:\/\/richarms.com\/tr\/wp-json\/wp\/v2\/product"}],"about":[{"href":"https:\/\/richarms.com\/tr\/wp-json\/wp\/v2\/types\/product"}],"wp:featuredmedia":[{"embeddable":true,"href":"https:\/\/richarms.com\/tr\/wp-json\/wp\/v2\/media\/7686"}],"wp:attachment":[{"href":"https:\/\/richarms.com\/tr\/wp-json\/wp\/v2\/media?parent=7677"}],"wp:term":[{"taxonomy":"product_brand","embeddable":true,"href":"https:\/\/richarms.com\/tr\/wp-json\/wp\/v2\/product_brand?post=7677"},{"taxonomy":"product_cat","embeddable":true,"href":"https:\/\/richarms.com\/tr\/wp-json\/wp\/v2\/product_cat?post=7677"},{"taxonomy":"product_tag","embeddable":true,"href":"https:\/\/richarms.com\/tr\/wp-json\/wp\/v2\/product_tag?post=7677"}],"curies":[{"name":"wp","href":"https:\/\/api.w.org\/{rel}","templated":true}]}}