{"id":7874,"date":"2024-02-23T17:42:04","date_gmt":"2024-02-23T09:42:04","guid":{"rendered":"https:\/\/richarms.com\/?post_type=product&#038;p=7874"},"modified":"2024-10-07T12:41:57","modified_gmt":"2024-10-07T04:41:57","slug":"magnetic-snap-buttons","status":"publish","type":"product","link":"https:\/\/richarms.com\/tr\/urun\/magnetic-snap-buttons","title":{"rendered":"Manyetik \u00c7\u0131t\u00e7\u0131t D\u00fc\u011fmeler"},"content":{"rendered":"<h3>L \u015eeklinde \u00c7atall\u0131 Manyetik \u00c7\u0131t\u00e7\u0131t D\u00fc\u011fmeler<\/h3>\n<p>Kar\u015f\u0131n\u0131zda bizim <strong>L \u015feklinde \u00e7atall\u0131 manyetik \u00e7\u0131t\u00e7\u0131t d\u00fc\u011fme<\/strong>Dik a\u00e7\u0131l\u0131 montaj senaryolar\u0131nda g\u00fcvenilir sabitleme i\u00e7in \u00f6zel olarak tasarlanm\u0131\u015ft\u0131r. Bu benzersiz <strong>manyetik \u00e7\u0131t\u00e7\u0131t d\u00fc\u011fme<\/strong> dar alanlarda g\u00fcvenli ba\u011flant\u0131lar sa\u011flayan sabit bir \u00e7atal \u015fekline sahiptir.<\/p>\n<p><strong>Boyut:<\/strong><\/p>\n<table style=\"border-collapse: collapse; width: 702px; height: 177px;\" border=\"0\" width=\"1099\" cellspacing=\"0\" cellpadding=\"0\">\n<tbody>\n<tr style=\"height: 41.00pt;\">\n<td class=\"et4\" style=\"height: 41.00pt; width: 119.50pt;\" width=\"239\" height=\"82\"><\/td>\n<td class=\"et5\" style=\"width: 146.5pt; text-align: center;\" width=\"293\">90<span class=\"font3\">\u00b0<\/span><span class=\"font2\">Kad\u0131n<br \/>\n(\u0130\u00e7b\u00fckey alt)<\/span><\/td>\n<td class=\"et5\" style=\"width: 146.5pt; text-align: center;\" width=\"293\">90<span class=\"font3\">\u00b0<\/span><span class=\"font2\">Kad\u0131n<br \/>\n(D\u00fcz dipli)<\/span><\/td>\n<td class=\"et5\" style=\"width: 137pt; text-align: center;\" width=\"274\">RES\u0130M<\/td>\n<\/tr>\n<tr style=\"height: 41.00pt;\">\n<td class=\"et6\" style=\"height: 41.00pt; width: 119.50pt;\" width=\"239\" height=\"82\">\u00c7ap (DIA)<\/td>\n<td class=\"et5\" style=\"width: 146.5pt; text-align: center;\" width=\"293\">8,5 mm<\/td>\n<td class=\"et5\" style=\"width: 146.5pt; text-align: center;\" width=\"293\">8,5 mm<\/td>\n<td class=\"et5\" style=\"width: 137.00pt;\" rowspan=\"3\" width=\"274\">\n<p><div style=\"width: 200px\" class=\"wp-caption alignnone\"><img class=\"lazyload\" decoding=\"async\" src=\"data:image\/svg+xml,%3Csvg%20xmlns%3D%27http%3A%2F%2Fwww.w3.org%2F2000%2Fsvg%27%20width%3D%27190%27%20height%3D%27151%27%20viewBox%3D%270%200%20190%20151%27%3E%3Crect%20width%3D%27190%27%20height%3D%27151%27%20fill-opacity%3D%220%22%2F%3E%3C%2Fsvg%3E\" data-orig-src=\"https:\/\/cdn.shopify.com\/s\/files\/1\/0600\/9123\/6523\/files\/90_480x480.png?v=1708676039\" alt=\"Richarms Magnetic Snap Buttons withL-Shaped Prong\" width=\"190\" height=\"151\" \/><p class=\"wp-caption-text\">Richarms Toptan Sat\u0131\u015f L-\u015eekilli \u00c7atall\u0131 Manyetik \u00c7\u0131t\u00e7\u0131t D\u00fc\u011fmeler iyi fiyat ve kalitede<\/p><\/div><\/td>\n<\/tr>\n<tr style=\"height: 41.00pt;\">\n<td class=\"et6\" style=\"height: 41.00pt; width: 119.50pt;\" width=\"239\" height=\"82\">Kal\u0131nl\u0131k (T)<\/td>\n<td class=\"et5\" style=\"width: 146.5pt; text-align: center;\" width=\"293\">2,5 mm<\/td>\n<td class=\"et5\" style=\"width: 146.5pt; text-align: center;\" width=\"293\">2mm<\/td>\n<\/tr>\n<tr style=\"height: 41.00pt;\">\n<td class=\"et4\" style=\"height: 41.00pt;\" height=\"82\">Y\u00fckseklik (H)<\/td>\n<td class=\"et5\" style=\"width: 146.5pt; text-align: center;\" width=\"293\">6,5 mm<\/td>\n<td class=\"et5\" style=\"width: 146.5pt; text-align: center;\" width=\"293\">6,5 mm<\/td>\n<\/tr>\n<\/tbody>\n<\/table>\n<div>\n<ul>\n<li><strong>Sabit U\u00e7lu Tasar\u0131m<\/strong>: 7 \u015fekilli \u00e7atal, hassas hizalaman\u0131n \u00e7ok \u00f6nemli oldu\u011fu ortamlar i\u00e7in ideal olan sabit bir kurulum sunar. Di\u011fer tasar\u0131m pls kontrol <a href=\"https:\/\/richarms.com\/tr\/urun-kategori\/medical-electrical-snap\/\">Burada<\/a>.<\/li>\n<li><strong>Verimli Kurulum<\/strong>: Do\u011frudan ba\u011flant\u0131 i\u00e7in m\u00fckemmel olan bu <strong>manyetik d\u00fc\u011fme \u00e7\u0131t\u00e7\u0131t<\/strong> montaj s\u00fcrecini basitle\u015ftirerek kullan\u0131c\u0131 dostu hale getirir.<\/li>\n<li><strong>G\u00fcvenilir Performans<\/strong>: Dayan\u0131kl\u0131l\u0131k i\u00e7in tasarlanan <strong>manyetik \u00e7\u0131t\u00e7\u0131t d\u00fc\u011fmeler<\/strong> g\u00fcvenebilece\u011finiz tutarl\u0131 sabitleme \u00e7\u00f6z\u00fcmleri sunar.<\/li>\n<li><strong>D\u00fczenli Stok Durumu<\/strong>: Bu \u00fcr\u00fcn her zaman stoklar\u0131m\u0131zda mevcuttur. Numune sipari\u015fleri kolayca verilebilir <a href=\"https:\/\/www.richarmshardware.com\/collections\/medical-electircal-magnetic-snap\">online ma\u011fazam\u0131z<\/a>standart sipari\u015fler i\u00e7in toptan fiyatland\u0131rma ise <a href=\"http:\/\/richarms.com\/tr\/contact\/\">sati\u015f eki\u0307bi\u0307mi\u0307zle i\u0307leti\u0307\u015fi\u0307me ge\u00e7i\u0307n<\/a>.<\/li>\n<\/ul>\n<p><strong>Temel \u00d6zellikler<\/strong>:<\/p>\n<ul>\n<li>Sabit dik a\u00e7\u0131l\u0131 kurulum i\u00e7in L \u015feklinde \u00e7atal<\/li>\n<li>\u00c7e\u015fitli malzemelerle kolayla\u015ft\u0131r\u0131lm\u0131\u015f entegrasyon<\/li>\n<li>G\u00fcvenilir ve uzun \u00f6m\u00fcrl\u00fc performans<\/li>\n<\/ul>\n<p><strong>Malzeme:<\/strong><\/p>\n<p>Di\u015fi Kaps\u00fcl:  Demir, Adi Pirin\u00e7 veya \u00c7evresel Pirin\u00e7 mevcuttur<br \/>\nErkek Kaps\u00fcl\u00fc: Demir<\/p>\n<p><img decoding=\"async\" class=\"alignnone wp-image-7161 lazyautosizes ls-is-cached lazyloaded\" src=\"https:\/\/richarms.com\/wp-content\/uploads\/2020\/03\/materials-e1626143269166.png\" sizes=\"446px\" srcset=\"https:\/\/richarms.com\/wp-content\/uploads\/2020\/03\/materials-e1626143269166-200x89.png 200w, https:\/\/richarms.com\/wp-content\/uploads\/2020\/03\/materials-e1626143269166-300x134.png 300w, https:\/\/richarms.com\/wp-content\/uploads\/2020\/03\/materials-e1626143269166-400x178.png 400w, https:\/\/richarms.com\/wp-content\/uploads\/2020\/03\/materials-e1626143269166-500x223.png 500w, https:\/\/richarms.com\/wp-content\/uploads\/2020\/03\/materials-e1626143269166.png 511w\" alt=\"\" width=\"446\" height=\"199\" data-orig-src=\"https:\/\/richarms.com\/wp-content\/uploads\/2020\/03\/materials-e1626143269166.png\" data-srcset=\"https:\/\/richarms.com\/wp-content\/uploads\/2020\/03\/materials-e1626143269166-200x89.png 200w, https:\/\/richarms.com\/wp-content\/uploads\/2020\/03\/materials-e1626143269166-300x134.png 300w, https:\/\/richarms.com\/wp-content\/uploads\/2020\/03\/materials-e1626143269166-400x178.png 400w, https:\/\/richarms.com\/wp-content\/uploads\/2020\/03\/materials-e1626143269166-500x223.png 500w, https:\/\/richarms.com\/wp-content\/uploads\/2020\/03\/materials-e1626143269166.png 511w\" data-sizes=\"auto\" data-orig-sizes=\"(max-width: 446px) 100vw, 446px\" \/><\/p>\n<p>Neodimyum kal\u0131c\u0131 m\u0131knat\u0131s. M\u0131knat\u0131s G\u00fcc\u00fc, m\u0131knat\u0131s boyutuna ve m\u0131knat\u0131s derecesine ba\u011fl\u0131d\u0131r<\/p>\n<p><img decoding=\"async\" class=\"wp-image-7163 lazyautosizes lazyloaded\" title=\"manyetik \u00e7\u0131t\u00e7\u0131t par\u00e7as\u0131\" src=\"https:\/\/richarms.com\/wp-content\/uploads\/2020\/03\/%E8%B6%85%E8%96%84%E7%A3%81%E5%8A%9B-e1626186192975.png\" sizes=\"449px\" srcset=\"https:\/\/richarms.com\/wp-content\/uploads\/2020\/03\/\u8d85\u8584\u78c1\u529b-e1626186192975-200x58.png 200w, https:\/\/richarms.com\/wp-content\/uploads\/2020\/03\/\u8d85\u8584\u78c1\u529b-e1626186192975-300x87.png 300w, https:\/\/richarms.com\/wp-content\/uploads\/2020\/03\/\u8d85\u8584\u78c1\u529b-e1626186192975-400x117.png 400w, https:\/\/richarms.com\/wp-content\/uploads\/2020\/03\/\u8d85\u8584\u78c1\u529b-e1626186192975-500x146.png 500w, https:\/\/richarms.com\/wp-content\/uploads\/2020\/03\/\u8d85\u8584\u78c1\u529b-e1626186192975-600x175.png 600w, https:\/\/richarms.com\/wp-content\/uploads\/2020\/03\/\u8d85\u8584\u78c1\u529b-e1626186192975-700x204.png 700w, https:\/\/richarms.com\/wp-content\/uploads\/2020\/03\/\u8d85\u8584\u78c1\u529b-e1626186192975-768x224.png 768w, https:\/\/richarms.com\/wp-content\/uploads\/2020\/03\/\u8d85\u8584\u78c1\u529b-e1626186192975-800x233.png 800w, https:\/\/richarms.com\/wp-content\/uploads\/2020\/03\/\u8d85\u8584\u78c1\u529b-e1626186192975.png 885w\" alt=\"\" width=\"449\" height=\"131\" data-orig-src=\"https:\/\/richarms.com\/wp-content\/uploads\/2020\/03\/\u8d85\u8584\u78c1\u529b-e1626186192975.png\" data-srcset=\"https:\/\/richarms.com\/wp-content\/uploads\/2020\/03\/\u8d85\u8584\u78c1\u529b-e1626186192975-200x58.png 200w, https:\/\/richarms.com\/wp-content\/uploads\/2020\/03\/\u8d85\u8584\u78c1\u529b-e1626186192975-300x87.png 300w, https:\/\/richarms.com\/wp-content\/uploads\/2020\/03\/\u8d85\u8584\u78c1\u529b-e1626186192975-400x117.png 400w, https:\/\/richarms.com\/wp-content\/uploads\/2020\/03\/\u8d85\u8584\u78c1\u529b-e1626186192975-500x146.png 500w, https:\/\/richarms.com\/wp-content\/uploads\/2020\/03\/\u8d85\u8584\u78c1\u529b-e1626186192975-600x175.png 600w, https:\/\/richarms.com\/wp-content\/uploads\/2020\/03\/\u8d85\u8584\u78c1\u529b-e1626186192975-700x204.png 700w, https:\/\/richarms.com\/wp-content\/uploads\/2020\/03\/\u8d85\u8584\u78c1\u529b-e1626186192975-768x224.png 768w, https:\/\/richarms.com\/wp-content\/uploads\/2020\/03\/\u8d85\u8584\u78c1\u529b-e1626186192975-800x233.png 800w, https:\/\/richarms.com\/wp-content\/uploads\/2020\/03\/\u8d85\u8584\u78c1\u529b-e1626186192975.png 885w\" data-sizes=\"auto\" data-orig-sizes=\"(max-width: 449px) 100vw, 449px\" \/><\/p>\n<p><strong><b>Paket\uff1a<\/b><\/strong><br \/>\n1 set = 1 Kad\u0131n<br \/>\n8mm\/10mm: 400 set\/kutu, 20 kutu\/karton<\/p>\n<\/div>\n<p><strong><b>Uygulama\uff1a<br \/>\n<img decoding=\"async\" class=\"lazyload alignnone size-medium wp-image-7511\" src=\"https:\/\/richarms.com\/wp-content\/uploads\/2021\/10\/IMG_4041-300x300.jpg\" data-orig-src=\"https:\/\/richarms.com\/wp-content\/uploads\/2021\/10\/IMG_4041-300x300.jpg\" alt=\"\" width=\"300\" height=\"300\" srcset=\"data:image\/svg+xml,%3Csvg%20xmlns%3D%27http%3A%2F%2Fwww.w3.org%2F2000%2Fsvg%27%20width%3D%27300%27%20height%3D%27300%27%20viewBox%3D%270%200%20300%20300%27%3E%3Crect%20width%3D%27300%27%20height%3D%27300%27%20fill-opacity%3D%220%22%2F%3E%3C%2Fsvg%3E\" data-srcset=\"https:\/\/richarms.com\/wp-content\/uploads\/2021\/10\/IMG_4041-66x66.jpg 66w, https:\/\/richarms.com\/wp-content\/uploads\/2021\/10\/IMG_4041-100x100.jpg 100w, https:\/\/richarms.com\/wp-content\/uploads\/2021\/10\/IMG_4041-150x150.jpg 150w, https:\/\/richarms.com\/wp-content\/uploads\/2021\/10\/IMG_4041-200x200.jpg 200w, https:\/\/richarms.com\/wp-content\/uploads\/2021\/10\/IMG_4041-300x300.jpg 300w, https:\/\/richarms.com\/wp-content\/uploads\/2021\/10\/IMG_4041-400x400.jpg 400w, https:\/\/richarms.com\/wp-content\/uploads\/2021\/10\/IMG_4041-500x500.jpg 500w, https:\/\/richarms.com\/wp-content\/uploads\/2021\/10\/IMG_4041-600x600.jpg 600w, https:\/\/richarms.com\/wp-content\/uploads\/2021\/10\/IMG_4041-700x700.jpg 700w, https:\/\/richarms.com\/wp-content\/uploads\/2021\/10\/IMG_4041-768x768.jpg 768w, https:\/\/richarms.com\/wp-content\/uploads\/2021\/10\/IMG_4041-800x800.jpg 800w, https:\/\/richarms.com\/wp-content\/uploads\/2021\/10\/IMG_4041.jpg 1000w\" data-sizes=\"auto\" data-orig-sizes=\"(max-width: 300px) 100vw, 300px\" \/><\/b><\/strong>Verimli ve g\u00fcvenli ba\u011flant\u0131lar i\u00e7in m\u00fckemmel bir se\u00e7im olan manyetik \u00e7\u0131t\u00e7\u0131t d\u00fc\u011fmelerimizle sabitleme \u00e7\u00f6z\u00fcmlerinizi y\u00fckseltin, <a href=\"http:\/\/richarms.com\/tr\/contact\/\">sor<\/a>\u00a0numune veya fiyat i\u00e7in bug\u00fcn!<strong><b><br \/>\n<\/b><\/strong><\/p>\n<p>Belki de bu yaz\u0131m\u0131zdan biraz ilham al\u0131rs\u0131n\u0131z.<a href=\"https:\/\/www.pinterest.com\/richarmsaccessoriesgroups\/innovative-electric-magnetic-snaps-for-all-purpose\/\"> pinterest<\/a>.<\/p>","protected":false},"excerpt":{"rendered":"<p>T\u00fcr:L \u015eeklinde \u00c7atall\u0131 Manyetik \u00c7\u0131t\u00e7\u0131t D\u00fc\u011fmeler 8mm<br \/>\nMalzeme Pirin\u00e7, demir, m\u0131knat\u0131s<br \/>\nModel Numaras\u0131: RC-E900820<br \/>\nBoyut: 8x2mm<br \/>\nRenk: Nikel<br \/>\nAmbalaj: kutu ve karton<br \/>\nNakliye: LCL \/ DHL \/ FedEx \/ TNT \/ Di\u011fer<\/p>","protected":false},"featured_media":7876,"template":"","meta":[],"product_brand":[],"product_cat":[110],"product_tag":[],"class_list":{"0":"post-7874","1":"product","2":"type-product","3":"status-publish","4":"has-post-thumbnail","6":"product_cat-medical-electrical-snap","8":"first","9":"instock","10":"shipping-taxable","11":"product-type-simple"},"aioseo_notices":[],"_links":{"self":[{"href":"https:\/\/richarms.com\/tr\/wp-json\/wp\/v2\/product\/7874","targetHints":{"allow":["GET"]}}],"collection":[{"href":"https:\/\/richarms.com\/tr\/wp-json\/wp\/v2\/product"}],"about":[{"href":"https:\/\/richarms.com\/tr\/wp-json\/wp\/v2\/types\/product"}],"wp:featuredmedia":[{"embeddable":true,"href":"https:\/\/richarms.com\/tr\/wp-json\/wp\/v2\/media\/7876"}],"wp:attachment":[{"href":"https:\/\/richarms.com\/tr\/wp-json\/wp\/v2\/media?parent=7874"}],"wp:term":[{"taxonomy":"product_brand","embeddable":true,"href":"https:\/\/richarms.com\/tr\/wp-json\/wp\/v2\/product_brand?post=7874"},{"taxonomy":"product_cat","embeddable":true,"href":"https:\/\/richarms.com\/tr\/wp-json\/wp\/v2\/product_cat?post=7874"},{"taxonomy":"product_tag","embeddable":true,"href":"https:\/\/richarms.com\/tr\/wp-json\/wp\/v2\/product_tag?post=7874"}],"curies":[{"name":"wp","href":"https:\/\/api.w.org\/{rel}","templated":true}]}}