{"id":7892,"date":"2024-02-27T15:59:05","date_gmt":"2024-02-27T07:59:05","guid":{"rendered":"https:\/\/richarms.com\/?post_type=product&#038;p=7892"},"modified":"2024-10-07T12:24:02","modified_gmt":"2024-10-07T04:24:02","slug":"magnetic-snap-button","status":"publish","type":"product","link":"https:\/\/richarms.com\/tr\/urun\/magnetic-snap-button","title":{"rendered":"Manyetik \u00c7\u0131t\u00e7\u0131tl\u0131 D\u00fc\u011fme"},"content":{"rendered":"<h2>Ayarlanabilir \u00c7atall\u0131 Manyetik \u00c7\u0131t\u00e7\u0131tl\u0131 D\u00fc\u011fme<\/h2>\n<p>Manyetik \u00c7\u0131t\u00e7\u0131tl\u0131 D\u00fc\u011fme Boyutlar\u0131<\/p>\n<div style=\"width: 387px\" class=\"wp-caption aligncenter\"><img class=\"lazyload\" decoding=\"async\" src=\"data:image\/svg+xml,%3Csvg%20xmlns%3D%27http%3A%2F%2Fwww.w3.org%2F2000%2Fsvg%27%20width%3D%27377%27%20height%3D%27227%27%20viewBox%3D%270%200%20377%20227%27%3E%3Crect%20width%3D%27377%27%20height%3D%27227%27%20fill-opacity%3D%220%22%2F%3E%3C%2Fsvg%3E\" data-orig-src=\"https:\/\/cdn.shopify.com\/s\/files\/1\/0600\/9123\/6523\/files\/9d03223752bd12913f6d1542b1453f3a_480x480.png?v=1709023551\" alt=\"Richarms Magnetic Snap Button with Adjustable Prong Wholesale \" width=\"377\" height=\"227\" \/><p class=\"wp-caption-text\">Richarms Ayarlanabilir \u00c7atall\u0131 Manyetik \u00c7\u0131t\u00e7\u0131tl\u0131 D\u00fc\u011fme Farkl\u0131 renk, boyut ve arka direklerde toptan sat\u0131\u015f.<\/p><\/div>\n<p>&nbsp;<\/p>\n<p>&nbsp;<\/p>\n<table style=\"border-collapse: collapse; width: 752px; height: 218px;\" border=\"0\" width=\"1471\" cellspacing=\"0\" cellpadding=\"0\">\n<tbody>\n<tr style=\"height: 41.00pt;\">\n<td class=\"et4\" style=\"height: 41.00pt; width: 125.50pt;\" width=\"251\" height=\"82\"><\/td>\n<td class=\"et5\" style=\"width: 74pt; text-align: center;\" width=\"148\">8mm<br \/>\nKad\u0131n<\/td>\n<td class=\"et5\" style=\"width: 74pt; text-align: center;\" width=\"148\">8mm<br \/>\nErkek<\/td>\n<td class=\"et5\" style=\"width: 74pt; text-align: center;\" width=\"148\">10mm<br \/>\nKad\u0131n<\/td>\n<td class=\"et5\" style=\"width: 97.5pt; text-align: center;\" width=\"195\">10mm Erkek<br \/>\n(Normal)<\/td>\n<td class=\"et5\" style=\"width: 97.5pt; text-align: center;\" width=\"195\">10mm Erkek<br \/>\n(K\u0131sa)<\/td>\n<td class=\"et5\" style=\"width: 97.5pt; text-align: center;\" width=\"195\">10mm Erkek<br \/>\n(Uzunluk)<\/td>\n<td class=\"et5\" style=\"width: 95.5pt; text-align: center;\" width=\"191\">8mm\/10mm Y\u0131kay\u0131c\u0131<\/td>\n<\/tr>\n<tr style=\"height: 41.00pt;\">\n<td class=\"et4\" style=\"height: 41.00pt;\" height=\"82\">\u00c7ap (DIA)<\/td>\n<td class=\"et5\" style=\"width: 74pt; text-align: center;\" width=\"148\">8,5 mm<\/td>\n<td class=\"et5\" style=\"width: 74pt; text-align: center;\" width=\"148\">8mm<\/td>\n<td class=\"et5\" style=\"width: 74pt; text-align: center;\" width=\"148\">10,5 mm<\/td>\n<td class=\"et5\" style=\"width: 97.5pt; text-align: center;\" width=\"195\">10mm<\/td>\n<td class=\"et5\" style=\"width: 97.5pt; text-align: center;\" width=\"195\">10mm<\/td>\n<td class=\"et5\" style=\"width: 97.5pt; text-align: center;\" width=\"195\">10mm<\/td>\n<td class=\"et5\" style=\"width: 95.5pt; text-align: center;\" width=\"191\">10,5 mm<\/td>\n<\/tr>\n<tr style=\"height: 41.00pt;\">\n<td class=\"et4\" style=\"height: 41.00pt;\" height=\"82\">Kal\u0131nl\u0131k (T)<\/td>\n<td class=\"et5\" style=\"width: 74pt; text-align: center;\" width=\"148\">2mm<\/td>\n<td class=\"et5\" style=\"width: 74pt; text-align: center;\" width=\"148\">2mm<\/td>\n<td class=\"et5\" style=\"width: 74pt; text-align: center;\" width=\"148\">2mm<\/td>\n<td class=\"et5\" style=\"width: 97.5pt; text-align: center;\" width=\"195\">0.6mm<\/td>\n<td class=\"et5\" style=\"width: 97.5pt; text-align: center;\" width=\"195\">0.6mm<\/td>\n<td class=\"et5\" style=\"width: 97.5pt; text-align: center;\" width=\"195\">0.6mm<\/td>\n<td class=\"et5\" style=\"width: 95.5pt; text-align: center;\" width=\"191\">0.2mm<\/td>\n<\/tr>\n<tr style=\"height: 41.00pt;\">\n<td class=\"et4\" style=\"height: 41.00pt;\" height=\"82\">\u00c7atal Y\u00fcksekli\u011fi (H)<\/td>\n<td class=\"et5\" style=\"width: 74pt; text-align: center;\" width=\"148\">6mm<\/td>\n<td class=\"et5\" style=\"width: 74pt; text-align: center;\" width=\"148\">6mm<\/td>\n<td class=\"et5\" style=\"width: 74pt; text-align: center;\" width=\"148\">6mm<\/td>\n<td class=\"et5\" style=\"width: 97.5pt; text-align: center;\" width=\"195\">6mm<\/td>\n<td class=\"et5\" style=\"width: 97.5pt; text-align: center;\" width=\"195\">4mm<\/td>\n<td class=\"et5\" style=\"width: 97.5pt; text-align: center;\" width=\"195\">10mm<\/td>\n<td class=\"et5\" style=\"width: 95.5pt; text-align: center;\" width=\"191\">&#8211;<\/td>\n<\/tr>\n<\/tbody>\n<\/table>\n<p>Kar\u015f\u0131n\u0131zda bizim <strong>ayarlanabilir \u00e7atall\u0131 m\u0131knat\u0131sl\u0131 \u00e7\u0131t\u00e7\u0131t d\u00fc\u011fme<\/strong>\u00e7e\u015fitli uygulamalarda \u00e7ok y\u00f6nl\u00fc ve g\u00fcvenilir sabitleme i\u00e7in tasarlanm\u0131\u015ft\u0131r. Bu yenilik\u00e7i <strong>manyetik \u00e7\u0131t\u00e7\u0131t d\u00fc\u011fme<\/strong> panellere veya kuma\u015flara optimum kurulum i\u00e7in a\u00e7\u0131y\u0131 \u00f6zelle\u015ftirmenize olanak tan\u0131yan ayarlanabilir \u00e7atallara sahiptir.<\/p>\n<ul>\n<li><strong>\u00c7ok Y\u00f6nl\u00fc \u00c7atal Tasar\u0131m\u0131<\/strong>: \u00c7atal u\u00e7lar farkl\u0131 y\u00fczeylere uyacak \u015fekilde ayarlanabilir ve her seferinde g\u00fcvenli ve \u00f6zel bir ba\u011flant\u0131 sa\u011flar.<\/li>\n<li><strong>Kurulumu Kolay<\/strong>: \u00c7e\u015fitli malzemelere h\u0131zl\u0131 ba\u011flant\u0131 i\u00e7in \u00f6zel olarak tasarlanm\u0131\u015f bu <strong>manyetik d\u00fc\u011fme \u00e7\u0131t\u00e7\u0131t<\/strong> kurulumu basit ve verimli hale getirir.<\/li>\n<li><strong>Kullan\u0131\u015fl\u0131 De\u011fi\u015ftirme<\/strong>: Tasar\u0131m, kolay s\u00f6k\u00fclmeye izin vererek de\u011fi\u015ftirmeyi kolayla\u015ft\u0131r\u0131r <strong>manyetik \u00e7\u0131t\u00e7\u0131t d\u00fc\u011fmeler<\/strong> gerekti\u011fi gibi.<\/li>\n<li><strong>D\u00fczenli Stok Durumu<\/strong>: Bu \u00fcr\u00fcn s\u00fcrekli olarak stoklar\u0131m\u0131zda bulunmaktad\u0131r. \u00d6rnek sipari\u015fler bizim arac\u0131l\u0131\u011f\u0131m\u0131zla verilebilir <a href=\"https:\/\/www.richarmshardware.com\/collections\/medical-electircal-magnetic-snap\">online ma\u011faza<\/a>Standart sipari\u015fler i\u00e7in toptan fiyatland\u0131rma ise <a href=\"http:\/\/richarms.com\/tr\/contact\/\">sat\u0131\u015f ekibimiz<\/a>.<\/li>\n<\/ul>\n<p><strong>Temel \u00d6zellikler<\/strong>:<\/p>\n<ul>\n<li>\u00d6zelle\u015ftirilmi\u015f uyum i\u00e7in ayarlanabilir \u00e7atallar<\/li>\n<li>Birden fazla y\u00fczeyle sorunsuz entegrasyon<\/li>\n<li>Zahmetsiz de\u011fi\u015ftirme ve bak\u0131m<\/li>\n<\/ul>\n<p>Projelerinizi bizim ile geli\u015ftirin <strong>m\u0131knat\u0131sl\u0131 \u00e7\u0131t\u00e7\u0131t d\u00fc\u011fmeler<\/strong> g\u00fcvenilir ve <a href=\"https:\/\/www.pinterest.com\/richarmsaccessoriesgroups\/innovative-electric-magnetic-snaps-for-all-purpose\/\">\u015f\u0131k kapaklar<\/a> ihtiya\u00e7lar\u0131n\u0131za uyum sa\u011flar.<\/p>\n<p><strong>Malzeme:<\/strong><\/p>\n<p>Di\u015fi Kaps\u00fcl: Demir, Adi Pirin\u00e7 veya \u00c7evresel Pirin\u00e7 mevcuttur<br \/>\nErkek Kaps\u00fcl\u00fc: Demir<\/p>\n<p><img decoding=\"async\" class=\"alignnone wp-image-7161 lazyautosizes ls-is-cached lazyloaded\" src=\"https:\/\/richarms.com\/wp-content\/uploads\/2020\/03\/materials-e1626143269166.png\" sizes=\"446px\" srcset=\"https:\/\/richarms.com\/wp-content\/uploads\/2020\/03\/materials-e1626143269166-200x89.png 200w, https:\/\/richarms.com\/wp-content\/uploads\/2020\/03\/materials-e1626143269166-300x134.png 300w, https:\/\/richarms.com\/wp-content\/uploads\/2020\/03\/materials-e1626143269166-400x178.png 400w, https:\/\/richarms.com\/wp-content\/uploads\/2020\/03\/materials-e1626143269166-500x223.png 500w, https:\/\/richarms.com\/wp-content\/uploads\/2020\/03\/materials-e1626143269166.png 511w\" alt=\"\" width=\"446\" height=\"199\" data-orig-src=\"https:\/\/richarms.com\/wp-content\/uploads\/2020\/03\/materials-e1626143269166.png\" data-srcset=\"https:\/\/richarms.com\/wp-content\/uploads\/2020\/03\/materials-e1626143269166-200x89.png 200w, https:\/\/richarms.com\/wp-content\/uploads\/2020\/03\/materials-e1626143269166-300x134.png 300w, https:\/\/richarms.com\/wp-content\/uploads\/2020\/03\/materials-e1626143269166-400x178.png 400w, https:\/\/richarms.com\/wp-content\/uploads\/2020\/03\/materials-e1626143269166-500x223.png 500w, https:\/\/richarms.com\/wp-content\/uploads\/2020\/03\/materials-e1626143269166.png 511w\" data-sizes=\"auto\" data-orig-sizes=\"(max-width: 446px) 100vw, 446px\" \/><\/p>\n<p>Neodimyum kal\u0131c\u0131 m\u0131knat\u0131s. M\u0131knat\u0131s G\u00fcc\u00fc, m\u0131knat\u0131s boyutuna ve m\u0131knat\u0131s derecesine ba\u011fl\u0131d\u0131r<\/p>\n<p><img decoding=\"async\" class=\"wp-image-7163 lazyautosizes lazyloaded\" title=\"manyetik \u00e7\u0131t\u00e7\u0131t par\u00e7as\u0131\" src=\"https:\/\/richarms.com\/wp-content\/uploads\/2020\/03\/%E8%B6%85%E8%96%84%E7%A3%81%E5%8A%9B-e1626186192975.png\" sizes=\"449px\" srcset=\"https:\/\/richarms.com\/wp-content\/uploads\/2020\/03\/\u8d85\u8584\u78c1\u529b-e1626186192975-200x58.png 200w, https:\/\/richarms.com\/wp-content\/uploads\/2020\/03\/\u8d85\u8584\u78c1\u529b-e1626186192975-300x87.png 300w, https:\/\/richarms.com\/wp-content\/uploads\/2020\/03\/\u8d85\u8584\u78c1\u529b-e1626186192975-400x117.png 400w, https:\/\/richarms.com\/wp-content\/uploads\/2020\/03\/\u8d85\u8584\u78c1\u529b-e1626186192975-500x146.png 500w, https:\/\/richarms.com\/wp-content\/uploads\/2020\/03\/\u8d85\u8584\u78c1\u529b-e1626186192975-600x175.png 600w, https:\/\/richarms.com\/wp-content\/uploads\/2020\/03\/\u8d85\u8584\u78c1\u529b-e1626186192975-700x204.png 700w, https:\/\/richarms.com\/wp-content\/uploads\/2020\/03\/\u8d85\u8584\u78c1\u529b-e1626186192975-768x224.png 768w, https:\/\/richarms.com\/wp-content\/uploads\/2020\/03\/\u8d85\u8584\u78c1\u529b-e1626186192975-800x233.png 800w, https:\/\/richarms.com\/wp-content\/uploads\/2020\/03\/\u8d85\u8584\u78c1\u529b-e1626186192975.png 885w\" alt=\"\" width=\"449\" height=\"131\" data-orig-src=\"https:\/\/richarms.com\/wp-content\/uploads\/2020\/03\/\u8d85\u8584\u78c1\u529b-e1626186192975.png\" data-srcset=\"https:\/\/richarms.com\/wp-content\/uploads\/2020\/03\/\u8d85\u8584\u78c1\u529b-e1626186192975-200x58.png 200w, https:\/\/richarms.com\/wp-content\/uploads\/2020\/03\/\u8d85\u8584\u78c1\u529b-e1626186192975-300x87.png 300w, https:\/\/richarms.com\/wp-content\/uploads\/2020\/03\/\u8d85\u8584\u78c1\u529b-e1626186192975-400x117.png 400w, https:\/\/richarms.com\/wp-content\/uploads\/2020\/03\/\u8d85\u8584\u78c1\u529b-e1626186192975-500x146.png 500w, https:\/\/richarms.com\/wp-content\/uploads\/2020\/03\/\u8d85\u8584\u78c1\u529b-e1626186192975-600x175.png 600w, https:\/\/richarms.com\/wp-content\/uploads\/2020\/03\/\u8d85\u8584\u78c1\u529b-e1626186192975-700x204.png 700w, https:\/\/richarms.com\/wp-content\/uploads\/2020\/03\/\u8d85\u8584\u78c1\u529b-e1626186192975-768x224.png 768w, https:\/\/richarms.com\/wp-content\/uploads\/2020\/03\/\u8d85\u8584\u78c1\u529b-e1626186192975-800x233.png 800w, https:\/\/richarms.com\/wp-content\/uploads\/2020\/03\/\u8d85\u8584\u78c1\u529b-e1626186192975.png 885w\" data-sizes=\"auto\" data-orig-sizes=\"(max-width: 449px) 100vw, 449px\" \/><\/p>\n<p><strong><b>Paket\uff1a<\/b><\/strong><br \/>\n1 set = 1 Erkek, 1 Di\u015fi, 2 Y\u0131kay\u0131c\u0131<br \/>\n8mm\/10mm: 400 set\/kutu, 20 kutu\/karton<\/p>\n<p><strong><b>Uygulama\uff1a<br \/>\n<img decoding=\"async\" class=\"lazyload alignnone size-medium wp-image-7511\" src=\"https:\/\/richarms.com\/wp-content\/uploads\/2021\/10\/IMG_4041-300x300.jpg\" data-orig-src=\"https:\/\/richarms.com\/wp-content\/uploads\/2021\/10\/IMG_4041-300x300.jpg\" alt=\"\" width=\"300\" height=\"300\" srcset=\"data:image\/svg+xml,%3Csvg%20xmlns%3D%27http%3A%2F%2Fwww.w3.org%2F2000%2Fsvg%27%20width%3D%27300%27%20height%3D%27300%27%20viewBox%3D%270%200%20300%20300%27%3E%3Crect%20width%3D%27300%27%20height%3D%27300%27%20fill-opacity%3D%220%22%2F%3E%3C%2Fsvg%3E\" data-srcset=\"https:\/\/richarms.com\/wp-content\/uploads\/2021\/10\/IMG_4041-66x66.jpg 66w, https:\/\/richarms.com\/wp-content\/uploads\/2021\/10\/IMG_4041-100x100.jpg 100w, https:\/\/richarms.com\/wp-content\/uploads\/2021\/10\/IMG_4041-150x150.jpg 150w, https:\/\/richarms.com\/wp-content\/uploads\/2021\/10\/IMG_4041-200x200.jpg 200w, https:\/\/richarms.com\/wp-content\/uploads\/2021\/10\/IMG_4041-300x300.jpg 300w, https:\/\/richarms.com\/wp-content\/uploads\/2021\/10\/IMG_4041-400x400.jpg 400w, https:\/\/richarms.com\/wp-content\/uploads\/2021\/10\/IMG_4041-500x500.jpg 500w, https:\/\/richarms.com\/wp-content\/uploads\/2021\/10\/IMG_4041-600x600.jpg 600w, https:\/\/richarms.com\/wp-content\/uploads\/2021\/10\/IMG_4041-700x700.jpg 700w, https:\/\/richarms.com\/wp-content\/uploads\/2021\/10\/IMG_4041-768x768.jpg 768w, https:\/\/richarms.com\/wp-content\/uploads\/2021\/10\/IMG_4041-800x800.jpg 800w, https:\/\/richarms.com\/wp-content\/uploads\/2021\/10\/IMG_4041.jpg 1000w\" data-sizes=\"auto\" data-orig-sizes=\"(max-width: 300px) 100vw, 300px\" \/><br \/>\n<\/b><\/strong><\/p>","protected":false},"excerpt":{"rendered":"<p>T\u00fcr:Manyetik \u00c7\u0131t\u00e7\u0131tl\u0131 D\u00fc\u011fme<br \/>\nMalzeme Pirin\u00e7, demir, m\u0131knat\u0131s<br \/>\nModel Numaras\u0131: RC-EP0820\/1020\/1020S\/1020L<br \/>\nBoyut: 8x2mm, 10x2mm<br \/>\nRenk: Nikel<br \/>\nAmbalaj: kutu ve karton<br \/>\nNakliye: LCL \/ DHL \/ FedEx \/ TNT \/ Di\u011fer<\/p>","protected":false},"featured_media":7897,"template":"","meta":[],"product_brand":[],"product_cat":[110],"product_tag":[],"class_list":{"0":"post-7892","1":"product","2":"type-product","3":"status-publish","4":"has-post-thumbnail","6":"product_cat-medical-electrical-snap","8":"first","9":"instock","10":"shipping-taxable","11":"product-type-simple"},"aioseo_notices":[],"_links":{"self":[{"href":"https:\/\/richarms.com\/tr\/wp-json\/wp\/v2\/product\/7892","targetHints":{"allow":["GET"]}}],"collection":[{"href":"https:\/\/richarms.com\/tr\/wp-json\/wp\/v2\/product"}],"about":[{"href":"https:\/\/richarms.com\/tr\/wp-json\/wp\/v2\/types\/product"}],"wp:featuredmedia":[{"embeddable":true,"href":"https:\/\/richarms.com\/tr\/wp-json\/wp\/v2\/media\/7897"}],"wp:attachment":[{"href":"https:\/\/richarms.com\/tr\/wp-json\/wp\/v2\/media?parent=7892"}],"wp:term":[{"taxonomy":"product_brand","embeddable":true,"href":"https:\/\/richarms.com\/tr\/wp-json\/wp\/v2\/product_brand?post=7892"},{"taxonomy":"product_cat","embeddable":true,"href":"https:\/\/richarms.com\/tr\/wp-json\/wp\/v2\/product_cat?post=7892"},{"taxonomy":"product_tag","embeddable":true,"href":"https:\/\/richarms.com\/tr\/wp-json\/wp\/v2\/product_tag?post=7892"}],"curies":[{"name":"wp","href":"https:\/\/api.w.org\/{rel}","templated":true}]}}