{"id":7904,"date":"2024-02-28T13:36:33","date_gmt":"2024-02-28T05:36:33","guid":{"rendered":"https:\/\/richarms.com\/?post_type=product&#038;p=7904"},"modified":"2024-10-07T01:08:11","modified_gmt":"2024-10-06T17:08:11","slug":"electric-magnetic-snap-10mm","status":"publish","type":"product","link":"https:\/\/richarms.com\/tr\/urun\/electric-magnetic-snap-10mm","title":{"rendered":"Elektrikli Manyetik \u00c7\u0131t\u00e7\u0131t 10mm"},"content":{"rendered":"<h2>180 Derece \u00c7atall\u0131 10mm Elektrikli Manyetik \u00c7\u0131t\u00e7\u0131t<\/h2>\n<table style=\"border-collapse: collapse; width: 523px; height: 165px;\" border=\"0\" width=\"848\" cellspacing=\"0\" cellpadding=\"0\">\n<tbody>\n<tr style=\"height: 36.00pt;\">\n<td class=\"et4\" style=\"height: 36.00pt; width: 99.25pt;\" width=\"198\" height=\"72\"><\/td>\n<td class=\"et5\" style=\"width: 84.25pt; text-align: center;\" width=\"168\">180\u00b0 Di\u015fi<\/td>\n<td class=\"et5\" style=\"width: 74.25pt; text-align: center;\" width=\"148\">180\u00b0 Erkek<\/td>\n<td class=\"et5\" style=\"width: 166.35pt; text-align: center;\" width=\"332\">RES\u0130M<\/td>\n<\/tr>\n<tr style=\"height: 30.00pt;\">\n<td class=\"et6\" style=\"height: 30.00pt; width: 99.25pt;\" width=\"198\" height=\"60\">\u00c7ap (DIA)<\/td>\n<td class=\"et5\" style=\"width: 84.25pt; text-align: center;\" width=\"168\">10,5 mm<\/td>\n<td class=\"et5\" style=\"width: 74.25pt; text-align: center;\" width=\"148\">10mm<\/td>\n<td class=\"et5\" style=\"width: 166.35pt;\" rowspan=\"3\" width=\"332\">\n<p><div id=\"attachment_7889\" style=\"width: 310px\" class=\"wp-caption alignnone\"><img decoding=\"async\" aria-describedby=\"caption-attachment-7889\" class=\"lazyload wp-image-7889 size-medium\" src=\"https:\/\/richarms.com\/wp-content\/uploads\/2021\/07\/180\u5ea6-300x261.png\" data-orig-src=\"https:\/\/richarms.com\/wp-content\/uploads\/2021\/07\/180\u5ea6-300x261.png\" alt=\"10mm Electric Magnetic Snap with 180 Degree Prong\" width=\"300\" height=\"261\" srcset=\"data:image\/svg+xml,%3Csvg%20xmlns%3D%27http%3A%2F%2Fwww.w3.org%2F2000%2Fsvg%27%20width%3D%27300%27%20height%3D%27261%27%20viewBox%3D%270%200%20300%20261%27%3E%3Crect%20width%3D%27300%27%20height%3D%27261%27%20fill-opacity%3D%220%22%2F%3E%3C%2Fsvg%3E\" data-srcset=\"https:\/\/richarms.com\/wp-content\/uploads\/2021\/07\/180\u5ea6-200x174.png 200w, https:\/\/richarms.com\/wp-content\/uploads\/2021\/07\/180\u5ea6-300x261.png 300w, https:\/\/richarms.com\/wp-content\/uploads\/2021\/07\/180\u5ea6-400x348.png 400w, https:\/\/richarms.com\/wp-content\/uploads\/2021\/07\/180\u5ea6-500x436.png 500w, https:\/\/richarms.com\/wp-content\/uploads\/2021\/07\/180\u5ea6.png 535w\" data-sizes=\"auto\" data-orig-sizes=\"(max-width: 300px) 100vw, 300px\" \/><p id=\"caption-attachment-7889\" class=\"wp-caption-text\">10mm Elektrikli Manyetik \u00c7\u0131t\u00e7\u0131t, 180 Derece \u00c7atall\u0131, g\u00fcm\u00fc\u015f, kalay i\u00e7in kolay<\/p><\/div><\/td>\n<\/tr>\n<tr style=\"height: 30.00pt;\">\n<td class=\"et6\" style=\"height: 30.00pt; width: 99.25pt;\" width=\"198\" height=\"60\">Kal\u0131nl\u0131k (T)<\/td>\n<td class=\"et5\" style=\"width: 84.25pt; text-align: center;\" width=\"168\">2mm<\/td>\n<td class=\"et5\" style=\"width: 74.25pt; text-align: center;\" width=\"148\">0.6mm<\/td>\n<\/tr>\n<tr style=\"height: 30.00pt;\">\n<td class=\"et6\" style=\"height: 30.00pt; width: 99.25pt;\" width=\"198\" height=\"60\">Uzunluk (L)<\/td>\n<td class=\"et5\" style=\"width: 84.25pt; text-align: center;\" width=\"168\">17mm<\/td>\n<td class=\"et5\" style=\"width: 74.25pt; text-align: center;\" width=\"148\">17mm<\/td>\n<\/tr>\n<\/tbody>\n<\/table>\n<div>\n<p>Bizim <strong>10mm elektrikli manyetik \u00e7\u0131t\u00e7\u0131t<\/strong> cihazlar\u0131n\u0131za kolay d\u00fcz kurulum sa\u011flayan 180 derecelik bir \u00e7atal i\u00e7erir. Bu <strong>manyetik elektrik konnekt\u00f6r\u00fc<\/strong> \u00e7e\u015fitli uygulamalarda optimum performans i\u00e7in tasarlanm\u0131\u015ft\u0131r, bu da onu k\u00fc\u00e7\u00fck cihazlar ve aksesuarlar i\u00e7in ideal hale getirir.<\/p>\n<ul>\n<li><strong>Kalaylamas\u0131 Kolay<\/strong>: M\u00fc\u015fteriler genellikle kompakt cihazlara veya ata\u015fmanlara lehimleme i\u00e7in kalaylama gerektirir, bu da kurulum s\u00fcrecini \u00f6nemli \u00f6l\u00e7\u00fcde basitle\u015ftirir.<\/li>\n<li><strong>G\u00fc\u00e7l\u00fc G\u00fc\u00e7 Manyetik Mukavemet<\/strong>: Her biri neodim m\u0131knat\u0131slarla donat\u0131lm\u0131\u015ft\u0131r <strong>m\u0131knat\u0131sl\u0131 \u00e7\u0131t\u00e7\u0131t d\u00fc\u011fme<\/strong> kolayca ayr\u0131lmayan g\u00fcvenli bir ba\u011flant\u0131 sa\u011flar.<\/li>\n<li><strong>D\u00fc\u015f\u00fck Elektrik Direnci<\/strong>: 1\u03a9'un alt\u0131ndaki diren\u00e7 de\u011feri ile <strong>elektri\u0307ksel ge\u00e7meli\u0307 konnekt\u00f6rler<\/strong> g\u00fcvenilir performans i\u00e7in etkili elektrik iletkenli\u011fini garanti eder.<\/li>\n<li><strong>H\u0131zl\u0131 A\u00e7\u0131lan Elektrik Konnekt\u00f6rleri<\/strong>: Kolayl\u0131k sa\u011flamak i\u00e7in tasarlanan bu konekt\u00f6rler, gerekti\u011finde ba\u011flant\u0131n\u0131n kolayca kesilmesine olanak tan\u0131yarak kullan\u0131labilirli\u011fi art\u0131r\u0131r.<\/li>\n<li><strong>\u00d6zelle\u015ftirilmi\u015f Mevcut: <\/strong><a href=\"https:\/\/richarms.com\/tr\/contact\/\">\u0130leti\u015fim<\/a> uzmanlar\u0131m\u0131z bug\u00fcn.<\/li>\n<li><strong>K\u00fc\u00e7\u00fck Sipari\u015f Kabul Edilebilir:<\/strong> <a href=\"https:\/\/www.richarmshardware.com\/products\/10x2mm-180-electrical-magnetic-snap\">Richarms h\u0131rdavat online ma\u011fazas\u0131<\/a><\/li>\n<\/ul>\n<h3><strong>Temel \u00d6zellikler<\/strong>:<\/h3>\n<ul>\n<li><a href=\"https:\/\/www.pinterest.com\/richarmsaccessoriesgroups\/innovative-electric-magnetic-snaps-for-all-purpose\/\">\u00c7ok y\u00f6nl\u00fc tasar\u0131m<\/a> \u00e7e\u015fitli uygulamalar i\u00e7in<\/li>\n<li>K\u00fc\u00e7\u00fck cihazlar ve aksesuarlar i\u00e7in ideal<\/li>\n<li>Elektrik ba\u011flant\u0131lar\u0131nda g\u00fcvenilir performans<\/li>\n<\/ul>\n<h3><strong>Malzeme:<\/strong><\/h3>\n<p>Di\u015fi Kaps\u00fcl:  Demir, Adi Pirin\u00e7 veya \u00c7evresel Pirin\u00e7 mevcuttur<br \/>\nErkek Kaps\u00fcl\u00fc: Demir<\/p>\n<p><img decoding=\"async\" class=\"alignnone wp-image-7161 lazyautosizes ls-is-cached lazyloaded\" src=\"https:\/\/richarms.com\/wp-content\/uploads\/2020\/03\/materials-e1626143269166.png\" sizes=\"446px\" srcset=\"https:\/\/richarms.com\/wp-content\/uploads\/2020\/03\/materials-e1626143269166-200x89.png 200w, https:\/\/richarms.com\/wp-content\/uploads\/2020\/03\/materials-e1626143269166-300x134.png 300w, https:\/\/richarms.com\/wp-content\/uploads\/2020\/03\/materials-e1626143269166-400x178.png 400w, https:\/\/richarms.com\/wp-content\/uploads\/2020\/03\/materials-e1626143269166-500x223.png 500w, https:\/\/richarms.com\/wp-content\/uploads\/2020\/03\/materials-e1626143269166.png 511w\" alt=\"\" width=\"446\" height=\"199\" data-orig-src=\"https:\/\/richarms.com\/wp-content\/uploads\/2020\/03\/materials-e1626143269166.png\" data-srcset=\"https:\/\/richarms.com\/wp-content\/uploads\/2020\/03\/materials-e1626143269166-200x89.png 200w, https:\/\/richarms.com\/wp-content\/uploads\/2020\/03\/materials-e1626143269166-300x134.png 300w, https:\/\/richarms.com\/wp-content\/uploads\/2020\/03\/materials-e1626143269166-400x178.png 400w, https:\/\/richarms.com\/wp-content\/uploads\/2020\/03\/materials-e1626143269166-500x223.png 500w, https:\/\/richarms.com\/wp-content\/uploads\/2020\/03\/materials-e1626143269166.png 511w\" data-sizes=\"auto\" data-orig-sizes=\"(max-width: 446px) 100vw, 446px\" \/><\/p>\n<p>Neodimyum kal\u0131c\u0131 m\u0131knat\u0131s. M\u0131knat\u0131s G\u00fcc\u00fc, m\u0131knat\u0131s boyutuna ve m\u0131knat\u0131s derecesine ba\u011fl\u0131d\u0131r<\/p>\n<p><img decoding=\"async\" class=\"wp-image-7163 lazyautosizes lazyloaded\" title=\"manyetik \u00e7\u0131t\u00e7\u0131t par\u00e7as\u0131\" src=\"https:\/\/richarms.com\/wp-content\/uploads\/2020\/03\/%E8%B6%85%E8%96%84%E7%A3%81%E5%8A%9B-e1626186192975.png\" sizes=\"449px\" srcset=\"https:\/\/richarms.com\/wp-content\/uploads\/2020\/03\/\u8d85\u8584\u78c1\u529b-e1626186192975-200x58.png 200w, https:\/\/richarms.com\/wp-content\/uploads\/2020\/03\/\u8d85\u8584\u78c1\u529b-e1626186192975-300x87.png 300w, https:\/\/richarms.com\/wp-content\/uploads\/2020\/03\/\u8d85\u8584\u78c1\u529b-e1626186192975-400x117.png 400w, https:\/\/richarms.com\/wp-content\/uploads\/2020\/03\/\u8d85\u8584\u78c1\u529b-e1626186192975-500x146.png 500w, https:\/\/richarms.com\/wp-content\/uploads\/2020\/03\/\u8d85\u8584\u78c1\u529b-e1626186192975-600x175.png 600w, https:\/\/richarms.com\/wp-content\/uploads\/2020\/03\/\u8d85\u8584\u78c1\u529b-e1626186192975-700x204.png 700w, https:\/\/richarms.com\/wp-content\/uploads\/2020\/03\/\u8d85\u8584\u78c1\u529b-e1626186192975-768x224.png 768w, https:\/\/richarms.com\/wp-content\/uploads\/2020\/03\/\u8d85\u8584\u78c1\u529b-e1626186192975-800x233.png 800w, https:\/\/richarms.com\/wp-content\/uploads\/2020\/03\/\u8d85\u8584\u78c1\u529b-e1626186192975.png 885w\" alt=\"\" width=\"449\" height=\"131\" data-orig-src=\"https:\/\/richarms.com\/wp-content\/uploads\/2020\/03\/\u8d85\u8584\u78c1\u529b-e1626186192975.png\" data-srcset=\"https:\/\/richarms.com\/wp-content\/uploads\/2020\/03\/\u8d85\u8584\u78c1\u529b-e1626186192975-200x58.png 200w, https:\/\/richarms.com\/wp-content\/uploads\/2020\/03\/\u8d85\u8584\u78c1\u529b-e1626186192975-300x87.png 300w, https:\/\/richarms.com\/wp-content\/uploads\/2020\/03\/\u8d85\u8584\u78c1\u529b-e1626186192975-400x117.png 400w, https:\/\/richarms.com\/wp-content\/uploads\/2020\/03\/\u8d85\u8584\u78c1\u529b-e1626186192975-500x146.png 500w, https:\/\/richarms.com\/wp-content\/uploads\/2020\/03\/\u8d85\u8584\u78c1\u529b-e1626186192975-600x175.png 600w, https:\/\/richarms.com\/wp-content\/uploads\/2020\/03\/\u8d85\u8584\u78c1\u529b-e1626186192975-700x204.png 700w, https:\/\/richarms.com\/wp-content\/uploads\/2020\/03\/\u8d85\u8584\u78c1\u529b-e1626186192975-768x224.png 768w, https:\/\/richarms.com\/wp-content\/uploads\/2020\/03\/\u8d85\u8584\u78c1\u529b-e1626186192975-800x233.png 800w, https:\/\/richarms.com\/wp-content\/uploads\/2020\/03\/\u8d85\u8584\u78c1\u529b-e1626186192975.png 885w\" data-sizes=\"auto\" data-orig-sizes=\"(max-width: 449px) 100vw, 449px\" \/><\/p>\n<p><strong><b>Paket\uff1a<\/b><\/strong><br \/>\n1 set = 1 Kad\u0131n + 1 Erkek<br \/>\n8mm\/10mm: 400 set\/kutu, 20 kutu\/karton<\/p>\n<\/div>\n<p><strong><b>Uygulama\uff1a<br \/>\n<img decoding=\"async\" class=\"lazyload alignnone size-medium wp-image-7511\" src=\"https:\/\/richarms.com\/wp-content\/uploads\/2021\/10\/IMG_4041-300x300.jpg\" data-orig-src=\"https:\/\/richarms.com\/wp-content\/uploads\/2021\/10\/IMG_4041-300x300.jpg\" alt=\"\" width=\"300\" height=\"300\" srcset=\"data:image\/svg+xml,%3Csvg%20xmlns%3D%27http%3A%2F%2Fwww.w3.org%2F2000%2Fsvg%27%20width%3D%27300%27%20height%3D%27300%27%20viewBox%3D%270%200%20300%20300%27%3E%3Crect%20width%3D%27300%27%20height%3D%27300%27%20fill-opacity%3D%220%22%2F%3E%3C%2Fsvg%3E\" data-srcset=\"https:\/\/richarms.com\/wp-content\/uploads\/2021\/10\/IMG_4041-66x66.jpg 66w, https:\/\/richarms.com\/wp-content\/uploads\/2021\/10\/IMG_4041-100x100.jpg 100w, https:\/\/richarms.com\/wp-content\/uploads\/2021\/10\/IMG_4041-150x150.jpg 150w, https:\/\/richarms.com\/wp-content\/uploads\/2021\/10\/IMG_4041-200x200.jpg 200w, https:\/\/richarms.com\/wp-content\/uploads\/2021\/10\/IMG_4041-300x300.jpg 300w, https:\/\/richarms.com\/wp-content\/uploads\/2021\/10\/IMG_4041-400x400.jpg 400w, https:\/\/richarms.com\/wp-content\/uploads\/2021\/10\/IMG_4041-500x500.jpg 500w, https:\/\/richarms.com\/wp-content\/uploads\/2021\/10\/IMG_4041-600x600.jpg 600w, https:\/\/richarms.com\/wp-content\/uploads\/2021\/10\/IMG_4041-700x700.jpg 700w, https:\/\/richarms.com\/wp-content\/uploads\/2021\/10\/IMG_4041-768x768.jpg 768w, https:\/\/richarms.com\/wp-content\/uploads\/2021\/10\/IMG_4041-800x800.jpg 800w, https:\/\/richarms.com\/wp-content\/uploads\/2021\/10\/IMG_4041.jpg 1000w\" data-sizes=\"auto\" data-orig-sizes=\"(max-width: 300px) 100vw, 300px\" \/><\/b><\/strong><\/p>\n<p>Cihazlar\u0131n\u0131z\u0131 premium \u00fcr\u00fcnlerimizle y\u00fckseltin <a href=\"https:\/\/richarms.com\/tr\/urun-kategori\/medical-electrical-snap\/\"><strong>manyetik elektrik konnekt\u00f6rleri<\/strong><\/a> e\u015fsiz g\u00fcvenilirlik ve verimlilik i\u00e7in.<\/p>\n<p><strong><b>\u00a0<\/b><\/strong><\/p>","protected":false},"excerpt":{"rendered":"<p>Tip:10mm 180 Derece elektrikli manyetik \u00e7\u0131t\u00e7\u0131t<br \/>\nMalzeme Pirin\u00e7, demir, m\u0131knat\u0131s<br \/>\nModel Numaras\u0131: RC-E1801020<br \/>\nBoyut: 10x2mm<br \/>\nRenk: Nikel<br \/>\nAmbalaj: kutu ve karton<br \/>\nNakliye: LCL \/ DHL \/ FedEx \/ TNT \/ Di\u011fer<\/p>","protected":false},"featured_media":7895,"template":"","meta":[],"product_brand":[],"product_cat":[110],"product_tag":[],"class_list":{"0":"post-7904","1":"product","2":"type-product","3":"status-publish","4":"has-post-thumbnail","6":"product_cat-medical-electrical-snap","8":"first","9":"instock","10":"shipping-taxable","11":"product-type-simple"},"aioseo_notices":[],"_links":{"self":[{"href":"https:\/\/richarms.com\/tr\/wp-json\/wp\/v2\/product\/7904","targetHints":{"allow":["GET"]}}],"collection":[{"href":"https:\/\/richarms.com\/tr\/wp-json\/wp\/v2\/product"}],"about":[{"href":"https:\/\/richarms.com\/tr\/wp-json\/wp\/v2\/types\/product"}],"wp:featuredmedia":[{"embeddable":true,"href":"https:\/\/richarms.com\/tr\/wp-json\/wp\/v2\/media\/7895"}],"wp:attachment":[{"href":"https:\/\/richarms.com\/tr\/wp-json\/wp\/v2\/media?parent=7904"}],"wp:term":[{"taxonomy":"product_brand","embeddable":true,"href":"https:\/\/richarms.com\/tr\/wp-json\/wp\/v2\/product_brand?post=7904"},{"taxonomy":"product_cat","embeddable":true,"href":"https:\/\/richarms.com\/tr\/wp-json\/wp\/v2\/product_cat?post=7904"},{"taxonomy":"product_tag","embeddable":true,"href":"https:\/\/richarms.com\/tr\/wp-json\/wp\/v2\/product_tag?post=7904"}],"curies":[{"name":"wp","href":"https:\/\/api.w.org\/{rel}","templated":true}]}}