{"id":8036,"date":"2024-10-23T09:31:03","date_gmt":"2024-10-23T01:31:03","guid":{"rendered":"https:\/\/richarms.com\/?post_type=product&#038;p=8036"},"modified":"2025-04-29T16:05:00","modified_gmt":"2025-04-29T08:05:00","slug":"magnetic-pin-backs","status":"publish","type":"product","link":"https:\/\/richarms.com\/tr\/product\/magnetic-pin-backs","title":{"rendered":"Manyetik Pim S\u0131rtl\u0131klar\u0131"},"content":{"rendered":"<h1>Manyetik \u0130\u011fne Arkal\u0131klar\u0131 Toptan Sat\u0131\u015f - Favori \u0130\u011fnelerinizi Buzdolab\u0131 M\u0131knat\u0131slar\u0131na D\u00f6n\u00fc\u015ft\u00fcr\u00fcn!<\/h1>\n<p>Emaye i\u011fnelerinizi bizim ile d\u00f6n\u00fc\u015ft\u00fcr\u00fcn <strong>Manyetik Pim S\u0131rtl\u0131klar\u0131<\/strong>sevdi\u011finiz i\u011fne koleksiyonunuzu kolayca \u015f\u0131k buzdolab\u0131 m\u0131knat\u0131slar\u0131na d\u00f6n\u00fc\u015ft\u00fcrmek i\u00e7in tasarlanm\u0131\u015ft\u0131r. G\u00fc\u00e7l\u00fc m\u0131knat\u0131slara ve g\u00fcvenli bir tutu\u015fa sahip olan bu manyetik i\u011fne arkal\u0131klar\u0131, genellikle orijinal i\u011fne arkal\u0131klar\u0131n\u0131 kaybeden i\u011fneleri sergilemek i\u00e7in m\u00fckemmel bir \u00e7\u00f6z\u00fcmd\u00fcr ve evinize dekoratif bir dokunu\u015f katarken s\u0131k\u0131ca yerinde kalmalar\u0131n\u0131 sa\u011flar.<\/p>\n<p>Manyetik Pim S\u0131rtlar\u0131 Boyut:<br \/>\nBoyut: D 11.05mm x Y 8.6mm<br \/>\nA\u011f\u0131rl\u0131k: 3,2 g<\/p>\n<p><img decoding=\"async\" class=\"lazyload size-medium wp-image-8042\" src=\"https:\/\/richarms.com\/wp-content\/uploads\/2024\/10\/IMG_4812-300x217.jpg\" data-orig-src=\"https:\/\/richarms.com\/wp-content\/uploads\/2024\/10\/IMG_4812-300x217.jpg\" alt=\"Wholesale magnetic pin backs from a trusted China hardware factory, available in various colors. Perfect for securing enamel pins or converting them into magnets.\" width=\"300\" height=\"217\" srcset=\"data:image\/svg+xml,%3Csvg%20xmlns%3D%27http%3A%2F%2Fwww.w3.org%2F2000%2Fsvg%27%20width%3D%27300%27%20height%3D%27217%27%20viewBox%3D%270%200%20300%20217%27%3E%3Crect%20width%3D%27300%27%20height%3D%27217%27%20fill-opacity%3D%220%22%2F%3E%3C%2Fsvg%3E\" data-srcset=\"https:\/\/richarms.com\/wp-content\/uploads\/2024\/10\/IMG_4812-200x145.jpg 200w, https:\/\/richarms.com\/wp-content\/uploads\/2024\/10\/IMG_4812-300x217.jpg 300w, https:\/\/richarms.com\/wp-content\/uploads\/2024\/10\/IMG_4812-400x290.jpg 400w, https:\/\/richarms.com\/wp-content\/uploads\/2024\/10\/IMG_4812-500x362.jpg 500w, https:\/\/richarms.com\/wp-content\/uploads\/2024\/10\/IMG_4812-600x435.jpg 600w, https:\/\/richarms.com\/wp-content\/uploads\/2024\/10\/IMG_4812-700x507.jpg 700w, https:\/\/richarms.com\/wp-content\/uploads\/2024\/10\/IMG_4812-768x557.jpg 768w, https:\/\/richarms.com\/wp-content\/uploads\/2024\/10\/IMG_4812.jpg 799w\" data-sizes=\"auto\" data-orig-sizes=\"(max-width: 300px) 100vw, 300px\" \/><\/p>\n<p><img decoding=\"async\" class=\"lazyload size-medium wp-image-8047\" src=\"https:\/\/richarms.com\/wp-content\/uploads\/2024\/10\/IMG_4816-300x261.jpg\" data-orig-src=\"https:\/\/richarms.com\/wp-content\/uploads\/2024\/10\/IMG_4816-300x261.jpg\" alt=\"Wholesale magnetic pin backs from a trusted China hardware factory, available in various colors. Perfect for securing enamel pins or converting them into magnets.\" width=\"300\" height=\"261\" srcset=\"data:image\/svg+xml,%3Csvg%20xmlns%3D%27http%3A%2F%2Fwww.w3.org%2F2000%2Fsvg%27%20width%3D%27300%27%20height%3D%27261%27%20viewBox%3D%270%200%20300%20261%27%3E%3Crect%20width%3D%27300%27%20height%3D%27261%27%20fill-opacity%3D%220%22%2F%3E%3C%2Fsvg%3E\" data-srcset=\"https:\/\/richarms.com\/wp-content\/uploads\/2024\/10\/IMG_4816-200x174.jpg 200w, https:\/\/richarms.com\/wp-content\/uploads\/2024\/10\/IMG_4816-300x261.jpg 300w, https:\/\/richarms.com\/wp-content\/uploads\/2024\/10\/IMG_4816-400x349.jpg 400w, https:\/\/richarms.com\/wp-content\/uploads\/2024\/10\/IMG_4816-500x436.jpg 500w, https:\/\/richarms.com\/wp-content\/uploads\/2024\/10\/IMG_4816-600x523.jpg 600w, https:\/\/richarms.com\/wp-content\/uploads\/2024\/10\/IMG_4816-700x610.jpg 700w, https:\/\/richarms.com\/wp-content\/uploads\/2024\/10\/IMG_4816-768x669.jpg 768w, https:\/\/richarms.com\/wp-content\/uploads\/2024\/10\/IMG_4816.jpg 800w\" data-sizes=\"auto\" data-orig-sizes=\"(max-width: 300px) 100vw, 300px\" \/><\/p>\n<h4><strong>Temel \u00d6zellikler:<\/strong><\/h4>\n<ul>\n<li><strong>G\u00fc\u00e7l\u00fc M\u0131knat\u0131slar ve G\u00fcvenli Tutu\u015f:<\/strong> Bizim <strong>i\u011fneler i\u00e7in manyetik arkal\u0131klar<\/strong> emaye i\u011fnelerinizi buzdolab\u0131 veya ilan panolar\u0131 gibi metal y\u00fczeylerde sergilemek i\u00e7in g\u00fcvenilir bir \u00e7\u00f6z\u00fcm sunar. Sa\u011flam manyetik kuvvet, i\u011fnelerinizin g\u00fcvenli bir \u015fekilde sabitlenmesini sa\u011flayarak kaymalar\u0131n\u0131 veya d\u00fc\u015fmelerini \u00f6nler.<br \/>\n<img decoding=\"async\" class=\"lazyload size-medium wp-image-8046\" src=\"https:\/\/richarms.com\/wp-content\/uploads\/2024\/10\/IMG_4819-300x300.jpg\" data-orig-src=\"https:\/\/richarms.com\/wp-content\/uploads\/2024\/10\/IMG_4819-300x300.jpg\" alt=\"Our magnetic backs for pins offer a reliable solution for showcasing your enamel pins on metal surfaces, such as refrigerators or bulletin boards\" width=\"300\" height=\"300\" srcset=\"data:image\/svg+xml,%3Csvg%20xmlns%3D%27http%3A%2F%2Fwww.w3.org%2F2000%2Fsvg%27%20width%3D%27300%27%20height%3D%27300%27%20viewBox%3D%270%200%20300%20300%27%3E%3Crect%20width%3D%27300%27%20height%3D%27300%27%20fill-opacity%3D%220%22%2F%3E%3C%2Fsvg%3E\" data-srcset=\"https:\/\/richarms.com\/wp-content\/uploads\/2024\/10\/IMG_4819-66x66.jpg 66w, https:\/\/richarms.com\/wp-content\/uploads\/2024\/10\/IMG_4819-100x100.jpg 100w, https:\/\/richarms.com\/wp-content\/uploads\/2024\/10\/IMG_4819-150x150.jpg 150w, https:\/\/richarms.com\/wp-content\/uploads\/2024\/10\/IMG_4819-200x200.jpg 200w, https:\/\/richarms.com\/wp-content\/uploads\/2024\/10\/IMG_4819-300x300.jpg 300w, https:\/\/richarms.com\/wp-content\/uploads\/2024\/10\/IMG_4819-400x400.jpg 400w, https:\/\/richarms.com\/wp-content\/uploads\/2024\/10\/IMG_4819-500x500.jpg 500w, https:\/\/richarms.com\/wp-content\/uploads\/2024\/10\/IMG_4819-600x600.jpg 600w, https:\/\/richarms.com\/wp-content\/uploads\/2024\/10\/IMG_4819-700x700.jpg 700w, https:\/\/richarms.com\/wp-content\/uploads\/2024\/10\/IMG_4819-768x768.jpg 768w, https:\/\/richarms.com\/wp-content\/uploads\/2024\/10\/IMG_4819.jpg 800w\" data-sizes=\"auto\" data-orig-sizes=\"(max-width: 300px) 100vw, 300px\" \/><img decoding=\"async\" class=\"lazyload size-medium wp-image-8045\" src=\"https:\/\/richarms.com\/wp-content\/uploads\/2024\/10\/IMG_4813-300x254.jpg\" data-orig-src=\"https:\/\/richarms.com\/wp-content\/uploads\/2024\/10\/IMG_4813-300x254.jpg\" alt=\"Our magnetic backs for pins offer a reliable solution for showcasing your enamel pins on metal surfaces, such as refrigerators or bulletin boards\" width=\"300\" height=\"254\" srcset=\"data:image\/svg+xml,%3Csvg%20xmlns%3D%27http%3A%2F%2Fwww.w3.org%2F2000%2Fsvg%27%20width%3D%27300%27%20height%3D%27254%27%20viewBox%3D%270%200%20300%20254%27%3E%3Crect%20width%3D%27300%27%20height%3D%27254%27%20fill-opacity%3D%220%22%2F%3E%3C%2Fsvg%3E\" data-srcset=\"https:\/\/richarms.com\/wp-content\/uploads\/2024\/10\/IMG_4813-200x169.jpg 200w, https:\/\/richarms.com\/wp-content\/uploads\/2024\/10\/IMG_4813-300x254.jpg 300w, https:\/\/richarms.com\/wp-content\/uploads\/2024\/10\/IMG_4813-400x338.jpg 400w, https:\/\/richarms.com\/wp-content\/uploads\/2024\/10\/IMG_4813-500x423.jpg 500w, https:\/\/richarms.com\/wp-content\/uploads\/2024\/10\/IMG_4813-600x508.jpg 600w, https:\/\/richarms.com\/wp-content\/uploads\/2024\/10\/IMG_4813-700x592.jpg 700w, https:\/\/richarms.com\/wp-content\/uploads\/2024\/10\/IMG_4813-768x650.jpg 768w, https:\/\/richarms.com\/wp-content\/uploads\/2024\/10\/IMG_4813.jpg 799w\" data-sizes=\"auto\" data-orig-sizes=\"(max-width: 300px) 100vw, 300px\" \/><\/li>\n<li><strong>Kolay Kullan\u0131m:<\/strong> \u0130\u011fnelerinizi d\u00f6n\u00fc\u015ft\u00fcrmek \u00e7ok kolay! Sadece orijinal pimi \u00e7\u0131kar\u0131n ve bizim <strong>m\u0131knat\u0131sl\u0131 i\u011fne arkal\u0131klar\u0131<\/strong> \u0130\u011fnenin \u00fczerinde. Hem pratik hem de \u015f\u0131k, g\u00f6z al\u0131c\u0131 bir g\u00f6r\u00fcnt\u00fc i\u00e7in bunlar\u0131 herhangi bir manyetik y\u00fczeye yerle\u015ftirin.<br \/>\n<img decoding=\"async\" class=\"lazyload size-medium wp-image-8044\" src=\"https:\/\/richarms.com\/wp-content\/uploads\/2024\/10\/IMG_4814-300x236.jpg\" data-orig-src=\"https:\/\/richarms.com\/wp-content\/uploads\/2024\/10\/IMG_4814-300x236.jpg\" alt=\"Easy to Use: Converting your pins is a breeze! Simply remove the original pin back and slide our magnet pin backs over the pin\" width=\"300\" height=\"236\" srcset=\"data:image\/svg+xml,%3Csvg%20xmlns%3D%27http%3A%2F%2Fwww.w3.org%2F2000%2Fsvg%27%20width%3D%27300%27%20height%3D%27236%27%20viewBox%3D%270%200%20300%20236%27%3E%3Crect%20width%3D%27300%27%20height%3D%27236%27%20fill-opacity%3D%220%22%2F%3E%3C%2Fsvg%3E\" data-srcset=\"https:\/\/richarms.com\/wp-content\/uploads\/2024\/10\/IMG_4814-200x157.jpg 200w, https:\/\/richarms.com\/wp-content\/uploads\/2024\/10\/IMG_4814-300x236.jpg 300w, https:\/\/richarms.com\/wp-content\/uploads\/2024\/10\/IMG_4814-400x315.jpg 400w, https:\/\/richarms.com\/wp-content\/uploads\/2024\/10\/IMG_4814-500x394.jpg 500w, https:\/\/richarms.com\/wp-content\/uploads\/2024\/10\/IMG_4814-600x472.jpg 600w, https:\/\/richarms.com\/wp-content\/uploads\/2024\/10\/IMG_4814-700x551.jpg 700w, https:\/\/richarms.com\/wp-content\/uploads\/2024\/10\/IMG_4814-768x605.jpg 768w, https:\/\/richarms.com\/wp-content\/uploads\/2024\/10\/IMG_4814.jpg 799w\" data-sizes=\"auto\" data-orig-sizes=\"(max-width: 300px) 100vw, 300px\" \/><\/p>\n<p><div id=\"attachment_8043\" style=\"width: 310px\" class=\"wp-caption alignnone\"><img decoding=\"async\" aria-describedby=\"caption-attachment-8043\" class=\"lazyload size-medium wp-image-8043\" src=\"https:\/\/richarms.com\/wp-content\/uploads\/2024\/10\/IMG_4810-300x300.jpg\" data-orig-src=\"https:\/\/richarms.com\/wp-content\/uploads\/2024\/10\/IMG_4810-300x300.jpg\" alt=\"Easy to Use: Converting your pins is a breeze! Simply remove the original pin back and slide our magnet pin backs over the pin\" width=\"300\" height=\"300\" srcset=\"data:image\/svg+xml,%3Csvg%20xmlns%3D%27http%3A%2F%2Fwww.w3.org%2F2000%2Fsvg%27%20width%3D%27300%27%20height%3D%27300%27%20viewBox%3D%270%200%20300%20300%27%3E%3Crect%20width%3D%27300%27%20height%3D%27300%27%20fill-opacity%3D%220%22%2F%3E%3C%2Fsvg%3E\" data-srcset=\"https:\/\/richarms.com\/wp-content\/uploads\/2024\/10\/IMG_4810-66x66.jpg 66w, https:\/\/richarms.com\/wp-content\/uploads\/2024\/10\/IMG_4810-100x100.jpg 100w, https:\/\/richarms.com\/wp-content\/uploads\/2024\/10\/IMG_4810-150x150.jpg 150w, https:\/\/richarms.com\/wp-content\/uploads\/2024\/10\/IMG_4810-200x200.jpg 200w, https:\/\/richarms.com\/wp-content\/uploads\/2024\/10\/IMG_4810-300x300.jpg 300w, https:\/\/richarms.com\/wp-content\/uploads\/2024\/10\/IMG_4810-400x400.jpg 400w, https:\/\/richarms.com\/wp-content\/uploads\/2024\/10\/IMG_4810-500x500.jpg 500w, https:\/\/richarms.com\/wp-content\/uploads\/2024\/10\/IMG_4810-600x600.jpg 600w, https:\/\/richarms.com\/wp-content\/uploads\/2024\/10\/IMG_4810-700x700.jpg 700w, https:\/\/richarms.com\/wp-content\/uploads\/2024\/10\/IMG_4810-768x768.jpg 768w, https:\/\/richarms.com\/wp-content\/uploads\/2024\/10\/IMG_4810-800x800.jpg 800w, https:\/\/richarms.com\/wp-content\/uploads\/2024\/10\/IMG_4810-1024x1024.jpg 1024w, https:\/\/richarms.com\/wp-content\/uploads\/2024\/10\/IMG_4810-1200x1200.jpg 1200w, https:\/\/richarms.com\/wp-content\/uploads\/2024\/10\/IMG_4810-1536x1536.jpg 1536w, https:\/\/richarms.com\/wp-content\/uploads\/2024\/10\/IMG_4810.jpg 1920w\" data-sizes=\"auto\" data-orig-sizes=\"(max-width: 300px) 100vw, 300px\" \/><p id=\"caption-attachment-8043\" class=\"wp-caption-text\">Kullan\u0131m\u0131 Kolay: \u0130\u011fnelerinizi d\u00f6n\u00fc\u015ft\u00fcrmek \u00e7ok kolay! Sadece orijinal pim arkal\u0131\u011f\u0131n\u0131 \u00e7\u0131kar\u0131n ve m\u0131knat\u0131sl\u0131 pim arkal\u0131klar\u0131m\u0131z\u0131 pimin \u00fczerine kayd\u0131r\u0131n<\/p><\/div><\/li>\n<li><strong>Harika Hediye Fikri:<\/strong> Bunlar <strong>manyetik pim deste\u011fi<\/strong> se\u00e7enekleri, en sevdikleri i\u011fneleri \u00e7ekmecelerden \u00e7\u0131kar\u0131p sergilemek isteyen i\u011fne koleksiyoncular\u0131 i\u00e7in m\u00fckemmeldir. \u0130ster Disney'den ister yerel ma\u011fazalardan \u00f6zel i\u011fneler toplam\u0131\u015f olun, bu d\u00f6n\u00fc\u015ft\u00fcr\u00fcc\u00fcler t\u00fcm merakl\u0131lar i\u00e7in \u015fiddetle tavsiye edilen bir hediyedir.<\/li>\n<li><strong>Dayan\u0131kl\u0131 Malzeme:<\/strong> Y\u00fcksek kaliteli metalden \u00fcretilen <strong>manyetik i\u011fne arkal\u0131klar\u0131<\/strong> i\u011fnelerinize zarar vermeden g\u00fcnl\u00fck kullan\u0131ma dayanacak \u015fekilde tasarlanm\u0131\u015ft\u0131r. Do\u011fru kullan\u0131ld\u0131\u011f\u0131nda, de\u011ferli emaye i\u011fnelerinizin bozulmam\u0131\u015f durumunu koruyacak ve endi\u015felenmeden keyfini \u00e7\u0131karman\u0131z\u0131 sa\u011flayacakt\u0131r.<\/li>\n<li><strong>C\u00f6mert Miktar:<\/strong> Her pakette 50 adet <strong>m\u0131knat\u0131sl\u0131 i\u011fne arkal\u0131klar\u0131<\/strong>Emaye i\u011fne koleksiyonunuzun b\u00fcy\u00fck bir k\u0131sm\u0131 i\u00e7in yeterli miktarda tedarik sa\u011flar. Bu c\u00f6mert miktar sayesinde koleksiyonunuz b\u00fcy\u00fcd\u00fck\u00e7e i\u011fnelerinizi kolayca de\u011fi\u015ftirebilirsiniz!<\/li>\n<\/ul>\n<p>\u00d6rnekler i\u00e7in bizi ziyaret edin <a href=\"http:\/\/richarmshardware.com\">online ma\u011faza<\/a> do\u011frudan sipari\u015f vermek i\u00e7in. Toplu sipari\u015fler i\u00e7in ileti\u015fime ge\u00e7mekten \u00e7ekinmeyin <a href=\"http:\/\/richarms.com\/tr\/contact\/\">sat\u0131\u015f ekibimiz<\/a> rekabet\u00e7i toptan sat\u0131\u015f fiyatlar\u0131 i\u00e7in.<\/p>\n<p>\u0130\u011fne koleksiyonunuzu bizim <strong>en iyi manyetik i\u011fne arkal\u0131klar\u0131<\/strong> Bug\u00fcn!<\/p>","protected":false},"excerpt":{"rendered":"<p><strong>Fabrika Toptan Sat\u0131\u015f Manyetik Pim S\u0131rtlar\u0131<br \/>\n<\/strong><strong>Boyut<\/strong>: D 11.05mm x Y 8.6mm<br \/>\n<strong>A\u011f\u0131rl\u0131k<\/strong>: 3.2g<br \/>\nEmaye i\u011fneleri kuma\u015fa zarar vermeden g\u00fcvenli bir \u015fekilde tutar<br \/>\n\u0130\u011fneleri buzdolab\u0131 m\u0131knat\u0131s\u0131na d\u00f6n\u00fc\u015ft\u00fcr\u00fcr<br \/>\nDayan\u0131kl\u0131 metal malzeme<br \/>\nFarkl\u0131 renklerde mevcuttur<br \/>\nToptan fiyatland\u0131rma i\u00e7in toplu sipari\u015fler kabul edilir<\/p>","protected":false},"featured_media":8037,"template":"","meta":[],"product_brand":[],"product_cat":[64],"product_tag":[],"class_list":{"0":"post-8036","1":"product","2":"type-product","3":"status-publish","4":"has-post-thumbnail","6":"product_cat-magnetic-name-tag","8":"first","9":"instock","10":"shipping-taxable","11":"product-type-simple"},"aioseo_notices":[],"_links":{"self":[{"href":"https:\/\/richarms.com\/tr\/wp-json\/wp\/v2\/product\/8036","targetHints":{"allow":["GET"]}}],"collection":[{"href":"https:\/\/richarms.com\/tr\/wp-json\/wp\/v2\/product"}],"about":[{"href":"https:\/\/richarms.com\/tr\/wp-json\/wp\/v2\/types\/product"}],"wp:featuredmedia":[{"embeddable":true,"href":"https:\/\/richarms.com\/tr\/wp-json\/wp\/v2\/media\/8037"}],"wp:attachment":[{"href":"https:\/\/richarms.com\/tr\/wp-json\/wp\/v2\/media?parent=8036"}],"wp:term":[{"taxonomy":"product_brand","embeddable":true,"href":"https:\/\/richarms.com\/tr\/wp-json\/wp\/v2\/product_brand?post=8036"},{"taxonomy":"product_cat","embeddable":true,"href":"https:\/\/richarms.com\/tr\/wp-json\/wp\/v2\/product_cat?post=8036"},{"taxonomy":"product_tag","embeddable":true,"href":"https:\/\/richarms.com\/tr\/wp-json\/wp\/v2\/product_tag?post=8036"}],"curies":[{"name":"wp","href":"https:\/\/api.w.org\/{rel}","templated":true}]}}