{"id":8234,"date":"2025-03-13T16:32:06","date_gmt":"2025-03-13T08:32:06","guid":{"rendered":"https:\/\/richarms.com\/?post_type=product&#038;p=8234"},"modified":"2025-03-13T17:10:08","modified_gmt":"2025-03-13T09:10:08","slug":"handshake-magnetic-bracelet-clasp","status":"publish","type":"product","link":"https:\/\/richarms.com\/tr\/product\/handshake-magnetic-bracelet-clasp","title":{"rendered":"El S\u0131k\u0131\u015fma Manyetik Bileklik Tokas\u0131 - Zn Ala\u015f\u0131ml\u0131 Kilit"},"content":{"rendered":"<h1 data-start=\"304\" data-end=\"372\"><strong data-start=\"306\" data-end=\"372\">El S\u0131k\u0131\u015fma Manyetik Bileklik Tokas\u0131: Birlik ve Tarz\u0131 Simgeliyor<\/strong><\/h1>\n<p data-start=\"374\" data-end=\"848\">Sadece esteti\u011fin \u00f6tesine ge\u00e7en bir m\u00fccevher par\u00e7as\u0131 istedi\u011finizde <strong data-start=\"445\" data-end=\"482\">El S\u0131k\u0131\u015fma Manyetik Bileklik Tokas\u0131<\/strong> hem g\u00f6rsel \u00e7ekicilik hem de anlaml\u0131 bir sembolizm sunar. Hipoalerjenik zn ala\u015f\u0131m\u0131ndan \u00fcretilen bu toka, gizli m\u0131knat\u0131slar arac\u0131l\u0131\u011f\u0131yla birbirine ge\u00e7erek unutulmaz bir el s\u0131k\u0131\u015fma motifi olu\u015fturan birbirine kenetlenmi\u015f iki ele sahiptir. \u0130ster arkada\u015fl\u0131k, ister aile ba\u011flar\u0131 veya kurumsal hediyeler i\u00e7in bileklikler tasarl\u0131yor olun, bu toka piyasada \u00f6ne \u00e7\u0131kan ki\u015fisel bir dokunu\u015f katar.<\/p>\n<hr data-start=\"850\" data-end=\"853\" \/>\n<h2 data-start=\"855\" data-end=\"892\"><strong data-start=\"858\" data-end=\"892\">Hikaye Anlatan Bir Toka<\/strong><\/h2>\n<h3 data-start=\"894\" data-end=\"928\"><strong data-start=\"898\" data-end=\"928\">Benzersiz El S\u0131k\u0131\u015fma \u015eekli<\/strong><\/h3>\n<p data-start=\"930\" data-end=\"1331\">Bu tokan\u0131n en \u00f6nemli \u00f6zelli\u011fi kendine \u00f6zg\u00fc el s\u0131k\u0131\u015fma tasar\u0131m\u0131d\u0131r. Her bir el bir m\u0131knat\u0131s i\u00e7erir ve bir araya getirildiklerinde, t\u0131pk\u0131 ger\u00e7ek hayattaki s\u0131k\u0131 bir el s\u0131k\u0131\u015fma gibi g\u00fcvenli bir \u015fekilde kilitlenirler. Birlik, g\u00fcven ve i\u015fbirli\u011fini \u00e7a\u011fr\u0131\u015ft\u0131ran bu jest; ortakl\u0131klar\u0131, ekip \u00e7al\u0131\u015fmas\u0131n\u0131 ya da d\u00fc\u011f\u00fcn, y\u0131ld\u00f6n\u00fcm\u00fc veya kurumsal d\u00f6n\u00fcm noktalar\u0131 gibi \u00f6zel g\u00fcnleri kutlayan temal\u0131 tak\u0131 par\u00e7alar\u0131 i\u00e7in m\u00fckemmeldir.<\/p>\n<table style=\"border-collapse: collapse; width: 763px; height: 325px;\" border=\"0\" width=\"96\" cellspacing=\"0\" cellpadding=\"0\">\n<tbody>\n<tr style=\"height: 16.80pt;\">\n<td style=\"height: 16.80pt; width: 48.00pt;\" width=\"48\" height=\"16\">\n<p><div id=\"attachment_8236\" style=\"width: 303px\" class=\"wp-caption alignnone\"><img decoding=\"async\" aria-describedby=\"caption-attachment-8236\" class=\"lazyload wp-image-8236\" src=\"https:\/\/richarms.com\/wp-content\/uploads\/2025\/03\/41941741853964_.pic_.jpg\" data-orig-src=\"https:\/\/richarms.com\/wp-content\/uploads\/2025\/03\/41941741853964_.pic_.jpg\" alt=\"Close-up of handshake magnetic clasp on a pearl bracelet, showing how the hands interlock.\" width=\"293\" height=\"293\" srcset=\"data:image\/svg+xml,%3Csvg%20xmlns%3D%27http%3A%2F%2Fwww.w3.org%2F2000%2Fsvg%27%20width%3D%27293%27%20height%3D%27293%27%20viewBox%3D%270%200%20293%20293%27%3E%3Crect%20width%3D%27293%27%20height%3D%27293%27%20fill-opacity%3D%220%22%2F%3E%3C%2Fsvg%3E\" data-srcset=\"https:\/\/richarms.com\/wp-content\/uploads\/2025\/03\/41941741853964_.pic_-66x66.jpg 66w, https:\/\/richarms.com\/wp-content\/uploads\/2025\/03\/41941741853964_.pic_-100x100.jpg 100w, https:\/\/richarms.com\/wp-content\/uploads\/2025\/03\/41941741853964_.pic_-150x150.jpg 150w, https:\/\/richarms.com\/wp-content\/uploads\/2025\/03\/41941741853964_.pic_-200x200.jpg 200w, https:\/\/richarms.com\/wp-content\/uploads\/2025\/03\/41941741853964_.pic_-300x300.jpg 300w, https:\/\/richarms.com\/wp-content\/uploads\/2025\/03\/41941741853964_.pic_-400x400.jpg 400w, https:\/\/richarms.com\/wp-content\/uploads\/2025\/03\/41941741853964_.pic_-500x500.jpg 500w, https:\/\/richarms.com\/wp-content\/uploads\/2025\/03\/41941741853964_.pic_-600x600.jpg 600w, https:\/\/richarms.com\/wp-content\/uploads\/2025\/03\/41941741853964_.pic_-700x700.jpg 700w, https:\/\/richarms.com\/wp-content\/uploads\/2025\/03\/41941741853964_.pic_-768x768.jpg 768w, https:\/\/richarms.com\/wp-content\/uploads\/2025\/03\/41941741853964_.pic_.jpg 800w\" data-sizes=\"auto\" data-orig-sizes=\"(max-width: 293px) 100vw, 293px\" \/><p id=\"caption-attachment-8236\" class=\"wp-caption-text\">Birbirine kenetlenen ellere daha yak\u0131ndan bak\u0131ld\u0131\u011f\u0131nda, g\u00fcvenilir ve dekoratif bir manyetik kapan\u0131\u015f g\u00f6r\u00fcl\u00fcr.<\/p><\/div><\/td>\n<td style=\"width: 48.00pt;\" width=\"48\">\n<p><div id=\"attachment_8235\" style=\"width: 298px\" class=\"wp-caption alignnone\"><img decoding=\"async\" aria-describedby=\"caption-attachment-8235\" class=\"lazyload wp-image-8235\" src=\"https:\/\/richarms.com\/wp-content\/uploads\/2025\/03\/41931741853963_.pic_.jpg\" data-orig-src=\"https:\/\/richarms.com\/wp-content\/uploads\/2025\/03\/41931741853963_.pic_.jpg\" alt=\"Handshake magnetic clasp attached to a pearl bracelet, showcasing a secure closure.\" width=\"288\" height=\"288\" srcset=\"data:image\/svg+xml,%3Csvg%20xmlns%3D%27http%3A%2F%2Fwww.w3.org%2F2000%2Fsvg%27%20width%3D%27288%27%20height%3D%27288%27%20viewBox%3D%270%200%20288%20288%27%3E%3Crect%20width%3D%27288%27%20height%3D%27288%27%20fill-opacity%3D%220%22%2F%3E%3C%2Fsvg%3E\" data-srcset=\"https:\/\/richarms.com\/wp-content\/uploads\/2025\/03\/41931741853963_.pic_-66x66.jpg 66w, https:\/\/richarms.com\/wp-content\/uploads\/2025\/03\/41931741853963_.pic_-100x100.jpg 100w, https:\/\/richarms.com\/wp-content\/uploads\/2025\/03\/41931741853963_.pic_-150x150.jpg 150w, https:\/\/richarms.com\/wp-content\/uploads\/2025\/03\/41931741853963_.pic_-200x200.jpg 200w, https:\/\/richarms.com\/wp-content\/uploads\/2025\/03\/41931741853963_.pic_-300x300.jpg 300w, https:\/\/richarms.com\/wp-content\/uploads\/2025\/03\/41931741853963_.pic_-400x400.jpg 400w, https:\/\/richarms.com\/wp-content\/uploads\/2025\/03\/41931741853963_.pic_-500x500.jpg 500w, https:\/\/richarms.com\/wp-content\/uploads\/2025\/03\/41931741853963_.pic_-600x600.jpg 600w, https:\/\/richarms.com\/wp-content\/uploads\/2025\/03\/41931741853963_.pic_-700x700.jpg 700w, https:\/\/richarms.com\/wp-content\/uploads\/2025\/03\/41931741853963_.pic_-768x768.jpg 768w, https:\/\/richarms.com\/wp-content\/uploads\/2025\/03\/41931741853963_.pic_.jpg 800w\" data-sizes=\"auto\" data-orig-sizes=\"(max-width: 288px) 100vw, 288px\" \/><p id=\"caption-attachment-8235\" class=\"wp-caption-text\">Birbirine kilitlenen iki el \u015feklindeki \u015f\u0131k toka, inci bilezi\u011fe hem i\u015flevsellik hem de duygu kat\u0131yor.<\/p><\/div><\/td>\n<\/tr>\n<\/tbody>\n<\/table>\n<h3 data-start=\"1333\" data-end=\"1368\"><strong data-start=\"1337\" data-end=\"1368\">G\u00fc\u00e7l\u00fc Manyetik Kapatma<\/strong><\/h3>\n<p data-start=\"1370\" data-end=\"1716\">Sembolik de\u011ferinin yan\u0131 s\u0131ra toka, g\u00fcnl\u00fck kullan\u0131m s\u0131ras\u0131nda bilezi\u011fin \u00e7\u00f6z\u00fclmesini \u00f6nleyen sa\u011flam bir m\u0131knat\u0131sa sahiptir. Bilezik <strong data-start=\"1507\" data-end=\"1543\">Zn Ala\u015f\u0131ml\u0131 Manyetik Kapak<\/strong> Hantal veya karma\u015f\u0131k mekanizmalara ihtiya\u00e7 duymadan g\u00fcvenilir sabitleme sa\u011flar. Kullan\u0131c\u0131lar bilezi\u011fi h\u0131zl\u0131 bir \u015fekilde tak\u0131p \u00e7\u0131karabilir, stil ve rahatl\u0131\u011f\u0131n bir kar\u0131\u015f\u0131m\u0131n\u0131n keyfini \u00e7\u0131karabilir.<\/p>\n<div id=\"attachment_8240\" style=\"width: 810px\" class=\"wp-caption alignnone\"><img decoding=\"async\" aria-describedby=\"caption-attachment-8240\" class=\"lazyload wp-image-8240 size-full\" src=\"https:\/\/richarms.com\/wp-content\/uploads\/2025\/03\/41901741853198_.pic_.jpg\" data-orig-src=\"https:\/\/richarms.com\/wp-content\/uploads\/2025\/03\/41901741853198_.pic_.jpg\" alt=\"Stainless steel chain bracelet featuring a handshake magnetic clasp for secure closure.\" width=\"800\" height=\"800\" srcset=\"data:image\/svg+xml,%3Csvg%20xmlns%3D%27http%3A%2F%2Fwww.w3.org%2F2000%2Fsvg%27%20width%3D%27800%27%20height%3D%27800%27%20viewBox%3D%270%200%20800%20800%27%3E%3Crect%20width%3D%27800%27%20height%3D%27800%27%20fill-opacity%3D%220%22%2F%3E%3C%2Fsvg%3E\" data-srcset=\"https:\/\/richarms.com\/wp-content\/uploads\/2025\/03\/41901741853198_.pic_-66x66.jpg 66w, https:\/\/richarms.com\/wp-content\/uploads\/2025\/03\/41901741853198_.pic_-100x100.jpg 100w, https:\/\/richarms.com\/wp-content\/uploads\/2025\/03\/41901741853198_.pic_-150x150.jpg 150w, https:\/\/richarms.com\/wp-content\/uploads\/2025\/03\/41901741853198_.pic_-200x200.jpg 200w, https:\/\/richarms.com\/wp-content\/uploads\/2025\/03\/41901741853198_.pic_-300x300.jpg 300w, https:\/\/richarms.com\/wp-content\/uploads\/2025\/03\/41901741853198_.pic_-400x400.jpg 400w, https:\/\/richarms.com\/wp-content\/uploads\/2025\/03\/41901741853198_.pic_-500x500.jpg 500w, https:\/\/richarms.com\/wp-content\/uploads\/2025\/03\/41901741853198_.pic_-600x600.jpg 600w, https:\/\/richarms.com\/wp-content\/uploads\/2025\/03\/41901741853198_.pic_-700x700.jpg 700w, https:\/\/richarms.com\/wp-content\/uploads\/2025\/03\/41901741853198_.pic_-768x768.jpg 768w, https:\/\/richarms.com\/wp-content\/uploads\/2025\/03\/41901741853198_.pic_.jpg 800w\" data-sizes=\"auto\" data-orig-sizes=\"(max-width: 800px) 100vw, 800px\" \/><p id=\"caption-attachment-8240\" class=\"wp-caption-text\">G\u00fcvenli bir el s\u0131k\u0131\u015fma manyetik toka ile tamamlanan cilal\u0131 \u00e7elik zincir, stil ve sembolizmi harmanl\u0131yor.<\/p><\/div>\n<hr data-start=\"1718\" data-end=\"1721\" \/>\n<h2 data-start=\"1723\" data-end=\"1775\"><strong data-start=\"1726\" data-end=\"1775\">\u00c7evre Dostu Zn Ala\u015f\u0131ml\u0131 Yap\u0131<\/strong><\/h2>\n<p data-start=\"1777\" data-end=\"1938\">Do\u011fru malzemeyi se\u00e7mek konfor, dayan\u0131kl\u0131l\u0131k ve genel kalite i\u00e7in \u00e7ok \u00f6nemlidir. El s\u0131k\u0131\u015fma tokam\u0131z \u015funlardan yap\u0131lm\u0131\u015ft\u0131r <strong data-start=\"1895\" data-end=\"1927\">\u00e7evre dostu zn ala\u015fimi<\/strong>yani:<\/p>\n<ul data-start=\"1940\" data-end=\"2218\">\n<li data-start=\"1940\" data-end=\"2019\"><strong data-start=\"1942\" data-end=\"1959\">Alerji i\u00e7ermez:<\/strong> Hassas ciltler i\u00e7in g\u00fcvenlidir, tahri\u015f riskini azalt\u0131r.<\/li>\n<li data-start=\"2020\" data-end=\"2112\"><strong data-start=\"2022\" data-end=\"2046\">Korozyona Dayan\u0131kl\u0131:<\/strong> Paslanmadan neme ve d\u00fczenli kullan\u0131ma dayanacak \u015fekilde tasarlanm\u0131\u015ft\u0131r.<\/li>\n<li data-start=\"2113\" data-end=\"2218\"><strong data-start=\"2115\" data-end=\"2138\">Cilalanabilir Y\u00fczey:<\/strong> Tasar\u0131m tercihlerinize ba\u011fl\u0131 olarak kolayca y\u00fcksek parlakl\u0131kta veya mat bir y\u00fczey elde eder.<\/li>\n<\/ul>\n<p data-start=\"2220\" data-end=\"2351\">Bu da, zaman i\u00e7inde g\u00f6r\u00fcn\u00fcm\u00fcn\u00fc ve i\u015flevini koruyaca\u011f\u0131n\u0131 bilerek m\u00fc\u015fterilerinize g\u00fcvenle birinci s\u0131n\u0131f bir \u00fcr\u00fcn sunabilece\u011finiz anlam\u0131na gelir.<\/p>\n<hr data-start=\"2353\" data-end=\"2356\" \/>\n<h2 data-start=\"2358\" data-end=\"2402\"><strong data-start=\"2361\" data-end=\"2402\">B2B \u00d6zel Toptan Sat\u0131\u015f i\u00e7in \u00d6zel Olarak Tasarland\u0131<\/strong><\/h2>\n<p data-start=\"2404\" data-end=\"2504\">Toptan al\u0131c\u0131lar\u0131n benzersiz taleplerini anl\u0131yoruz, bu nedenle tokam\u0131z kapsaml\u0131 \u00f6zelle\u015ftirmeyi destekliyor:<\/p>\n<ol data-start=\"2506\" data-end=\"3111\">\n<li data-start=\"2506\" data-end=\"2651\"><strong data-start=\"2509\" data-end=\"2529\">\u00c7oklu Renkler:<\/strong> Standart y\u00fczeyler aras\u0131nda tabanca metali, alt\u0131n, pembe alt\u0131n ve g\u00fcm\u00fc\u015f, k\u0131rm\u0131z\u0131, g\u00f6kku\u015fa\u011f\u0131 ve \u00f6zelle\u015ftirme bulunur. Ba\u015fka renk tonlar\u0131na ihtiyac\u0131n\u0131z varsa, bize bildirmeniz yeterlidir.<\/li>\n<li data-start=\"2652\" data-end=\"2827\"><strong data-start=\"2655\" data-end=\"2672\">Beden Se\u00e7enekleri:<\/strong> Toka genellikle yakla\u015f\u0131k 32 \u00d7 7 \u00d7 12 mm, par\u00e7a ba\u015f\u0131na 5 g, 2 mm delik \u00f6l\u00e7\u00fclerindedir, ancak bu boyutlar\u0131 belirli bilezik tasar\u0131mlar\u0131na uyacak \u015fekilde ayarlayabiliriz.<\/li>\n<li data-start=\"2828\" data-end=\"2959\"><strong data-start=\"2831\" data-end=\"2852\">Markala\u015fma ve Logolar:<\/strong> \u015eirketinizin ad\u0131n\u0131, slogan\u0131n\u0131 veya sanat eserini <strong data-start=\"2911\" data-end=\"2930\">lazer kaz\u0131ma<\/strong> veya <strong data-start=\"2934\" data-end=\"2956\">\u00f6zel kal\u0131p tasar\u0131m\u0131<\/strong>.<\/li>\n<li data-start=\"2960\" data-end=\"3111\"><strong data-start=\"2963\" data-end=\"2987\">Ambalaj \u00c7\u00f6z\u00fcmleri:<\/strong> \u00dcr\u00fcn\u00fcn\u00fcz\u00fcn an\u0131nda perakende sat\u0131\u015fa haz\u0131r olmas\u0131 i\u00e7in basit poli po\u015fetlerden markal\u0131 hediye kutular\u0131na kadar \u00f6zel ambalajlar sunuyoruz.<\/li>\n<\/ol>\n<div class=\"overflow-x-auto contain-inline-size\">\n<table data-start=\"3113\" data-end=\"3701\">\n<thead data-start=\"3113\" data-end=\"3183\">\n<tr data-start=\"3113\" data-end=\"3183\">\n<th data-start=\"3113\" data-end=\"3141\"><strong data-start=\"3115\" data-end=\"3126\">\u00d6zellik<\/strong><\/th>\n<th data-start=\"3141\" data-end=\"3183\"><strong data-start=\"3143\" data-end=\"3154\">Detaylar<\/strong><\/th>\n<\/tr>\n<\/thead>\n<tbody data-start=\"3255\" data-end=\"3701\">\n<tr data-start=\"3255\" data-end=\"3325\">\n<td><strong data-start=\"3257\" data-end=\"3274\">Ana Malzeme<\/strong><\/td>\n<td>Zn Ala\u015f\u0131m\u0131 (Alerjisiz)<\/td>\n<\/tr>\n<tr data-start=\"3326\" data-end=\"3408\">\n<td><strong data-start=\"3328\" data-end=\"3345\">Renk Se\u00e7enekleri<\/strong><\/td>\n<td>tabanca metali, alt\u0131n, roze alt\u0131n ve g\u00fcm\u00fc\u015f, k\u0131rm\u0131z\u0131, g\u00f6kku\u015fa\u011f\u0131 ve \u00f6zelle\u015ftirme<\/td>\n<\/tr>\n<tr data-start=\"3409\" data-end=\"3479\">\n<td><strong data-start=\"3411\" data-end=\"3433\">Yakla\u015f\u0131k Boyutlar<\/strong><\/td>\n<td>32\u00d77\u00d712 mm (5g)<\/td>\n<\/tr>\n<tr data-start=\"3480\" data-end=\"3550\">\n<td><strong data-start=\"3482\" data-end=\"3503\">Kapatma Mekanizmas\u0131<\/strong><\/td>\n<td>G\u00fc\u00e7l\u00fc Gizli M\u0131knat\u0131slar<\/td>\n<\/tr>\n<tr data-start=\"3551\" data-end=\"3621\">\n<td><strong data-start=\"3553\" data-end=\"3570\">\u00d6zelle\u015ftirme<\/strong><\/td>\n<td>Logo Grav\u00fcr, Kal\u0131p Tasar\u0131m\u0131, Ambalaj<\/td>\n<\/tr>\n<tr data-start=\"3622\" data-end=\"3701\">\n<td><strong data-start=\"3624\" data-end=\"3631\">ADEDI<\/strong><\/td>\n<td>B2B i\u00e7in esnek (Online ma\u011faza \u00fczerinden k\u00fc\u00e7\u00fck sipari\u015fler)<\/td>\n<\/tr>\n<\/tbody>\n<\/table>\n<\/div>\n<hr data-start=\"3703\" data-end=\"3706\" \/>\n<h2 data-start=\"3708\" data-end=\"3760\"><strong data-start=\"3711\" data-end=\"3760\">\u00d6zel Temalar i\u00e7in \u00c7ok Y\u00f6nl\u00fc Uygulamalar<\/strong><\/h2>\n<p data-start=\"3762\" data-end=\"3894\">El s\u0131k\u0131\u015fma tokas\u0131n\u0131n en b\u00fcy\u00fck avantajlar\u0131ndan biri \u00e7ok y\u00f6nl\u00fcl\u00fc\u011f\u00fcd\u00fcr. Standart moda bileziklerin \u00f6tesinde, sorunsuz bir \u015fekilde uyum sa\u011flar:<\/p>\n<ul data-start=\"3896\" data-end=\"4283\">\n<li data-start=\"3896\" data-end=\"3968\"><strong data-start=\"3898\" data-end=\"3932\">Arkada\u015fl\u0131k ve Aile Tak\u0131lar\u0131:<\/strong> Ba\u011flar\u0131 ve birlikteli\u011fi kutlay\u0131n.<\/li>\n<li data-start=\"3969\" data-end=\"4063\"><strong data-start=\"3971\" data-end=\"3993\">Kurumsal Hediyele\u015fme:<\/strong> Ba\u015far\u0131l\u0131 ortakl\u0131klar\u0131 veya ekip ba\u015far\u0131lar\u0131n\u0131 takdir etmek i\u00e7in idealdir.<\/li>\n<li data-start=\"4064\" data-end=\"4147\"><strong data-start=\"4066\" data-end=\"4089\">Romantik G\u00fcnler:<\/strong> Birlik ve a\u015fk\u0131 simgelemek i\u00e7in \u00e7iftlerin bileziklerinde kullan\u0131n.<\/li>\n<li data-start=\"4148\" data-end=\"4283\"><strong data-start=\"4150\" data-end=\"4176\">Promosyon Kampanyalar\u0131:<\/strong> G\u00fcven ve i\u015fbirli\u011fi de\u011ferlerini yans\u0131tan g\u00f6z al\u0131c\u0131 bir toka ile marka g\u00f6r\u00fcn\u00fcrl\u00fc\u011f\u00fcn\u00fc art\u0131r\u0131n.<\/li>\n<\/ul>\n<hr data-start=\"4285\" data-end=\"4288\" \/>\n<h2 data-start=\"4290\" data-end=\"4353\"><strong data-start=\"4293\" data-end=\"4353\">Bir Sonraki \u0130\u015finiz \u0130\u00e7in Richarms ile Ortak Olun <a href=\"https:\/\/richarms.com\/tr\/necklace-clasp-types\/\">Kolye Tokas\u0131<\/a> Proje<\/strong><\/h2>\n<p data-start=\"4355\" data-end=\"4746\">Richarms olarak, tasar\u0131m yeniliklerini pratik i\u015flevlerle birle\u015ftiren y\u00fcksek kaliteli manyetik kapaklar sunma konusunda uzman\u0131z. El s\u0131k\u0131\u015fma tokam\u0131z\u0131 se\u00e7erek, sadece dekoratif bir unsur eklemekle kalmaz, ayn\u0131 zamanda birlik ve i\u015fbirli\u011fi hikayesi anlatm\u0131\u015f olursunuz. Ekibimiz \u015funlar\u0131 sunuyor <strong data-start=\"4623\" data-end=\"4649\">fabrika do\u011frudan fiyatland\u0131rmas\u0131<\/strong> rekabet\u00e7i kalman\u0131za yard\u0131mc\u0131 olmak i\u00e7in kapsaml\u0131 <strong data-start=\"4700\" data-end=\"4719\">kali\u0307te kontrol<\/strong> her \u00fcretim a\u015famas\u0131nda.<\/p>\n<p data-start=\"4748\" data-end=\"4766\"><strong data-start=\"4748\" data-end=\"4766\">Neden Bizi Se\u00e7melisiniz:<\/strong><\/p>\n<ul data-start=\"4768\" data-end=\"5030\">\n<li data-start=\"4768\" data-end=\"4853\"><strong data-start=\"4770\" data-end=\"4795\">Fabrika Do\u011frudan Fiyat\u0131:<\/strong> Daha uygun bir maliyet yap\u0131s\u0131 i\u00e7in arac\u0131y\u0131 atlay\u0131n.<\/li>\n<li data-start=\"4854\" data-end=\"4929\"><strong data-start=\"4856\" data-end=\"4878\">\u00d6zel \u00dcretim:<\/strong> \u00c7izimlerinize veya konseptlerinize g\u00f6re \u00fcretim yap\u0131yoruz.<\/li>\n<li data-start=\"4930\" data-end=\"5030\"><strong data-start=\"4932\" data-end=\"4959\">S\u0131k\u0131 Kalite Kontrol:<\/strong> Malzeme tedarikinden nihai paketlemeye kadar y\u00fcksek standartlar\u0131 koruyoruz.<\/li>\n<\/ul>\n<p data-start=\"5032\" data-end=\"5359\">Akl\u0131n\u0131zda belirli bir tasar\u0131m veya boyut varsa, sat\u0131\u015f temsilcilerimiz size yard\u0131mc\u0131 olmaya haz\u0131rd\u0131r. Kal\u0131p olu\u015fturma, renk e\u015fle\u015ftirme, logo yerle\u015ftirme ve marka kimli\u011finize uygun ambalajlama \u00e7\u00f6z\u00fcmlerini tart\u0131\u015fabiliriz. 50'nin alt\u0131ndaki k\u00fc\u00e7\u00fck sipari\u015fler i\u00e7in <a href=\"https:\/\/www.richarmshardware.com\/\">online ma\u011faza<\/a> b\u00fcy\u00fck \u00f6n maliyetler olmadan yeni konseptleri test etmenin kolay bir yoludur.<\/p>\n<p data-start=\"5361\" data-end=\"5610\" data-is-last-node=\"\" data-is-only-node=\"\">Ortakl\u0131k, i\u015fbirli\u011fi ve ortak ba\u015far\u0131y\u0131 ger\u00e7ekten temsil eden bir toka ile m\u00fccevher serinizin \u00f6ne \u00e7\u0131kmas\u0131n\u0131 sa\u011flay\u0131n. T\u00fcm potansiyelimizi ke\u015ffetmek i\u00e7in bug\u00fcn bize ula\u015f\u0131n <strong data-start=\"5531\" data-end=\"5568\">El S\u0131k\u0131\u015fma Manyetik Bileklik Tokas\u0131<\/strong> bir sonraki B2B \u00f6zel toptan sipari\u015finiz i\u00e7in.<\/p>","protected":false},"excerpt":{"rendered":"<p>Handshake Magnetic Bracelet Clasp: Symbolizing Unity and Style When you want a piece of jewelry that goes beyond mere aesthetics, the Handshake Magnetic Bracelet Clasp delivers both visual appeal and meaningful symbolism. Crafted from hypoallergenic zn alloy, this clasp features two interlocking hands that snap together via hidden magnets, forming a memorable handshake motif. Whether you\u2019re designing bracelets for friendship, family ties, or corporate gifts, this clasp adds a personal touch that stands out in the market. A Clasp That Tells a Story Unique Handshake Shape The highlight of this clasp is its distinctive handshake design. Each hand contains a [&hellip;]<\/p>\n","protected":false},"featured_media":8237,"template":"","meta":[],"product_brand":[],"product_cat":[72],"product_tag":[],"class_list":{"0":"post-8234","1":"product","2":"type-product","3":"status-publish","4":"has-post-thumbnail","6":"product_cat-bracelet-magnetic-clasp","8":"first","9":"instock","10":"shipping-taxable","11":"product-type-simple"},"aioseo_notices":[],"_links":{"self":[{"href":"https:\/\/richarms.com\/tr\/wp-json\/wp\/v2\/product\/8234","targetHints":{"allow":["GET"]}}],"collection":[{"href":"https:\/\/richarms.com\/tr\/wp-json\/wp\/v2\/product"}],"about":[{"href":"https:\/\/richarms.com\/tr\/wp-json\/wp\/v2\/types\/product"}],"wp:featuredmedia":[{"embeddable":true,"href":"https:\/\/richarms.com\/tr\/wp-json\/wp\/v2\/media\/8237"}],"wp:attachment":[{"href":"https:\/\/richarms.com\/tr\/wp-json\/wp\/v2\/media?parent=8234"}],"wp:term":[{"taxonomy":"product_brand","embeddable":true,"href":"https:\/\/richarms.com\/tr\/wp-json\/wp\/v2\/product_brand?post=8234"},{"taxonomy":"product_cat","embeddable":true,"href":"https:\/\/richarms.com\/tr\/wp-json\/wp\/v2\/product_cat?post=8234"},{"taxonomy":"product_tag","embeddable":true,"href":"https:\/\/richarms.com\/tr\/wp-json\/wp\/v2\/product_tag?post=8234"}],"curies":[{"name":"wp","href":"https:\/\/api.w.org\/{rel}","templated":true}]}}